{"id":10375,"date":"2013-09-30T15:17:11","date_gmt":"2013-09-30T15:17:11","guid":{"rendered":"https:\/\/www.terravision.eu\/?page_id=10375"},"modified":"2018-11-16T09:41:53","modified_gmt":"2018-11-16T09:41:53","slug":"city-sightseeing-verona","status":"publish","type":"page","link":"https:\/\/www.terravision.eu\/pl\/city-tours-europe\/city-sightseeing-verona.html","title":{"rendered":"Wycieczka po Weronie"},"content":{"rendered":"<div class=\"title-right\"><span class=\"price\">20<\/span><span class=\"valuta\">\u20ac<\/span><\/div>\n<p><img decoding=\"async\" alt=\"Wycieczka po Weronie\" src=\"https:\/\/www.terravision.eu\/files\/2013\/09\/city_sightseeing_logo.png\" style=\"margin: 10px 15px;float: right\"><\/p>\n<p>Wyrusz na wycieczk\u0119 po Weronie z City Sightseeing!<br \/>\nWsi\u0105d\u017a na pok\u0142ad czerwonego autobusu hop on hop off i przemierzaj jedno z najpot\u0119\u017cniejszych miast wchodz\u0105cych niegdy\u015b w sk\u0142ad Imperium Rzymskiego! Werona mo\u017ce poszczyci\u0107 si\u0119 wspania\u0142ym dziedzictwem artystycznym i architektonicznym. Mi\u0142o\u015bnicy literatury o romantycznej duszy b\u0119d\u0105 mogli odwiedzi\u0107 miejsca znane z dramatu Szekspira \u201eRomeo i Julia\u201d!<\/p>\n<p><strong>Najwa\u017cniejsze atrakcje Werony:<\/strong><\/p>\n<ul>\n<li>Most Castelvecchio i Scaligero<\/li>\n<li>Katedra <\/li>\n<li>Balkon Julii i Dom Capuletich<\/li>\n<li>Gr\u00f3b Julii i klasztor z XIII wieku<\/li>\n<li>Opera w Weronie i Arena di Verona<\/li>\n<li>Piazza delle Erbe<\/li>\n<li>Via Mazzini i Corso Porta Borsari (dla mi\u0142o\u015bnik\u00f3w zakup\u00f3w)<\/li>\n<\/ul>\n<div class=\"collapse tour-info collapsed\">\n<h2 class=\"title\">City Sightseeing Werona &#8211; Informacje:<\/h2>\n<p><strong>Wycieczka odbywa si\u0119<\/strong>: codziennie<br \/>\n<strong>Miejsce zbi\u00f3rki<\/strong>: Przystanek 1 &#8211; Piazza Bra<br \/>\n<strong>Czas trwania wycieczki<\/strong>: 60 minut<br \/>\n<strong>Cz\u0119stotliwo\u015b\u0107 odjazd\u00f3w<\/strong>: co 60 minut<\/p>\n<ul>\n<li>Linia A : od godz. 10.00 <\/li>\n<li>Linia B: od godz. 10.30 <\/li>\n<\/ul>\n<p><strong>Sezon<\/strong>: 8 marca \u2013 31 pa\u017adziernika<br \/>\n<strong>Audioprzewodnik<\/strong>:<br \/>\n<strong>Dost\u0119pny w nast\u0119puj\u0105cych j\u0119zykach<\/strong>:  <\/p>\n<ul class=\"flags\">\n<li class=\"gb\"><\/li>\n<li class=\"es\"><\/li>\n<li class=\"de\"><\/li>\n<li class=\"fr\"><\/li>\n<li class=\"it\"><\/li>\n<li class=\"ru\"><\/li>\n<li class=\"jp\"><\/li>\n<\/ul>\n<p>Wi\u0119cej informacji:<\/p>\n<ul>\n<li><a href=\"\" target=\"_blank\">Mapa <\/a><\/li>\n<li><a href=\"\" target=\"_blank\">Rozk\u0142\u0105d jazdy<\/a><\/li>\n<li><a href=\"\" target=\"_blank\">Folder<\/a><\/li>\n<\/ul>\n<p>NB. Cena biletu nie obejmuje wst\u0119pu do muze\u00f3w i zabytk\u00f3w.<\/p><\/div>\n<div class=\"collapse tour-info\">\n<h2 class=\"title\">Ceny<\/h2>\n<p>Doro\u015bli: \u20ac 20.00<br \/>\nDzieci (5-15): \u20ac 10.00<br \/>\nDzieci (0-4): Gratis<br \/>\nNB. W wypadku rezerwacji dla dzieci poni\u017cej 5 roku \u017cycia wybra\u0107 opcj\u0119 \u201eInfant\u201d.<\/p><\/div>\n<div class=\"collapse tour-info\">\n<h2 class=\"title\">Trasa wycieczki &#8211; Linia A<\/h2>\n<ul>\n<li>Stop 1 &#8211; Piazza Bra<\/li>\n<li>Stop 2 &#8211; Corso Porta Nuova Giardini Pradaval<\/li>\n<li>Stop 3 &#8211; Dworzec kolejowy Porta Nuova<\/li>\n<li>Stop 4 &#8211; Pizza Pozza<\/li>\n<li>Stop 5 &#8211; Bazylika \u015aw.Zeno Castelvecchio<\/li>\n<li>Stop 6 &#8211; Via Diaz Porta Borsari<\/li>\n<li>Stop 7 &#8211; Teatr Rzymski<\/li>\n<li>Stop 8 &#8211; Porta Leoni<\/li>\n<ul>\n<\/div>\n<div class=\"collapse tour-info\">\n<h2 class=\"title\">Trasa wycieczki &#8211; Linia B<\/h2>\n<ul>\n<li>Stop 1 &#8211; Piazza Bra<\/li>\n<li>Stop 2 &#8211; Via Pallone Gr\u00f3b Julii<\/li>\n<li>Stop 3 &#8211; Via G Giusti<\/li>\n<li>Stop 4 &#8211; S Stefano Teatr Rzymski<\/li>\n<li>Stop 5 &#8211; Castel S Pietro<\/li>\n<li>Stop 6 &#8211; Katedra<\/li>\n<li>Stop 7 &#8211; Piazza Erbe Casa Giulietta<\/li>\n<li>Stop 8 &#8211; Porta Leoni<\/li>\n<\/ul>\n<\/div>\n<div class=\"collapse tour-info\">\n<h2 class=\"title\">Jak rezerwowa\u0107 wycieczk\u0119 i korzysta\u0107 z bilet\u00f3w<\/h2>\n<p>1-Zarezerwuj wycieczk\u0119 z Terravision<br \/>\n2-Wydrukuj voucher<br \/>\n3-Wymie\u0144 voucher w autobusie City Sightseeing w Weronie<br \/>\n4-Ciesz si\u0119 Twoj\u0105 wycieczk\u0105!<br \/>\n<strong>NB. Tw\u00f3j voucher jest wa\u017cny przez 1 miesi\u0105c od daty zakupu. <\/strong>\n<\/div>\n<div class=\"collapse tour-info\">\n<h2 class=\"title\">Informacje kontaktowe<\/h2>\n<p>We wsp\u00f3\u0142pracy z City Sightseeing<br \/>\nTelefon: 39 0456206842<br \/>\nEmail: info@city-sightseeing.com<\/p>\n<p><strong>Informacje kontaktowe Terravision<\/strong><br \/>\nPoniedzia\u0142ek &#8211; Sobota od godz. 9.00 do 18.00 : +39 06.97.61.06.32<br \/>\nW celu uzyskania dodatkowych informacji do\u0142\u0105cz do nas na <a href=\"http:\/\/www.facebook.com\/terravision.eu\" title=\"Terravision on Facebook\" target=\"_blank\">Facebook<\/a>, <a href=\"https:\/\/www.google.com\/+terravision\" title=\"Terravision on Google+\" target=\"_blank\">Google+<\/a> lub <a href=\"http:\/\/pinterest.com\/terravisiongp\/\" title=\"Terravision on Pinterest\" target=\"_blank\">Pinterest<\/a>.<\/div>\n","protected":false},"excerpt":{"rendered":"<p>20\u20ac Wyrusz na wycieczk\u0119 po Weronie z City Sightseeing! Wsi\u0105d\u017a na pok\u0142ad czerwonego autobusu hop on hop off i przemierzaj jedno z najpot\u0119\u017cniejszych miast wchodz\u0105cych niegdy\u015b w sk\u0142ad Imperium Rzymskiego! Werona mo\u017ce poszczyci\u0107 si\u0119 wspania\u0142ym dziedzictwem artystycznym i architektonicznym. Mi\u0142o\u015bnicy literatury o romantycznej duszy b\u0119d\u0105 mogli odwiedzi\u0107 miejsca znane z dramatu Szekspira \u201eRomeo i Julia\u201d! [&hellip;]<\/p>\n","protected":false},"author":1,"featured_media":0,"parent":10597,"menu_order":0,"comment_status":"open","ping_status":"open","template":"","meta":{"footnotes":""},"class_list":["post-10375","page","type-page","status-publish","hentry"],"yoast_head":"<!-- This site is optimized with the Yoast SEO Premium plugin v24.4 (Yoast SEO v24.4) - https:\/\/yoast.com\/wordpress\/plugins\/seo\/ -->\n<title>Wycieczka po Weronie - Autobusy City Sightseeing w Weronie | Terravision<\/title>\n<meta name=\"description\" content=\"Wycieczka po Weronie: autobusy City Sightseeing, bilety wa\u017cne 24h, Najwi\u0119ksze atrakcje Werony, Niepowtarzalna okazja!\" \/>\n<meta name=\"robots\" content=\"index, follow, max-snippet:-1, max-image-preview:large, max-video-preview:-1\" \/>\n<link rel=\"canonical\" href=\"https:\/\/www.terravision.eu\/pl\/city-tours-europe\/city-sightseeing-verona.html\" \/>\n<meta property=\"og:locale\" content=\"pl_PL\" \/>\n<meta property=\"og:type\" content=\"article\" \/>\n<meta property=\"og:title\" content=\"Wycieczka po Weronie\" \/>\n<meta property=\"og:description\" content=\"Wycieczka po Weronie: autobusy City Sightseeing, bilety wa\u017cne 24h, Najwi\u0119ksze atrakcje Werony, Niepowtarzalna okazja!\" \/>\n<meta property=\"og:url\" content=\"https:\/\/www.terravision.eu\/pl\/city-tours-europe\/city-sightseeing-verona.html\" \/>\n<meta property=\"og:site_name\" content=\"Terravision Polska\" \/>\n<meta property=\"article:modified_time\" content=\"2018-11-16T09:41:53+00:00\" \/>\n<meta property=\"og:image\" content=\"https:\/\/www.terravision.eu\/files\/2013\/09\/city_sightseeing_logo.png\" \/>\n<meta name=\"twitter:label1\" content=\"Szacowany czas czytania\" \/>\n\t<meta name=\"twitter:data1\" content=\"2 minutes\" \/>\n<script type=\"application\/ld+json\" class=\"yoast-schema-graph\">{\"@context\":\"https:\/\/schema.org\",\"@graph\":[{\"@type\":\"WebPage\",\"@id\":\"https:\/\/www.terravision.eu\/pl\/city-tours-europe\/city-sightseeing-verona.html\",\"url\":\"https:\/\/www.terravision.eu\/pl\/city-tours-europe\/city-sightseeing-verona.html\",\"name\":\"Wycieczka po Weronie - Autobusy City Sightseeing w Weronie | Terravision\",\"isPartOf\":{\"@id\":\"https:\/\/www.terravision.eu\/pl\/#website\"},\"primaryImageOfPage\":{\"@id\":\"https:\/\/www.terravision.eu\/pl\/city-tours-europe\/city-sightseeing-verona.html#primaryimage\"},\"image\":{\"@id\":\"https:\/\/www.terravision.eu\/pl\/city-tours-europe\/city-sightseeing-verona.html#primaryimage\"},\"thumbnailUrl\":\"https:\/\/www.terravision.eu\/files\/2013\/09\/city_sightseeing_logo.png\",\"datePublished\":\"2013-09-30T15:17:11+00:00\",\"dateModified\":\"2018-11-16T09:41:53+00:00\",\"description\":\"Wycieczka po Weronie: autobusy City Sightseeing, bilety wa\u017cne 24h, Najwi\u0119ksze atrakcje Werony, Niepowtarzalna okazja!\",\"breadcrumb\":{\"@id\":\"https:\/\/www.terravision.eu\/pl\/city-tours-europe\/city-sightseeing-verona.html#breadcrumb\"},\"inLanguage\":\"pl-PL\",\"potentialAction\":[{\"@type\":\"ReadAction\",\"target\":[\"https:\/\/www.terravision.eu\/pl\/city-tours-europe\/city-sightseeing-verona.html\"]}]},{\"@type\":\"ImageObject\",\"inLanguage\":\"pl-PL\",\"@id\":\"https:\/\/www.terravision.eu\/pl\/city-tours-europe\/city-sightseeing-verona.html#primaryimage\",\"url\":\"https:\/\/www.terravision.eu\/files\/2013\/09\/city_sightseeing_logo.png\",\"contentUrl\":\"https:\/\/www.terravision.eu\/files\/2013\/09\/city_sightseeing_logo.png\"},{\"@type\":\"BreadcrumbList\",\"@id\":\"https:\/\/www.terravision.eu\/pl\/city-tours-europe\/city-sightseeing-verona.html#breadcrumb\",\"itemListElement\":[{\"@type\":\"ListItem\",\"position\":1,\"name\":\"Home\",\"item\":\"https:\/\/www.terravision.eu\/pl\/\"},{\"@type\":\"ListItem\",\"position\":2,\"name\":\"Wycieczki w Europie\",\"item\":\"https:\/\/www.terravision.eu\/pl\/city-tours-europe.html\"},{\"@type\":\"ListItem\",\"position\":3,\"name\":\"Wycieczka po Weronie\"}]},{\"@type\":\"WebSite\",\"@id\":\"https:\/\/www.terravision.eu\/pl\/#website\",\"url\":\"https:\/\/www.terravision.eu\/pl\/\",\"name\":\"Terravision Polska\",\"description\":\"Tanie po\u0142\u0105czenia z\/do g\u0142\u00f3wnych lotnisk w Europie\",\"potentialAction\":[{\"@type\":\"SearchAction\",\"target\":{\"@type\":\"EntryPoint\",\"urlTemplate\":\"https:\/\/www.terravision.eu\/pl\/?s={search_term_string}\"},\"query-input\":{\"@type\":\"PropertyValueSpecification\",\"valueRequired\":true,\"valueName\":\"search_term_string\"}}],\"inLanguage\":\"pl-PL\"}]}<\/script>\n<!-- \/ Yoast SEO Premium plugin. -->","yoast_head_json":{"title":"Wycieczka po Weronie - Autobusy City Sightseeing w Weronie | Terravision","description":"Wycieczka po Weronie: autobusy City Sightseeing, bilety wa\u017cne 24h, Najwi\u0119ksze atrakcje Werony, Niepowtarzalna okazja!","robots":{"index":"index","follow":"follow","max-snippet":"max-snippet:-1","max-image-preview":"max-image-preview:large","max-video-preview":"max-video-preview:-1"},"canonical":"https:\/\/www.terravision.eu\/pl\/city-tours-europe\/city-sightseeing-verona.html","og_locale":"pl_PL","og_type":"article","og_title":"Wycieczka po Weronie","og_description":"Wycieczka po Weronie: autobusy City Sightseeing, bilety wa\u017cne 24h, Najwi\u0119ksze atrakcje Werony, Niepowtarzalna okazja!","og_url":"https:\/\/www.terravision.eu\/pl\/city-tours-europe\/city-sightseeing-verona.html","og_site_name":"Terravision Polska","article_modified_time":"2018-11-16T09:41:53+00:00","og_image":[{"url":"https:\/\/www.terravision.eu\/files\/2013\/09\/city_sightseeing_logo.png","type":"","width":"","height":""}],"twitter_misc":{"Szacowany czas czytania":"2 minutes"},"schema":{"@context":"https:\/\/schema.org","@graph":[{"@type":"WebPage","@id":"https:\/\/www.terravision.eu\/pl\/city-tours-europe\/city-sightseeing-verona.html","url":"https:\/\/www.terravision.eu\/pl\/city-tours-europe\/city-sightseeing-verona.html","name":"Wycieczka po Weronie - Autobusy City Sightseeing w Weronie | Terravision","isPartOf":{"@id":"https:\/\/www.terravision.eu\/pl\/#website"},"primaryImageOfPage":{"@id":"https:\/\/www.terravision.eu\/pl\/city-tours-europe\/city-sightseeing-verona.html#primaryimage"},"image":{"@id":"https:\/\/www.terravision.eu\/pl\/city-tours-europe\/city-sightseeing-verona.html#primaryimage"},"thumbnailUrl":"https:\/\/www.terravision.eu\/files\/2013\/09\/city_sightseeing_logo.png","datePublished":"2013-09-30T15:17:11+00:00","dateModified":"2018-11-16T09:41:53+00:00","description":"Wycieczka po Weronie: autobusy City Sightseeing, bilety wa\u017cne 24h, Najwi\u0119ksze atrakcje Werony, Niepowtarzalna okazja!","breadcrumb":{"@id":"https:\/\/www.terravision.eu\/pl\/city-tours-europe\/city-sightseeing-verona.html#breadcrumb"},"inLanguage":"pl-PL","potentialAction":[{"@type":"ReadAction","target":["https:\/\/www.terravision.eu\/pl\/city-tours-europe\/city-sightseeing-verona.html"]}]},{"@type":"ImageObject","inLanguage":"pl-PL","@id":"https:\/\/www.terravision.eu\/pl\/city-tours-europe\/city-sightseeing-verona.html#primaryimage","url":"https:\/\/www.terravision.eu\/files\/2013\/09\/city_sightseeing_logo.png","contentUrl":"https:\/\/www.terravision.eu\/files\/2013\/09\/city_sightseeing_logo.png"},{"@type":"BreadcrumbList","@id":"https:\/\/www.terravision.eu\/pl\/city-tours-europe\/city-sightseeing-verona.html#breadcrumb","itemListElement":[{"@type":"ListItem","position":1,"name":"Home","item":"https:\/\/www.terravision.eu\/pl\/"},{"@type":"ListItem","position":2,"name":"Wycieczki w Europie","item":"https:\/\/www.terravision.eu\/pl\/city-tours-europe.html"},{"@type":"ListItem","position":3,"name":"Wycieczka po Weronie"}]},{"@type":"WebSite","@id":"https:\/\/www.terravision.eu\/pl\/#website","url":"https:\/\/www.terravision.eu\/pl\/","name":"Terravision Polska","description":"Tanie po\u0142\u0105czenia z\/do g\u0142\u00f3wnych lotnisk w Europie","potentialAction":[{"@type":"SearchAction","target":{"@type":"EntryPoint","urlTemplate":"https:\/\/www.terravision.eu\/pl\/?s={search_term_string}"},"query-input":{"@type":"PropertyValueSpecification","valueRequired":true,"valueName":"search_term_string"}}],"inLanguage":"pl-PL"}]}},"_links":{"self":[{"href":"https:\/\/www.terravision.eu\/pl\/wp-json\/wp\/v2\/pages\/10375","targetHints":{"allow":["GET"]}}],"collection":[{"href":"https:\/\/www.terravision.eu\/pl\/wp-json\/wp\/v2\/pages"}],"about":[{"href":"https:\/\/www.terravision.eu\/pl\/wp-json\/wp\/v2\/types\/page"}],"author":[{"embeddable":true,"href":"https:\/\/www.terravision.eu\/pl\/wp-json\/wp\/v2\/users\/1"}],"replies":[{"embeddable":true,"href":"https:\/\/www.terravision.eu\/pl\/wp-json\/wp\/v2\/comments?post=10375"}],"version-history":[{"count":1,"href":"https:\/\/www.terravision.eu\/pl\/wp-json\/wp\/v2\/pages\/10375\/revisions"}],"predecessor-version":[{"id":15799,"href":"https:\/\/www.terravision.eu\/pl\/wp-json\/wp\/v2\/pages\/10375\/revisions\/15799"}],"up":[{"embeddable":true,"href":"https:\/\/www.terravision.eu\/pl\/wp-json\/wp\/v2\/pages\/10597"}],"wp:attachment":[{"href":"https:\/\/www.terravision.eu\/pl\/wp-json\/wp\/v2\/media?parent=10375"}],"curies":[{"name":"wp","href":"https:\/\/api.w.org\/{rel}","templated":true}]}}