{"id":10870,"date":"2013-10-09T13:46:15","date_gmt":"2013-10-09T13:46:15","guid":{"rendered":"https:\/\/www.terravision.eu\/?page_id=10870"},"modified":"2013-10-09T13:46:15","modified_gmt":"2013-10-09T13:46:15","slug":"night-tours-vatican","status":"publish","type":"page","link":"https:\/\/www.terravision.eu\/pl\/city-tours-europe\/orpnet\/night-tours-vatican.html","title":{"rendered":"Watykan wieczorem"},"content":{"rendered":"<div class=\"title-right\"><span class=\"price\">27<\/span><span class=\"valuta\">.50\u20ac<\/span><span class=\"best-seller\">Best Seller!<\/span><\/div>\n<p>Wieczorne wycieczki po Watykanie:<\/p>\n<p>Odbywaj\u0105 si\u0119 w pi\u0105tkowe wieczory (od 19.00 do 23.00)<br \/>\nW cenie wycieczki:<br \/>\n-Wst\u0119p do Muze\u00f3w Watyka\u0144skich i Kaplicy Syksty\u0144skiej<br \/>\n-Zwiedzanie Bazyliki \u015bw. Piotra i Bazyliki \u015bw. Jana na Lateranie z przewodnikiem audio touch screen oraz transport mi\u0119dzy obiema bazylikami<br \/>\nOpcjonalnie:<br \/>\n-Oficjalny przewodnik po Muzeach Watyka\u0144skich<\/p>\n<div class=\"collapse tour-info collapsed\">\n<h2 class=\"title\"> Info:<\/h2>\n<p><strong>Wycieczka odbywa si\u0119<\/strong>: w ka\u017cdy pi\u0105tek<br \/>\n<strong>Miejsce zbi\u00f3rki<\/strong>:  Uffici di S. Pietro (Palazzo dei Propilei) \u2013 Piazza Pio XII, 9 (Piazza San Pietro) lub Polo San Giovanni \u2013 Uffici di S. Giovanni (Palazzo Lateranense) \u2013 Piazza di Porta S. Giovanni, 6<br \/>\n<strong>Pocz\u0105tek:<\/strong>: o godz. 19:00<br \/>\n<strong>W cenie wycieczki:<\/strong>: <\/p>\n<ul>\n<li>Bezpo\u015bredni wst\u0119p do Bazyliki \u015bw. Piotra i Kaplicy Syksty\u0144skiej<\/li>\n<li>Zwedzanie Bazyliki \u015bw. Piotra z przewodnikiem audio<\/li>\n<li> Transport mi\u0119dzy Bazylik\u0105 \u015bw. Piotra i Bazylik\u0105 na Lateranie.<\/li>\n<\/ul>\n<p><strong>W programie<\/strong><\/p>\n<ul>\n<li>Pinakoteka oraz Cortile della Pigna <\/li>\n<p>Muzeum Gregoria\u0144skie <\/li>\n<p>Muzeum Pio Clementino <\/li>\n<p>Galleria della Biblioteca, <\/li>\n<p>Apartament rodziny Borgia z dost\u0119pem do pokoj\u00f3w I, III, IV, XIII, XXVIII, Stanze di Raffaello, Galleria Superiore.<\/li>\n<\/ul>\n<p><strong>Wycieczka odbywa si\u0119 w j\u0119zykach<\/strong>: <\/p>\n<ul class=\"flags\">\n<li class=\"gb\"><\/li>\n<li class=\"es\"><\/li>\n<li class=\"de\"><\/li>\n<li class=\"it\"><\/li>\n<li class=\"fr\"><\/li>\n<\/ul>\n<\/div>\n<div class=\"collapse tour-info\">\n<h2 class=\"title\">Ceny<\/h2>\n<p><strong>Doro\u015bli<\/strong> :  \u20ac 27.5<br \/>\n<strong>Dzieci (6-18)<\/strong> : \u20ac 19.5<br \/>\n<strong>Dzieci  (0-6)<\/strong> : Gratis<br \/>\n<strong>Suplement przewodnik audio<\/strong> : \u20ac 7<br \/>\nPrzy rezerwacji miejsca dla dziecka poni\u017cej 7 lat nale\u017cy wybra\u0107 opcj\u0119 \u201einfant\u201d.<\/div>\n<div class=\"collapse tour-info\">\n<h2 class=\"title\">Jak rezerwowa\u0107 wycieczk\u0119 i korzysta\u0107 z bilet\u00f3w<\/h2>\n<p><strong>1<\/strong> Zarezerwuj wycieczk\u0119 z Terravision. <\/p>\n<p><strong>2<\/strong> Wydrukuj voucher<\/p>\n<p><strong>3<\/strong> Wymie\u0144 voucher w nast\u0119puj\u0105cych miejscach (3 mo\u017cliwo\u015bci): <\/p>\n<ul>\n<li>&#8211; Wymie\u0144 voucher w miejscu zbi\u00f3rki wyznaczonym dla wycieczki<br \/>\nNB. Muzea Watyka\u0144skie: Nale\u017cy przyby\u0107 na miejsce zbi\u00f3rki na 15 minut przed pocz\u0105tkiem wycieczki.<\/li>\n<li>&#8211; Wymie\u0144 voucher w wybranym biurze ORP. <\/li>\n<li>&#8211; Wymie\u0144 voucher w autobusie Open Bus Roma Cristiana.<\/li>\n<\/ul>\n<p><strong>4<\/strong>-Ciesz si\u0119 Twoj\u0105 wycieczk\u0105!\n<\/div>\n<div class=\"collapse tour-info\">\n<h2 class=\"title\">Gdzie wymieni\u0107 vouchery:<\/h2>\n<p><strong>O.R.P. &#8211; Saint Peter&#8217;s<\/strong> P.za Pio XII, 9<\/p>\n<ul>\n<li>Godziny otwarcia: 09:00 am \u2013 16:00 pm (pon-pt); 09:00 \u2013 16:00 (sob i niedz)<\/li>\n<\/ul>\n<p><strong>O.R.P. Palazzo Vicariato<\/strong> Via della Pigna 13\/a (Largo Argentina area)<\/p>\n<ul>\n<li>Godziny otwarcia: 09:00 \u2013 13:00; 14:30 \u2013 16:00 (pon-pt)<\/li>\n<\/ul>\n<p><strong>O.R.P. \u2013 Bazylika \u015bw. Jana na Lateranie Piazza di Porta S. Giovanni, 6<\/strong> Piazza di Porta S. Giovanni, 6<\/p>\n<ul>\n<li>Godziny otwarcia: 09:00 \u2013 13:00; 14:30 \u2013 16:00 (pon-pt)<\/li>\n<\/ul>\n<p><strong>Fori Imperiali . Miejsce zbi\u00f3rki: Wi\u0119zienie Mamerty\u0144skie Clivo Argentario, 1<\/strong> Clivo Argentario, 1<\/p>\n<ul>\n<li>Godziny otwarcia: 09:00 \u2013 16:20 (poniedzia\u0142ek i niedziela)<\/li>\n<\/ul>\n<p><strong>W autobusach Open Bus Roma Cristiana<\/strong><\/div>\n<div class=\"collapse tour-info\">\n<h2 class=\"title\">Informacje kontaktowe<\/h2>\n<p><strong>We wsp\u00f3\u0142pracy z Opera Romana Pellegrinaggi<\/strong><br \/>\nopen hours: od 9:00 do 18:00 od poniedzia\u0142ku do pi\u0105tku<br \/>\nTelefon: +39 06698961<br \/>\nEmail: info@operaromanapellegrinaggi.org<\/p>\n<p><strong>Informacje kontaktowe Terravsion<\/strong><br \/>\nPoniedzia\u0142ek- Sobota od godz. 9:00 do 18:00 : +39 06.97.61.06.32<br \/>\nW celu uzyskania dodatkowych informacji do\u0142\u0105cz do nas na  <a href=\"http:\/\/www.facebook.com\/terravision.eu\" title=\"Terravision on Facebook\" target=\"_blank\">Facebook<\/a>, <a href=\"http:\/\/www.twitter.com\/terravision.eu\" title=\"Terravision on Twitter\" target=\"_blank\">Twitter<\/a>, <a href=\"https:\/\/www.google.com\/+terravision\" title=\"Terravision on Google+\" target=\"_blank\">Google+<\/a> lub <a href=\"http:\/\/pinterest.com\/terravisiongp\/\" title=\"Terravision on Pinterest\" target=\"_blank\">Pinterest<\/a>.<\/div>\n<\/div>\n","protected":false},"excerpt":{"rendered":"<p>27.50\u20acBest Seller! Wieczorne wycieczki po Watykanie: Odbywaj\u0105 si\u0119 w pi\u0105tkowe wieczory (od 19.00 do 23.00) W cenie wycieczki: -Wst\u0119p do Muze\u00f3w Watyka\u0144skich i Kaplicy Syksty\u0144skiej -Zwiedzanie Bazyliki \u015bw. Piotra i Bazyliki \u015bw. Jana na Lateranie z przewodnikiem audio touch screen oraz transport mi\u0119dzy obiema bazylikami Opcjonalnie: -Oficjalny przewodnik po Muzeach Watyka\u0144skich Info: Wycieczka odbywa si\u0119: [&hellip;]<\/p>\n","protected":false},"author":1,"featured_media":0,"parent":150,"menu_order":0,"comment_status":"open","ping_status":"open","template":"page-citytour.php","meta":{"footnotes":""},"class_list":["post-10870","page","type-page","status-publish","hentry"],"yoast_head":"<!-- This site is optimized with the Yoast SEO Premium plugin v24.4 (Yoast SEO v24.4) - https:\/\/yoast.com\/wordpress\/plugins\/seo\/ -->\n<title>Night tours of the Vatican | Terravision<\/title>\n<meta name=\"description\" content=\"Vatican night tours - Enjoy the unexpected Vatican by night! Book now your Vatican night tour and save.\" \/>\n<meta name=\"robots\" content=\"index, follow, max-snippet:-1, max-image-preview:large, max-video-preview:-1\" \/>\n<link rel=\"canonical\" href=\"https:\/\/www.terravision.eu\/pl\/city-tours-europe\/orpnet\/night-tours-vatican.html\" \/>\n<meta property=\"og:locale\" content=\"pl_PL\" \/>\n<meta property=\"og:type\" content=\"article\" \/>\n<meta property=\"og:title\" content=\"Watykan wieczorem\" \/>\n<meta property=\"og:description\" content=\"Vatican night tours - Enjoy the unexpected Vatican by night! Book now your Vatican night tour and save.\" \/>\n<meta property=\"og:url\" content=\"https:\/\/www.terravision.eu\/pl\/city-tours-europe\/orpnet\/night-tours-vatican.html\" \/>\n<meta property=\"og:site_name\" content=\"Terravision Polska\" \/>\n<meta name=\"twitter:label1\" content=\"Szacowany czas czytania\" \/>\n\t<meta name=\"twitter:data1\" content=\"2 minutes\" \/>\n<script type=\"application\/ld+json\" class=\"yoast-schema-graph\">{\"@context\":\"https:\/\/schema.org\",\"@graph\":[{\"@type\":\"WebPage\",\"@id\":\"https:\/\/www.terravision.eu\/pl\/city-tours-europe\/orpnet\/night-tours-vatican.html\",\"url\":\"https:\/\/www.terravision.eu\/pl\/city-tours-europe\/orpnet\/night-tours-vatican.html\",\"name\":\"Night tours of the Vatican | Terravision\",\"isPartOf\":{\"@id\":\"https:\/\/www.terravision.eu\/pl\/#website\"},\"datePublished\":\"2013-10-09T13:46:15+00:00\",\"description\":\"Vatican night tours - Enjoy the unexpected Vatican by night! Book now your Vatican night tour and save.\",\"breadcrumb\":{\"@id\":\"https:\/\/www.terravision.eu\/pl\/city-tours-europe\/orpnet\/night-tours-vatican.html#breadcrumb\"},\"inLanguage\":\"pl-PL\",\"potentialAction\":[{\"@type\":\"ReadAction\",\"target\":[\"https:\/\/www.terravision.eu\/pl\/city-tours-europe\/orpnet\/night-tours-vatican.html\"]}]},{\"@type\":\"BreadcrumbList\",\"@id\":\"https:\/\/www.terravision.eu\/pl\/city-tours-europe\/orpnet\/night-tours-vatican.html#breadcrumb\",\"itemListElement\":[{\"@type\":\"ListItem\",\"position\":1,\"name\":\"Home\",\"item\":\"https:\/\/www.terravision.eu\/pl\/\"},{\"@type\":\"ListItem\",\"position\":2,\"name\":\"Wycieczki w Europie\",\"item\":\"https:\/\/www.terravision.eu\/pl\/city-tours-europe.html\"},{\"@type\":\"ListItem\",\"position\":3,\"name\":\"Zwiedzanie Rzymu\",\"item\":\"https:\/\/www.terravision.eu\/pl\/city-tours-europe\/orpnet.html\"},{\"@type\":\"ListItem\",\"position\":4,\"name\":\"Watykan wieczorem\"}]},{\"@type\":\"WebSite\",\"@id\":\"https:\/\/www.terravision.eu\/pl\/#website\",\"url\":\"https:\/\/www.terravision.eu\/pl\/\",\"name\":\"Terravision Polska\",\"description\":\"Tanie po\u0142\u0105czenia z\/do g\u0142\u00f3wnych lotnisk w Europie\",\"potentialAction\":[{\"@type\":\"SearchAction\",\"target\":{\"@type\":\"EntryPoint\",\"urlTemplate\":\"https:\/\/www.terravision.eu\/pl\/?s={search_term_string}\"},\"query-input\":{\"@type\":\"PropertyValueSpecification\",\"valueRequired\":true,\"valueName\":\"search_term_string\"}}],\"inLanguage\":\"pl-PL\"}]}<\/script>\n<!-- \/ Yoast SEO Premium plugin. -->","yoast_head_json":{"title":"Night tours of the Vatican | Terravision","description":"Vatican night tours - Enjoy the unexpected Vatican by night! Book now your Vatican night tour and save.","robots":{"index":"index","follow":"follow","max-snippet":"max-snippet:-1","max-image-preview":"max-image-preview:large","max-video-preview":"max-video-preview:-1"},"canonical":"https:\/\/www.terravision.eu\/pl\/city-tours-europe\/orpnet\/night-tours-vatican.html","og_locale":"pl_PL","og_type":"article","og_title":"Watykan wieczorem","og_description":"Vatican night tours - Enjoy the unexpected Vatican by night! Book now your Vatican night tour and save.","og_url":"https:\/\/www.terravision.eu\/pl\/city-tours-europe\/orpnet\/night-tours-vatican.html","og_site_name":"Terravision Polska","twitter_misc":{"Szacowany czas czytania":"2 minutes"},"schema":{"@context":"https:\/\/schema.org","@graph":[{"@type":"WebPage","@id":"https:\/\/www.terravision.eu\/pl\/city-tours-europe\/orpnet\/night-tours-vatican.html","url":"https:\/\/www.terravision.eu\/pl\/city-tours-europe\/orpnet\/night-tours-vatican.html","name":"Night tours of the Vatican | Terravision","isPartOf":{"@id":"https:\/\/www.terravision.eu\/pl\/#website"},"datePublished":"2013-10-09T13:46:15+00:00","description":"Vatican night tours - Enjoy the unexpected Vatican by night! Book now your Vatican night tour and save.","breadcrumb":{"@id":"https:\/\/www.terravision.eu\/pl\/city-tours-europe\/orpnet\/night-tours-vatican.html#breadcrumb"},"inLanguage":"pl-PL","potentialAction":[{"@type":"ReadAction","target":["https:\/\/www.terravision.eu\/pl\/city-tours-europe\/orpnet\/night-tours-vatican.html"]}]},{"@type":"BreadcrumbList","@id":"https:\/\/www.terravision.eu\/pl\/city-tours-europe\/orpnet\/night-tours-vatican.html#breadcrumb","itemListElement":[{"@type":"ListItem","position":1,"name":"Home","item":"https:\/\/www.terravision.eu\/pl\/"},{"@type":"ListItem","position":2,"name":"Wycieczki w Europie","item":"https:\/\/www.terravision.eu\/pl\/city-tours-europe.html"},{"@type":"ListItem","position":3,"name":"Zwiedzanie Rzymu","item":"https:\/\/www.terravision.eu\/pl\/city-tours-europe\/orpnet.html"},{"@type":"ListItem","position":4,"name":"Watykan wieczorem"}]},{"@type":"WebSite","@id":"https:\/\/www.terravision.eu\/pl\/#website","url":"https:\/\/www.terravision.eu\/pl\/","name":"Terravision Polska","description":"Tanie po\u0142\u0105czenia z\/do g\u0142\u00f3wnych lotnisk w Europie","potentialAction":[{"@type":"SearchAction","target":{"@type":"EntryPoint","urlTemplate":"https:\/\/www.terravision.eu\/pl\/?s={search_term_string}"},"query-input":{"@type":"PropertyValueSpecification","valueRequired":true,"valueName":"search_term_string"}}],"inLanguage":"pl-PL"}]}},"_links":{"self":[{"href":"https:\/\/www.terravision.eu\/pl\/wp-json\/wp\/v2\/pages\/10870","targetHints":{"allow":["GET"]}}],"collection":[{"href":"https:\/\/www.terravision.eu\/pl\/wp-json\/wp\/v2\/pages"}],"about":[{"href":"https:\/\/www.terravision.eu\/pl\/wp-json\/wp\/v2\/types\/page"}],"author":[{"embeddable":true,"href":"https:\/\/www.terravision.eu\/pl\/wp-json\/wp\/v2\/users\/1"}],"replies":[{"embeddable":true,"href":"https:\/\/www.terravision.eu\/pl\/wp-json\/wp\/v2\/comments?post=10870"}],"version-history":[{"count":0,"href":"https:\/\/www.terravision.eu\/pl\/wp-json\/wp\/v2\/pages\/10870\/revisions"}],"up":[{"embeddable":true,"href":"https:\/\/www.terravision.eu\/pl\/wp-json\/wp\/v2\/pages\/150"}],"wp:attachment":[{"href":"https:\/\/www.terravision.eu\/pl\/wp-json\/wp\/v2\/media?parent=10870"}],"curies":[{"name":"wp","href":"https:\/\/api.w.org\/{rel}","templated":true}]}}