{"id":112,"date":"2012-06-25T10:39:13","date_gmt":"2012-06-25T10:39:13","guid":{"rendered":"https:\/\/www.terravision.eu\/?page_id=1682"},"modified":"2018-11-08T09:32:23","modified_gmt":"2018-11-08T09:32:23","slug":"travel_london","status":"publish","type":"page","link":"https:\/\/www.terravision.eu\/pl\/travel_london.html","title":{"rendered":"Podr\u00f3\u017c do Londynu"},"content":{"rendered":"<div id=\"article-single\">\n<p><strong>WSKAZ\u00d3WKI DOT. PODR\u00d3\u017bY DO LONDYNU<\/strong><\/p>\n<p>Londyn zaliczany jest do najciekawszych miejsc na \u015bwiecie &#8211; jest to idealne miejsce zar\u00f3wno na wakacje, jak i na podr\u00f3\u017ce s\u0142u\u017cbowe:<br \/>\n&#8211; Wiod\u0105ce \u015bwiatowe centrum finansowe, wraz z Nowym Jorkiem.<br \/>\n&#8211; \u015awiatowa stolica kultury, znana z kolekcji sztuki, oferty edukacyjnej, rozrywki, mody.<br \/>\n&#8211; Jedno z najbardziej zr\u00f3\u017cnicowanych miast na ca\u0142ym \u015bwiecie, u\u017cywanych jest tutaj ponad 300 j\u0119zyk\u00f3w.<br \/>\n&#8211; Miasto wpisane na list\u0119 \u015bwiatowego dziedzictwa UNESCO z powodu jego zabytk\u00f3w, takich jak Tower of London, Kew Gardens, Pa\u0142ac Westminsterski i Greenwich.<\/p>\n<p><strong>G\u0142\u00f3wne atrakcje Londynu<\/strong><br \/>\nPa\u0142ac Westminsterski<br \/>\nWie\u017ca zegarowa Big Ben<br \/>\nHouse of Parliament (siedziba Parlamentu Brytyjskiego)<br \/>\nPa\u0142ac Buckingham<br \/>\nLondon Eye (Londy\u0144skie Oko)<br \/>\nTrafalgar Square<br \/>\nPicadilly Circus<br \/>\nOxford Circus<br \/>\nDzielnica Soho<br \/>\nCamden Town i Camden Market<br \/>\nCarnarby i Regent Street dla os\u00f3b uzale\u017cnionych od zakup\u00f3w<\/p>\n<p><strong>Najciekawsze muzea i instytucje w Londynie<\/strong>:<br \/>\nBritish Museum<br \/>\nNational Gallery<br \/>\nTate Modern<br \/>\nBritish Library<\/p>\n<p><strong>Londy\u0144ska ciekawostka<\/strong>:<br \/>\nLondy\u0144skie metro jest w najstarszym metrem na \u015bwiecie!<\/p>\n<\/div>\n","protected":false},"excerpt":{"rendered":"<p>WSKAZ\u00d3WKI DOT. PODR\u00d3\u017bY DO LONDYNU Londyn zaliczany jest do najciekawszych miejsc na \u015bwiecie &#8211; jest to idealne miejsce zar\u00f3wno na wakacje, jak i na podr\u00f3\u017ce s\u0142u\u017cbowe: &#8211; Wiod\u0105ce \u015bwiatowe centrum finansowe, wraz z Nowym Jorkiem. &#8211; \u015awiatowa stolica kultury, znana z kolekcji sztuki, oferty edukacyjnej, rozrywki, mody. &#8211; Jedno z najbardziej zr\u00f3\u017cnicowanych miast na ca\u0142ym [&hellip;]<\/p>\n","protected":false},"author":1,"featured_media":0,"parent":0,"menu_order":0,"comment_status":"open","ping_status":"open","template":"","meta":{"footnotes":""},"class_list":["post-112","page","type-page","status-publish","hentry"],"yoast_head":"<!-- This site is optimized with the Yoast SEO Premium plugin v24.4 (Yoast SEO v24.4) - https:\/\/yoast.com\/wordpress\/plugins\/seo\/ -->\n<title>Podr\u00f3\u017c do Londynu | Terravision<\/title>\n<meta name=\"description\" content=\"Podr\u00f3\u017c do Londynu - przydatne informacje dotycz\u0105ce podr\u00f3\u017cy do Londynu: muzea, najwi\u0119ksze atrakcje Londynu, wycieczki\" \/>\n<meta name=\"robots\" content=\"index, follow, max-snippet:-1, max-image-preview:large, max-video-preview:-1\" \/>\n<link rel=\"canonical\" href=\"https:\/\/www.terravision.eu\/pl\/travel_london.html\" \/>\n<meta property=\"og:locale\" content=\"pl_PL\" \/>\n<meta property=\"og:type\" content=\"article\" \/>\n<meta property=\"og:title\" content=\"Podr\u00f3\u017c do Londynu\" \/>\n<meta property=\"og:description\" content=\"Podr\u00f3\u017c do Londynu - przydatne informacje dotycz\u0105ce podr\u00f3\u017cy do Londynu: muzea, najwi\u0119ksze atrakcje Londynu, wycieczki\" \/>\n<meta property=\"og:url\" content=\"https:\/\/www.terravision.eu\/pl\/travel_london.html\" \/>\n<meta property=\"og:site_name\" content=\"Terravision Polska\" \/>\n<meta property=\"article:modified_time\" content=\"2018-11-08T09:32:23+00:00\" \/>\n<meta name=\"twitter:label1\" content=\"Szacowany czas czytania\" \/>\n\t<meta name=\"twitter:data1\" content=\"1 minute\" \/>\n<script type=\"application\/ld+json\" class=\"yoast-schema-graph\">{\"@context\":\"https:\/\/schema.org\",\"@graph\":[{\"@type\":\"WebPage\",\"@id\":\"https:\/\/www.terravision.eu\/pl\/travel_london.html\",\"url\":\"https:\/\/www.terravision.eu\/pl\/travel_london.html\",\"name\":\"Podr\u00f3\u017c do Londynu | Terravision\",\"isPartOf\":{\"@id\":\"https:\/\/www.terravision.eu\/pl\/#website\"},\"datePublished\":\"2012-06-25T10:39:13+00:00\",\"dateModified\":\"2018-11-08T09:32:23+00:00\",\"description\":\"Podr\u00f3\u017c do Londynu - przydatne informacje dotycz\u0105ce podr\u00f3\u017cy do Londynu: muzea, najwi\u0119ksze atrakcje Londynu, wycieczki\",\"breadcrumb\":{\"@id\":\"https:\/\/www.terravision.eu\/pl\/travel_london.html#breadcrumb\"},\"inLanguage\":\"pl-PL\",\"potentialAction\":[{\"@type\":\"ReadAction\",\"target\":[\"https:\/\/www.terravision.eu\/pl\/travel_london.html\"]}]},{\"@type\":\"BreadcrumbList\",\"@id\":\"https:\/\/www.terravision.eu\/pl\/travel_london.html#breadcrumb\",\"itemListElement\":[{\"@type\":\"ListItem\",\"position\":1,\"name\":\"Home\",\"item\":\"https:\/\/www.terravision.eu\/pl\/\"},{\"@type\":\"ListItem\",\"position\":2,\"name\":\"Podr\u00f3\u017c do Londynu\"}]},{\"@type\":\"WebSite\",\"@id\":\"https:\/\/www.terravision.eu\/pl\/#website\",\"url\":\"https:\/\/www.terravision.eu\/pl\/\",\"name\":\"Terravision Polska\",\"description\":\"Tanie po\u0142\u0105czenia z\/do g\u0142\u00f3wnych lotnisk w Europie\",\"potentialAction\":[{\"@type\":\"SearchAction\",\"target\":{\"@type\":\"EntryPoint\",\"urlTemplate\":\"https:\/\/www.terravision.eu\/pl\/?s={search_term_string}\"},\"query-input\":{\"@type\":\"PropertyValueSpecification\",\"valueRequired\":true,\"valueName\":\"search_term_string\"}}],\"inLanguage\":\"pl-PL\"}]}<\/script>\n<!-- \/ Yoast SEO Premium plugin. -->","yoast_head_json":{"title":"Podr\u00f3\u017c do Londynu | Terravision","description":"Podr\u00f3\u017c do Londynu - przydatne informacje dotycz\u0105ce podr\u00f3\u017cy do Londynu: muzea, najwi\u0119ksze atrakcje Londynu, wycieczki","robots":{"index":"index","follow":"follow","max-snippet":"max-snippet:-1","max-image-preview":"max-image-preview:large","max-video-preview":"max-video-preview:-1"},"canonical":"https:\/\/www.terravision.eu\/pl\/travel_london.html","og_locale":"pl_PL","og_type":"article","og_title":"Podr\u00f3\u017c do Londynu","og_description":"Podr\u00f3\u017c do Londynu - przydatne informacje dotycz\u0105ce podr\u00f3\u017cy do Londynu: muzea, najwi\u0119ksze atrakcje Londynu, wycieczki","og_url":"https:\/\/www.terravision.eu\/pl\/travel_london.html","og_site_name":"Terravision Polska","article_modified_time":"2018-11-08T09:32:23+00:00","twitter_misc":{"Szacowany czas czytania":"1 minute"},"schema":{"@context":"https:\/\/schema.org","@graph":[{"@type":"WebPage","@id":"https:\/\/www.terravision.eu\/pl\/travel_london.html","url":"https:\/\/www.terravision.eu\/pl\/travel_london.html","name":"Podr\u00f3\u017c do Londynu | Terravision","isPartOf":{"@id":"https:\/\/www.terravision.eu\/pl\/#website"},"datePublished":"2012-06-25T10:39:13+00:00","dateModified":"2018-11-08T09:32:23+00:00","description":"Podr\u00f3\u017c do Londynu - przydatne informacje dotycz\u0105ce podr\u00f3\u017cy do Londynu: muzea, najwi\u0119ksze atrakcje Londynu, wycieczki","breadcrumb":{"@id":"https:\/\/www.terravision.eu\/pl\/travel_london.html#breadcrumb"},"inLanguage":"pl-PL","potentialAction":[{"@type":"ReadAction","target":["https:\/\/www.terravision.eu\/pl\/travel_london.html"]}]},{"@type":"BreadcrumbList","@id":"https:\/\/www.terravision.eu\/pl\/travel_london.html#breadcrumb","itemListElement":[{"@type":"ListItem","position":1,"name":"Home","item":"https:\/\/www.terravision.eu\/pl\/"},{"@type":"ListItem","position":2,"name":"Podr\u00f3\u017c do Londynu"}]},{"@type":"WebSite","@id":"https:\/\/www.terravision.eu\/pl\/#website","url":"https:\/\/www.terravision.eu\/pl\/","name":"Terravision Polska","description":"Tanie po\u0142\u0105czenia z\/do g\u0142\u00f3wnych lotnisk w Europie","potentialAction":[{"@type":"SearchAction","target":{"@type":"EntryPoint","urlTemplate":"https:\/\/www.terravision.eu\/pl\/?s={search_term_string}"},"query-input":{"@type":"PropertyValueSpecification","valueRequired":true,"valueName":"search_term_string"}}],"inLanguage":"pl-PL"}]}},"_links":{"self":[{"href":"https:\/\/www.terravision.eu\/pl\/wp-json\/wp\/v2\/pages\/112","targetHints":{"allow":["GET"]}}],"collection":[{"href":"https:\/\/www.terravision.eu\/pl\/wp-json\/wp\/v2\/pages"}],"about":[{"href":"https:\/\/www.terravision.eu\/pl\/wp-json\/wp\/v2\/types\/page"}],"author":[{"embeddable":true,"href":"https:\/\/www.terravision.eu\/pl\/wp-json\/wp\/v2\/users\/1"}],"replies":[{"embeddable":true,"href":"https:\/\/www.terravision.eu\/pl\/wp-json\/wp\/v2\/comments?post=112"}],"version-history":[{"count":1,"href":"https:\/\/www.terravision.eu\/pl\/wp-json\/wp\/v2\/pages\/112\/revisions"}],"predecessor-version":[{"id":15786,"href":"https:\/\/www.terravision.eu\/pl\/wp-json\/wp\/v2\/pages\/112\/revisions\/15786"}],"wp:attachment":[{"href":"https:\/\/www.terravision.eu\/pl\/wp-json\/wp\/v2\/media?parent=112"}],"curies":[{"name":"wp","href":"https:\/\/api.w.org\/{rel}","templated":true}]}}