{"id":113,"date":"2012-06-25T10:51:34","date_gmt":"2012-06-25T10:51:34","guid":{"rendered":"https:\/\/www.terravision.eu\/?page_id=1688"},"modified":"2018-11-08T09:15:34","modified_gmt":"2018-11-08T09:15:34","slug":"flights_london","status":"publish","type":"page","link":"https:\/\/www.terravision.eu\/pl\/flights_london.html","title":{"rendered":"Loty do Londynu"},"content":{"rendered":"<div id=\"article-single\">\n<div class=\"title\">Porady dotycz\u0105ce tanich lot\u00f3w do <span class=\"strong\"><strong>Londynu<\/strong><\/span><\/div>\n<p>Szukasz lot\u00f3w do \/ z Londynu? Lotniska Stansted, Gatwick, Luton i Heathrow oferuj\u0105 szeroki wyb\u00f3r zar\u00f3wno tanich lot\u00f3w, jak i mi\u0119dzynarodowych lot\u00f3w czarterowych.<\/p>\n<p>Zarezerwuj loty na \/ z jednego z tych lotnisk do <strong>Londynu<\/strong>w korzystnych cenach ju\u017c teraz! Poni\u017cej podajemy kilka wyszukiwarek tanich lot\u00f3w.<\/p>\n<p>Ruch lotniczy kieruj\u0105cy si\u0119 na po\u0142udnie Wielkiej Brytanii jest rozdzielony mi\u0119dzy pi\u0119cioma g\u0142\u00f3wnymi lotniskami: <strong>Lotnisko Londyn Stansted<\/strong>, <strong>Lotnisko Londyn Luton<\/strong>, <strong>Lotnisko Londyn Heathrow<\/strong> i <strong>Lotnisko Londyn Gatwick<\/strong>. Heathrow jest najwi\u0119kszym mi\u0119dzynarodowym lotniskiem w Europie i zarazem g\u0142\u00f3wnym w\u0119z\u0142em komunikacyjnym dla mi\u0119dzynarodowych lot\u00f3w czarterowych. Lotnisko Stansted jest g\u0142\u00f3wnie obs\u0142ugiwane przez tanie linie lotnicze, takie jak Ryanair czy Easyjet.<\/p>\n<p>Je\u015bli szukasz transfer\u00f3w autobusowych z lotniska Stansted, Gatwick, Luton i Heathrow do centrum Londynu, polecamy tanie przejazdy oferowane przez firm\u0119 Terravision, lidera us\u0142ug transferowych na terenie ca\u0142ej Europy. Sprawd\u017a nasze zni\u017cki na rezerwacje online!<\/p>\n<p>&nbsp;<\/p>\n<\/div>\n","protected":false},"excerpt":{"rendered":"<p>Porady dotycz\u0105ce tanich lot\u00f3w do Londynu Szukasz lot\u00f3w do \/ z Londynu? Lotniska Stansted, Gatwick, Luton i Heathrow oferuj\u0105 szeroki wyb\u00f3r zar\u00f3wno tanich lot\u00f3w, jak i mi\u0119dzynarodowych lot\u00f3w czarterowych. Zarezerwuj loty na \/ z jednego z tych lotnisk do Londynuw korzystnych cenach ju\u017c teraz! Poni\u017cej podajemy kilka wyszukiwarek tanich lot\u00f3w. Ruch lotniczy kieruj\u0105cy si\u0119 na [&hellip;]<\/p>\n","protected":false},"author":1,"featured_media":0,"parent":0,"menu_order":0,"comment_status":"open","ping_status":"open","template":"","meta":{"footnotes":""},"class_list":["post-113","page","type-page","status-publish","hentry"],"yoast_head":"<!-- This site is optimized with the Yoast SEO Premium plugin v24.4 (Yoast SEO v24.4) - https:\/\/yoast.com\/wordpress\/plugins\/seo\/ -->\n<title>Loty do Londynu | Terravision<\/title>\n<meta name=\"description\" content=\"Loty Londyn - Loty do \/ z Londynu. Szeroki wyb\u00f3r tanich lot\u00f3w oraz lot\u00f3w czarterowych do \/ z g\u0142\u00f3wnych lotnisk w Londynie, takich jak: Stansted, Luton, Gatwick, Heathrow.\" \/>\n<meta name=\"robots\" content=\"index, follow, max-snippet:-1, max-image-preview:large, max-video-preview:-1\" \/>\n<link rel=\"canonical\" href=\"https:\/\/www.terravision.eu\/pl\/flights_london.html\" \/>\n<meta property=\"og:locale\" content=\"pl_PL\" \/>\n<meta property=\"og:type\" content=\"article\" \/>\n<meta property=\"og:title\" content=\"Loty do Londynu\" \/>\n<meta property=\"og:description\" content=\"Loty Londyn - Loty do \/ z Londynu. Szeroki wyb\u00f3r tanich lot\u00f3w oraz lot\u00f3w czarterowych do \/ z g\u0142\u00f3wnych lotnisk w Londynie, takich jak: Stansted, Luton, Gatwick, Heathrow.\" \/>\n<meta property=\"og:url\" content=\"https:\/\/www.terravision.eu\/pl\/flights_london.html\" \/>\n<meta property=\"og:site_name\" content=\"Terravision Polska\" \/>\n<meta property=\"article:modified_time\" content=\"2018-11-08T09:15:34+00:00\" \/>\n<meta name=\"twitter:label1\" content=\"Szacowany czas czytania\" \/>\n\t<meta name=\"twitter:data1\" content=\"1 minute\" \/>\n<script type=\"application\/ld+json\" class=\"yoast-schema-graph\">{\"@context\":\"https:\/\/schema.org\",\"@graph\":[{\"@type\":\"WebPage\",\"@id\":\"https:\/\/www.terravision.eu\/pl\/flights_london.html\",\"url\":\"https:\/\/www.terravision.eu\/pl\/flights_london.html\",\"name\":\"Loty do Londynu | Terravision\",\"isPartOf\":{\"@id\":\"https:\/\/www.terravision.eu\/pl\/#website\"},\"datePublished\":\"2012-06-25T10:51:34+00:00\",\"dateModified\":\"2018-11-08T09:15:34+00:00\",\"description\":\"Loty Londyn - Loty do \/ z Londynu. Szeroki wyb\u00f3r tanich lot\u00f3w oraz lot\u00f3w czarterowych do \/ z g\u0142\u00f3wnych lotnisk w Londynie, takich jak: Stansted, Luton, Gatwick, Heathrow.\",\"breadcrumb\":{\"@id\":\"https:\/\/www.terravision.eu\/pl\/flights_london.html#breadcrumb\"},\"inLanguage\":\"pl-PL\",\"potentialAction\":[{\"@type\":\"ReadAction\",\"target\":[\"https:\/\/www.terravision.eu\/pl\/flights_london.html\"]}]},{\"@type\":\"BreadcrumbList\",\"@id\":\"https:\/\/www.terravision.eu\/pl\/flights_london.html#breadcrumb\",\"itemListElement\":[{\"@type\":\"ListItem\",\"position\":1,\"name\":\"Home\",\"item\":\"https:\/\/www.terravision.eu\/pl\/\"},{\"@type\":\"ListItem\",\"position\":2,\"name\":\"Loty do Londynu\"}]},{\"@type\":\"WebSite\",\"@id\":\"https:\/\/www.terravision.eu\/pl\/#website\",\"url\":\"https:\/\/www.terravision.eu\/pl\/\",\"name\":\"Terravision Polska\",\"description\":\"Tanie po\u0142\u0105czenia z\/do g\u0142\u00f3wnych lotnisk w Europie\",\"potentialAction\":[{\"@type\":\"SearchAction\",\"target\":{\"@type\":\"EntryPoint\",\"urlTemplate\":\"https:\/\/www.terravision.eu\/pl\/?s={search_term_string}\"},\"query-input\":{\"@type\":\"PropertyValueSpecification\",\"valueRequired\":true,\"valueName\":\"search_term_string\"}}],\"inLanguage\":\"pl-PL\"}]}<\/script>\n<!-- \/ Yoast SEO Premium plugin. -->","yoast_head_json":{"title":"Loty do Londynu | Terravision","description":"Loty Londyn - Loty do \/ z Londynu. Szeroki wyb\u00f3r tanich lot\u00f3w oraz lot\u00f3w czarterowych do \/ z g\u0142\u00f3wnych lotnisk w Londynie, takich jak: Stansted, Luton, Gatwick, Heathrow.","robots":{"index":"index","follow":"follow","max-snippet":"max-snippet:-1","max-image-preview":"max-image-preview:large","max-video-preview":"max-video-preview:-1"},"canonical":"https:\/\/www.terravision.eu\/pl\/flights_london.html","og_locale":"pl_PL","og_type":"article","og_title":"Loty do Londynu","og_description":"Loty Londyn - Loty do \/ z Londynu. Szeroki wyb\u00f3r tanich lot\u00f3w oraz lot\u00f3w czarterowych do \/ z g\u0142\u00f3wnych lotnisk w Londynie, takich jak: Stansted, Luton, Gatwick, Heathrow.","og_url":"https:\/\/www.terravision.eu\/pl\/flights_london.html","og_site_name":"Terravision Polska","article_modified_time":"2018-11-08T09:15:34+00:00","twitter_misc":{"Szacowany czas czytania":"1 minute"},"schema":{"@context":"https:\/\/schema.org","@graph":[{"@type":"WebPage","@id":"https:\/\/www.terravision.eu\/pl\/flights_london.html","url":"https:\/\/www.terravision.eu\/pl\/flights_london.html","name":"Loty do Londynu | Terravision","isPartOf":{"@id":"https:\/\/www.terravision.eu\/pl\/#website"},"datePublished":"2012-06-25T10:51:34+00:00","dateModified":"2018-11-08T09:15:34+00:00","description":"Loty Londyn - Loty do \/ z Londynu. Szeroki wyb\u00f3r tanich lot\u00f3w oraz lot\u00f3w czarterowych do \/ z g\u0142\u00f3wnych lotnisk w Londynie, takich jak: Stansted, Luton, Gatwick, Heathrow.","breadcrumb":{"@id":"https:\/\/www.terravision.eu\/pl\/flights_london.html#breadcrumb"},"inLanguage":"pl-PL","potentialAction":[{"@type":"ReadAction","target":["https:\/\/www.terravision.eu\/pl\/flights_london.html"]}]},{"@type":"BreadcrumbList","@id":"https:\/\/www.terravision.eu\/pl\/flights_london.html#breadcrumb","itemListElement":[{"@type":"ListItem","position":1,"name":"Home","item":"https:\/\/www.terravision.eu\/pl\/"},{"@type":"ListItem","position":2,"name":"Loty do Londynu"}]},{"@type":"WebSite","@id":"https:\/\/www.terravision.eu\/pl\/#website","url":"https:\/\/www.terravision.eu\/pl\/","name":"Terravision Polska","description":"Tanie po\u0142\u0105czenia z\/do g\u0142\u00f3wnych lotnisk w Europie","potentialAction":[{"@type":"SearchAction","target":{"@type":"EntryPoint","urlTemplate":"https:\/\/www.terravision.eu\/pl\/?s={search_term_string}"},"query-input":{"@type":"PropertyValueSpecification","valueRequired":true,"valueName":"search_term_string"}}],"inLanguage":"pl-PL"}]}},"_links":{"self":[{"href":"https:\/\/www.terravision.eu\/pl\/wp-json\/wp\/v2\/pages\/113","targetHints":{"allow":["GET"]}}],"collection":[{"href":"https:\/\/www.terravision.eu\/pl\/wp-json\/wp\/v2\/pages"}],"about":[{"href":"https:\/\/www.terravision.eu\/pl\/wp-json\/wp\/v2\/types\/page"}],"author":[{"embeddable":true,"href":"https:\/\/www.terravision.eu\/pl\/wp-json\/wp\/v2\/users\/1"}],"replies":[{"embeddable":true,"href":"https:\/\/www.terravision.eu\/pl\/wp-json\/wp\/v2\/comments?post=113"}],"version-history":[{"count":2,"href":"https:\/\/www.terravision.eu\/pl\/wp-json\/wp\/v2\/pages\/113\/revisions"}],"predecessor-version":[{"id":15650,"href":"https:\/\/www.terravision.eu\/pl\/wp-json\/wp\/v2\/pages\/113\/revisions\/15650"}],"wp:attachment":[{"href":"https:\/\/www.terravision.eu\/pl\/wp-json\/wp\/v2\/media?parent=113"}],"curies":[{"name":"wp","href":"https:\/\/api.w.org\/{rel}","templated":true}]}}