{"id":11660,"date":"2013-11-14T15:21:09","date_gmt":"2013-11-14T15:21:09","guid":{"rendered":"https:\/\/www.terravision.eu\/?page_id=11660"},"modified":"2018-11-16T09:38:20","modified_gmt":"2018-11-16T09:38:20","slug":"city-sightseeing-bristol","status":"publish","type":"page","link":"https:\/\/www.terravision.eu\/pl\/city-tours-europe\/city-sightseeing-bristol.html","title":{"rendered":"Wycieczka po Bristolu"},"content":{"rendered":"<div class=\"title-right\"><span class=\"price\">13<\/span><span class=\"valuta\">\u00a3<\/span><\/div>\n<p><img decoding=\"async\" alt=\"City Sightseeing Bristol\" src=\"https:\/\/www.terravision.eu\/files\/2013\/09\/city_sightseeing_logo.png\" style=\"margin: 10px 15px;float: right\"><\/p>\n<p>Odkryj sekrety <strong>Bristolu <\/strong>z <strong>City Sightseeing<\/strong>! Wybierz si\u0119 na spacer po Starym Mie\u015bcie, podziwiaj most Cliffton, odwied\u017a Ogr\u00f3d Zoologiczny. I koniecznie zobacz pierszy statek, kt\u00f3ry przemierzyl Atlantyk!<\/p>\n<p><strong>Najwa\u017cniejsze atrakcje Bristolu<\/strong><\/p>\n<ul>\n<li>Stare Miasto<\/li>\n<li>Katedra<\/li>\n<li>Kaplica Lord Mayor\u2019s<\/li>\n<li>Teatr Kr\u00f3lewski<\/li>\n<li>Most Clifton<\/li>\n<li>Avon Gorge<\/li>\n<li>Zoo w Bristolu<\/li>\n<\/ul>\n<div class=\"collapse tour-info collapsed\">\n<h2 class=\"title\">Info:<\/h2>\n<p><strong>Miejsce zbi\u00f3rki:<\/strong> Przystanek 1 &#8211; Centrum<br \/>\n<strong>Czas trwania wycieczki: <\/strong> 75 minut<br \/>\n<strong>Cz\u0119stotliwo\u015b\u0107 odjazd\u00f3w: <\/strong><br \/>\nlato &amp; zima: co 45 &#8211; 90 minut<br \/>\n<strong>Sezon:<\/strong> <\/p>\n<p><strong>2014<\/strong><br \/>\n1 lutego &#8211; 23 lutego 2014 : codziennie<br \/>\n24 lutego &#8211; 28 marca 2014 : tylko w weekendy<br \/>\n29 marca &#8211; 2 listopada 2014 : codziennie<br \/>\n8 listopada &#8211; 21 grudnia 2014 : tylko w weekendy<br \/>\nWycieczka nie odbywa si\u0119 21 wrze\u015bnia 2014<br \/>\n<strong>Bilet jest wa\u017cny:<\/strong> 2 dni<\/p>\n<p><strong>Przewodnik turystyczny:<\/strong>: <\/p>\n<ul class=\"flags\">\n<li class=\"gb\"><\/li>\n<\/ul>\n<p><strong>Wi\u0119cej informacji:<\/strong><\/p>\n<ul>\n<li><a href=\"\" target=\"_blank\">Mapa wycieczki<\/a><\/li>\n<li><a href=\"\" target=\"_blank\">Folder<\/a><\/li>\n<li><a href=\"\" target=\"_blank\">Rozk\u0142ad jazdy<\/a><\/li>\n<\/ul>\n<p>NB. Cena biletu nie obejmuje wst\u0119pu do muze\u00f3w i zabytk\u00f3w.<\/p><\/div>\n<div class=\"collapse tour-info\">\n<h2 class=\"title\">Ceny<\/h2>\n<p><strong>Bilet wa\u017cny 2 dni<\/strong><br \/>\nDoro\u015bli: \u00a3 13.00<br \/>\nDzieci (5-15): \u00a3 2.00<br \/>\nDzieci (0-4): Gratis<\/p>\n<p><strong>NB. W wypadku rezerwacji dla dzieci poni\u017cej 5 roku \u017cycia wybra\u0107 opcj\u0119 \u201eInfant\u201d.<br \/>\n<\/strong><\/div>\n<div class=\"collapse tour-info\">\n<h2 class=\"title\">Przystanki<\/h2>\n<ul>\n<li>Stop 1 &#8211; Centrum<\/li>\n<li>Stop 2 &#8211; At Bristol<\/li>\n<li>Stop 3 &#8211; Caravan Park<\/li>\n<li>Stop 4 &#8211; SS Great Britian<\/li>\n<li>Stop 5 &#8211; Creat Centre<\/li>\n<li>Stop 6 &#8211; DOWNS Sea Walls<\/li>\n<li>Stop 7 &#8211; Downs Ladies Mile<\/li>\n<li>Stop 8 &#8211; Bristol Zoo<\/li>\n<li>Stop 9 &#8211; Clifton Village<\/li>\n<li>Stop 10 &#8211; Clifton Victoria Square<\/li>\n<li>Stop 11 &#8211; Victoria Rooms<\/li>\n<li>Stop 12 &#8211; City Museum<\/li>\n<li>Stop 13 &#8211; Park St, College Green<\/li>\n<li>Stop 14 &#8211; City Centre Colston Hall<\/li>\n<li>Stop 15 &#8211; Haymarket Primark<\/li>\n<li>Stop 16 &#8211; City Centre Broad Quay<\/li>\n<li>Stop 17 &#8211; Bristol Bridge Markets<\/li>\n<li>Stop 18 &#8211; Victoria St Novtel<\/li>\n<li>Stop 19 &#8211; Temple Mead Rail Station<\/li>\n<li>Stop 20 &#8211; St Mary Redcliffe Ramada<\/li>\n<li>Stop 21 &#8211; Princes St Bristol hotel<\/li>\n<\/ul>\n<\/div>\n<div class=\"collapse tour-info\">\n<h2 class=\"title\">Jak rezerwowa\u0107 wycieczk\u0119 i korzysta\u0107 z bilet\u00f3w <\/h2>\n<p>1-Zarezerwuj wycieczk\u0119 z Terravision<br \/>\n2-Wydrukuj voucher<br \/>\n3-Wymie\u0144 voucher w autobusie City Sightseeing w<br \/>\n4-Ciesz si\u0119 Twoj\u0105 wycieczk\u0105! <\/p>\n<p><strong>NB. Tw\u00f3j voucher jest wa\u017cny przez 1 miesi\u0105c od daty zakupu.<\/strong>\n<\/div>\n<div class=\"collapse tour-info\">\n<h2 class=\"title\">Informacje kontaktowe<\/h2>\n<p><strong>We wsp\u00f3\u0142pracy z City Sightseeing<\/strong><br \/>\nTel: + 44 (0) 7425 788123<br \/>\nEmail: info@city-sightseeing.com<\/p>\n<p><strong>Informacje kontaktowe Terravision<\/strong><br \/>\nPoniedzia\u0142ek \u2013 Sobota:  9:00 do 18:00<br \/>\nTelefon  +39 06.97.61.06.32<br \/>\nW celu uzyskania dodatkowych informacji do\u0142\u0105cz do nas na <a href=\"http:\/\/www.facebook.com\/terravision.eu\" title=\"Terravision on Facebook\" target=\"_blank\">Facebook<\/a>, <a href=\"https:\/\/www.google.com\/+terravision\" title=\"Terravision on Google+\" target=\"_blank\">Google+<\/a> lub <a href=\"http:\/\/pinterest.com\/terravisiongp\/\" title=\"Terravision on Pinterest\" target=\"_blank\">Pinterest<\/a>!<\/div>\n","protected":false},"excerpt":{"rendered":"<p>13\u00a3 Odkryj sekrety Bristolu z City Sightseeing! Wybierz si\u0119 na spacer po Starym Mie\u015bcie, podziwiaj most Cliffton, odwied\u017a Ogr\u00f3d Zoologiczny. I koniecznie zobacz pierszy statek, kt\u00f3ry przemierzyl Atlantyk! Najwa\u017cniejsze atrakcje Bristolu Stare Miasto Katedra Kaplica Lord Mayor\u2019s Teatr Kr\u00f3lewski Most Clifton Avon Gorge Zoo w Bristolu Info: Miejsce zbi\u00f3rki: Przystanek 1 &#8211; Centrum Czas trwania [&hellip;]<\/p>\n","protected":false},"author":1,"featured_media":0,"parent":10597,"menu_order":0,"comment_status":"open","ping_status":"open","template":"","meta":{"footnotes":""},"class_list":["post-11660","page","type-page","status-publish","hentry"],"yoast_head":"<!-- This site is optimized with the Yoast SEO Premium plugin v24.4 (Yoast SEO v24.4) - https:\/\/yoast.com\/wordpress\/plugins\/seo\/ -->\n<title>Wycieczka po Bristolu | Terravision<\/title>\n<meta name=\"description\" content=\"Wycieczka po Bristolu. Autobusy City Sightseeing. Bilet wa\u017cny 2 dni, przewodnik turystyczny, 21 przystank\u00f3w w pobli\u017cu najwi\u0119kszych atrakcji Bristolu.\" \/>\n<meta name=\"robots\" content=\"index, follow, max-snippet:-1, max-image-preview:large, max-video-preview:-1\" \/>\n<link rel=\"canonical\" href=\"https:\/\/www.terravision.eu\/pl\/city-tours-europe\/city-sightseeing-bristol.html\" \/>\n<meta property=\"og:locale\" content=\"pl_PL\" \/>\n<meta property=\"og:type\" content=\"article\" \/>\n<meta property=\"og:title\" content=\"Wycieczka po Bristolu\" \/>\n<meta property=\"og:description\" content=\"Wycieczka po Bristolu. Autobusy City Sightseeing. Bilet wa\u017cny 2 dni, przewodnik turystyczny, 21 przystank\u00f3w w pobli\u017cu najwi\u0119kszych atrakcji Bristolu.\" \/>\n<meta property=\"og:url\" content=\"https:\/\/www.terravision.eu\/pl\/city-tours-europe\/city-sightseeing-bristol.html\" \/>\n<meta property=\"og:site_name\" content=\"Terravision Polska\" \/>\n<meta property=\"article:modified_time\" content=\"2018-11-16T09:38:20+00:00\" \/>\n<meta property=\"og:image\" content=\"https:\/\/www.terravision.eu\/files\/2013\/09\/city_sightseeing_logo.png\" \/>\n<meta name=\"twitter:label1\" content=\"Szacowany czas czytania\" \/>\n\t<meta name=\"twitter:data1\" content=\"2 minutes\" \/>\n<script type=\"application\/ld+json\" class=\"yoast-schema-graph\">{\"@context\":\"https:\/\/schema.org\",\"@graph\":[{\"@type\":\"WebPage\",\"@id\":\"https:\/\/www.terravision.eu\/pl\/city-tours-europe\/city-sightseeing-bristol.html\",\"url\":\"https:\/\/www.terravision.eu\/pl\/city-tours-europe\/city-sightseeing-bristol.html\",\"name\":\"Wycieczka po Bristolu | Terravision\",\"isPartOf\":{\"@id\":\"https:\/\/www.terravision.eu\/pl\/#website\"},\"primaryImageOfPage\":{\"@id\":\"https:\/\/www.terravision.eu\/pl\/city-tours-europe\/city-sightseeing-bristol.html#primaryimage\"},\"image\":{\"@id\":\"https:\/\/www.terravision.eu\/pl\/city-tours-europe\/city-sightseeing-bristol.html#primaryimage\"},\"thumbnailUrl\":\"https:\/\/www.terravision.eu\/files\/2013\/09\/city_sightseeing_logo.png\",\"datePublished\":\"2013-11-14T15:21:09+00:00\",\"dateModified\":\"2018-11-16T09:38:20+00:00\",\"description\":\"Wycieczka po Bristolu. Autobusy City Sightseeing. Bilet wa\u017cny 2 dni, przewodnik turystyczny, 21 przystank\u00f3w w pobli\u017cu najwi\u0119kszych atrakcji Bristolu.\",\"breadcrumb\":{\"@id\":\"https:\/\/www.terravision.eu\/pl\/city-tours-europe\/city-sightseeing-bristol.html#breadcrumb\"},\"inLanguage\":\"pl-PL\",\"potentialAction\":[{\"@type\":\"ReadAction\",\"target\":[\"https:\/\/www.terravision.eu\/pl\/city-tours-europe\/city-sightseeing-bristol.html\"]}]},{\"@type\":\"ImageObject\",\"inLanguage\":\"pl-PL\",\"@id\":\"https:\/\/www.terravision.eu\/pl\/city-tours-europe\/city-sightseeing-bristol.html#primaryimage\",\"url\":\"https:\/\/www.terravision.eu\/files\/2013\/09\/city_sightseeing_logo.png\",\"contentUrl\":\"https:\/\/www.terravision.eu\/files\/2013\/09\/city_sightseeing_logo.png\"},{\"@type\":\"BreadcrumbList\",\"@id\":\"https:\/\/www.terravision.eu\/pl\/city-tours-europe\/city-sightseeing-bristol.html#breadcrumb\",\"itemListElement\":[{\"@type\":\"ListItem\",\"position\":1,\"name\":\"Home\",\"item\":\"https:\/\/www.terravision.eu\/pl\/\"},{\"@type\":\"ListItem\",\"position\":2,\"name\":\"Wycieczki w Europie\",\"item\":\"https:\/\/www.terravision.eu\/pl\/city-tours-europe.html\"},{\"@type\":\"ListItem\",\"position\":3,\"name\":\"Wycieczka po Bristolu\"}]},{\"@type\":\"WebSite\",\"@id\":\"https:\/\/www.terravision.eu\/pl\/#website\",\"url\":\"https:\/\/www.terravision.eu\/pl\/\",\"name\":\"Terravision Polska\",\"description\":\"Tanie po\u0142\u0105czenia z\/do g\u0142\u00f3wnych lotnisk w Europie\",\"potentialAction\":[{\"@type\":\"SearchAction\",\"target\":{\"@type\":\"EntryPoint\",\"urlTemplate\":\"https:\/\/www.terravision.eu\/pl\/?s={search_term_string}\"},\"query-input\":{\"@type\":\"PropertyValueSpecification\",\"valueRequired\":true,\"valueName\":\"search_term_string\"}}],\"inLanguage\":\"pl-PL\"}]}<\/script>\n<!-- \/ Yoast SEO Premium plugin. -->","yoast_head_json":{"title":"Wycieczka po Bristolu | Terravision","description":"Wycieczka po Bristolu. Autobusy City Sightseeing. Bilet wa\u017cny 2 dni, przewodnik turystyczny, 21 przystank\u00f3w w pobli\u017cu najwi\u0119kszych atrakcji Bristolu.","robots":{"index":"index","follow":"follow","max-snippet":"max-snippet:-1","max-image-preview":"max-image-preview:large","max-video-preview":"max-video-preview:-1"},"canonical":"https:\/\/www.terravision.eu\/pl\/city-tours-europe\/city-sightseeing-bristol.html","og_locale":"pl_PL","og_type":"article","og_title":"Wycieczka po Bristolu","og_description":"Wycieczka po Bristolu. Autobusy City Sightseeing. Bilet wa\u017cny 2 dni, przewodnik turystyczny, 21 przystank\u00f3w w pobli\u017cu najwi\u0119kszych atrakcji Bristolu.","og_url":"https:\/\/www.terravision.eu\/pl\/city-tours-europe\/city-sightseeing-bristol.html","og_site_name":"Terravision Polska","article_modified_time":"2018-11-16T09:38:20+00:00","og_image":[{"url":"https:\/\/www.terravision.eu\/files\/2013\/09\/city_sightseeing_logo.png","type":"","width":"","height":""}],"twitter_misc":{"Szacowany czas czytania":"2 minutes"},"schema":{"@context":"https:\/\/schema.org","@graph":[{"@type":"WebPage","@id":"https:\/\/www.terravision.eu\/pl\/city-tours-europe\/city-sightseeing-bristol.html","url":"https:\/\/www.terravision.eu\/pl\/city-tours-europe\/city-sightseeing-bristol.html","name":"Wycieczka po Bristolu | Terravision","isPartOf":{"@id":"https:\/\/www.terravision.eu\/pl\/#website"},"primaryImageOfPage":{"@id":"https:\/\/www.terravision.eu\/pl\/city-tours-europe\/city-sightseeing-bristol.html#primaryimage"},"image":{"@id":"https:\/\/www.terravision.eu\/pl\/city-tours-europe\/city-sightseeing-bristol.html#primaryimage"},"thumbnailUrl":"https:\/\/www.terravision.eu\/files\/2013\/09\/city_sightseeing_logo.png","datePublished":"2013-11-14T15:21:09+00:00","dateModified":"2018-11-16T09:38:20+00:00","description":"Wycieczka po Bristolu. Autobusy City Sightseeing. Bilet wa\u017cny 2 dni, przewodnik turystyczny, 21 przystank\u00f3w w pobli\u017cu najwi\u0119kszych atrakcji Bristolu.","breadcrumb":{"@id":"https:\/\/www.terravision.eu\/pl\/city-tours-europe\/city-sightseeing-bristol.html#breadcrumb"},"inLanguage":"pl-PL","potentialAction":[{"@type":"ReadAction","target":["https:\/\/www.terravision.eu\/pl\/city-tours-europe\/city-sightseeing-bristol.html"]}]},{"@type":"ImageObject","inLanguage":"pl-PL","@id":"https:\/\/www.terravision.eu\/pl\/city-tours-europe\/city-sightseeing-bristol.html#primaryimage","url":"https:\/\/www.terravision.eu\/files\/2013\/09\/city_sightseeing_logo.png","contentUrl":"https:\/\/www.terravision.eu\/files\/2013\/09\/city_sightseeing_logo.png"},{"@type":"BreadcrumbList","@id":"https:\/\/www.terravision.eu\/pl\/city-tours-europe\/city-sightseeing-bristol.html#breadcrumb","itemListElement":[{"@type":"ListItem","position":1,"name":"Home","item":"https:\/\/www.terravision.eu\/pl\/"},{"@type":"ListItem","position":2,"name":"Wycieczki w Europie","item":"https:\/\/www.terravision.eu\/pl\/city-tours-europe.html"},{"@type":"ListItem","position":3,"name":"Wycieczka po Bristolu"}]},{"@type":"WebSite","@id":"https:\/\/www.terravision.eu\/pl\/#website","url":"https:\/\/www.terravision.eu\/pl\/","name":"Terravision Polska","description":"Tanie po\u0142\u0105czenia z\/do g\u0142\u00f3wnych lotnisk w Europie","potentialAction":[{"@type":"SearchAction","target":{"@type":"EntryPoint","urlTemplate":"https:\/\/www.terravision.eu\/pl\/?s={search_term_string}"},"query-input":{"@type":"PropertyValueSpecification","valueRequired":true,"valueName":"search_term_string"}}],"inLanguage":"pl-PL"}]}},"_links":{"self":[{"href":"https:\/\/www.terravision.eu\/pl\/wp-json\/wp\/v2\/pages\/11660","targetHints":{"allow":["GET"]}}],"collection":[{"href":"https:\/\/www.terravision.eu\/pl\/wp-json\/wp\/v2\/pages"}],"about":[{"href":"https:\/\/www.terravision.eu\/pl\/wp-json\/wp\/v2\/types\/page"}],"author":[{"embeddable":true,"href":"https:\/\/www.terravision.eu\/pl\/wp-json\/wp\/v2\/users\/1"}],"replies":[{"embeddable":true,"href":"https:\/\/www.terravision.eu\/pl\/wp-json\/wp\/v2\/comments?post=11660"}],"version-history":[{"count":2,"href":"https:\/\/www.terravision.eu\/pl\/wp-json\/wp\/v2\/pages\/11660\/revisions"}],"predecessor-version":[{"id":15798,"href":"https:\/\/www.terravision.eu\/pl\/wp-json\/wp\/v2\/pages\/11660\/revisions\/15798"}],"up":[{"embeddable":true,"href":"https:\/\/www.terravision.eu\/pl\/wp-json\/wp\/v2\/pages\/10597"}],"wp:attachment":[{"href":"https:\/\/www.terravision.eu\/pl\/wp-json\/wp\/v2\/media?parent=11660"}],"curies":[{"name":"wp","href":"https:\/\/api.w.org\/{rel}","templated":true}]}}