{"id":12728,"date":"2014-03-24T12:07:35","date_gmt":"2014-03-24T12:07:35","guid":{"rendered":"https:\/\/www.terravision.eu\/pl\/?page_id=12728"},"modified":"2014-03-24T12:07:35","modified_gmt":"2014-03-24T12:07:35","slug":"wycieczka-po-eastbourne","status":"publish","type":"page","link":"https:\/\/www.terravision.eu\/pl\/city-tours-europe\/wycieczka-po-eastbourne.html","title":{"rendered":"Wycieczka po Eastbourne"},"content":{"rendered":"<div class=\"title-right\"><span class=\"price\">7<\/span><span class=\"valuta\">.50\u00a3<\/span><\/div>\n<p><img decoding=\"async\" alt=\"Eastbourne City Sightseeing\" src=\"https:\/\/www.terravision.eu\/files\/2013\/09\/city_sightseeing_logo.png\" style=\"margin: 10px 15px;float: right\"><\/p>\n<p>Zarezerwuj wycieczk\u0119 po Eastbourne i odkryj niewielkie miasto uchodz\u0105ce za jedn\u0105 z najelegantszych  kurort\u00f3w morskich w Wielkiej Brytanii! Wsi\u0105d\u017a na pok\u0142ad pi\u0119trowego autobusu City Sightseeing i przemierz miasto w poszukiwaniu jego najwa\u017cniejszych atrakcji ukrytych w\u015br\u00f3d pere\u0142ek wiktori\u0144skiej architektury: zobacz b\u0142\u0119kitn\u0105 kopu\u0142\u0119 The Grand Parade Bandstand, wie\u017c\u0119 \u017cycze\u0144 The Wish Tower, nowoczesny teatr The Congress Theater i wiele innych wspania\u0142ych miejsc! Podczas zwiedzania Eastbourne warto r\u00f3wnie\u017c zajrze\u0107 do centrum rozrywki Funtasia oraz podziwia\u0107 panoram\u0119 miasta z Beachy Head\u2019s Visitor Centre!<\/p>\n<p><strong>Najwaniejsze atrakcje w Eastbourne<\/strong><\/p>\n<ul>\n<li>Funtasia \u2013 centrum rozrywki na molo<\/li>\n<li>The Grand Parade Bandstand<\/li>\n<li>Beachy Head\u2019s Visitor Centre<\/li>\n<li>Eastbourne Pier (molo) <\/li>\n<li>wie\u017ca The Wish Tower<\/li>\n<li>teatr The Congress Theatre<\/li>\n<\/ul>\n<div class=\"collapse tour-info collapsed\">\n<h2 class=\"title\">City Sightseeing Eastbourne- Informacje:<\/h2>\n<p><strong>Miejsce zbi\u00f3rki<\/strong>: Przystanek 1 &#8211; Eastbourne Pier (molo)<br \/>\n<strong>Czas trwania wycieczki: <\/strong>60 minut<br \/>\n<strong>Cz\u0119stotliwo\u015b\u0107 odjazd\u00f3w<\/strong>: co 30 minut<br \/>\n<strong>Sezon<\/strong>: od 15 marca do 26 pa\u017adziernika 2014<\/p>\n<p><strong>Audioprzewodnik<\/strong>: dost\u0119pny w nast\u0119puj\u0105cych j\u0119zykach<\/p>\n<ul class=\"flags\">\n<li class=\"gb\"><\/li>\n<\/ul>\n<p><strong>Bilet jest wa\u017cny<\/strong>: 1 dzie\u0144<\/p>\n<p><strong>Wi\u0119cej informacji:<\/strong><\/p>\n<ul>\n<li><a href=\"https:\/\/static.city-sightseeing.com\/documents\/tours\/579.pdf\" target=\"_blank\">Mapa wycieczki<\/a><\/li>\n<li><a href=\"https:\/\/static.city-sightseeing.com\/documents\/tours\/580.pdf\" target=\"_blank\">Folder<\/a><\/li>\n<li><a href=\"https:\/\/static.city-sightseeing.com\/documents\/tours\/581.pdf\" target=\"_blank\">Rozk\u0142ad jazdy<\/a><\/li>\n<\/ul>\n<p>NB. Cena biletu nie obejmuje wst\u0119pu do muze\u00f3w i zabytk\u00f3w.<\/p><\/div>\n<div class=\"collapse tour-info\">\n<h2 class=\"title\">City Sightseeing Eastbourne &#8211; Ceny<\/h2>\n<p><strong>Bilet wa\u017cny 1 dzie\u0144<\/strong><br \/>\nDoro\u015bli: \u00a3 9.00<br \/>\nDzieci (5-15): \u00a3 5.00<br \/>\nDzieci (0-4): Gratis<\/p>\n<p><strong>NB. W wypadku rezerwacji dla dzieci poni\u017cej 5 roku \u017cycia wybra\u0107 opcj\u0119 \u201eInfant\u201d.<\/strong><\/div>\n<div class=\"collapse tour-info\">\n<h2 class=\"title\">Przystanki<\/h2>\n<ul>\n<li>Przystanek 1 &#8211; Eastbourne Pier<\/li>\n<li>Przystanek 2 &#8211; Bandstand<\/li>\n<li>Przystanek 3 &#8211; Grand Hotel<\/li>\n<li>Przystanek 4 &#8211; Holywell Gardens<\/li>\n<li>Przystanek 5 &#8211; Foot Beachy Head<\/li>\n<li>Przystanek 6 &#8211; Beachy Head<\/li>\n<li>Przystanek 7 &#8211; Belle Tout<\/li>\n<li>Przystanek 8 &#8211; Birling Gap<\/li>\n<li>Przystanek 9 &#8211; Sheep Centre<\/li>\n<li>Przystanek 10 &#8211; East Dean Market<\/li>\n<li>Przystanek 11 &#8211; Warren Hill Car Park<\/li>\n<li>Przystanek 12 &#8211; St Bedes<\/li>\n<li>Przystanek 13 &#8211; Grand Hotel<\/li>\n<li>Przystanek 14 &#8211; Bandstand<\/li>\n<li>Przystanek 15 &#8211; Eastbourne Pier<\/li>\n<li>Przystanek 16 &#8211; Langham (Cambridge Road)<\/li>\n<li>Przystanek 17 &#8211; Fishermans (Beach Road)<\/li>\n<li>Przystanek 18 &#8211; Princes Park<\/li>\n<li>Przystanek 19 &#8211; Fort Fun<\/li>\n<li>Przystanek 20 &#8211; Fishermans (Beach Road)<\/li>\n<li>Przystanek 21 &#8211; Langham (Cambridge Road)<\/li>\n<li>Przystanek 22 &#8211; Fusciardis<\/li>\n<\/ul>\n<\/div>\n<div class=\"collapse tour-info\">\n<h2 class=\"title\">Jak rezerwowa\u0107 wycieczk\u0119 i korzysta\u0107 z bilet\u00f3w<\/h2>\n<p>1-Zarezerwuj wycieczk\u0119 z Terravision<br \/>\n2-Wydrukuj voucher<br \/>\n3-Wymie\u0144 voucher w autobusie City Sightseeing w Eastbourne<br \/>\n4-Ciesz si\u0119 Twoj\u0105 wycieczk\u0105! <\/p>\n<p><strong>NB. Tw\u00f3j voucher jest wa\u017cny przez 3 miesi\u0105ce od daty zakupu. <\/strong>\n<\/div>\n<div class=\"collapse tour-info\">\n<h2 class=\"title\">Informacje kontaktowe<\/h2>\n<p>We wsp\u00f3\u0142pracy z City Sightseeing<br \/>\nTel: +44 (0)7808 713957<br \/>\nEmail: info@city-sightseeing.com<\/p>\n<p><strong>Informacje kontaktowe Terravision<\/strong><br \/>\nPoniedzia\u0142ek \u2013 Sobota:  9:00 do 18:00<br \/>\nTelefon  +39 06.97.61.06.32<br \/>\nW celu uzyskania dodatkowych informacji do\u0142\u0105cz do nas na <a href=\"http:\/\/www.facebook.com\/terravision.eu\" title=\"Terravision on Facebook\" target=\"_blank\">Facebook<\/a>, <a href=\"http:\/\/www.twitter.com\/terravision.eu\" title=\"Terravision on Twitter\" target=\"_blank\">Twitter<\/a>, <a href=\"https:\/\/www.google.com\/+terravision\" title=\"Terravision on Google+\" target=\"_blank\">Google+<\/a> lub <a href=\"http:\/\/pinterest.com\/terravisiongp\/\" title=\"Terravision on Pinterest\" target=\"_blank\">Pinterest<\/a>!<\/div>\n","protected":false},"excerpt":{"rendered":"<p>7.50\u00a3 Zarezerwuj wycieczk\u0119 po Eastbourne i odkryj niewielkie miasto uchodz\u0105ce za jedn\u0105 z najelegantszych kurort\u00f3w morskich w Wielkiej Brytanii! Wsi\u0105d\u017a na pok\u0142ad pi\u0119trowego autobusu City Sightseeing i przemierz miasto w poszukiwaniu jego najwa\u017cniejszych atrakcji ukrytych w\u015br\u00f3d pere\u0142ek wiktori\u0144skiej architektury: zobacz b\u0142\u0119kitn\u0105 kopu\u0142\u0119 The Grand Parade Bandstand, wie\u017c\u0119 \u017cycze\u0144 The Wish Tower, nowoczesny teatr The Congress [&hellip;]<\/p>\n","protected":false},"author":1,"featured_media":0,"parent":10597,"menu_order":0,"comment_status":"open","ping_status":"open","template":"page-citytour.php","meta":{"footnotes":""},"class_list":["post-12728","page","type-page","status-publish","hentry"],"yoast_head":"<!-- This site is optimized with the Yoast SEO Premium plugin v24.4 (Yoast SEO v24.4) - https:\/\/yoast.com\/wordpress\/plugins\/seo\/ -->\n<title>Wycieczka po Eastbourne | Terravision<\/title>\n<meta name=\"description\" content=\"Wycieczka po Eastbourne - autobusy City Sightseeing: bilet wa\u017cny 24h, audioprzewodnik, 22 przystank\u00f3w w pobli\u017cu najwi\u0119kszych atrakcji Eastbourne.\" \/>\n<meta name=\"robots\" content=\"index, follow, max-snippet:-1, max-image-preview:large, max-video-preview:-1\" \/>\n<link rel=\"canonical\" href=\"https:\/\/www.terravision.eu\/pl\/city-tours-europe\/wycieczka-po-eastbourne.html\" \/>\n<meta property=\"og:locale\" content=\"pl_PL\" \/>\n<meta property=\"og:type\" content=\"article\" \/>\n<meta property=\"og:title\" content=\"Wycieczka po Eastbourne\" \/>\n<meta property=\"og:description\" content=\"Wycieczka po Eastbourne - autobusy City Sightseeing: bilet wa\u017cny 24h, audioprzewodnik, 22 przystank\u00f3w w pobli\u017cu najwi\u0119kszych atrakcji Eastbourne.\" \/>\n<meta property=\"og:url\" content=\"https:\/\/www.terravision.eu\/pl\/city-tours-europe\/wycieczka-po-eastbourne.html\" \/>\n<meta property=\"og:site_name\" content=\"Terravision Polska\" \/>\n<meta property=\"og:image\" content=\"https:\/\/www.terravision.eu\/files\/2013\/09\/city_sightseeing_logo.png\" \/>\n<meta name=\"twitter:label1\" content=\"Est. reading time\" \/>\n\t<meta name=\"twitter:data1\" content=\"2 minutes\" \/>\n<script type=\"application\/ld+json\" class=\"yoast-schema-graph\">{\"@context\":\"https:\/\/schema.org\",\"@graph\":[{\"@type\":\"WebPage\",\"@id\":\"https:\/\/www.terravision.eu\/pl\/city-tours-europe\/wycieczka-po-eastbourne.html\",\"url\":\"https:\/\/www.terravision.eu\/pl\/city-tours-europe\/wycieczka-po-eastbourne.html\",\"name\":\"Wycieczka po Eastbourne | Terravision\",\"isPartOf\":{\"@id\":\"https:\/\/www.terravision.eu\/pl\/#website\"},\"primaryImageOfPage\":{\"@id\":\"https:\/\/www.terravision.eu\/pl\/city-tours-europe\/wycieczka-po-eastbourne.html#primaryimage\"},\"image\":{\"@id\":\"https:\/\/www.terravision.eu\/pl\/city-tours-europe\/wycieczka-po-eastbourne.html#primaryimage\"},\"thumbnailUrl\":\"https:\/\/www.terravision.eu\/files\/2013\/09\/city_sightseeing_logo.png\",\"datePublished\":\"2014-03-24T12:07:35+00:00\",\"description\":\"Wycieczka po Eastbourne - autobusy City Sightseeing: bilet wa\u017cny 24h, audioprzewodnik, 22 przystank\u00f3w w pobli\u017cu najwi\u0119kszych atrakcji Eastbourne.\",\"breadcrumb\":{\"@id\":\"https:\/\/www.terravision.eu\/pl\/city-tours-europe\/wycieczka-po-eastbourne.html#breadcrumb\"},\"inLanguage\":\"pl-PL\",\"potentialAction\":[{\"@type\":\"ReadAction\",\"target\":[\"https:\/\/www.terravision.eu\/pl\/city-tours-europe\/wycieczka-po-eastbourne.html\"]}]},{\"@type\":\"ImageObject\",\"inLanguage\":\"pl-PL\",\"@id\":\"https:\/\/www.terravision.eu\/pl\/city-tours-europe\/wycieczka-po-eastbourne.html#primaryimage\",\"url\":\"https:\/\/www.terravision.eu\/files\/2013\/09\/city_sightseeing_logo.png\",\"contentUrl\":\"https:\/\/www.terravision.eu\/files\/2013\/09\/city_sightseeing_logo.png\"},{\"@type\":\"BreadcrumbList\",\"@id\":\"https:\/\/www.terravision.eu\/pl\/city-tours-europe\/wycieczka-po-eastbourne.html#breadcrumb\",\"itemListElement\":[{\"@type\":\"ListItem\",\"position\":1,\"name\":\"Home\",\"item\":\"https:\/\/www.terravision.eu\/pl\/\"},{\"@type\":\"ListItem\",\"position\":2,\"name\":\"Wycieczki w Europie\",\"item\":\"https:\/\/www.terravision.eu\/pl\/city-tours-europe.html\"},{\"@type\":\"ListItem\",\"position\":3,\"name\":\"Wycieczka po Eastbourne\"}]},{\"@type\":\"WebSite\",\"@id\":\"https:\/\/www.terravision.eu\/pl\/#website\",\"url\":\"https:\/\/www.terravision.eu\/pl\/\",\"name\":\"Terravision Polska\",\"description\":\"Tanie po\u0142\u0105czenia z\/do g\u0142\u00f3wnych lotnisk w Europie\",\"potentialAction\":[{\"@type\":\"SearchAction\",\"target\":{\"@type\":\"EntryPoint\",\"urlTemplate\":\"https:\/\/www.terravision.eu\/pl\/?s={search_term_string}\"},\"query-input\":{\"@type\":\"PropertyValueSpecification\",\"valueRequired\":true,\"valueName\":\"search_term_string\"}}],\"inLanguage\":\"pl-PL\"}]}<\/script>\n<!-- \/ Yoast SEO Premium plugin. -->","yoast_head_json":{"title":"Wycieczka po Eastbourne | Terravision","description":"Wycieczka po Eastbourne - autobusy City Sightseeing: bilet wa\u017cny 24h, audioprzewodnik, 22 przystank\u00f3w w pobli\u017cu najwi\u0119kszych atrakcji Eastbourne.","robots":{"index":"index","follow":"follow","max-snippet":"max-snippet:-1","max-image-preview":"max-image-preview:large","max-video-preview":"max-video-preview:-1"},"canonical":"https:\/\/www.terravision.eu\/pl\/city-tours-europe\/wycieczka-po-eastbourne.html","og_locale":"pl_PL","og_type":"article","og_title":"Wycieczka po Eastbourne","og_description":"Wycieczka po Eastbourne - autobusy City Sightseeing: bilet wa\u017cny 24h, audioprzewodnik, 22 przystank\u00f3w w pobli\u017cu najwi\u0119kszych atrakcji Eastbourne.","og_url":"https:\/\/www.terravision.eu\/pl\/city-tours-europe\/wycieczka-po-eastbourne.html","og_site_name":"Terravision Polska","og_image":[{"url":"https:\/\/www.terravision.eu\/files\/2013\/09\/city_sightseeing_logo.png","type":"","width":"","height":""}],"twitter_misc":{"Est. reading time":"2 minutes"},"schema":{"@context":"https:\/\/schema.org","@graph":[{"@type":"WebPage","@id":"https:\/\/www.terravision.eu\/pl\/city-tours-europe\/wycieczka-po-eastbourne.html","url":"https:\/\/www.terravision.eu\/pl\/city-tours-europe\/wycieczka-po-eastbourne.html","name":"Wycieczka po Eastbourne | Terravision","isPartOf":{"@id":"https:\/\/www.terravision.eu\/pl\/#website"},"primaryImageOfPage":{"@id":"https:\/\/www.terravision.eu\/pl\/city-tours-europe\/wycieczka-po-eastbourne.html#primaryimage"},"image":{"@id":"https:\/\/www.terravision.eu\/pl\/city-tours-europe\/wycieczka-po-eastbourne.html#primaryimage"},"thumbnailUrl":"https:\/\/www.terravision.eu\/files\/2013\/09\/city_sightseeing_logo.png","datePublished":"2014-03-24T12:07:35+00:00","description":"Wycieczka po Eastbourne - autobusy City Sightseeing: bilet wa\u017cny 24h, audioprzewodnik, 22 przystank\u00f3w w pobli\u017cu najwi\u0119kszych atrakcji Eastbourne.","breadcrumb":{"@id":"https:\/\/www.terravision.eu\/pl\/city-tours-europe\/wycieczka-po-eastbourne.html#breadcrumb"},"inLanguage":"pl-PL","potentialAction":[{"@type":"ReadAction","target":["https:\/\/www.terravision.eu\/pl\/city-tours-europe\/wycieczka-po-eastbourne.html"]}]},{"@type":"ImageObject","inLanguage":"pl-PL","@id":"https:\/\/www.terravision.eu\/pl\/city-tours-europe\/wycieczka-po-eastbourne.html#primaryimage","url":"https:\/\/www.terravision.eu\/files\/2013\/09\/city_sightseeing_logo.png","contentUrl":"https:\/\/www.terravision.eu\/files\/2013\/09\/city_sightseeing_logo.png"},{"@type":"BreadcrumbList","@id":"https:\/\/www.terravision.eu\/pl\/city-tours-europe\/wycieczka-po-eastbourne.html#breadcrumb","itemListElement":[{"@type":"ListItem","position":1,"name":"Home","item":"https:\/\/www.terravision.eu\/pl\/"},{"@type":"ListItem","position":2,"name":"Wycieczki w Europie","item":"https:\/\/www.terravision.eu\/pl\/city-tours-europe.html"},{"@type":"ListItem","position":3,"name":"Wycieczka po Eastbourne"}]},{"@type":"WebSite","@id":"https:\/\/www.terravision.eu\/pl\/#website","url":"https:\/\/www.terravision.eu\/pl\/","name":"Terravision Polska","description":"Tanie po\u0142\u0105czenia z\/do g\u0142\u00f3wnych lotnisk w Europie","potentialAction":[{"@type":"SearchAction","target":{"@type":"EntryPoint","urlTemplate":"https:\/\/www.terravision.eu\/pl\/?s={search_term_string}"},"query-input":{"@type":"PropertyValueSpecification","valueRequired":true,"valueName":"search_term_string"}}],"inLanguage":"pl-PL"}]}},"_links":{"self":[{"href":"https:\/\/www.terravision.eu\/pl\/wp-json\/wp\/v2\/pages\/12728","targetHints":{"allow":["GET"]}}],"collection":[{"href":"https:\/\/www.terravision.eu\/pl\/wp-json\/wp\/v2\/pages"}],"about":[{"href":"https:\/\/www.terravision.eu\/pl\/wp-json\/wp\/v2\/types\/page"}],"author":[{"embeddable":true,"href":"https:\/\/www.terravision.eu\/pl\/wp-json\/wp\/v2\/users\/1"}],"replies":[{"embeddable":true,"href":"https:\/\/www.terravision.eu\/pl\/wp-json\/wp\/v2\/comments?post=12728"}],"version-history":[{"count":0,"href":"https:\/\/www.terravision.eu\/pl\/wp-json\/wp\/v2\/pages\/12728\/revisions"}],"up":[{"embeddable":true,"href":"https:\/\/www.terravision.eu\/pl\/wp-json\/wp\/v2\/pages\/10597"}],"wp:attachment":[{"href":"https:\/\/www.terravision.eu\/pl\/wp-json\/wp\/v2\/media?parent=12728"}],"curies":[{"name":"wp","href":"https:\/\/api.w.org\/{rel}","templated":true}]}}