{"id":14557,"date":"2015-05-12T12:45:59","date_gmt":"2015-05-12T12:45:59","guid":{"rendered":"https:\/\/www.terravision.eu\/pl\/?page_id=14557"},"modified":"2025-04-28T13:23:36","modified_gmt":"2025-04-28T13:23:36","slug":"imprint-grupa-terravision","status":"publish","type":"page","link":"https:\/\/www.terravision.eu\/pl\/imprint-grupa-terravision.html","title":{"rendered":"Imprint | Terravision"},"content":{"rendered":"<div class=\"bg-light p-trv-1\">\n<div class=\"container\">\n<div class=\"row\" style=\"height: 100%;\">\n<div class=\"col align-self-center pr-0 pl-m-0\">\n<div class=\"overflow-hidden\">\n<div class=\"separator-trv-n z-index-1 p-relative mb-10\"><\/div>\n<div class=\"d-flex\" style=\"gap: 23px; margin-bottom: 30px;\">\n<h3 class=\"h3-Barlow-36pt-3\" style=\"margin-bottom: 0;\">Contatti<\/h3>\n<\/div>\n<\/div>\n<\/div>\n<\/div>\n<div class=\"row gap-30 grid-2-1\">\n<div class=\"p-0 border-radius double-card p-relative\">\n<div class=\"row\" style=\"height: 100%;\">\n<div class=\"col align-self-center pl-30 pr-0 pl-m-0\">\n<div class=\"overflow-hidden\">\n<h4 class=\"h5-Barlow-22pt-5\">Sede di Londra<\/h4>\n<p class=\"text-standard\">Terravision London Finance Ltd.<br \/>\nVAT No. 979691145<br \/>\n260-270 Butterfield, Great Marlings, Luton LU2 8DL<\/p>\n<\/div>\n<\/div>\n<\/div>\n<\/div>\n<div class=\"p-0 border-radius double-card p-relative\">\n<div class=\"row\" style=\"height: 100%;\">\n<div class=\"col align-self-center pl-30 pr-0 pl-m-0\">\n<div class=\"overflow-hidden\">\n<h4 class=\"h5-Barlow-22pt-5\">Sede di Roma<\/h4>\n<p class=\"text-standard\">Terravision London Finance Ltd.<br \/>\nVia Archimede, 164 &#8211; 00197 Rome (Italy)<br \/>\nE-mail: terravision@terravision.eu<\/p>\n<\/div>\n<\/div>\n<\/div>\n<\/div>\n<\/div>\n<div class=\"overflow-hidden mt-30\">\n<p class=\"text-standard\"><strong>N. Iscrizione<\/strong> Registro Imprese 06894239 | <strong>Partita IVA<\/strong> N. GB979691145<\/p>\n<\/div>\n<\/div>\n<\/div>\n<div class=\"bg-tertiary p-trv-1\">\n<div class=\"container\">\n<div class=\"row pb-60\" style=\"height: 100%;\">\n<div class=\"col align-self-center pr-0 pl-m-0\">\n<div class=\"overflow-hidden\">\n<div class=\"separator-trv-n z-index-1 p-relative mb-10\"><\/div>\n<div class=\"d-flex\" style=\"gap: 23px; margin-bottom: 30px;\">\n<h3 class=\"h3-Barlow-36pt-3\" style=\"margin-bottom: 0;\">Avviso legale<\/h3>\n<\/div>\n<p class=\"text-standard\">Terravision London Finance verifica ed aggiorna con regolarit\u00e0 le informazioni pubblicate su questo sito.<br \/>\nNonostante ci\u00f2, \u00e8 possibile che alcune informazioni subiscano delle modifiche. Terravision London Finance non assume alcuna responsabilit\u00e0 in merito a ci\u00f2 n\u00e9 garantisce che i contenuti siano sempre corretti, attuali e\/o completi.<br \/>\nLo stesso principio vale per tutti gli altri siti a cui www.terravision.eu \u00e8 collegato per mezzo di web links. Terravision London Finance non \u00e8 responsabile per il contenuto dei siti che contengono links provenienti da www.terravision.eu. Alcune informazioni ed offerte vengono fornite dai nostri partners in maniera del tutto indipendente. I Termini e le Condizioni dei nostri partners si applicano esclusivamente ai loro servizi e alle loro offerte e l\u2019 esistenza di link provenienti da www.terravision.eu e diretti verso siti esterni non implica una responsabilit\u00e0 di Terravision London Finance n\u00e9 fornisce una garanzia sulla veridicit\u00e0 dei contenuti.<br \/>\nTerravision London Finance non \u00e8 responsabile per tali contenuti. I suddetti partners non sono agenti di Terravision London Finance.<br \/>\nInoltre, Terravision London Finance si riserva il diritto di apportare modifiche o correzioni alle informazioni pubblicate.<br \/>\nIl contenuto ed il layout del sito di Terravision London Finance sono soggetti a copyright. Per qualsiasi riproduzione di informazioni e dati, in particolare per l\u2019utilizzo di testi, di parti dei testi o immagini \u00e8 richiesto il previo consenso scritto da parte di Terravision London Finance.<\/p>\n<\/div>\n<\/div>\n<\/div>\n<\/div>\n<\/div>\n","protected":false},"excerpt":{"rendered":"<p>Contatti Sede di Londra Terravision London Finance Ltd. VAT No. 979691145 260-270 Butterfield, Great Marlings, Luton LU2 8DL Sede di Roma Terravision London Finance Ltd. Via Archimede, 164 &#8211; 00197 Rome (Italy) E-mail: terravision@terravision.eu N. Iscrizione Registro Imprese 06894239 | Partita IVA N. GB979691145 Avviso legale Terravision London Finance verifica ed aggiorna con regolarit\u00e0 le [&hellip;]<\/p>\n","protected":false},"author":1,"featured_media":0,"parent":0,"menu_order":0,"comment_status":"closed","ping_status":"closed","template":"page-about.php","meta":{"footnotes":""},"class_list":["post-14557","page","type-page","status-publish","hentry"],"yoast_head":"<!-- This site is optimized with the Yoast SEO Premium plugin v24.4 (Yoast SEO v24.4) - https:\/\/yoast.com\/wordpress\/plugins\/seo\/ -->\n<title>Imprint | Terravision | Terravision Polska<\/title>\n<meta name=\"robots\" content=\"index, follow, max-snippet:-1, max-image-preview:large, max-video-preview:-1\" \/>\n<link rel=\"canonical\" href=\"https:\/\/www.terravision.eu\/pl\/imprint-grupa-terravision.html\" \/>\n<meta property=\"og:locale\" content=\"pl_PL\" \/>\n<meta property=\"og:type\" content=\"article\" \/>\n<meta property=\"og:title\" content=\"Imprint | Terravision\" \/>\n<meta property=\"og:description\" content=\"Contatti Sede di Londra Terravision London Finance Ltd. VAT No. 979691145 260-270 Butterfield, Great Marlings, Luton LU2 8DL Sede di Roma Terravision London Finance Ltd. Via Archimede, 164 &#8211; 00197 Rome (Italy) E-mail: terravision@terravision.eu N. Iscrizione Registro Imprese 06894239 | Partita IVA N. GB979691145 Avviso legale Terravision London Finance verifica ed aggiorna con regolarit\u00e0 le [&hellip;]\" \/>\n<meta property=\"og:url\" content=\"https:\/\/www.terravision.eu\/pl\/imprint-grupa-terravision.html\" \/>\n<meta property=\"og:site_name\" content=\"Terravision Polska\" \/>\n<meta property=\"article:modified_time\" content=\"2025-04-28T13:23:36+00:00\" \/>\n<meta name=\"twitter:label1\" content=\"Est. reading time\" \/>\n\t<meta name=\"twitter:data1\" content=\"2 minutes\" \/>\n<script type=\"application\/ld+json\" class=\"yoast-schema-graph\">{\"@context\":\"https:\/\/schema.org\",\"@graph\":[{\"@type\":\"WebPage\",\"@id\":\"https:\/\/www.terravision.eu\/pl\/imprint-grupa-terravision.html\",\"url\":\"https:\/\/www.terravision.eu\/pl\/imprint-grupa-terravision.html\",\"name\":\"Imprint | Terravision | Terravision Polska\",\"isPartOf\":{\"@id\":\"https:\/\/www.terravision.eu\/pl\/#website\"},\"datePublished\":\"2015-05-12T12:45:59+00:00\",\"dateModified\":\"2025-04-28T13:23:36+00:00\",\"breadcrumb\":{\"@id\":\"https:\/\/www.terravision.eu\/pl\/imprint-grupa-terravision.html#breadcrumb\"},\"inLanguage\":\"pl-PL\",\"potentialAction\":[{\"@type\":\"ReadAction\",\"target\":[\"https:\/\/www.terravision.eu\/pl\/imprint-grupa-terravision.html\"]}]},{\"@type\":\"BreadcrumbList\",\"@id\":\"https:\/\/www.terravision.eu\/pl\/imprint-grupa-terravision.html#breadcrumb\",\"itemListElement\":[{\"@type\":\"ListItem\",\"position\":1,\"name\":\"Home\",\"item\":\"https:\/\/www.terravision.eu\/pl\/\"},{\"@type\":\"ListItem\",\"position\":2,\"name\":\"Imprint | Terravision\"}]},{\"@type\":\"WebSite\",\"@id\":\"https:\/\/www.terravision.eu\/pl\/#website\",\"url\":\"https:\/\/www.terravision.eu\/pl\/\",\"name\":\"Terravision Polska\",\"description\":\"Tanie po\u0142\u0105czenia z\/do g\u0142\u00f3wnych lotnisk w Europie\",\"potentialAction\":[{\"@type\":\"SearchAction\",\"target\":{\"@type\":\"EntryPoint\",\"urlTemplate\":\"https:\/\/www.terravision.eu\/pl\/?s={search_term_string}\"},\"query-input\":{\"@type\":\"PropertyValueSpecification\",\"valueRequired\":true,\"valueName\":\"search_term_string\"}}],\"inLanguage\":\"pl-PL\"}]}<\/script>\n<!-- \/ Yoast SEO Premium plugin. -->","yoast_head_json":{"title":"Imprint | Terravision | Terravision Polska","robots":{"index":"index","follow":"follow","max-snippet":"max-snippet:-1","max-image-preview":"max-image-preview:large","max-video-preview":"max-video-preview:-1"},"canonical":"https:\/\/www.terravision.eu\/pl\/imprint-grupa-terravision.html","og_locale":"pl_PL","og_type":"article","og_title":"Imprint | Terravision","og_description":"Contatti Sede di Londra Terravision London Finance Ltd. VAT No. 979691145 260-270 Butterfield, Great Marlings, Luton LU2 8DL Sede di Roma Terravision London Finance Ltd. Via Archimede, 164 &#8211; 00197 Rome (Italy) E-mail: terravision@terravision.eu N. Iscrizione Registro Imprese 06894239 | Partita IVA N. GB979691145 Avviso legale Terravision London Finance verifica ed aggiorna con regolarit\u00e0 le [&hellip;]","og_url":"https:\/\/www.terravision.eu\/pl\/imprint-grupa-terravision.html","og_site_name":"Terravision Polska","article_modified_time":"2025-04-28T13:23:36+00:00","twitter_misc":{"Est. reading time":"2 minutes"},"schema":{"@context":"https:\/\/schema.org","@graph":[{"@type":"WebPage","@id":"https:\/\/www.terravision.eu\/pl\/imprint-grupa-terravision.html","url":"https:\/\/www.terravision.eu\/pl\/imprint-grupa-terravision.html","name":"Imprint | Terravision | Terravision Polska","isPartOf":{"@id":"https:\/\/www.terravision.eu\/pl\/#website"},"datePublished":"2015-05-12T12:45:59+00:00","dateModified":"2025-04-28T13:23:36+00:00","breadcrumb":{"@id":"https:\/\/www.terravision.eu\/pl\/imprint-grupa-terravision.html#breadcrumb"},"inLanguage":"pl-PL","potentialAction":[{"@type":"ReadAction","target":["https:\/\/www.terravision.eu\/pl\/imprint-grupa-terravision.html"]}]},{"@type":"BreadcrumbList","@id":"https:\/\/www.terravision.eu\/pl\/imprint-grupa-terravision.html#breadcrumb","itemListElement":[{"@type":"ListItem","position":1,"name":"Home","item":"https:\/\/www.terravision.eu\/pl\/"},{"@type":"ListItem","position":2,"name":"Imprint | Terravision"}]},{"@type":"WebSite","@id":"https:\/\/www.terravision.eu\/pl\/#website","url":"https:\/\/www.terravision.eu\/pl\/","name":"Terravision Polska","description":"Tanie po\u0142\u0105czenia z\/do g\u0142\u00f3wnych lotnisk w Europie","potentialAction":[{"@type":"SearchAction","target":{"@type":"EntryPoint","urlTemplate":"https:\/\/www.terravision.eu\/pl\/?s={search_term_string}"},"query-input":{"@type":"PropertyValueSpecification","valueRequired":true,"valueName":"search_term_string"}}],"inLanguage":"pl-PL"}]}},"_links":{"self":[{"href":"https:\/\/www.terravision.eu\/pl\/wp-json\/wp\/v2\/pages\/14557","targetHints":{"allow":["GET"]}}],"collection":[{"href":"https:\/\/www.terravision.eu\/pl\/wp-json\/wp\/v2\/pages"}],"about":[{"href":"https:\/\/www.terravision.eu\/pl\/wp-json\/wp\/v2\/types\/page"}],"author":[{"embeddable":true,"href":"https:\/\/www.terravision.eu\/pl\/wp-json\/wp\/v2\/users\/1"}],"replies":[{"embeddable":true,"href":"https:\/\/www.terravision.eu\/pl\/wp-json\/wp\/v2\/comments?post=14557"}],"version-history":[{"count":16,"href":"https:\/\/www.terravision.eu\/pl\/wp-json\/wp\/v2\/pages\/14557\/revisions"}],"predecessor-version":[{"id":20472,"href":"https:\/\/www.terravision.eu\/pl\/wp-json\/wp\/v2\/pages\/14557\/revisions\/20472"}],"wp:attachment":[{"href":"https:\/\/www.terravision.eu\/pl\/wp-json\/wp\/v2\/media?parent=14557"}],"curies":[{"name":"wp","href":"https:\/\/api.w.org\/{rel}","templated":true}]}}