{"id":148,"date":"2012-07-16T08:43:02","date_gmt":"2012-07-16T08:43:02","guid":{"rendered":"https:\/\/www.terravision.eu\/?page_id=1828"},"modified":"2018-10-15T10:52:44","modified_gmt":"2018-10-15T10:52:44","slug":"travel_rome","status":"publish","type":"page","link":"https:\/\/www.terravision.eu\/pl\/travel_rome.html","title":{"rendered":"Podr\u00f3\u017c do Rzymu"},"content":{"rendered":"<p><em>Miniprzewodnik po Rzymie<\/em><\/p>\n<p>Rzym jest miastem jedynym w swoim rodzaju, niezwyk\u0142ym muzeum pod go\u0142ym niebem, w kt\u00f3rym zgromadzone zosta\u0142y \u015bwiadectwa przesz\u0142ych epok od antyku, przez renesans i barok a\u017c po czasy wsp\u00f3\u0142czesne. <\/p>\n<p><strong>Planujesz podr\u00f3\u017c do Rzymu?<\/strong><br \/>\nWspaniale! Mamy dla Ciebie <strong>kilka propozycji na Tw\u00f3j pobyt w Wiecznym Mie\u015bcie<\/strong>!<\/p>\n<p>Koloseum. Forum Romanum i Wzg\u00f3rze Palaty\u0144skie. Zamek \u015aw. Anio\u0142a. Kaplica Syksty\u0144ska i Muzea Watyka\u0144skie. Galeria Borghese. Piazza Navona. Panteon. Muzeum Kapitoli\u0144skie. Fontanna di Trevi. Trastevere&#8230; <\/p>\n<p>To tylko nieliczne w obowi\u0105zkowych punkt\u00f3w na mapie Rzymu. Nie masz poj\u0119cia od czego zacz\u0105\u0107? Oto kilka wskaz\u00f3wek!<br \/>\nZwiedzanie mo\u017cesz zacz\u0105\u0107, a jak\u017ce, od s\u0142ynnego <strong>Koloseum<\/strong> (i okolic: Forum Romanum, Muzea na Kapitolu, O\u0142tarz Ojczyzny). Nast\u0119pnego dnia mo\u017ceszy wybra\u0107 si\u0119 do <strong>Muze\u00f3w Watyka\u0144skich<\/strong> oraz na spacer po magicznych <strong>Ogrodach Watyka\u0144akich<\/strong>. Na zako\u0144czenie zrelaksuj si\u0119 and brzegiem Tybru, a je\u015bli zostanie Ci troch\u0119 czasu udaj si\u0119 do po\u0142o\u017conego nieopodal <strong>Zamku \u015aw. Anio\u0142a<\/strong>, z kt\u00f3rego tarasu rozci\u0105ga si\u0119 bajeczny widok na Wieczne Miasto. <\/p>\n<p><center><span style=\"font-size:16px\"><FONT COLOR=\"#EC008C\"><strong>Tutaj mo\u017cesz zarezerwowa\u0107 bilety do najciekawszych atrakcji i omin\u0105\u0107 kolejki do wst\u0119pu!<\/strong><\/strong><\/FONT><\/center><\/p>\n<div data-tiqets-widget=\"discovery\" data-product-ids=\"973760,974488,974329\" data-language=\"en\" data-currency=\"EUR\" data-partner=\"terravision\" data-cards-layout=\"horizontal\"><\/div>\n<p><script defer src=\"https:\/\/widgets.tiqets.com\/loader.js\"><\/script><\/p>\n<p>Tw\u00f3j czas na zwiedzanie jest ograniczony? Oto rozwi\u0105zanie, dzieki kt\u00f3remu zaoszcz\u0119dzisz mn\u00f3stwo czasu i b\u0119dziesz mie\u0107 okazj\u0119 zobaczy\u0107 (prawie) wszystkie najciekawsze atrakcje: <strong>All access Pass<\/strong>!<br \/>\nTen specjalny bilet umozliwi Ci <strong>wst\u0119p bez kolejki<\/strong> do: Muze\u00f3w Watyka\u0144skich, Kaplicy Syksty\u0144skiej, Bazyliki \u015aw. Piotra. Z biletem zwiedzisz r\u00f3wnie\u017c: Koloseum, Forum Romanum oraz Palatyn. Jeszce jedna dobra informacja: nie musisz drukowa\u0107 biletu, wystarczy pokaza\u0107 go na Twoim smartfonie lub tablecie!<\/p>\n<p><a href=\"https:\/\/www.tiqets.com\/en\/rome-c71631\/best-of-rome-all-access-pass-p975066?partner=terravision\"><strong>Zarezerwuj Tw\u00f3j All Access Pass i omi\u0144 d\u0142ugie kolejki do zwiedzanych obiekt\u00f3w!<\/strong><\/a><\/p>\n<p><center><\/p>\n<div data-tiqets-widget=\"availability\" data-product-id=\"975066\" data-product-ids=\"\" data-language=\"en\" data-currency=\"EUR\" data-partner=\"terravision\" data-cards-layout=\"horizontal\"><\/div>\n<p><script defer src=\"https:\/\/widgets.tiqets.com\/loader.js\"><\/script><\/center><\/p>\n<p>W Rzymie nie brakuje okazji na sp\u0119dzenie niezapomnianego wieczoru! Co powiesz na podziwianie magicznych widok\u00f3w Wiecznego Miasta o zachodzie s\u0142o\u0144ca  w akompaniamencie lampki dobrego wina i muzyki na \u017cywo? Wybierz si\u0119 na rejs po Tybrze \u0142odzi\u0105 wycieczkow\u0105! Na pok\u0142adzie muzyka, dobre wino oraz wyb\u00f3r typowych w\u0142oskich przystawek i ser\u00f3w. <\/p>\n<p><a href=\"https:\/\/www.terravision.eu\/pl\/city_tour\/wine-bar-night\/\"><strong>Zarezerwuj niezapomniany rejs po Tybrze!<\/strong><\/a><\/p>\n","protected":false},"excerpt":{"rendered":"<p>Miniprzewodnik po Rzymie Rzym jest miastem jedynym w swoim rodzaju, niezwyk\u0142ym muzeum pod go\u0142ym niebem, w kt\u00f3rym zgromadzone zosta\u0142y \u015bwiadectwa przesz\u0142ych epok od antyku, przez renesans i barok a\u017c po czasy wsp\u00f3\u0142czesne. Planujesz podr\u00f3\u017c do Rzymu? Wspaniale! Mamy dla Ciebie kilka propozycji na Tw\u00f3j pobyt w Wiecznym Mie\u015bcie! Koloseum. Forum Romanum i Wzg\u00f3rze Palaty\u0144skie. Zamek [&hellip;]<\/p>\n","protected":false},"author":1,"featured_media":0,"parent":0,"menu_order":0,"comment_status":"open","ping_status":"open","template":"","meta":{"footnotes":""},"class_list":["post-148","page","type-page","status-publish","hentry"],"yoast_head":"<!-- This site is optimized with the Yoast SEO Premium plugin v24.4 (Yoast SEO v24.4) - https:\/\/yoast.com\/wordpress\/plugins\/seo\/ -->\n<title>Podr\u00f3\u017c do Rzymu | Terravision<\/title>\n<meta name=\"description\" content=\"Podr\u00f3\u017c do Rzymu - przydatne informacje dotycz\u0105ce podr\u00f3\u017cy do Rzymu: muzea, najwi\u0119ksze atrakcje Rzymu, wycieczki\" \/>\n<meta name=\"robots\" content=\"index, follow, max-snippet:-1, max-image-preview:large, max-video-preview:-1\" \/>\n<link rel=\"canonical\" href=\"https:\/\/www.terravision.eu\/pl\/travel_rome.html\" \/>\n<meta property=\"og:locale\" content=\"pl_PL\" \/>\n<meta property=\"og:type\" content=\"article\" \/>\n<meta property=\"og:title\" content=\"Podr\u00f3\u017c do Rzymu\" \/>\n<meta property=\"og:description\" content=\"Podr\u00f3\u017c do Rzymu - przydatne informacje dotycz\u0105ce podr\u00f3\u017cy do Rzymu: muzea, najwi\u0119ksze atrakcje Rzymu, wycieczki\" \/>\n<meta property=\"og:url\" content=\"https:\/\/www.terravision.eu\/pl\/travel_rome.html\" \/>\n<meta property=\"og:site_name\" content=\"Terravision Polska\" \/>\n<meta property=\"article:modified_time\" content=\"2018-10-15T10:52:44+00:00\" \/>\n<meta name=\"twitter:label1\" content=\"Szacowany czas czytania\" \/>\n\t<meta name=\"twitter:data1\" content=\"2 minutes\" \/>\n<script type=\"application\/ld+json\" class=\"yoast-schema-graph\">{\"@context\":\"https:\/\/schema.org\",\"@graph\":[{\"@type\":\"WebPage\",\"@id\":\"https:\/\/www.terravision.eu\/pl\/travel_rome.html\",\"url\":\"https:\/\/www.terravision.eu\/pl\/travel_rome.html\",\"name\":\"Podr\u00f3\u017c do Rzymu | Terravision\",\"isPartOf\":{\"@id\":\"https:\/\/www.terravision.eu\/pl\/#website\"},\"datePublished\":\"2012-07-16T08:43:02+00:00\",\"dateModified\":\"2018-10-15T10:52:44+00:00\",\"description\":\"Podr\u00f3\u017c do Rzymu - przydatne informacje dotycz\u0105ce podr\u00f3\u017cy do Rzymu: muzea, najwi\u0119ksze atrakcje Rzymu, wycieczki\",\"breadcrumb\":{\"@id\":\"https:\/\/www.terravision.eu\/pl\/travel_rome.html#breadcrumb\"},\"inLanguage\":\"pl-PL\",\"potentialAction\":[{\"@type\":\"ReadAction\",\"target\":[\"https:\/\/www.terravision.eu\/pl\/travel_rome.html\"]}]},{\"@type\":\"BreadcrumbList\",\"@id\":\"https:\/\/www.terravision.eu\/pl\/travel_rome.html#breadcrumb\",\"itemListElement\":[{\"@type\":\"ListItem\",\"position\":1,\"name\":\"Home\",\"item\":\"https:\/\/www.terravision.eu\/pl\/\"},{\"@type\":\"ListItem\",\"position\":2,\"name\":\"Podr\u00f3\u017c do Rzymu\"}]},{\"@type\":\"WebSite\",\"@id\":\"https:\/\/www.terravision.eu\/pl\/#website\",\"url\":\"https:\/\/www.terravision.eu\/pl\/\",\"name\":\"Terravision Polska\",\"description\":\"Tanie po\u0142\u0105czenia z\/do g\u0142\u00f3wnych lotnisk w Europie\",\"potentialAction\":[{\"@type\":\"SearchAction\",\"target\":{\"@type\":\"EntryPoint\",\"urlTemplate\":\"https:\/\/www.terravision.eu\/pl\/?s={search_term_string}\"},\"query-input\":{\"@type\":\"PropertyValueSpecification\",\"valueRequired\":true,\"valueName\":\"search_term_string\"}}],\"inLanguage\":\"pl-PL\"}]}<\/script>\n<!-- \/ Yoast SEO Premium plugin. -->","yoast_head_json":{"title":"Podr\u00f3\u017c do Rzymu | Terravision","description":"Podr\u00f3\u017c do Rzymu - przydatne informacje dotycz\u0105ce podr\u00f3\u017cy do Rzymu: muzea, najwi\u0119ksze atrakcje Rzymu, wycieczki","robots":{"index":"index","follow":"follow","max-snippet":"max-snippet:-1","max-image-preview":"max-image-preview:large","max-video-preview":"max-video-preview:-1"},"canonical":"https:\/\/www.terravision.eu\/pl\/travel_rome.html","og_locale":"pl_PL","og_type":"article","og_title":"Podr\u00f3\u017c do Rzymu","og_description":"Podr\u00f3\u017c do Rzymu - przydatne informacje dotycz\u0105ce podr\u00f3\u017cy do Rzymu: muzea, najwi\u0119ksze atrakcje Rzymu, wycieczki","og_url":"https:\/\/www.terravision.eu\/pl\/travel_rome.html","og_site_name":"Terravision Polska","article_modified_time":"2018-10-15T10:52:44+00:00","twitter_misc":{"Szacowany czas czytania":"2 minutes"},"schema":{"@context":"https:\/\/schema.org","@graph":[{"@type":"WebPage","@id":"https:\/\/www.terravision.eu\/pl\/travel_rome.html","url":"https:\/\/www.terravision.eu\/pl\/travel_rome.html","name":"Podr\u00f3\u017c do Rzymu | Terravision","isPartOf":{"@id":"https:\/\/www.terravision.eu\/pl\/#website"},"datePublished":"2012-07-16T08:43:02+00:00","dateModified":"2018-10-15T10:52:44+00:00","description":"Podr\u00f3\u017c do Rzymu - przydatne informacje dotycz\u0105ce podr\u00f3\u017cy do Rzymu: muzea, najwi\u0119ksze atrakcje Rzymu, wycieczki","breadcrumb":{"@id":"https:\/\/www.terravision.eu\/pl\/travel_rome.html#breadcrumb"},"inLanguage":"pl-PL","potentialAction":[{"@type":"ReadAction","target":["https:\/\/www.terravision.eu\/pl\/travel_rome.html"]}]},{"@type":"BreadcrumbList","@id":"https:\/\/www.terravision.eu\/pl\/travel_rome.html#breadcrumb","itemListElement":[{"@type":"ListItem","position":1,"name":"Home","item":"https:\/\/www.terravision.eu\/pl\/"},{"@type":"ListItem","position":2,"name":"Podr\u00f3\u017c do Rzymu"}]},{"@type":"WebSite","@id":"https:\/\/www.terravision.eu\/pl\/#website","url":"https:\/\/www.terravision.eu\/pl\/","name":"Terravision Polska","description":"Tanie po\u0142\u0105czenia z\/do g\u0142\u00f3wnych lotnisk w Europie","potentialAction":[{"@type":"SearchAction","target":{"@type":"EntryPoint","urlTemplate":"https:\/\/www.terravision.eu\/pl\/?s={search_term_string}"},"query-input":{"@type":"PropertyValueSpecification","valueRequired":true,"valueName":"search_term_string"}}],"inLanguage":"pl-PL"}]}},"_links":{"self":[{"href":"https:\/\/www.terravision.eu\/pl\/wp-json\/wp\/v2\/pages\/148","targetHints":{"allow":["GET"]}}],"collection":[{"href":"https:\/\/www.terravision.eu\/pl\/wp-json\/wp\/v2\/pages"}],"about":[{"href":"https:\/\/www.terravision.eu\/pl\/wp-json\/wp\/v2\/types\/page"}],"author":[{"embeddable":true,"href":"https:\/\/www.terravision.eu\/pl\/wp-json\/wp\/v2\/users\/1"}],"replies":[{"embeddable":true,"href":"https:\/\/www.terravision.eu\/pl\/wp-json\/wp\/v2\/comments?post=148"}],"version-history":[{"count":6,"href":"https:\/\/www.terravision.eu\/pl\/wp-json\/wp\/v2\/pages\/148\/revisions"}],"predecessor-version":[{"id":15774,"href":"https:\/\/www.terravision.eu\/pl\/wp-json\/wp\/v2\/pages\/148\/revisions\/15774"}],"wp:attachment":[{"href":"https:\/\/www.terravision.eu\/pl\/wp-json\/wp\/v2\/media?parent=148"}],"curies":[{"name":"wp","href":"https:\/\/api.w.org\/{rel}","templated":true}]}}