{"id":15946,"date":"2019-01-31T13:25:31","date_gmt":"2019-01-31T13:25:31","guid":{"rendered":"https:\/\/www.terravision.eu\/pl\/?page_id=15946"},"modified":"2019-01-31T13:25:31","modified_gmt":"2019-01-31T13:25:31","slug":"transfer-grupowy","status":"publish","type":"page","link":"https:\/\/www.terravision.eu\/pl\/transfer-grupowy.html","title":{"rendered":"Transfer grupowy"},"content":{"rendered":"<p><strong>Twoja idealna podr\u00f3\u017c!<\/strong><\/p>\n<ol>\n<li><a href=\"#Transfer grupowy: jak zarezerwowa\u0107?\"><strong>Transfer grupowy: jak zarezerwowa\u0107?<\/strong><\/li>\n<li><a href=\"#Z jakim wyprzedzeniem nale\u017cy wys\u0142a\u0107 zapytanie?\"><strong>Z jakim wyprzedzeniem nale\u017cy wys\u0142a\u0107 zapytanie?<\/strong><\/li>\n<li><a href=\"#W jakich miastach mo\u017cliwe jest zorganizowanie transferu grupowego?\"><strong>W jakich miastach mo\u017cliwe jest zorganizowanie transferu grupowego?<\/strong><\/li>\n<li><a href=\"#Jaka jest minimalna\/maksymalna liczba pasa\u017cer\u00f3w niezb\u0119dna do zorganozowania transferu?<\/strong>Jaka jest minimalna\/maksymalna liczba pasa\u017cer\u00f3w niezb\u0119dna do zorganozowania transferu?<\/li>\n<li><a href=\"#Z kim mo\u017cna si\u0119 kontaktowa\u0107 w celu uzyskania informacji i\/lub pomocy? \"><strong>Z kim mo\u017cna si\u0119 kontaktowa\u0107 w celu uzyskania informacji i\/lub pomocy?<\/strong><\/li>\n<\/ol>\n<p>&ensp;<br \/>\n&ensp;<br \/>\n&ensp;<br \/>\n&ensp;<\/p>\n<ol>\n<li><a id=\"Transfer grupowy: jak zarezerwowa\u0107?\"><\/a><strong>Transfer grupowy: jak zarezerwowa\u0107?<\/strong><\/li>\n<p>Aby zarezerwowa\u0107 transfer dla grupy, nale\u017cy wys\u0142a\u0107 maila na adres groups@terravision.eu . W zapytaniu nalezy uwzgl\u0119dni\u0107 nast\u0119puj\u0105ce informacje:<br \/>\n\u2022  Imi\u0119 i nazwisko<br \/>\n\u2022. Telefon i adres email<br \/>\n\u2022  Liczba pasa\u017cer\u00f3w<br \/>\n\u2022  Transfer z\/do<br \/>\n\u2022  Data przylotu na lotnisko oraz data odlotu<\/p>\n<p>Nasz personel odpowie najszybciej, jak to mo\u017cliwe.\t\t\t\t\t\t\t<\/p>\n<li><a id=\"Z jakim wyprzedzeniem nale\u017cy wys\u0142a\u0107 zapytanie?\"><\/a><strong>Z jakim wyprzedzeniem nale\u017cy wys\u0142a\u0107 zapytanie?<\/strong><\/li>\n<p>Nale\u017cy wys\u0142a\u0107 zapytanie na conajmniej 7-10  dni przed planowan\u0105 podr\u00f3\u017c\u0105.\t\t\t\t\t\t\t\t<\/p>\n<li><a id=\"W jakich miastach mo\u017cliwe jest zorganizowanie transferu grupowego?\"><\/a><strong>W jakich miastach mo\u017cliwe jest zorganizowanie transferu grupowego?<\/strong><\/li>\n<p>Prywatne transfery dla grup organizujemy w: Rzymie, Barcelonie i Porto. Oferujemy r\u00f3wnie\u017c transfery mi\u0119dzy Rzymem i portem Civitavecchia. Je\u015bli potrzebujesz transferu w innych miastach, skontaktuj si\u0119 znami, zobaczymy co da si\u0119 zrobi\u0107!\t\t\t\t\t\t<\/p>\n<li><a id=\"Jaka jest minimalna\/maksymalna liczba pasa\u017cer\u00f3w niezb\u0119dna do zorganozowania transferu?\"><\/a><strong>Jaka jest minimalna\/maksymalna liczba pasa\u017cer\u00f3w niezb\u0119dna do zorganozowania transferu?<\/strong><\/li>\n<p>Nie mamy wymaga\u0144 w tej kwestii. Jedynie w przypadku transferu do\/z Civitavecchia wymagana jest minimalna liczba pasa\u017cer\u00f3w: 5.\t\t\t\t\t\t<\/p>\n<li><a id=\"Z kim mo\u017cna si\u0119 kontaktowa\u0107 w celu uzyskania informacji i\/lub pomocy?\"><\/a><strong>Z kim mo\u017cna si\u0119 kontaktowa\u0107 w celu uzyskania informacji i\/lub pomocy?<\/strong><\/li>\n<p>Nasza obs\u0142uga klienta udzieli wyczerpuj\u0105cych informacji na ka\u017cde zapytanie! Prosimy i wys\u0142anie maila na adres: groups@terravision.eu\t\t\t\t\t<\/p>\n<\/ol>\n","protected":false},"excerpt":{"rendered":"<p>Twoja idealna podr\u00f3\u017c! Transfer grupowy: jak zarezerwowa\u0107? Z jakim wyprzedzeniem nale\u017cy wys\u0142a\u0107 zapytanie? W jakich miastach mo\u017cliwe jest zorganizowanie transferu grupowego?<\/p>\n","protected":false},"author":131,"featured_media":0,"parent":0,"menu_order":0,"comment_status":"closed","ping_status":"closed","template":"","meta":{"footnotes":""},"class_list":["post-15946","page","type-page","status-publish","hentry"],"yoast_head":"<!-- This site is optimized with the Yoast SEO Premium plugin v24.4 (Yoast SEO v24.4) - https:\/\/yoast.com\/wordpress\/plugins\/seo\/ -->\n<title>Transfer grupowy | Terravision Polska<\/title>\n<meta name=\"robots\" content=\"index, follow, max-snippet:-1, max-image-preview:large, max-video-preview:-1\" \/>\n<link rel=\"canonical\" href=\"https:\/\/www.terravision.eu\/pl\/transfer-grupowy.html\" \/>\n<meta property=\"og:locale\" content=\"pl_PL\" \/>\n<meta property=\"og:type\" content=\"article\" \/>\n<meta property=\"og:title\" content=\"Transfer grupowy\" \/>\n<meta property=\"og:description\" content=\"Twoja idealna podr\u00f3\u017c! Transfer grupowy: jak zarezerwowa\u0107? Z jakim wyprzedzeniem nale\u017cy wys\u0142a\u0107 zapytanie? W jakich miastach mo\u017cliwe jest zorganizowanie transferu grupowego?\" \/>\n<meta property=\"og:url\" content=\"https:\/\/www.terravision.eu\/pl\/transfer-grupowy.html\" \/>\n<meta property=\"og:site_name\" content=\"Terravision Polska\" \/>\n<script type=\"application\/ld+json\" class=\"yoast-schema-graph\">{\"@context\":\"https:\/\/schema.org\",\"@graph\":[{\"@type\":\"WebPage\",\"@id\":\"https:\/\/www.terravision.eu\/pl\/transfer-grupowy.html\",\"url\":\"https:\/\/www.terravision.eu\/pl\/transfer-grupowy.html\",\"name\":\"Transfer grupowy | Terravision Polska\",\"isPartOf\":{\"@id\":\"https:\/\/www.terravision.eu\/pl\/#website\"},\"datePublished\":\"2019-01-31T13:25:31+00:00\",\"breadcrumb\":{\"@id\":\"https:\/\/www.terravision.eu\/pl\/transfer-grupowy.html#breadcrumb\"},\"inLanguage\":\"pl-PL\",\"potentialAction\":[{\"@type\":\"ReadAction\",\"target\":[\"https:\/\/www.terravision.eu\/pl\/transfer-grupowy.html\"]}]},{\"@type\":\"BreadcrumbList\",\"@id\":\"https:\/\/www.terravision.eu\/pl\/transfer-grupowy.html#breadcrumb\",\"itemListElement\":[{\"@type\":\"ListItem\",\"position\":1,\"name\":\"Home\",\"item\":\"https:\/\/www.terravision.eu\/pl\/\"},{\"@type\":\"ListItem\",\"position\":2,\"name\":\"Transfer grupowy\"}]},{\"@type\":\"WebSite\",\"@id\":\"https:\/\/www.terravision.eu\/pl\/#website\",\"url\":\"https:\/\/www.terravision.eu\/pl\/\",\"name\":\"Terravision Polska\",\"description\":\"Tanie po\u0142\u0105czenia z\/do g\u0142\u00f3wnych lotnisk w Europie\",\"potentialAction\":[{\"@type\":\"SearchAction\",\"target\":{\"@type\":\"EntryPoint\",\"urlTemplate\":\"https:\/\/www.terravision.eu\/pl\/?s={search_term_string}\"},\"query-input\":{\"@type\":\"PropertyValueSpecification\",\"valueRequired\":true,\"valueName\":\"search_term_string\"}}],\"inLanguage\":\"pl-PL\"}]}<\/script>\n<!-- \/ Yoast SEO Premium plugin. -->","yoast_head_json":{"title":"Transfer grupowy | Terravision Polska","robots":{"index":"index","follow":"follow","max-snippet":"max-snippet:-1","max-image-preview":"max-image-preview:large","max-video-preview":"max-video-preview:-1"},"canonical":"https:\/\/www.terravision.eu\/pl\/transfer-grupowy.html","og_locale":"pl_PL","og_type":"article","og_title":"Transfer grupowy","og_description":"Twoja idealna podr\u00f3\u017c! Transfer grupowy: jak zarezerwowa\u0107? Z jakim wyprzedzeniem nale\u017cy wys\u0142a\u0107 zapytanie? W jakich miastach mo\u017cliwe jest zorganizowanie transferu grupowego?","og_url":"https:\/\/www.terravision.eu\/pl\/transfer-grupowy.html","og_site_name":"Terravision Polska","schema":{"@context":"https:\/\/schema.org","@graph":[{"@type":"WebPage","@id":"https:\/\/www.terravision.eu\/pl\/transfer-grupowy.html","url":"https:\/\/www.terravision.eu\/pl\/transfer-grupowy.html","name":"Transfer grupowy | Terravision Polska","isPartOf":{"@id":"https:\/\/www.terravision.eu\/pl\/#website"},"datePublished":"2019-01-31T13:25:31+00:00","breadcrumb":{"@id":"https:\/\/www.terravision.eu\/pl\/transfer-grupowy.html#breadcrumb"},"inLanguage":"pl-PL","potentialAction":[{"@type":"ReadAction","target":["https:\/\/www.terravision.eu\/pl\/transfer-grupowy.html"]}]},{"@type":"BreadcrumbList","@id":"https:\/\/www.terravision.eu\/pl\/transfer-grupowy.html#breadcrumb","itemListElement":[{"@type":"ListItem","position":1,"name":"Home","item":"https:\/\/www.terravision.eu\/pl\/"},{"@type":"ListItem","position":2,"name":"Transfer grupowy"}]},{"@type":"WebSite","@id":"https:\/\/www.terravision.eu\/pl\/#website","url":"https:\/\/www.terravision.eu\/pl\/","name":"Terravision Polska","description":"Tanie po\u0142\u0105czenia z\/do g\u0142\u00f3wnych lotnisk w Europie","potentialAction":[{"@type":"SearchAction","target":{"@type":"EntryPoint","urlTemplate":"https:\/\/www.terravision.eu\/pl\/?s={search_term_string}"},"query-input":{"@type":"PropertyValueSpecification","valueRequired":true,"valueName":"search_term_string"}}],"inLanguage":"pl-PL"}]}},"_links":{"self":[{"href":"https:\/\/www.terravision.eu\/pl\/wp-json\/wp\/v2\/pages\/15946","targetHints":{"allow":["GET"]}}],"collection":[{"href":"https:\/\/www.terravision.eu\/pl\/wp-json\/wp\/v2\/pages"}],"about":[{"href":"https:\/\/www.terravision.eu\/pl\/wp-json\/wp\/v2\/types\/page"}],"author":[{"embeddable":true,"href":"https:\/\/www.terravision.eu\/pl\/wp-json\/wp\/v2\/users\/131"}],"replies":[{"embeddable":true,"href":"https:\/\/www.terravision.eu\/pl\/wp-json\/wp\/v2\/comments?post=15946"}],"version-history":[{"count":1,"href":"https:\/\/www.terravision.eu\/pl\/wp-json\/wp\/v2\/pages\/15946\/revisions"}],"predecessor-version":[{"id":15947,"href":"https:\/\/www.terravision.eu\/pl\/wp-json\/wp\/v2\/pages\/15946\/revisions\/15947"}],"wp:attachment":[{"href":"https:\/\/www.terravision.eu\/pl\/wp-json\/wp\/v2\/media?parent=15946"}],"curies":[{"name":"wp","href":"https:\/\/api.w.org\/{rel}","templated":true}]}}