{"id":162,"date":"2012-08-07T12:09:18","date_gmt":"2012-08-07T12:09:18","guid":{"rendered":"https:\/\/www.terravision.eu\/?page_id=1973"},"modified":"2014-09-15T15:57:42","modified_gmt":"2014-09-15T15:57:42","slug":"innsbruck_airport","status":"publish","type":"page","link":"https:\/\/www.terravision.eu\/pl\/innsbruck_airport.html","title":{"rendered":"Lotnisko Innsbruck"},"content":{"rendered":"<p><strong>Lotnisko Innsbruck Kranebitten<\/strong>, po\u0142o\u017cone w regionie Tyrolu, jest najwi\u0119kszym portem lotniczym w zachodniej Austrii. Pierwsze lotnisko w Tyrolu powsta\u0142o w Reichenau (we wschodniej cz\u0119\u015bci Innsbrucka) w 1925 roku i obs\u0142ugiwa\u0142o loty mi\u0119dzy Monachium i Innsbruckiem. W roku 1948 w zachodniej cz\u0119\u015bci miasta utworzono Innsbruck Kranebitten Flughafen.<\/p>\n<p>Lotnisko w Innsbrucku jest szczeg\u00f3lnie obci\u0105\u017cone w okresie zimowym ze wzgl\u0119du na jego dogodne po\u0142o\u017cenie w stosunku do kilku najpopularniejszych o\u015brodk\u00f3w narciarskich w Austrii. Z lotniska w Innsbrucku korzysta wiele du\u017cych linii lotniczych, jak r\u00f3wnie\u017c tanie linie lotnicze, takie jak Easyjet, Air Berlin lub Transavia. Do dyspozycji podr\u00f3\u017cnych oddano na lotnisku liczne bary, restauracje, a tak\u017ce stref\u0119 wolnoc\u0142ow\u0105. W pobli\u017cu lotniska znajduj\u0105 si\u0119 hotele, pensjonaty, transport publiczny oraz taks\u00f3wki.<\/p>\n<p><strong>Lotnisko Innsbruck Kranebitten w liczbach:<\/strong><\/p>\n<ul>\n<li>Odleg\u0142o\u015b\u0107 z lotniska do centrum Innsbrucka: oko\u0142o 23 km.<\/li>\n<li>Liczba linii lotniczych: 150<\/li>\n<li>Liczba pasa\u017cer\u00f3w w 2010 r.: 3 700 000<\/li>\n<\/ul>\n<p>Oficjalna strona lotniska w Innsbrucku: www.innsbruck-airport.com<\/p>\n<p>G\u0142\u00f3wne <strong>linie lotnicze<\/strong> lataj\u0105ce na \/ z lotniska w Innsbrucku:<br \/>\n<a title=\"Easy Jet - Insbruck Kranebitten Airport\" href=\"http:\/\/www.easyjet.com\/\" target=\"_blank\">Easy Jet<\/a> | <a title=\"Air Berlin - Innsbruck Airport\" href=\"http:\/\/www.airberlin.com\/en-GB\/site\/start.php\" target=\"_blank\">Air Berlin<\/a>| <a title=\"Condor - Innsbruck Krenebitten Airport\" href=\"http:\/\/www12.condor.com\/tcf-it\/index.jsp\" target=\"_blank\">Condor<\/a> | <a title=\"Transavia - Innsbruck Kranebitten Airport\" href=\"http:\/\/www.transavia.com\/hv\/it-IT\/home\" target=\"_blank\">Transavia<\/a> | <a title=\"TUIfly - Innsbruck Kranebitten Airport\" href=\"http:\/\/www.tuifly.com\/en\/\" target=\"_blank\">TUIFly<\/a><\/p>\n<p><strong>Transfery na lotnisko Innsbruck Kranebitten<\/strong>: Terravision oferuje nast\u0119puj\u0105ce <strong>transfery autobusowe z lotniska Innbruck Kranebitten<\/strong>:<br \/>\n\u2022Lotnisko Innsbruck Kranebitten Brunico i inne miejscowo\u015bci w Dolomitach &#8211; rezerwuj teraz!<\/p>\n<p>\u00a0<\/p>\n<p>Transfery: Lotnisko Innsbruck Kranebitten &#8211; <a title=\"Book Now - Innsbruck Kranebitten Aiport\" href=\"dolomites_innsbruck.html\" target=\"_blank\">Zarezerwuj teraz!<\/a><\/p>\n","protected":false},"excerpt":{"rendered":"<p>Lotnisko Innsbruck Kranebitten, po\u0142o\u017cone w regionie Tyrolu, jest najwi\u0119kszym portem lotniczym w zachodniej Austrii. Pierwsze lotnisko w Tyrolu powsta\u0142o w Reichenau (we wschodniej cz\u0119\u015bci Innsbrucka) w 1925 roku i obs\u0142ugiwa\u0142o loty mi\u0119dzy Monachium i Innsbruckiem. W roku 1948 w zachodniej cz\u0119\u015bci miasta utworzono Innsbruck Kranebitten Flughafen. Lotnisko w Innsbrucku jest szczeg\u00f3lnie obci\u0105\u017cone w okresie zimowym [&hellip;]<\/p>\n","protected":false},"author":1,"featured_media":0,"parent":0,"menu_order":0,"comment_status":"open","ping_status":"open","template":"","meta":{"footnotes":""},"class_list":["post-162","page","type-page","status-publish","hentry","cities-dolomity"],"yoast_head":"<!-- This site is optimized with the Yoast SEO Premium plugin v24.4 (Yoast SEO v24.4) - https:\/\/yoast.com\/wordpress\/plugins\/seo\/ -->\n<title>Lotnisko Innsbruck | Terravision<\/title>\n<meta name=\"description\" content=\"Informacje na temat lotniska w Innsbrucku, linie lotnicze lataj\u0105ce do\/z lotniska w Innsbrucku, po\u0142\u0105czenia autobusowe do g\u0142\u00f3wnych kurort\u00f3w w Dolomitach\" \/>\n<meta name=\"robots\" content=\"index, follow, max-snippet:-1, max-image-preview:large, max-video-preview:-1\" \/>\n<link rel=\"canonical\" href=\"https:\/\/www.terravision.eu\/pl\/innsbruck_airport.html\" \/>\n<meta property=\"og:locale\" content=\"pl_PL\" \/>\n<meta property=\"og:type\" content=\"article\" \/>\n<meta property=\"og:title\" content=\"Lotnisko Innsbruck\" \/>\n<meta property=\"og:description\" content=\"Informacje na temat lotniska w Innsbrucku, linie lotnicze lataj\u0105ce do\/z lotniska w Innsbrucku, po\u0142\u0105czenia autobusowe do g\u0142\u00f3wnych kurort\u00f3w w Dolomitach\" \/>\n<meta property=\"og:url\" content=\"https:\/\/www.terravision.eu\/pl\/innsbruck_airport.html\" \/>\n<meta property=\"og:site_name\" content=\"Terravision Polska\" \/>\n<meta property=\"article:modified_time\" content=\"2014-09-15T15:57:42+00:00\" \/>\n<meta name=\"twitter:label1\" content=\"Szacowany czas czytania\" \/>\n\t<meta name=\"twitter:data1\" content=\"1 minute\" \/>\n<script type=\"application\/ld+json\" class=\"yoast-schema-graph\">{\"@context\":\"https:\/\/schema.org\",\"@graph\":[{\"@type\":\"WebPage\",\"@id\":\"https:\/\/www.terravision.eu\/pl\/innsbruck_airport.html\",\"url\":\"https:\/\/www.terravision.eu\/pl\/innsbruck_airport.html\",\"name\":\"Lotnisko Innsbruck | Terravision\",\"isPartOf\":{\"@id\":\"https:\/\/www.terravision.eu\/pl\/#website\"},\"datePublished\":\"2012-08-07T12:09:18+00:00\",\"dateModified\":\"2014-09-15T15:57:42+00:00\",\"description\":\"Informacje na temat lotniska w Innsbrucku, linie lotnicze lataj\u0105ce do\/z lotniska w Innsbrucku, po\u0142\u0105czenia autobusowe do g\u0142\u00f3wnych kurort\u00f3w w Dolomitach\",\"breadcrumb\":{\"@id\":\"https:\/\/www.terravision.eu\/pl\/innsbruck_airport.html#breadcrumb\"},\"inLanguage\":\"pl-PL\",\"potentialAction\":[{\"@type\":\"ReadAction\",\"target\":[\"https:\/\/www.terravision.eu\/pl\/innsbruck_airport.html\"]}]},{\"@type\":\"BreadcrumbList\",\"@id\":\"https:\/\/www.terravision.eu\/pl\/innsbruck_airport.html#breadcrumb\",\"itemListElement\":[{\"@type\":\"ListItem\",\"position\":1,\"name\":\"Home\",\"item\":\"https:\/\/www.terravision.eu\/pl\/\"},{\"@type\":\"ListItem\",\"position\":2,\"name\":\"Lotnisko Innsbruck\"}]},{\"@type\":\"WebSite\",\"@id\":\"https:\/\/www.terravision.eu\/pl\/#website\",\"url\":\"https:\/\/www.terravision.eu\/pl\/\",\"name\":\"Terravision Polska\",\"description\":\"Tanie po\u0142\u0105czenia z\/do g\u0142\u00f3wnych lotnisk w Europie\",\"potentialAction\":[{\"@type\":\"SearchAction\",\"target\":{\"@type\":\"EntryPoint\",\"urlTemplate\":\"https:\/\/www.terravision.eu\/pl\/?s={search_term_string}\"},\"query-input\":{\"@type\":\"PropertyValueSpecification\",\"valueRequired\":true,\"valueName\":\"search_term_string\"}}],\"inLanguage\":\"pl-PL\"}]}<\/script>\n<!-- \/ Yoast SEO Premium plugin. -->","yoast_head_json":{"title":"Lotnisko Innsbruck | Terravision","description":"Informacje na temat lotniska w Innsbrucku, linie lotnicze lataj\u0105ce do\/z lotniska w Innsbrucku, po\u0142\u0105czenia autobusowe do g\u0142\u00f3wnych kurort\u00f3w w Dolomitach","robots":{"index":"index","follow":"follow","max-snippet":"max-snippet:-1","max-image-preview":"max-image-preview:large","max-video-preview":"max-video-preview:-1"},"canonical":"https:\/\/www.terravision.eu\/pl\/innsbruck_airport.html","og_locale":"pl_PL","og_type":"article","og_title":"Lotnisko Innsbruck","og_description":"Informacje na temat lotniska w Innsbrucku, linie lotnicze lataj\u0105ce do\/z lotniska w Innsbrucku, po\u0142\u0105czenia autobusowe do g\u0142\u00f3wnych kurort\u00f3w w Dolomitach","og_url":"https:\/\/www.terravision.eu\/pl\/innsbruck_airport.html","og_site_name":"Terravision Polska","article_modified_time":"2014-09-15T15:57:42+00:00","twitter_misc":{"Szacowany czas czytania":"1 minute"},"schema":{"@context":"https:\/\/schema.org","@graph":[{"@type":"WebPage","@id":"https:\/\/www.terravision.eu\/pl\/innsbruck_airport.html","url":"https:\/\/www.terravision.eu\/pl\/innsbruck_airport.html","name":"Lotnisko Innsbruck | Terravision","isPartOf":{"@id":"https:\/\/www.terravision.eu\/pl\/#website"},"datePublished":"2012-08-07T12:09:18+00:00","dateModified":"2014-09-15T15:57:42+00:00","description":"Informacje na temat lotniska w Innsbrucku, linie lotnicze lataj\u0105ce do\/z lotniska w Innsbrucku, po\u0142\u0105czenia autobusowe do g\u0142\u00f3wnych kurort\u00f3w w Dolomitach","breadcrumb":{"@id":"https:\/\/www.terravision.eu\/pl\/innsbruck_airport.html#breadcrumb"},"inLanguage":"pl-PL","potentialAction":[{"@type":"ReadAction","target":["https:\/\/www.terravision.eu\/pl\/innsbruck_airport.html"]}]},{"@type":"BreadcrumbList","@id":"https:\/\/www.terravision.eu\/pl\/innsbruck_airport.html#breadcrumb","itemListElement":[{"@type":"ListItem","position":1,"name":"Home","item":"https:\/\/www.terravision.eu\/pl\/"},{"@type":"ListItem","position":2,"name":"Lotnisko Innsbruck"}]},{"@type":"WebSite","@id":"https:\/\/www.terravision.eu\/pl\/#website","url":"https:\/\/www.terravision.eu\/pl\/","name":"Terravision Polska","description":"Tanie po\u0142\u0105czenia z\/do g\u0142\u00f3wnych lotnisk w Europie","potentialAction":[{"@type":"SearchAction","target":{"@type":"EntryPoint","urlTemplate":"https:\/\/www.terravision.eu\/pl\/?s={search_term_string}"},"query-input":{"@type":"PropertyValueSpecification","valueRequired":true,"valueName":"search_term_string"}}],"inLanguage":"pl-PL"}]}},"_links":{"self":[{"href":"https:\/\/www.terravision.eu\/pl\/wp-json\/wp\/v2\/pages\/162","targetHints":{"allow":["GET"]}}],"collection":[{"href":"https:\/\/www.terravision.eu\/pl\/wp-json\/wp\/v2\/pages"}],"about":[{"href":"https:\/\/www.terravision.eu\/pl\/wp-json\/wp\/v2\/types\/page"}],"author":[{"embeddable":true,"href":"https:\/\/www.terravision.eu\/pl\/wp-json\/wp\/v2\/users\/1"}],"replies":[{"embeddable":true,"href":"https:\/\/www.terravision.eu\/pl\/wp-json\/wp\/v2\/comments?post=162"}],"version-history":[{"count":1,"href":"https:\/\/www.terravision.eu\/pl\/wp-json\/wp\/v2\/pages\/162\/revisions"}],"predecessor-version":[{"id":14201,"href":"https:\/\/www.terravision.eu\/pl\/wp-json\/wp\/v2\/pages\/162\/revisions\/14201"}],"wp:attachment":[{"href":"https:\/\/www.terravision.eu\/pl\/wp-json\/wp\/v2\/media?parent=162"}],"curies":[{"name":"wp","href":"https:\/\/api.w.org\/{rel}","templated":true}]}}