{"id":16255,"date":"2020-02-21T14:48:19","date_gmt":"2020-02-21T14:48:19","guid":{"rendered":"https:\/\/www.terravision.eu\/pl\/?page_id=16255"},"modified":"2020-02-21T14:54:26","modified_gmt":"2020-02-21T14:54:26","slug":"16255-2","status":"publish","type":"page","link":"https:\/\/www.terravision.eu\/pl\/16255-2.html","title":{"rendered":"Przechowalnia baga\u017cu (automatyczne schowki)"},"content":{"rendered":"<p>Mamy dla Was jeszcze jedn\u0105 rad\u0119 (i prezent!) na wygodne zwiedzanie miasta bez baga\u017cu!<\/p>\n<p>Nasz partner Stow your Bags <a href=\"https:\/\/www.terravision.eu\/wp-content\/blogs.dir\/9\/files\/2020\/02\/logo_syb.jpg\"><img decoding=\"async\" src=\"https:\/\/www.terravision.eu\/wp-content\/blogs.dir\/9\/files\/2020\/02\/logo_syb.jpg\"  class=\"alignnone\" \/><\/a> oferuje <strong>automatyczne szafki na baga\u017c<\/strong> dost\u0119pne zar\u00f3wno na kilka godzin, jak i na d\u0142u\u017csze okresy, dost\u0119pne 365 dni w roku.<\/p>\n<p>Wszystkie szafki s\u0105 <strong>obj\u0119te ubezpieczeniem<\/strong> i stale monitorowane dzi\u0119ki specjalnemu systemowi  nadzoru video. W razie jakichkolwiek problem\u00f3w u\u017cytkownicy mog\u0105 poprosi\u0107 o pomoc techniczn\u0105 przez interkom.<\/p>\n<p><font color=\"#1e90ff\"><strong>Jak to dzia\u0142a? <\/strong><\/font><br \/>\nMo\u017cesz zarezerwowa\u0107 szafk\u0119 online lub bezpo\u015brednio na miejscu!<br \/>\n<strong><a href=\"https:\/\/www.stowyourbags.com\/\" target=\"_blank\">Kliknij tu i zarezewuj online<\/a><\/strong><\/p>\n<p>1.\tWybierz przechowalni\u0119 w mie\u015bcie, do kt\u00f3rego podr\u00f3\u017cujesz<br \/>\n2.\tWprowad\u017a wymagane informace: dat\u0119 i godzin\u0119, czas trwania us\u0142ugi, liczb\u0119 rezerwowanych szafek.<br \/>\n3.\tMo\u017cesz zap\u0142aci\u0107 kart\u0105 kredytow\u0105 lub za pomoc\u0105 PayPal.<br \/>\nW kilka sekund otrzymasz email z potwierdzniem rezerwacji i kodem otwieraj\u0105cym szafk\u0119. <\/p>\n<p><strong> Rezerwacji mo\u017cesz r\u00f3wnie\u017c dokona\u0107 bezpo\u015brednio na miejscu<\/strong>!<\/p>\n<p>Udaj si\u0119 do wybranej przechowalni baga\u017cu i zarezerwuj szafk\u0119 na ekranie dotykowym. Mo\u017cesz zap\u0142aci\u0107 kart\u0105.<br \/>\nOtrzymasz email z potwierdzeniem oraz wiadmo\u015b\u0107 tekstow\u0105 z kodem otwieraj\u0105cym. <\/p>\n<div style=\"border: 1px solid black; outline: 5px dotted red;\">Tylko teraz mamy dla Ciebie specjalny <strong>kod zni\u017ckowy<\/strong> 5%: <strong>351166<\/strong><\/div>\n<p>Gotowe! &#10004; <\/p>\n<p>Mo\u017cesz wyrusza\u0107 w miasto bez baga\u017cu! \ud83d\ude0a<\/p>\n<p><a href=\"https:\/\/www.terravision.eu\/wp-content\/blogs.dir\/9\/files\/2020\/02\/yourbags_1.jpg\"><img decoding=\"async\" src=\"https:\/\/www.terravision.eu\/wp-content\/blogs.dir\/9\/files\/2020\/02\/yourbags_1-300x240.jpg\"  class=\"alignnone\" \/> <\/a><a href=\"https:\/\/www.terravision.eu\/wp-content\/blogs.dir\/9\/files\/2020\/02\/yourbags_2.jpg\"><img decoding=\"async\" src=\"https:\/\/www.terravision.eu\/wp-content\/blogs.dir\/9\/files\/2020\/02\/yourbags_2-300x240.jpg\"  class=\"alignnone\" \/><\/a><\/p>\n","protected":false},"excerpt":{"rendered":"<p>Mamy dla Was jeszcze jedn\u0105 rad\u0119 (i prezent!) na wygodne zwiedzanie miasta bez baga\u017cu! Nasz partner Stow your Bags oferuje automatyczne szafki na baga\u017c dost\u0119pne zar\u00f3wno na kilka godzin, jak i na d\u0142u\u017csze okresy, dost\u0119pne 365 dni w roku. Wszystkie szafki s\u0105 obj\u0119te ubezpieczeniem i stale monitorowane dzi\u0119ki specjalnemu systemowi nadzoru video. W razie jakichkolwiek [&hellip;]<\/p>\n","protected":false},"author":131,"featured_media":0,"parent":0,"menu_order":0,"comment_status":"closed","ping_status":"closed","template":"","meta":{"footnotes":""},"class_list":["post-16255","page","type-page","status-publish","hentry"],"yoast_head":"<!-- This site is optimized with the Yoast SEO Premium plugin v24.4 (Yoast SEO v24.4) - https:\/\/yoast.com\/wordpress\/plugins\/seo\/ -->\n<title>Przechowalnia baga\u017cu (automatyczne schowki) | Terravision Polska<\/title>\n<meta name=\"robots\" content=\"index, follow, max-snippet:-1, max-image-preview:large, max-video-preview:-1\" \/>\n<link rel=\"canonical\" href=\"https:\/\/www.terravision.eu\/pl\/16255-2.html\" \/>\n<meta property=\"og:locale\" content=\"pl_PL\" \/>\n<meta property=\"og:type\" content=\"article\" \/>\n<meta property=\"og:title\" content=\"Przechowalnia baga\u017cu (automatyczne schowki)\" \/>\n<meta property=\"og:description\" content=\"Mamy dla Was jeszcze jedn\u0105 rad\u0119 (i prezent!) na wygodne zwiedzanie miasta bez baga\u017cu! Nasz partner Stow your Bags oferuje automatyczne szafki na baga\u017c dost\u0119pne zar\u00f3wno na kilka godzin, jak i na d\u0142u\u017csze okresy, dost\u0119pne 365 dni w roku. Wszystkie szafki s\u0105 obj\u0119te ubezpieczeniem i stale monitorowane dzi\u0119ki specjalnemu systemowi nadzoru video. W razie jakichkolwiek [&hellip;]\" \/>\n<meta property=\"og:url\" content=\"https:\/\/www.terravision.eu\/pl\/16255-2.html\" \/>\n<meta property=\"og:site_name\" content=\"Terravision Polska\" \/>\n<meta property=\"article:modified_time\" content=\"2020-02-21T14:54:26+00:00\" \/>\n<meta property=\"og:image\" content=\"https:\/\/www.terravision.eu\/wp-content\/blogs.dir\/9\/files\/2020\/02\/logo_syb.jpg\" \/>\n<meta name=\"twitter:label1\" content=\"Szacowany czas czytania\" \/>\n\t<meta name=\"twitter:data1\" content=\"1 minute\" \/>\n<script type=\"application\/ld+json\" class=\"yoast-schema-graph\">{\"@context\":\"https:\/\/schema.org\",\"@graph\":[{\"@type\":\"WebPage\",\"@id\":\"https:\/\/www.terravision.eu\/pl\/16255-2.html\",\"url\":\"https:\/\/www.terravision.eu\/pl\/16255-2.html\",\"name\":\"Przechowalnia baga\u017cu (automatyczne schowki) | Terravision Polska\",\"isPartOf\":{\"@id\":\"https:\/\/www.terravision.eu\/pl\/#website\"},\"primaryImageOfPage\":{\"@id\":\"https:\/\/www.terravision.eu\/pl\/16255-2.html#primaryimage\"},\"image\":{\"@id\":\"https:\/\/www.terravision.eu\/pl\/16255-2.html#primaryimage\"},\"thumbnailUrl\":\"https:\/\/www.terravision.eu\/wp-content\/blogs.dir\/9\/files\/2020\/02\/logo_syb.jpg\",\"datePublished\":\"2020-02-21T14:48:19+00:00\",\"dateModified\":\"2020-02-21T14:54:26+00:00\",\"breadcrumb\":{\"@id\":\"https:\/\/www.terravision.eu\/pl\/16255-2.html#breadcrumb\"},\"inLanguage\":\"pl-PL\",\"potentialAction\":[{\"@type\":\"ReadAction\",\"target\":[\"https:\/\/www.terravision.eu\/pl\/16255-2.html\"]}]},{\"@type\":\"ImageObject\",\"inLanguage\":\"pl-PL\",\"@id\":\"https:\/\/www.terravision.eu\/pl\/16255-2.html#primaryimage\",\"url\":\"https:\/\/www.terravision.eu\/wp-content\/blogs.dir\/9\/files\/2020\/02\/logo_syb.jpg\",\"contentUrl\":\"https:\/\/www.terravision.eu\/wp-content\/blogs.dir\/9\/files\/2020\/02\/logo_syb.jpg\"},{\"@type\":\"BreadcrumbList\",\"@id\":\"https:\/\/www.terravision.eu\/pl\/16255-2.html#breadcrumb\",\"itemListElement\":[{\"@type\":\"ListItem\",\"position\":1,\"name\":\"Home\",\"item\":\"https:\/\/www.terravision.eu\/pl\/\"},{\"@type\":\"ListItem\",\"position\":2,\"name\":\"Przechowalnia baga\u017cu (automatyczne schowki)\"}]},{\"@type\":\"WebSite\",\"@id\":\"https:\/\/www.terravision.eu\/pl\/#website\",\"url\":\"https:\/\/www.terravision.eu\/pl\/\",\"name\":\"Terravision Polska\",\"description\":\"Tanie po\u0142\u0105czenia z\/do g\u0142\u00f3wnych lotnisk w Europie\",\"potentialAction\":[{\"@type\":\"SearchAction\",\"target\":{\"@type\":\"EntryPoint\",\"urlTemplate\":\"https:\/\/www.terravision.eu\/pl\/?s={search_term_string}\"},\"query-input\":{\"@type\":\"PropertyValueSpecification\",\"valueRequired\":true,\"valueName\":\"search_term_string\"}}],\"inLanguage\":\"pl-PL\"}]}<\/script>\n<!-- \/ Yoast SEO Premium plugin. -->","yoast_head_json":{"title":"Przechowalnia baga\u017cu (automatyczne schowki) | Terravision Polska","robots":{"index":"index","follow":"follow","max-snippet":"max-snippet:-1","max-image-preview":"max-image-preview:large","max-video-preview":"max-video-preview:-1"},"canonical":"https:\/\/www.terravision.eu\/pl\/16255-2.html","og_locale":"pl_PL","og_type":"article","og_title":"Przechowalnia baga\u017cu (automatyczne schowki)","og_description":"Mamy dla Was jeszcze jedn\u0105 rad\u0119 (i prezent!) na wygodne zwiedzanie miasta bez baga\u017cu! Nasz partner Stow your Bags oferuje automatyczne szafki na baga\u017c dost\u0119pne zar\u00f3wno na kilka godzin, jak i na d\u0142u\u017csze okresy, dost\u0119pne 365 dni w roku. Wszystkie szafki s\u0105 obj\u0119te ubezpieczeniem i stale monitorowane dzi\u0119ki specjalnemu systemowi nadzoru video. W razie jakichkolwiek [&hellip;]","og_url":"https:\/\/www.terravision.eu\/pl\/16255-2.html","og_site_name":"Terravision Polska","article_modified_time":"2020-02-21T14:54:26+00:00","og_image":[{"url":"https:\/\/www.terravision.eu\/wp-content\/blogs.dir\/9\/files\/2020\/02\/logo_syb.jpg","type":"","width":"","height":""}],"twitter_misc":{"Szacowany czas czytania":"1 minute"},"schema":{"@context":"https:\/\/schema.org","@graph":[{"@type":"WebPage","@id":"https:\/\/www.terravision.eu\/pl\/16255-2.html","url":"https:\/\/www.terravision.eu\/pl\/16255-2.html","name":"Przechowalnia baga\u017cu (automatyczne schowki) | Terravision Polska","isPartOf":{"@id":"https:\/\/www.terravision.eu\/pl\/#website"},"primaryImageOfPage":{"@id":"https:\/\/www.terravision.eu\/pl\/16255-2.html#primaryimage"},"image":{"@id":"https:\/\/www.terravision.eu\/pl\/16255-2.html#primaryimage"},"thumbnailUrl":"https:\/\/www.terravision.eu\/wp-content\/blogs.dir\/9\/files\/2020\/02\/logo_syb.jpg","datePublished":"2020-02-21T14:48:19+00:00","dateModified":"2020-02-21T14:54:26+00:00","breadcrumb":{"@id":"https:\/\/www.terravision.eu\/pl\/16255-2.html#breadcrumb"},"inLanguage":"pl-PL","potentialAction":[{"@type":"ReadAction","target":["https:\/\/www.terravision.eu\/pl\/16255-2.html"]}]},{"@type":"ImageObject","inLanguage":"pl-PL","@id":"https:\/\/www.terravision.eu\/pl\/16255-2.html#primaryimage","url":"https:\/\/www.terravision.eu\/wp-content\/blogs.dir\/9\/files\/2020\/02\/logo_syb.jpg","contentUrl":"https:\/\/www.terravision.eu\/wp-content\/blogs.dir\/9\/files\/2020\/02\/logo_syb.jpg"},{"@type":"BreadcrumbList","@id":"https:\/\/www.terravision.eu\/pl\/16255-2.html#breadcrumb","itemListElement":[{"@type":"ListItem","position":1,"name":"Home","item":"https:\/\/www.terravision.eu\/pl\/"},{"@type":"ListItem","position":2,"name":"Przechowalnia baga\u017cu (automatyczne schowki)"}]},{"@type":"WebSite","@id":"https:\/\/www.terravision.eu\/pl\/#website","url":"https:\/\/www.terravision.eu\/pl\/","name":"Terravision Polska","description":"Tanie po\u0142\u0105czenia z\/do g\u0142\u00f3wnych lotnisk w Europie","potentialAction":[{"@type":"SearchAction","target":{"@type":"EntryPoint","urlTemplate":"https:\/\/www.terravision.eu\/pl\/?s={search_term_string}"},"query-input":{"@type":"PropertyValueSpecification","valueRequired":true,"valueName":"search_term_string"}}],"inLanguage":"pl-PL"}]}},"_links":{"self":[{"href":"https:\/\/www.terravision.eu\/pl\/wp-json\/wp\/v2\/pages\/16255","targetHints":{"allow":["GET"]}}],"collection":[{"href":"https:\/\/www.terravision.eu\/pl\/wp-json\/wp\/v2\/pages"}],"about":[{"href":"https:\/\/www.terravision.eu\/pl\/wp-json\/wp\/v2\/types\/page"}],"author":[{"embeddable":true,"href":"https:\/\/www.terravision.eu\/pl\/wp-json\/wp\/v2\/users\/131"}],"replies":[{"embeddable":true,"href":"https:\/\/www.terravision.eu\/pl\/wp-json\/wp\/v2\/comments?post=16255"}],"version-history":[{"count":6,"href":"https:\/\/www.terravision.eu\/pl\/wp-json\/wp\/v2\/pages\/16255\/revisions"}],"predecessor-version":[{"id":16261,"href":"https:\/\/www.terravision.eu\/pl\/wp-json\/wp\/v2\/pages\/16255\/revisions\/16261"}],"wp:attachment":[{"href":"https:\/\/www.terravision.eu\/pl\/wp-json\/wp\/v2\/media?parent=16255"}],"curies":[{"name":"wp","href":"https:\/\/api.w.org\/{rel}","templated":true}]}}