{"id":16297,"date":"2020-06-16T10:36:21","date_gmt":"2020-06-16T10:36:21","guid":{"rendered":"https:\/\/www.terravision.eu\/pl\/?page_id=16297"},"modified":"2023-04-04T09:05:34","modified_gmt":"2023-04-04T09:05:34","slug":"program-lojalnosciowy-terravision","status":"publish","type":"page","link":"https:\/\/www.terravision.eu\/pl\/program-lojalnosciowy-terravision.html","title":{"rendered":"<strong>Program Lojalno\u015bciowy Terravision<\/strong>"},"content":{"rendered":"<p>Zarejestruj si\u0119 na stronie Terravision i zbieraj punkty za ka\u017cd\u0105 rezerwacj\u0119!<\/p>\n<p>Ka\u017cdy posiadacz konta Terravision jest automatycznie zapisywany do Programu Lojalno\u015bciowego i gromadzi punkty za swoje zakupy.<\/p>\n<p>Pami\u0119taj, \u017ce 1 \u20ac = 1 punkt!<\/p>\n<p>Uwaga! Program jest adresowany do u\u017cytkownik\u00f3w, kt\u00f3rzy posiadaj\u0105 konto Standard na stronie Terravision. W\u0142a\u015bciciele kont afiliacyjnych i dla agent\u00f3w nie mog\u0105 uczestniczy\u0107 w programie.<\/p>\n<table>\n<tbody>\n<tr>\n<td><strong>Twoje punkty<\/strong><\/td>\n<td><strong>Twoje nagrody<\/strong><\/td>\n<\/tr>\n<tr>\n<td><strong>25<\/strong> punkt\u00f3w<\/td>\n<td>dostajesz <strong>5%<\/strong> zni\u017cki na nast\u0119pny transfer<\/td>\n<\/tr>\n<tr>\n<td><strong>50<\/strong> punkt\u00f3w<\/td>\n<td>dostajesz <strong>10%<\/strong> zni\u017cki na nast\u0119pny transfer<\/td>\n<\/tr>\n<tr>\n<td><strong>80<\/strong> punkt\u00f3w<\/td>\n<td>dostajesz <strong>15%<\/strong> zni\u017cki na nast\u0119pny transfer<\/td>\n<\/tr>\n<tr>\n<td><strong>100<\/strong> punkt\u00f3w<\/td>\n<td>dostajesz 25% zni\u017cki na nast\u0119pny transfer<\/td>\n<\/tr>\n<\/tbody>\n<\/table>\n<p>Jak wymieni\u0107 swoje punkty?<br \/>\nMo\u017cesz sprawdzi\u0107 swoje punkty bezpo\u015brednio na swoim koncie Terravision:<br \/>\nzaloguj si\u0119 do konta i wymie\u0144 zgromadzone punkty: sustem wygeneruje jednorazowy kod rabatowy wa\u017cny przez 8 miesi\u0119cy.<\/p>\n<p>Skontaktuj si\u0119 z nami pisz\u0105c na adres: <em>loyaltyprogram@terravision.eu<\/em> <\/p>\n<p>Relulamin Programu Lojalno\u015bciowego Terravision <a href=\"https:\/\/www.terravision.eu\/wp-content\/blogs.dir\/9\/files\/2022\/03\/The-loyalty-program-Terms-and-Conditions_updated.pdf\" target=\"_blank\" rel=\"noopener noreferrer\">pdf<\/a><\/p>\n<p>Uwaga> program jest skierowany wy\u0142\u0105cznie do posiadaczy standardowego konta klienta na stronie Terravision. W programie nie bior\u0105 udzia\u0142u w\u0142a\u015bciciele kont w Programie Afiliacyjnym oraz dla Agent\u00f3w.<\/p>\n","protected":false},"excerpt":{"rendered":"<p>Zarejestruj si\u0119 na stronie Terravision i zbieraj punkty za ka\u017cd\u0105 rezerwacj\u0119! Ka\u017cdy posiadacz konta Terravision jest automatycznie zapisywany do Programu Lojalno\u015bciowego i gromadzi punkty za swoje zakupy. Pami\u0119taj, \u017ce 1 \u20ac = 1 punkt! Uwaga! Program jest adresowany do u\u017cytkownik\u00f3w, kt\u00f3rzy posiadaj\u0105 konto Standard na stronie Terravision. W\u0142a\u015bciciele kont afiliacyjnych i dla agent\u00f3w nie mog\u0105 [&hellip;]<\/p>\n","protected":false},"author":131,"featured_media":0,"parent":0,"menu_order":0,"comment_status":"closed","ping_status":"closed","template":"","meta":{"footnotes":""},"class_list":["post-16297","page","type-page","status-publish","hentry"],"yoast_head":"<!-- This site is optimized with the Yoast SEO Premium plugin v24.4 (Yoast SEO v24.4) - https:\/\/yoast.com\/wordpress\/plugins\/seo\/ -->\n<title>Program Lojalno\u015bciowy Terravision | Terravision Polska<\/title>\n<meta name=\"robots\" content=\"index, follow, max-snippet:-1, max-image-preview:large, max-video-preview:-1\" \/>\n<link rel=\"canonical\" href=\"https:\/\/www.terravision.eu\/pl\/program-lojalnosciowy-terravision.html\" \/>\n<meta property=\"og:locale\" content=\"pl_PL\" \/>\n<meta property=\"og:type\" content=\"article\" \/>\n<meta property=\"og:title\" content=\"Program Lojalno\u015bciowy Terravision\" \/>\n<meta property=\"og:description\" content=\"Zarejestruj si\u0119 na stronie Terravision i zbieraj punkty za ka\u017cd\u0105 rezerwacj\u0119! Ka\u017cdy posiadacz konta Terravision jest automatycznie zapisywany do Programu Lojalno\u015bciowego i gromadzi punkty za swoje zakupy. Pami\u0119taj, \u017ce 1 \u20ac = 1 punkt! Uwaga! Program jest adresowany do u\u017cytkownik\u00f3w, kt\u00f3rzy posiadaj\u0105 konto Standard na stronie Terravision. W\u0142a\u015bciciele kont afiliacyjnych i dla agent\u00f3w nie mog\u0105 [&hellip;]\" \/>\n<meta property=\"og:url\" content=\"https:\/\/www.terravision.eu\/pl\/program-lojalnosciowy-terravision.html\" \/>\n<meta property=\"og:site_name\" content=\"Terravision Polska\" \/>\n<meta property=\"article:modified_time\" content=\"2023-04-04T09:05:34+00:00\" \/>\n<meta name=\"twitter:label1\" content=\"Szacowany czas czytania\" \/>\n\t<meta name=\"twitter:data1\" content=\"1 minute\" \/>\n<script type=\"application\/ld+json\" class=\"yoast-schema-graph\">{\"@context\":\"https:\/\/schema.org\",\"@graph\":[{\"@type\":\"WebPage\",\"@id\":\"https:\/\/www.terravision.eu\/pl\/program-lojalnosciowy-terravision.html\",\"url\":\"https:\/\/www.terravision.eu\/pl\/program-lojalnosciowy-terravision.html\",\"name\":\"Program Lojalno\u015bciowy Terravision | Terravision Polska\",\"isPartOf\":{\"@id\":\"https:\/\/www.terravision.eu\/pl\/#website\"},\"datePublished\":\"2020-06-16T10:36:21+00:00\",\"dateModified\":\"2023-04-04T09:05:34+00:00\",\"breadcrumb\":{\"@id\":\"https:\/\/www.terravision.eu\/pl\/program-lojalnosciowy-terravision.html#breadcrumb\"},\"inLanguage\":\"pl-PL\",\"potentialAction\":[{\"@type\":\"ReadAction\",\"target\":[\"https:\/\/www.terravision.eu\/pl\/program-lojalnosciowy-terravision.html\"]}]},{\"@type\":\"BreadcrumbList\",\"@id\":\"https:\/\/www.terravision.eu\/pl\/program-lojalnosciowy-terravision.html#breadcrumb\",\"itemListElement\":[{\"@type\":\"ListItem\",\"position\":1,\"name\":\"Home\",\"item\":\"https:\/\/www.terravision.eu\/pl\/\"},{\"@type\":\"ListItem\",\"position\":2,\"name\":\"Program Lojalno\u015bciowy Terravision\"}]},{\"@type\":\"WebSite\",\"@id\":\"https:\/\/www.terravision.eu\/pl\/#website\",\"url\":\"https:\/\/www.terravision.eu\/pl\/\",\"name\":\"Terravision Polska\",\"description\":\"Tanie po\u0142\u0105czenia z\/do g\u0142\u00f3wnych lotnisk w Europie\",\"potentialAction\":[{\"@type\":\"SearchAction\",\"target\":{\"@type\":\"EntryPoint\",\"urlTemplate\":\"https:\/\/www.terravision.eu\/pl\/?s={search_term_string}\"},\"query-input\":{\"@type\":\"PropertyValueSpecification\",\"valueRequired\":true,\"valueName\":\"search_term_string\"}}],\"inLanguage\":\"pl-PL\"}]}<\/script>\n<!-- \/ Yoast SEO Premium plugin. -->","yoast_head_json":{"title":"Program Lojalno\u015bciowy Terravision | Terravision Polska","robots":{"index":"index","follow":"follow","max-snippet":"max-snippet:-1","max-image-preview":"max-image-preview:large","max-video-preview":"max-video-preview:-1"},"canonical":"https:\/\/www.terravision.eu\/pl\/program-lojalnosciowy-terravision.html","og_locale":"pl_PL","og_type":"article","og_title":"Program Lojalno\u015bciowy Terravision","og_description":"Zarejestruj si\u0119 na stronie Terravision i zbieraj punkty za ka\u017cd\u0105 rezerwacj\u0119! Ka\u017cdy posiadacz konta Terravision jest automatycznie zapisywany do Programu Lojalno\u015bciowego i gromadzi punkty za swoje zakupy. Pami\u0119taj, \u017ce 1 \u20ac = 1 punkt! Uwaga! Program jest adresowany do u\u017cytkownik\u00f3w, kt\u00f3rzy posiadaj\u0105 konto Standard na stronie Terravision. W\u0142a\u015bciciele kont afiliacyjnych i dla agent\u00f3w nie mog\u0105 [&hellip;]","og_url":"https:\/\/www.terravision.eu\/pl\/program-lojalnosciowy-terravision.html","og_site_name":"Terravision Polska","article_modified_time":"2023-04-04T09:05:34+00:00","twitter_misc":{"Szacowany czas czytania":"1 minute"},"schema":{"@context":"https:\/\/schema.org","@graph":[{"@type":"WebPage","@id":"https:\/\/www.terravision.eu\/pl\/program-lojalnosciowy-terravision.html","url":"https:\/\/www.terravision.eu\/pl\/program-lojalnosciowy-terravision.html","name":"Program Lojalno\u015bciowy Terravision | Terravision Polska","isPartOf":{"@id":"https:\/\/www.terravision.eu\/pl\/#website"},"datePublished":"2020-06-16T10:36:21+00:00","dateModified":"2023-04-04T09:05:34+00:00","breadcrumb":{"@id":"https:\/\/www.terravision.eu\/pl\/program-lojalnosciowy-terravision.html#breadcrumb"},"inLanguage":"pl-PL","potentialAction":[{"@type":"ReadAction","target":["https:\/\/www.terravision.eu\/pl\/program-lojalnosciowy-terravision.html"]}]},{"@type":"BreadcrumbList","@id":"https:\/\/www.terravision.eu\/pl\/program-lojalnosciowy-terravision.html#breadcrumb","itemListElement":[{"@type":"ListItem","position":1,"name":"Home","item":"https:\/\/www.terravision.eu\/pl\/"},{"@type":"ListItem","position":2,"name":"Program Lojalno\u015bciowy Terravision"}]},{"@type":"WebSite","@id":"https:\/\/www.terravision.eu\/pl\/#website","url":"https:\/\/www.terravision.eu\/pl\/","name":"Terravision Polska","description":"Tanie po\u0142\u0105czenia z\/do g\u0142\u00f3wnych lotnisk w Europie","potentialAction":[{"@type":"SearchAction","target":{"@type":"EntryPoint","urlTemplate":"https:\/\/www.terravision.eu\/pl\/?s={search_term_string}"},"query-input":{"@type":"PropertyValueSpecification","valueRequired":true,"valueName":"search_term_string"}}],"inLanguage":"pl-PL"}]}},"_links":{"self":[{"href":"https:\/\/www.terravision.eu\/pl\/wp-json\/wp\/v2\/pages\/16297","targetHints":{"allow":["GET"]}}],"collection":[{"href":"https:\/\/www.terravision.eu\/pl\/wp-json\/wp\/v2\/pages"}],"about":[{"href":"https:\/\/www.terravision.eu\/pl\/wp-json\/wp\/v2\/types\/page"}],"author":[{"embeddable":true,"href":"https:\/\/www.terravision.eu\/pl\/wp-json\/wp\/v2\/users\/131"}],"replies":[{"embeddable":true,"href":"https:\/\/www.terravision.eu\/pl\/wp-json\/wp\/v2\/comments?post=16297"}],"version-history":[{"count":11,"href":"https:\/\/www.terravision.eu\/pl\/wp-json\/wp\/v2\/pages\/16297\/revisions"}],"predecessor-version":[{"id":16728,"href":"https:\/\/www.terravision.eu\/pl\/wp-json\/wp\/v2\/pages\/16297\/revisions\/16728"}],"wp:attachment":[{"href":"https:\/\/www.terravision.eu\/pl\/wp-json\/wp\/v2\/media?parent=16297"}],"curies":[{"name":"wp","href":"https:\/\/api.w.org\/{rel}","templated":true}]}}