{"id":167,"date":"2012-08-08T10:53:01","date_gmt":"2012-08-08T10:53:01","guid":{"rendered":"https:\/\/www.terravision.eu\/?page_id=2030"},"modified":"2012-08-08T10:53:01","modified_gmt":"2012-08-08T10:53:01","slug":"travel_milan","status":"publish","type":"page","link":"https:\/\/www.terravision.eu\/pl\/travel_milan.html","title":{"rendered":"Podr\u00f3\u017c do Mediolanu"},"content":{"rendered":"<div id=\"article-single\">\n<p>Mediolan jest cz\u0119sto okre\u015blany \u201etwarz\u0105 nowoczesnych W\u0142och\u201d, gdy\u017c stanowi on prawdziwe centrum kreatywno\u015bci i innowacji, szczyc\u0105ce si\u0119 konkurencyjn\u0105 dzia\u0142alno\u015bci\u0105 przemys\u0142ow\u0105 i finansow\u0105, jak r\u00f3wnie\u017c intensywnym \u017cyciem kulturalnym. Ka\u017cdego roku miasto przyci\u0105ga ponad dwa miliony odwiedzaj\u0105cych, zar\u00f3wno w celach turystycznych i rekreacyjnych, jak i edukacyjnych &#8211; posiadaj\u0105c instytucje zapewniaj\u0105ce jedne z najlepszych program\u00f3w edukacyjnych na \u015bwiecie.<br \/>\n<strong><\/strong><\/p>\n<p><strong>G\u0142\u00f3wne atrakcje Mediolanu<\/strong>:<br \/>\n&#8220;Duomo&#8221;<br \/>\nKatedra w Mediolanie, czwarta co do wielko\u015bci katedra na \u015bwiecie,<br \/>\nKo\u015bci\u00f3\u0142 Santa Maria delle Grazie, wpisany na list\u0119 \u015awiatowego Dziedzictwa UNESCO, ozdobiony obrazami Leonardo da Vinci,<br \/>\nSantuario Basilica di Sant&#8217;Ambrogio (Bazylika \u015bw. Ambro\u017cego)<br \/>\nSantuario Santa Maria dei Miracoli, obok Obserwatorium Astronomicznego San Celso Brera<br \/>\nZamek Sforz\u00f3w<br \/>\nGalleria Vittorio Emanuele II<br \/>\nTeatro alla Scala<br \/>\nPinacoteca di Brera, jedna z najwa\u017cniejszych galerii sztuki w Mediolanie<br \/>\nStadion San Siro, kt\u00f3rego gospodarzami s\u0105 s\u0142ynne dru\u017cyny  pi\u0142ki no\u017cnej AC Milan i FC Internazionale Milan<\/p>\n<p><strong>Mediolan, jedna ze stolic \u015bwiata mody<\/strong>:<br \/>\nTutaj swoje siedziby maj\u0105 niekt\u00f3re z najlepszych marek oraz projektant\u00f3w, w tym: Valentino, Gucci, Versace, Prada, Armani, Dolce &amp; Gabbana, za\u015b znana impreza Milan Fashion Week odbywa si\u0119 dwa razy w roku (luty-marzec \/ wrzesie\u0144-pa\u017adziernik).<\/p>\n<\/div>\n","protected":false},"excerpt":{"rendered":"<p>Mediolan jest cz\u0119sto okre\u015blany \u201etwarz\u0105 nowoczesnych W\u0142och\u201d, gdy\u017c stanowi on prawdziwe centrum kreatywno\u015bci i innowacji, szczyc\u0105ce si\u0119 konkurencyjn\u0105 dzia\u0142alno\u015bci\u0105 przemys\u0142ow\u0105 i finansow\u0105, jak r\u00f3wnie\u017c intensywnym \u017cyciem kulturalnym. Ka\u017cdego roku miasto przyci\u0105ga ponad dwa miliony odwiedzaj\u0105cych, zar\u00f3wno w celach turystycznych i rekreacyjnych, jak i edukacyjnych &#8211; posiadaj\u0105c instytucje zapewniaj\u0105ce jedne z najlepszych program\u00f3w edukacyjnych na \u015bwiecie. [&hellip;]<\/p>\n","protected":false},"author":1,"featured_media":0,"parent":0,"menu_order":0,"comment_status":"open","ping_status":"open","template":"","meta":{"footnotes":""},"class_list":["post-167","page","type-page","status-publish","hentry"],"yoast_head":"<!-- This site is optimized with the Yoast SEO Premium plugin v24.4 (Yoast SEO v24.4) - https:\/\/yoast.com\/wordpress\/plugins\/seo\/ -->\n<title>Podr\u00f3? do Mediolanu | Terravision<\/title>\n<meta name=\"description\" content=\"Podr\u00f3\u017c do Mediolanu - przydatne informacje dotycz\u0105ce podr\u00f3\u017cy do Mediolanu: muzea, najwi\u0119ksze atrakcje Mediolanu, wycieczki, ciekawostki, wskaz\u00f3wki dla wielbicieli mody\" \/>\n<meta name=\"robots\" content=\"index, follow, max-snippet:-1, max-image-preview:large, max-video-preview:-1\" \/>\n<link rel=\"canonical\" href=\"https:\/\/www.terravision.eu\/pl\/travel_milan.html\" \/>\n<meta property=\"og:locale\" content=\"pl_PL\" \/>\n<meta property=\"og:type\" content=\"article\" \/>\n<meta property=\"og:title\" content=\"Podr\u00f3\u017c do Mediolanu\" \/>\n<meta property=\"og:description\" content=\"Podr\u00f3\u017c do Mediolanu - przydatne informacje dotycz\u0105ce podr\u00f3\u017cy do Mediolanu: muzea, najwi\u0119ksze atrakcje Mediolanu, wycieczki, ciekawostki, wskaz\u00f3wki dla wielbicieli mody\" \/>\n<meta property=\"og:url\" content=\"https:\/\/www.terravision.eu\/pl\/travel_milan.html\" \/>\n<meta property=\"og:site_name\" content=\"Terravision Polska\" \/>\n<meta name=\"twitter:label1\" content=\"Szacowany czas czytania\" \/>\n\t<meta name=\"twitter:data1\" content=\"1 minute\" \/>\n<script type=\"application\/ld+json\" class=\"yoast-schema-graph\">{\"@context\":\"https:\/\/schema.org\",\"@graph\":[{\"@type\":\"WebPage\",\"@id\":\"https:\/\/www.terravision.eu\/pl\/travel_milan.html\",\"url\":\"https:\/\/www.terravision.eu\/pl\/travel_milan.html\",\"name\":\"Podr\u00f3? do Mediolanu | Terravision\",\"isPartOf\":{\"@id\":\"https:\/\/www.terravision.eu\/pl\/#website\"},\"datePublished\":\"2012-08-08T10:53:01+00:00\",\"description\":\"Podr\u00f3\u017c do Mediolanu - przydatne informacje dotycz\u0105ce podr\u00f3\u017cy do Mediolanu: muzea, najwi\u0119ksze atrakcje Mediolanu, wycieczki, ciekawostki, wskaz\u00f3wki dla wielbicieli mody\",\"breadcrumb\":{\"@id\":\"https:\/\/www.terravision.eu\/pl\/travel_milan.html#breadcrumb\"},\"inLanguage\":\"pl-PL\",\"potentialAction\":[{\"@type\":\"ReadAction\",\"target\":[\"https:\/\/www.terravision.eu\/pl\/travel_milan.html\"]}]},{\"@type\":\"BreadcrumbList\",\"@id\":\"https:\/\/www.terravision.eu\/pl\/travel_milan.html#breadcrumb\",\"itemListElement\":[{\"@type\":\"ListItem\",\"position\":1,\"name\":\"Home\",\"item\":\"https:\/\/www.terravision.eu\/pl\/\"},{\"@type\":\"ListItem\",\"position\":2,\"name\":\"Podr\u00f3\u017c do Mediolanu\"}]},{\"@type\":\"WebSite\",\"@id\":\"https:\/\/www.terravision.eu\/pl\/#website\",\"url\":\"https:\/\/www.terravision.eu\/pl\/\",\"name\":\"Terravision Polska\",\"description\":\"Tanie po\u0142\u0105czenia z\/do g\u0142\u00f3wnych lotnisk w Europie\",\"potentialAction\":[{\"@type\":\"SearchAction\",\"target\":{\"@type\":\"EntryPoint\",\"urlTemplate\":\"https:\/\/www.terravision.eu\/pl\/?s={search_term_string}\"},\"query-input\":{\"@type\":\"PropertyValueSpecification\",\"valueRequired\":true,\"valueName\":\"search_term_string\"}}],\"inLanguage\":\"pl-PL\"}]}<\/script>\n<!-- \/ Yoast SEO Premium plugin. -->","yoast_head_json":{"title":"Podr\u00f3? do Mediolanu | Terravision","description":"Podr\u00f3\u017c do Mediolanu - przydatne informacje dotycz\u0105ce podr\u00f3\u017cy do Mediolanu: muzea, najwi\u0119ksze atrakcje Mediolanu, wycieczki, ciekawostki, wskaz\u00f3wki dla wielbicieli mody","robots":{"index":"index","follow":"follow","max-snippet":"max-snippet:-1","max-image-preview":"max-image-preview:large","max-video-preview":"max-video-preview:-1"},"canonical":"https:\/\/www.terravision.eu\/pl\/travel_milan.html","og_locale":"pl_PL","og_type":"article","og_title":"Podr\u00f3\u017c do Mediolanu","og_description":"Podr\u00f3\u017c do Mediolanu - przydatne informacje dotycz\u0105ce podr\u00f3\u017cy do Mediolanu: muzea, najwi\u0119ksze atrakcje Mediolanu, wycieczki, ciekawostki, wskaz\u00f3wki dla wielbicieli mody","og_url":"https:\/\/www.terravision.eu\/pl\/travel_milan.html","og_site_name":"Terravision Polska","twitter_misc":{"Szacowany czas czytania":"1 minute"},"schema":{"@context":"https:\/\/schema.org","@graph":[{"@type":"WebPage","@id":"https:\/\/www.terravision.eu\/pl\/travel_milan.html","url":"https:\/\/www.terravision.eu\/pl\/travel_milan.html","name":"Podr\u00f3? do Mediolanu | Terravision","isPartOf":{"@id":"https:\/\/www.terravision.eu\/pl\/#website"},"datePublished":"2012-08-08T10:53:01+00:00","description":"Podr\u00f3\u017c do Mediolanu - przydatne informacje dotycz\u0105ce podr\u00f3\u017cy do Mediolanu: muzea, najwi\u0119ksze atrakcje Mediolanu, wycieczki, ciekawostki, wskaz\u00f3wki dla wielbicieli mody","breadcrumb":{"@id":"https:\/\/www.terravision.eu\/pl\/travel_milan.html#breadcrumb"},"inLanguage":"pl-PL","potentialAction":[{"@type":"ReadAction","target":["https:\/\/www.terravision.eu\/pl\/travel_milan.html"]}]},{"@type":"BreadcrumbList","@id":"https:\/\/www.terravision.eu\/pl\/travel_milan.html#breadcrumb","itemListElement":[{"@type":"ListItem","position":1,"name":"Home","item":"https:\/\/www.terravision.eu\/pl\/"},{"@type":"ListItem","position":2,"name":"Podr\u00f3\u017c do Mediolanu"}]},{"@type":"WebSite","@id":"https:\/\/www.terravision.eu\/pl\/#website","url":"https:\/\/www.terravision.eu\/pl\/","name":"Terravision Polska","description":"Tanie po\u0142\u0105czenia z\/do g\u0142\u00f3wnych lotnisk w Europie","potentialAction":[{"@type":"SearchAction","target":{"@type":"EntryPoint","urlTemplate":"https:\/\/www.terravision.eu\/pl\/?s={search_term_string}"},"query-input":{"@type":"PropertyValueSpecification","valueRequired":true,"valueName":"search_term_string"}}],"inLanguage":"pl-PL"}]}},"_links":{"self":[{"href":"https:\/\/www.terravision.eu\/pl\/wp-json\/wp\/v2\/pages\/167","targetHints":{"allow":["GET"]}}],"collection":[{"href":"https:\/\/www.terravision.eu\/pl\/wp-json\/wp\/v2\/pages"}],"about":[{"href":"https:\/\/www.terravision.eu\/pl\/wp-json\/wp\/v2\/types\/page"}],"author":[{"embeddable":true,"href":"https:\/\/www.terravision.eu\/pl\/wp-json\/wp\/v2\/users\/1"}],"replies":[{"embeddable":true,"href":"https:\/\/www.terravision.eu\/pl\/wp-json\/wp\/v2\/comments?post=167"}],"version-history":[{"count":0,"href":"https:\/\/www.terravision.eu\/pl\/wp-json\/wp\/v2\/pages\/167\/revisions"}],"wp:attachment":[{"href":"https:\/\/www.terravision.eu\/pl\/wp-json\/wp\/v2\/media?parent=167"}],"curies":[{"name":"wp","href":"https:\/\/api.w.org\/{rel}","templated":true}]}}