{"id":16736,"date":"2023-04-17T14:49:29","date_gmt":"2023-04-17T14:49:29","guid":{"rendered":"https:\/\/www.terravision.eu\/pl\/?page_id=16736"},"modified":"2023-04-17T14:49:29","modified_gmt":"2023-04-17T14:49:29","slug":"newsletter","status":"publish","type":"page","link":"https:\/\/www.terravision.eu\/pl\/newsletter.html","title":{"rendered":"Newsletter"},"content":{"rendered":"<p style=\"text-align: left;\"><span style=\"color: #e5007e;\"><span style=\"font-size: x-large;\"><strong> Chcesz by\u0107 na bie\u017c\u0105co i i otrzymywa\u0107 informacje o naszych us\u0142ugach i promocjach?<\/strong><\/span><\/span><\/p>\n<p style=\"text-align: left Zapisz si\u0119 do newslettera!<\/p>\n<p style=\"text-align: left;\"> Informujemy o nowo\u015bciach w sektorze turystycznym, promocjach dost\u0119pnych na naszej stronie, przesy\u0142amy kody zni\u017ckowe.<\/p>\n<p style=\"text-align: left;\"> Wysy\u0142amy nasze newslettery (\u015brednio) co dwa miesi\u0105ce.<\/p>\n<p style=\"text-align: left;\"> Oto przyk\u0142adowy newsletter, kt\u00f3ry mo\u017cesz otrzyma\u0107: <\/p>\n<p><img decoding=\"async\" class=\"aligncenter\" src=\"https:\/\/www.terravision.eu\/wp-content\/blogs.dir\/9\/files\/2023\/04\/canva_newsletter2.png\" alt=\"Terravision ewsletter \" \/><\/p>\n<p>Kliknij tutaj i subskrybuj<\/p>\n<p style=\"text-align: centre; text-align: center\"><a href=\"https:\/\/book.terravision.eu\/pl\/register\"><img decoding=\"async\" class=\"aligncentre aligncenter\" src=\"https:\/\/www.terravision.eu\/wp-content\/blogs.dir\/9\/files\/2023\/04\/click-to-subscribe.png\" \/><\/a><\/p>\n","protected":false},"excerpt":{"rendered":"<p>Chcesz by\u0107 na bie\u017c\u0105co i i otrzymywa\u0107 informacje o naszych us\u0142ugach i promocjach?<\/p>\n","protected":false},"author":131,"featured_media":0,"parent":0,"menu_order":0,"comment_status":"closed","ping_status":"closed","template":"","meta":{"footnotes":""},"class_list":["post-16736","page","type-page","status-publish","hentry"],"yoast_head":"<!-- This site is optimized with the Yoast SEO Premium plugin v24.4 (Yoast SEO v24.4) - https:\/\/yoast.com\/wordpress\/plugins\/seo\/ -->\n<title>Newsletter | Terravision Polska<\/title>\n<meta name=\"robots\" content=\"index, follow, max-snippet:-1, max-image-preview:large, max-video-preview:-1\" \/>\n<link rel=\"canonical\" href=\"https:\/\/www.terravision.eu\/pl\/newsletter.html\" \/>\n<meta property=\"og:locale\" content=\"pl_PL\" \/>\n<meta property=\"og:type\" content=\"article\" \/>\n<meta property=\"og:title\" content=\"Newsletter\" \/>\n<meta property=\"og:description\" content=\"Chcesz by\u0107 na bie\u017c\u0105co i i otrzymywa\u0107 informacje o naszych us\u0142ugach i promocjach?\" \/>\n<meta property=\"og:url\" content=\"https:\/\/www.terravision.eu\/pl\/newsletter.html\" \/>\n<meta property=\"og:site_name\" content=\"Terravision Polska\" \/>\n<meta property=\"og:image\" content=\"https:\/\/www.terravision.eu\/wp-content\/blogs.dir\/9\/files\/2023\/04\/canva_newsletter2.png\" \/>\n<script type=\"application\/ld+json\" class=\"yoast-schema-graph\">{\"@context\":\"https:\/\/schema.org\",\"@graph\":[{\"@type\":\"WebPage\",\"@id\":\"https:\/\/www.terravision.eu\/pl\/newsletter.html\",\"url\":\"https:\/\/www.terravision.eu\/pl\/newsletter.html\",\"name\":\"Newsletter | Terravision Polska\",\"isPartOf\":{\"@id\":\"https:\/\/www.terravision.eu\/pl\/#website\"},\"primaryImageOfPage\":{\"@id\":\"https:\/\/www.terravision.eu\/pl\/newsletter.html#primaryimage\"},\"image\":{\"@id\":\"https:\/\/www.terravision.eu\/pl\/newsletter.html#primaryimage\"},\"thumbnailUrl\":\"https:\/\/www.terravision.eu\/wp-content\/blogs.dir\/9\/files\/2023\/04\/canva_newsletter2.png\",\"datePublished\":\"2023-04-17T14:49:29+00:00\",\"breadcrumb\":{\"@id\":\"https:\/\/www.terravision.eu\/pl\/newsletter.html#breadcrumb\"},\"inLanguage\":\"pl-PL\",\"potentialAction\":[{\"@type\":\"ReadAction\",\"target\":[\"https:\/\/www.terravision.eu\/pl\/newsletter.html\"]}]},{\"@type\":\"ImageObject\",\"inLanguage\":\"pl-PL\",\"@id\":\"https:\/\/www.terravision.eu\/pl\/newsletter.html#primaryimage\",\"url\":\"https:\/\/www.terravision.eu\/wp-content\/blogs.dir\/9\/files\/2023\/04\/canva_newsletter2.png\",\"contentUrl\":\"https:\/\/www.terravision.eu\/wp-content\/blogs.dir\/9\/files\/2023\/04\/canva_newsletter2.png\"},{\"@type\":\"BreadcrumbList\",\"@id\":\"https:\/\/www.terravision.eu\/pl\/newsletter.html#breadcrumb\",\"itemListElement\":[{\"@type\":\"ListItem\",\"position\":1,\"name\":\"Home\",\"item\":\"https:\/\/www.terravision.eu\/pl\/\"},{\"@type\":\"ListItem\",\"position\":2,\"name\":\"Newsletter\"}]},{\"@type\":\"WebSite\",\"@id\":\"https:\/\/www.terravision.eu\/pl\/#website\",\"url\":\"https:\/\/www.terravision.eu\/pl\/\",\"name\":\"Terravision Polska\",\"description\":\"Tanie po\u0142\u0105czenia z\/do g\u0142\u00f3wnych lotnisk w Europie\",\"potentialAction\":[{\"@type\":\"SearchAction\",\"target\":{\"@type\":\"EntryPoint\",\"urlTemplate\":\"https:\/\/www.terravision.eu\/pl\/?s={search_term_string}\"},\"query-input\":{\"@type\":\"PropertyValueSpecification\",\"valueRequired\":true,\"valueName\":\"search_term_string\"}}],\"inLanguage\":\"pl-PL\"}]}<\/script>\n<!-- \/ Yoast SEO Premium plugin. -->","yoast_head_json":{"title":"Newsletter | Terravision Polska","robots":{"index":"index","follow":"follow","max-snippet":"max-snippet:-1","max-image-preview":"max-image-preview:large","max-video-preview":"max-video-preview:-1"},"canonical":"https:\/\/www.terravision.eu\/pl\/newsletter.html","og_locale":"pl_PL","og_type":"article","og_title":"Newsletter","og_description":"Chcesz by\u0107 na bie\u017c\u0105co i i otrzymywa\u0107 informacje o naszych us\u0142ugach i promocjach?","og_url":"https:\/\/www.terravision.eu\/pl\/newsletter.html","og_site_name":"Terravision Polska","og_image":[{"url":"https:\/\/www.terravision.eu\/wp-content\/blogs.dir\/9\/files\/2023\/04\/canva_newsletter2.png","type":"","width":"","height":""}],"schema":{"@context":"https:\/\/schema.org","@graph":[{"@type":"WebPage","@id":"https:\/\/www.terravision.eu\/pl\/newsletter.html","url":"https:\/\/www.terravision.eu\/pl\/newsletter.html","name":"Newsletter | Terravision Polska","isPartOf":{"@id":"https:\/\/www.terravision.eu\/pl\/#website"},"primaryImageOfPage":{"@id":"https:\/\/www.terravision.eu\/pl\/newsletter.html#primaryimage"},"image":{"@id":"https:\/\/www.terravision.eu\/pl\/newsletter.html#primaryimage"},"thumbnailUrl":"https:\/\/www.terravision.eu\/wp-content\/blogs.dir\/9\/files\/2023\/04\/canva_newsletter2.png","datePublished":"2023-04-17T14:49:29+00:00","breadcrumb":{"@id":"https:\/\/www.terravision.eu\/pl\/newsletter.html#breadcrumb"},"inLanguage":"pl-PL","potentialAction":[{"@type":"ReadAction","target":["https:\/\/www.terravision.eu\/pl\/newsletter.html"]}]},{"@type":"ImageObject","inLanguage":"pl-PL","@id":"https:\/\/www.terravision.eu\/pl\/newsletter.html#primaryimage","url":"https:\/\/www.terravision.eu\/wp-content\/blogs.dir\/9\/files\/2023\/04\/canva_newsletter2.png","contentUrl":"https:\/\/www.terravision.eu\/wp-content\/blogs.dir\/9\/files\/2023\/04\/canva_newsletter2.png"},{"@type":"BreadcrumbList","@id":"https:\/\/www.terravision.eu\/pl\/newsletter.html#breadcrumb","itemListElement":[{"@type":"ListItem","position":1,"name":"Home","item":"https:\/\/www.terravision.eu\/pl\/"},{"@type":"ListItem","position":2,"name":"Newsletter"}]},{"@type":"WebSite","@id":"https:\/\/www.terravision.eu\/pl\/#website","url":"https:\/\/www.terravision.eu\/pl\/","name":"Terravision Polska","description":"Tanie po\u0142\u0105czenia z\/do g\u0142\u00f3wnych lotnisk w Europie","potentialAction":[{"@type":"SearchAction","target":{"@type":"EntryPoint","urlTemplate":"https:\/\/www.terravision.eu\/pl\/?s={search_term_string}"},"query-input":{"@type":"PropertyValueSpecification","valueRequired":true,"valueName":"search_term_string"}}],"inLanguage":"pl-PL"}]}},"_links":{"self":[{"href":"https:\/\/www.terravision.eu\/pl\/wp-json\/wp\/v2\/pages\/16736","targetHints":{"allow":["GET"]}}],"collection":[{"href":"https:\/\/www.terravision.eu\/pl\/wp-json\/wp\/v2\/pages"}],"about":[{"href":"https:\/\/www.terravision.eu\/pl\/wp-json\/wp\/v2\/types\/page"}],"author":[{"embeddable":true,"href":"https:\/\/www.terravision.eu\/pl\/wp-json\/wp\/v2\/users\/131"}],"replies":[{"embeddable":true,"href":"https:\/\/www.terravision.eu\/pl\/wp-json\/wp\/v2\/comments?post=16736"}],"version-history":[{"count":2,"href":"https:\/\/www.terravision.eu\/pl\/wp-json\/wp\/v2\/pages\/16736\/revisions"}],"predecessor-version":[{"id":16738,"href":"https:\/\/www.terravision.eu\/pl\/wp-json\/wp\/v2\/pages\/16736\/revisions\/16738"}],"wp:attachment":[{"href":"https:\/\/www.terravision.eu\/pl\/wp-json\/wp\/v2\/media?parent=16736"}],"curies":[{"name":"wp","href":"https:\/\/api.w.org\/{rel}","templated":true}]}}