{"id":193,"date":"2012-08-09T13:08:02","date_gmt":"2012-08-09T13:08:02","guid":{"rendered":"https:\/\/www.terravision.eu\/?page_id=2066"},"modified":"2020-04-01T05:36:53","modified_gmt":"2020-04-01T05:36:53","slug":"get_to_london","status":"publish","type":"page","link":"https:\/\/www.terravision.eu\/pl\/get_to_london.html","title":{"rendered":"Jak dosta\u0107 si\u0119 do Londynu?"},"content":{"rendered":"<div id=\"article-single\">\n<div class=\"title\">Podr\u00f3\u017c do Londynu<\/div>\n<p><strong>Jak dosta\u0107 si\u0119 do Londynu?<\/strong> <strong>Samolotem<\/strong>: Londyn jest po\u0142\u0105czony z Europ\u0105 kontynentaln\u0105 i reszt\u0105 \u015bwiata za po\u015brednictwem jego g\u0142\u00f3wnych port\u00f3w lotniczych: Mi\u0119dzynarodowe porty lotnicze &#8211; Heathrow i Gatwick Lotniska tanich linii lotniczych &#8211; Luton i Stansted <strong>Samochodem<\/strong>: Dojazd do Londynu jest \u0142atwy dzi\u0119ki rozwini\u0119tej sieci autostrad: M1- M2 \u2013 M3 \u2013 M4 \u2013 M11 \u2013 M20 \u2013 M23 \u2013 M25 i M40 oraz wiele dr\u00f3g typu \u201eA\u201d. Ka\u017cda autostrada \u0142\u0105czy si\u0119 nast\u0119pnie z g\u0142\u00f3wn\u0105 obwodnic\u0105 M25, co u\u0142atwia dojazd do centrum miasta. <strong>Poci\u0105giem<\/strong>: Podr\u00f3\u017cuj\u0105c z Europy kontynentalnej: poci\u0105gi Eurostar oraz Eurotunnel Podr\u00f3\u017cuj\u0105c z innych region\u00f3w Wielkiej Brytanii, Walii i Szkocji: bardzo dobrze rozwini\u0119ta sie\u0107 kolejowa. Odleg\u0142o\u015b\u0107 od g\u0142\u00f3wnych miast: Birmingham: 1 godz. 30 min. Manchester: 2 godz. 15 min. Newcastle: 3 godz. Edynburg: 4 godz. 30 min. Glasgow: 5 godz. <strong>Promem<\/strong>: Do Londynu mo\u017cna r\u00f3wnie\u017c dosta\u0107 si\u0119 za po\u015brednictwem statku oraz promu, a nast\u0119pnie poci\u0105giem lub autokarem z wybrze\u017ca do centrum miasta. G\u0142\u00f3wne promowe porty morskie: Dover, Folkestone, Harwich, Ramsgate, Newhaven. <strong>Wskaz\u00f3wka dla podr\u00f3\u017cuj\u0105cych tanio<\/strong>: Po przyje\u017adzie do Londynu warto zakupi\u0107 kart\u0119 Oyster Card, dzi\u0119ki kt\u00f3rej mo\u017cna zaoszcz\u0119dzi\u0107 na codziennych podr\u00f3\u017cach autobusami i metrem.<\/div>\n","protected":false},"excerpt":{"rendered":"<p>Podr\u00f3\u017c do Londynu Jak dosta\u0107 si\u0119 do Londynu? Samolotem: Londyn jest po\u0142\u0105czony z Europ\u0105 kontynentaln\u0105 i reszt\u0105 \u015bwiata za po\u015brednictwem jego g\u0142\u00f3wnych port\u00f3w lotniczych: Mi\u0119dzynarodowe porty lotnicze &#8211; Heathrow i Gatwick Lotniska tanich linii lotniczych &#8211; Luton i Stansted Samochodem: Dojazd do Londynu jest \u0142atwy dzi\u0119ki rozwini\u0119tej sieci autostrad: M1- M2 \u2013 M3 \u2013 M4 [&hellip;]<\/p>\n","protected":false},"author":1,"featured_media":0,"parent":0,"menu_order":0,"comment_status":"open","ping_status":"open","template":"","meta":{"footnotes":""},"class_list":["post-193","page","type-page","status-publish","hentry"],"yoast_head":"<!-- This site is optimized with the Yoast SEO Premium plugin v24.4 (Yoast SEO v24.4) - https:\/\/yoast.com\/wordpress\/plugins\/seo\/ -->\n<title>Jak dosta\u0107 si\u0119 do Londynu? | Terravision<\/title>\n<meta name=\"description\" content=\"Jak dosta\u0107 si\u0119 do Londynu? Informacje o tym, jak dosta\u0107 si\u0119 do Londynu promem, samolotem, samochodem lub poci\u0105giem. Wskaz\u00f3wki dotycz\u0105ce podr\u00f3\u017cy do Londynu\" \/>\n<meta name=\"robots\" content=\"index, follow, max-snippet:-1, max-image-preview:large, max-video-preview:-1\" \/>\n<link rel=\"canonical\" href=\"https:\/\/www.terravision.eu\/pl\/get_to_london.html\" \/>\n<meta property=\"og:locale\" content=\"pl_PL\" \/>\n<meta property=\"og:type\" content=\"article\" \/>\n<meta property=\"og:title\" content=\"Jak dosta\u0107 si\u0119 do Londynu?\" \/>\n<meta property=\"og:description\" content=\"Jak dosta\u0107 si\u0119 do Londynu? Informacje o tym, jak dosta\u0107 si\u0119 do Londynu promem, samolotem, samochodem lub poci\u0105giem. Wskaz\u00f3wki dotycz\u0105ce podr\u00f3\u017cy do Londynu\" \/>\n<meta property=\"og:url\" content=\"https:\/\/www.terravision.eu\/pl\/get_to_london.html\" \/>\n<meta property=\"og:site_name\" content=\"Terravision Polska\" \/>\n<meta property=\"article:modified_time\" content=\"2020-04-01T05:36:53+00:00\" \/>\n<meta name=\"twitter:label1\" content=\"Szacowany czas czytania\" \/>\n\t<meta name=\"twitter:data1\" content=\"1 minute\" \/>\n<script type=\"application\/ld+json\" class=\"yoast-schema-graph\">{\"@context\":\"https:\/\/schema.org\",\"@graph\":[{\"@type\":\"WebPage\",\"@id\":\"https:\/\/www.terravision.eu\/pl\/get_to_london.html\",\"url\":\"https:\/\/www.terravision.eu\/pl\/get_to_london.html\",\"name\":\"Jak dosta\u0107 si\u0119 do Londynu? | Terravision\",\"isPartOf\":{\"@id\":\"https:\/\/www.terravision.eu\/pl\/#website\"},\"datePublished\":\"2012-08-09T13:08:02+00:00\",\"dateModified\":\"2020-04-01T05:36:53+00:00\",\"description\":\"Jak dosta\u0107 si\u0119 do Londynu? Informacje o tym, jak dosta\u0107 si\u0119 do Londynu promem, samolotem, samochodem lub poci\u0105giem. Wskaz\u00f3wki dotycz\u0105ce podr\u00f3\u017cy do Londynu\",\"breadcrumb\":{\"@id\":\"https:\/\/www.terravision.eu\/pl\/get_to_london.html#breadcrumb\"},\"inLanguage\":\"pl-PL\",\"potentialAction\":[{\"@type\":\"ReadAction\",\"target\":[\"https:\/\/www.terravision.eu\/pl\/get_to_london.html\"]}]},{\"@type\":\"BreadcrumbList\",\"@id\":\"https:\/\/www.terravision.eu\/pl\/get_to_london.html#breadcrumb\",\"itemListElement\":[{\"@type\":\"ListItem\",\"position\":1,\"name\":\"Home\",\"item\":\"https:\/\/www.terravision.eu\/pl\/\"},{\"@type\":\"ListItem\",\"position\":2,\"name\":\"Jak dosta\u0107 si\u0119 do Londynu?\"}]},{\"@type\":\"WebSite\",\"@id\":\"https:\/\/www.terravision.eu\/pl\/#website\",\"url\":\"https:\/\/www.terravision.eu\/pl\/\",\"name\":\"Terravision Polska\",\"description\":\"Tanie po\u0142\u0105czenia z\/do g\u0142\u00f3wnych lotnisk w Europie\",\"potentialAction\":[{\"@type\":\"SearchAction\",\"target\":{\"@type\":\"EntryPoint\",\"urlTemplate\":\"https:\/\/www.terravision.eu\/pl\/?s={search_term_string}\"},\"query-input\":{\"@type\":\"PropertyValueSpecification\",\"valueRequired\":true,\"valueName\":\"search_term_string\"}}],\"inLanguage\":\"pl-PL\"}]}<\/script>\n<!-- \/ Yoast SEO Premium plugin. -->","yoast_head_json":{"title":"Jak dosta\u0107 si\u0119 do Londynu? | Terravision","description":"Jak dosta\u0107 si\u0119 do Londynu? Informacje o tym, jak dosta\u0107 si\u0119 do Londynu promem, samolotem, samochodem lub poci\u0105giem. Wskaz\u00f3wki dotycz\u0105ce podr\u00f3\u017cy do Londynu","robots":{"index":"index","follow":"follow","max-snippet":"max-snippet:-1","max-image-preview":"max-image-preview:large","max-video-preview":"max-video-preview:-1"},"canonical":"https:\/\/www.terravision.eu\/pl\/get_to_london.html","og_locale":"pl_PL","og_type":"article","og_title":"Jak dosta\u0107 si\u0119 do Londynu?","og_description":"Jak dosta\u0107 si\u0119 do Londynu? Informacje o tym, jak dosta\u0107 si\u0119 do Londynu promem, samolotem, samochodem lub poci\u0105giem. Wskaz\u00f3wki dotycz\u0105ce podr\u00f3\u017cy do Londynu","og_url":"https:\/\/www.terravision.eu\/pl\/get_to_london.html","og_site_name":"Terravision Polska","article_modified_time":"2020-04-01T05:36:53+00:00","twitter_misc":{"Szacowany czas czytania":"1 minute"},"schema":{"@context":"https:\/\/schema.org","@graph":[{"@type":"WebPage","@id":"https:\/\/www.terravision.eu\/pl\/get_to_london.html","url":"https:\/\/www.terravision.eu\/pl\/get_to_london.html","name":"Jak dosta\u0107 si\u0119 do Londynu? | Terravision","isPartOf":{"@id":"https:\/\/www.terravision.eu\/pl\/#website"},"datePublished":"2012-08-09T13:08:02+00:00","dateModified":"2020-04-01T05:36:53+00:00","description":"Jak dosta\u0107 si\u0119 do Londynu? Informacje o tym, jak dosta\u0107 si\u0119 do Londynu promem, samolotem, samochodem lub poci\u0105giem. Wskaz\u00f3wki dotycz\u0105ce podr\u00f3\u017cy do Londynu","breadcrumb":{"@id":"https:\/\/www.terravision.eu\/pl\/get_to_london.html#breadcrumb"},"inLanguage":"pl-PL","potentialAction":[{"@type":"ReadAction","target":["https:\/\/www.terravision.eu\/pl\/get_to_london.html"]}]},{"@type":"BreadcrumbList","@id":"https:\/\/www.terravision.eu\/pl\/get_to_london.html#breadcrumb","itemListElement":[{"@type":"ListItem","position":1,"name":"Home","item":"https:\/\/www.terravision.eu\/pl\/"},{"@type":"ListItem","position":2,"name":"Jak dosta\u0107 si\u0119 do Londynu?"}]},{"@type":"WebSite","@id":"https:\/\/www.terravision.eu\/pl\/#website","url":"https:\/\/www.terravision.eu\/pl\/","name":"Terravision Polska","description":"Tanie po\u0142\u0105czenia z\/do g\u0142\u00f3wnych lotnisk w Europie","potentialAction":[{"@type":"SearchAction","target":{"@type":"EntryPoint","urlTemplate":"https:\/\/www.terravision.eu\/pl\/?s={search_term_string}"},"query-input":{"@type":"PropertyValueSpecification","valueRequired":true,"valueName":"search_term_string"}}],"inLanguage":"pl-PL"}]}},"_links":{"self":[{"href":"https:\/\/www.terravision.eu\/pl\/wp-json\/wp\/v2\/pages\/193","targetHints":{"allow":["GET"]}}],"collection":[{"href":"https:\/\/www.terravision.eu\/pl\/wp-json\/wp\/v2\/pages"}],"about":[{"href":"https:\/\/www.terravision.eu\/pl\/wp-json\/wp\/v2\/types\/page"}],"author":[{"embeddable":true,"href":"https:\/\/www.terravision.eu\/pl\/wp-json\/wp\/v2\/users\/1"}],"replies":[{"embeddable":true,"href":"https:\/\/www.terravision.eu\/pl\/wp-json\/wp\/v2\/comments?post=193"}],"version-history":[{"count":2,"href":"https:\/\/www.terravision.eu\/pl\/wp-json\/wp\/v2\/pages\/193\/revisions"}],"predecessor-version":[{"id":16292,"href":"https:\/\/www.terravision.eu\/pl\/wp-json\/wp\/v2\/pages\/193\/revisions\/16292"}],"wp:attachment":[{"href":"https:\/\/www.terravision.eu\/pl\/wp-json\/wp\/v2\/media?parent=193"}],"curies":[{"name":"wp","href":"https:\/\/api.w.org\/{rel}","templated":true}]}}