{"id":20381,"date":"2025-03-19T08:47:26","date_gmt":"2025-03-19T08:47:26","guid":{"rendered":"https:\/\/www.terravision.eu\/pl\/?page_id=20381"},"modified":"2025-09-24T14:10:18","modified_gmt":"2025-09-24T14:10:18","slug":"program-lojalnosciowy","status":"publish","type":"page","link":"https:\/\/www.terravision.eu\/pl\/program-lojalnosciowy.html","title":{"rendered":"Program lojalno\u015bciowy"},"content":{"rendered":"<p>&nbsp;<\/p>\n<div class=\"d-grid main-point\">\n<div class=\"overflow-hidden elem-left\">\n<div class=\"separator-trv-n z-index-1 p-relative mb-10\"><\/div>\n<div class=\"d-flex\" style=\"gap: 23px; margin-bottom: 30px;\">\n<h3 class=\"h3-Barlow-36pt-3\" style=\"margin-bottom: 0;\">Jak to dzia\u0142a?<\/h3>\n<\/div>\n<p>Zarejestruj si\u0119 na stronie Terravision i zbieraj punkty za ka\u017cd\u0105 rezerwacj\u0119!<\/p>\n<p>Ka\u017cdy posiadacz konta Terravision jest automatycznie zapisywany do Programu Lojalno\u015bciowego i gromadzi punkty za swoje zakupy.<\/p>\n<div class=\"row gap-30 grid-max-content mt-30\">\n<div class=\"p-0 border-radius single-card p-relative\">\n<div class=\"row\" style=\"height: 100%;\">\n<div class=\"col align-self-center pr-0 pl-m-0\">\n<div class=\"overflow-hidden\">\n<div class=\"d-flex justify-content-center\" style=\"gap: 23px;\">\n<h3 class=\"h1-Barlow-60pt-3\" style=\"margin-bottom: 0;\">1\u20ac = <span class=\"h1-Barlow-60pt-4\">1 punkt!<\/span><\/h3>\n<\/div>\n<\/div>\n<\/div>\n<\/div>\n<\/div>\n<\/div>\n<p><a class=\"btn btn-primary-trv z-index-1 position-relative mt-25\" href=\"https:\/\/www.terravision.eu\/tedesco\/files\/2025\/03\/TERRAVISION-LOYALTY-PROGRAM_updated-Terms-and-Conditions_nov22.pdf\">Regulamin<\/a><\/p>\n<div class=\"separator-trv-n z-index-1 p-relative mb-10 mt-60\"><\/div>\n<div class=\"d-flex\" style=\"gap: 23px; margin-bottom: 30px;\">\n<h3 class=\"h3-Barlow-36pt-3\" style=\"margin-bottom: 0;\">Jak wymieni\u0107 swoje punkty?<\/h3>\n<\/div>\n<p>Mo\u017cesz sprawdzi\u0107 swoje punkty bezpo\u015brednio na swoim koncie Terravision:<br \/>\nzaloguj si\u0119 do konta i wymie\u0144 zgromadzone punkty: sustem wygeneruje jednorazowy kod rabatowy wa\u017cny przez 8 miesi\u0119cy.<\/p>\n<p>Skontaktuj si\u0119 z nami pisz\u0105c na adres<a href=\"mailto:loyaltyprogram@terravision.eu\"> loyaltyprogram@terravision.eu<\/a>.<\/p>\n<p><span class=\"small-Barlow-14pt-8\"><br \/>\n*Uwaga program jest skierowany wy\u0142\u0105cznie do posiadaczy standardowego konta klienta na stronie Terravision. W programie nie bior\u0105 udzia\u0142u w\u0142a\u015bciciele kont w Programie Afiliacyjnym oraz dla Agent\u00f3w.<br \/>\n<\/span><\/p>\n<\/div>\n<div class=\"overflow-hidden elem-right\">\n<div class=\"d-grid laterl-info\">\n<div class=\"row\">\n<div class=\"col-lg-12\">\n<div class=\"bg-light bradius-25 overflow-hidden cont-table\">\n<table class=\"table-bordered table-trv text-center table-trv-t\">\n<thead>\n<tr>\n<th class=\"pt-15 pb-15\" style=\"width: 50%;\"><span class=\"btn-Barlow-16pt p-l-r-t text-uppercase\">Twoje punkty<\/span><\/th>\n<th class=\"pt-15 pb-15\" style=\"width: 50%;\"><span class=\"btn-Barlow-16pt p-l-r-t text-uppercase\">Twoje nagrody<br \/>\n<\/span><\/th>\n<\/tr>\n<\/thead>\n<tbody>\n<tr class=\"border-table\">\n<td class=\"pt-15 pb-15\"><span class=\"h5-Barlow-22pt-4\">25<\/span><\/p>\n<p class=\"small-Barlow-14pt-6\">punkt\u00f3w<\/p>\n<\/td>\n<td class=\"pt-15 pb-15\">\n<div>\n<p><span class=\"h5-Barlow-22pt-4\">5%<\/span><\/p>\n<p class=\"small-Barlow-14pt-6\">rabat<\/p>\n<\/div>\n<\/td>\n<\/tr>\n<tr class=\"border-table\">\n<td class=\"pt-15 pb-15\"><span class=\"h5-Barlow-22pt-4\">50<\/span><\/p>\n<p class=\"small-Barlow-14pt-6\">punkt\u00f3w<\/p>\n<\/td>\n<td class=\"pt-15 pb-15\">\n<div>\n<p><span class=\"h5-Barlow-22pt-4\">10%<\/span><\/p>\n<p class=\"small-Barlow-14pt-6\">rabat<\/p>\n<\/div>\n<\/td>\n<\/tr>\n<tr class=\"border-table\">\n<td class=\"pt-15 pb-15\"><span class=\"h5-Barlow-22pt-4\">80<\/span><\/p>\n<p class=\"small-Barlow-14pt-6\">punkt\u00f3w<\/p>\n<\/td>\n<td class=\"pt-15 pb-15\">\n<div>\n<p><span class=\"h5-Barlow-22pt-4\">15%<\/span><\/p>\n<p class=\"small-Barlow-14pt-6\">rabat<\/p>\n<\/div>\n<\/td>\n<\/tr>\n<tr class=\"border-table\">\n<td class=\"pt-15 pb-15\"><span class=\"h5-Barlow-22pt-4\">100<\/span><\/p>\n<p class=\"small-Barlow-14pt-6\">punkt\u00f3w<\/p>\n<\/td>\n<td class=\"pt-15 pb-15\">\n<div>\n<p><span class=\"h5-Barlow-22pt-4\">25%<\/span><\/p>\n<p class=\"small-Barlow-14pt-6\">rabat<\/p>\n<\/div>\n<\/td>\n<\/tr>\n<\/tbody>\n<\/table>\n<\/div>\n<\/div>\n<\/div>\n<\/div>\n<\/div>\n<\/div>\n","protected":false},"excerpt":{"rendered":"<p>&nbsp; Jak to dzia\u0142a? Zarejestruj si\u0119 na stronie Terravision i zbieraj punkty za ka\u017cd\u0105 rezerwacj\u0119! Ka\u017cdy posiadacz konta Terravision jest automatycznie zapisywany do Programu Lojalno\u015bciowego i gromadzi punkty za swoje zakupy. 1\u20ac = 1 punkt! Regulamin Jak wymieni\u0107 swoje punkty? Mo\u017cesz sprawdzi\u0107 swoje punkty bezpo\u015brednio na swoim koncie Terravision: zaloguj si\u0119 do konta i wymie\u0144 [&hellip;]<\/p>\n","protected":false},"author":135,"featured_media":0,"parent":0,"menu_order":0,"comment_status":"closed","ping_status":"closed","template":"page-terravision-loyalty-program.php","meta":{"footnotes":""},"class_list":["post-20381","page","type-page","status-publish","hentry"],"yoast_head":"<!-- This site is optimized with the Yoast SEO Premium plugin v24.4 (Yoast SEO v24.4) - https:\/\/yoast.com\/wordpress\/plugins\/seo\/ -->\n<title>Program lojalno\u015bciowy | Terravision Polska<\/title>\n<meta name=\"robots\" content=\"index, follow, max-snippet:-1, max-image-preview:large, max-video-preview:-1\" \/>\n<link rel=\"canonical\" href=\"https:\/\/www.terravision.eu\/pl\/program-lojalnosciowy.html\" \/>\n<meta property=\"og:locale\" content=\"pl_PL\" \/>\n<meta property=\"og:type\" content=\"article\" \/>\n<meta property=\"og:title\" content=\"Program lojalno\u015bciowy\" \/>\n<meta property=\"og:description\" content=\"&nbsp; Jak to dzia\u0142a? Zarejestruj si\u0119 na stronie Terravision i zbieraj punkty za ka\u017cd\u0105 rezerwacj\u0119! Ka\u017cdy posiadacz konta Terravision jest automatycznie zapisywany do Programu Lojalno\u015bciowego i gromadzi punkty za swoje zakupy. 1\u20ac = 1 punkt! Regulamin Jak wymieni\u0107 swoje punkty? Mo\u017cesz sprawdzi\u0107 swoje punkty bezpo\u015brednio na swoim koncie Terravision: zaloguj si\u0119 do konta i wymie\u0144 [&hellip;]\" \/>\n<meta property=\"og:url\" content=\"https:\/\/www.terravision.eu\/pl\/program-lojalnosciowy.html\" \/>\n<meta property=\"og:site_name\" content=\"Terravision Polska\" \/>\n<meta property=\"article:modified_time\" content=\"2025-09-24T14:10:18+00:00\" \/>\n<meta name=\"twitter:label1\" content=\"Szacowany czas czytania\" \/>\n\t<meta name=\"twitter:data1\" content=\"1 minute\" \/>\n<script type=\"application\/ld+json\" class=\"yoast-schema-graph\">{\"@context\":\"https:\/\/schema.org\",\"@graph\":[{\"@type\":\"WebPage\",\"@id\":\"https:\/\/www.terravision.eu\/pl\/program-lojalnosciowy.html\",\"url\":\"https:\/\/www.terravision.eu\/pl\/program-lojalnosciowy.html\",\"name\":\"Program lojalno\u015bciowy | Terravision Polska\",\"isPartOf\":{\"@id\":\"https:\/\/www.terravision.eu\/pl\/#website\"},\"datePublished\":\"2025-03-19T08:47:26+00:00\",\"dateModified\":\"2025-09-24T14:10:18+00:00\",\"breadcrumb\":{\"@id\":\"https:\/\/www.terravision.eu\/pl\/program-lojalnosciowy.html#breadcrumb\"},\"inLanguage\":\"pl-PL\",\"potentialAction\":[{\"@type\":\"ReadAction\",\"target\":[\"https:\/\/www.terravision.eu\/pl\/program-lojalnosciowy.html\"]}]},{\"@type\":\"BreadcrumbList\",\"@id\":\"https:\/\/www.terravision.eu\/pl\/program-lojalnosciowy.html#breadcrumb\",\"itemListElement\":[{\"@type\":\"ListItem\",\"position\":1,\"name\":\"Home\",\"item\":\"https:\/\/www.terravision.eu\/pl\/\"},{\"@type\":\"ListItem\",\"position\":2,\"name\":\"Program lojalno\u015bciowy\"}]},{\"@type\":\"WebSite\",\"@id\":\"https:\/\/www.terravision.eu\/pl\/#website\",\"url\":\"https:\/\/www.terravision.eu\/pl\/\",\"name\":\"Terravision Polska\",\"description\":\"Tanie po\u0142\u0105czenia z\/do g\u0142\u00f3wnych lotnisk w Europie\",\"potentialAction\":[{\"@type\":\"SearchAction\",\"target\":{\"@type\":\"EntryPoint\",\"urlTemplate\":\"https:\/\/www.terravision.eu\/pl\/?s={search_term_string}\"},\"query-input\":{\"@type\":\"PropertyValueSpecification\",\"valueRequired\":true,\"valueName\":\"search_term_string\"}}],\"inLanguage\":\"pl-PL\"}]}<\/script>\n<!-- \/ Yoast SEO Premium plugin. -->","yoast_head_json":{"title":"Program lojalno\u015bciowy | Terravision Polska","robots":{"index":"index","follow":"follow","max-snippet":"max-snippet:-1","max-image-preview":"max-image-preview:large","max-video-preview":"max-video-preview:-1"},"canonical":"https:\/\/www.terravision.eu\/pl\/program-lojalnosciowy.html","og_locale":"pl_PL","og_type":"article","og_title":"Program lojalno\u015bciowy","og_description":"&nbsp; Jak to dzia\u0142a? Zarejestruj si\u0119 na stronie Terravision i zbieraj punkty za ka\u017cd\u0105 rezerwacj\u0119! Ka\u017cdy posiadacz konta Terravision jest automatycznie zapisywany do Programu Lojalno\u015bciowego i gromadzi punkty za swoje zakupy. 1\u20ac = 1 punkt! Regulamin Jak wymieni\u0107 swoje punkty? Mo\u017cesz sprawdzi\u0107 swoje punkty bezpo\u015brednio na swoim koncie Terravision: zaloguj si\u0119 do konta i wymie\u0144 [&hellip;]","og_url":"https:\/\/www.terravision.eu\/pl\/program-lojalnosciowy.html","og_site_name":"Terravision Polska","article_modified_time":"2025-09-24T14:10:18+00:00","twitter_misc":{"Szacowany czas czytania":"1 minute"},"schema":{"@context":"https:\/\/schema.org","@graph":[{"@type":"WebPage","@id":"https:\/\/www.terravision.eu\/pl\/program-lojalnosciowy.html","url":"https:\/\/www.terravision.eu\/pl\/program-lojalnosciowy.html","name":"Program lojalno\u015bciowy | Terravision Polska","isPartOf":{"@id":"https:\/\/www.terravision.eu\/pl\/#website"},"datePublished":"2025-03-19T08:47:26+00:00","dateModified":"2025-09-24T14:10:18+00:00","breadcrumb":{"@id":"https:\/\/www.terravision.eu\/pl\/program-lojalnosciowy.html#breadcrumb"},"inLanguage":"pl-PL","potentialAction":[{"@type":"ReadAction","target":["https:\/\/www.terravision.eu\/pl\/program-lojalnosciowy.html"]}]},{"@type":"BreadcrumbList","@id":"https:\/\/www.terravision.eu\/pl\/program-lojalnosciowy.html#breadcrumb","itemListElement":[{"@type":"ListItem","position":1,"name":"Home","item":"https:\/\/www.terravision.eu\/pl\/"},{"@type":"ListItem","position":2,"name":"Program lojalno\u015bciowy"}]},{"@type":"WebSite","@id":"https:\/\/www.terravision.eu\/pl\/#website","url":"https:\/\/www.terravision.eu\/pl\/","name":"Terravision Polska","description":"Tanie po\u0142\u0105czenia z\/do g\u0142\u00f3wnych lotnisk w Europie","potentialAction":[{"@type":"SearchAction","target":{"@type":"EntryPoint","urlTemplate":"https:\/\/www.terravision.eu\/pl\/?s={search_term_string}"},"query-input":{"@type":"PropertyValueSpecification","valueRequired":true,"valueName":"search_term_string"}}],"inLanguage":"pl-PL"}]}},"_links":{"self":[{"href":"https:\/\/www.terravision.eu\/pl\/wp-json\/wp\/v2\/pages\/20381","targetHints":{"allow":["GET"]}}],"collection":[{"href":"https:\/\/www.terravision.eu\/pl\/wp-json\/wp\/v2\/pages"}],"about":[{"href":"https:\/\/www.terravision.eu\/pl\/wp-json\/wp\/v2\/types\/page"}],"author":[{"embeddable":true,"href":"https:\/\/www.terravision.eu\/pl\/wp-json\/wp\/v2\/users\/135"}],"replies":[{"embeddable":true,"href":"https:\/\/www.terravision.eu\/pl\/wp-json\/wp\/v2\/comments?post=20381"}],"version-history":[{"count":12,"href":"https:\/\/www.terravision.eu\/pl\/wp-json\/wp\/v2\/pages\/20381\/revisions"}],"predecessor-version":[{"id":20383,"href":"https:\/\/www.terravision.eu\/pl\/wp-json\/wp\/v2\/pages\/20381\/revisions\/20383"}],"wp:attachment":[{"href":"https:\/\/www.terravision.eu\/pl\/wp-json\/wp\/v2\/media?parent=20381"}],"curies":[{"name":"wp","href":"https:\/\/api.w.org\/{rel}","templated":true}]}}