{"id":20416,"date":"2025-03-25T10:40:36","date_gmt":"2025-03-25T10:40:36","guid":{"rendered":"https:\/\/www.terravision.eu\/pl\/?page_id=20416"},"modified":"2025-08-19T12:33:05","modified_gmt":"2025-08-19T12:33:05","slug":"program-dla-agentow-terravision","status":"publish","type":"page","link":"https:\/\/www.terravision.eu\/pl\/program-dla-agentow-terravision.html","title":{"rendered":"Program dla agent\u00f3w Terravision"},"content":{"rendered":"<div class=\"bg-tertiary-trv p-trv-1\">\n<div class=\"container text-standard\">\n<div class=\"row\" style=\"height: 100%;\">\n<div class=\"col align-self-center pl-30 pr-0 pl-m-0\">\n<div class=\"overflow-hidden\">\n<div class=\"separator-trv-n z-index-1 p-relative mb-10\"><\/div>\n<div class=\"d-flex\" style=\"gap: 23px; margin-bottom: 30px;\">\n<h3 class=\"h3-Barlow-36pt-3\" style=\"margin-bottom: 0;\">Dlaczego warto zosta\u0107 agentem Terravision?<\/h3>\n<\/div>\n<\/div>\n<\/div>\n<\/div>\n<div class=\"row\" style=\"height: 100%;\">\n<div class=\"col align-self-center pl-30 pr-0 pl-m-0\">\n<div class=\"overflow-hidden column-trv-2-1\">\n<div class=\"grid-list-icon\" style=\"gap: 23px; margin-bottom: 30px;\">\n<p><img decoding=\"async\" src=\"https:\/\/www.terravision.eu\/wp-content\/blogs.dir\/9\/files\/2025\/03\/icon-check-list.png\" \/><\/p>\n<p class=\"h5-Barlow-22pt\" style=\"margin-bottom: 0;\">To nic nie kosztuje!<\/p>\n<\/div>\n<div class=\"grid-list-icon\" style=\"gap: 23px; margin-bottom: 30px;\">\n<p><img decoding=\"async\" src=\"https:\/\/www.terravision.eu\/wp-content\/blogs.dir\/9\/files\/2025\/03\/icon-check-list.png\" \/><\/p>\n<p class=\"h5-Barlow-22pt\" style=\"margin-bottom: 0;\">Oferujemy atrakcyjn\u0105 prowizj\u0119: 5%<\/p>\n<\/div>\n<div class=\"grid-list-icon\" style=\"gap: 23px; margin-bottom: 30px;\">\n<p><img decoding=\"async\" src=\"https:\/\/www.terravision.eu\/wp-content\/blogs.dir\/9\/files\/2025\/03\/icon-check-list.png\" \/><\/p>\n<p class=\"h5-Barlow-22pt\" style=\"margin-bottom: 0;\">Nasza platforma jest \u0142atwa w u\u017cyciu<\/p>\n<\/div>\n<div class=\"grid-list-icon\" style=\"gap: 23px; margin-bottom: 30px;\">\n<p><img decoding=\"async\" src=\"https:\/\/www.terravision.eu\/wp-content\/blogs.dir\/9\/files\/2025\/03\/icon-check-list.png\" \/><\/p>\n<p class=\"h5-Barlow-22pt\" style=\"margin-bottom: 0;\">Na wy\u015bwietlonej stronie mo\u017cesz sprawdzi\u0107 histori\u0119 zakup\u00f3w, zmodyfikowa\u0107 swoje dane i zobaczy\u0107 status swoich \u017c\u0105da\u0144.<\/p>\n<\/div>\n<div class=\"grid-list-icon\" style=\"gap: 23px; margin-bottom: 30px;\">\n<p><img decoding=\"async\" src=\"https:\/\/www.terravision.eu\/wp-content\/blogs.dir\/9\/files\/2025\/03\/icon-check-list.png\" \/><\/p>\n<p class=\"h5-Barlow-22pt\" style=\"margin-bottom: 0;\">Dost\u0119p do statystyk online<\/p>\n<p>Oferujemy atrakcyjn\u0105 prowizj\u0119: 5%.<\/p>\n<\/div>\n<div class=\"grid-list-icon\" style=\"gap: 23px; margin-bottom: 30px;\">\n<p><img decoding=\"async\" src=\"https:\/\/www.terravision.eu\/wp-content\/blogs.dir\/9\/files\/2025\/03\/icon-check-list.png\" \/><\/p>\n<p class=\"h5-Barlow-22pt\" style=\"margin-bottom: 0;\">Codzienna pomoc ze strony naszego zespo\u0142u<\/p>\n<\/div>\n<\/div>\n<\/div>\n<\/div>\n<\/div>\n<\/div>\n<div class=\"bg-light p-trv-1\">\n<div class=\"container text-standard\">\n<div class=\"row pb-60\" style=\"height: 100%;\">\n<div class=\"col align-self-center pl-30 pr-0 pl-m-0\">\n<div class=\"overflow-hidden\">\n<div class=\"separator-trv-n z-index-1 p-relative mb-10\"><\/div>\n<div class=\"d-flex\" style=\"gap: 23px; margin-bottom: 30px;\">\n<h3 class=\"h3-Barlow-36pt-3\" style=\"margin-bottom: 0;\">Jak to dzia\u0142a?<\/h3>\n<\/div>\n<p class=\"text-standard\">Po dokonaniu i zaakceptowaniu rejestracji otrzymasz z naszego systemu wiadomo\u015b\u0107 e-mail z potwierdzeniem zawieraj\u0105c\u0105 dane niezb\u0119dne do zalogowania si\u0119 i uzyskania dost\u0119pu do platformy partnerskiej Terravision. Teraz mo\u017cesz rezerwowa\u0107 bilety z 5% zni\u017ck\u0105! Je\u015bli masz jakiekolwiek pytania, skontaktuj si\u0119 z nami pisz\u0105c na adres <a href=\"mailto=affiliation@terravision.eu\">affiliation@terravision.eu<\/a><\/p>\n<p><a class=\"btn btn-primary-trv z-index-1 position-relative mt-25\" href=\"https:\/\/book-api-u48n3w6.terravision.eu\/pl\/partner-registration\/agent\">Zarejestruj si\u0119 jako agent<\/a><\/p>\n<\/div>\n<\/div>\n<\/div>\n<div class=\"row gap-30\">\n<div class=\"col p-0 text-center\">\n<p><img decoding=\"async\" src=\"https:\/\/www.terravision.eu\/wp-content\/blogs.dir\/9\/files\/2025\/03\/icon-bus-plus.png\" \/><\/p>\n<h5 class=\"text-uppercase h5-Barlow-22pt-5\">Zaoferuj swoim klientom us\u0142ugi telewizji naziemnej<\/h5>\n<\/div>\n<div class=\"col p-0 text-center\">\n<p><img decoding=\"async\" src=\"https:\/\/www.terravision.eu\/wp-content\/blogs.dir\/9\/files\/2025\/03\/icon-percentage.png\" \/><\/p>\n<h5 class=\"text-uppercase h5-Barlow-22pt-5\">Kup us\u0142ugi na www.terravision.eu<\/h5>\n<\/div>\n<div class=\"col p-0 text-center\">\n<p><img decoding=\"async\" src=\"https:\/\/www.terravision.eu\/wp-content\/blogs.dir\/9\/files\/2025\/03\/icon-ticket.png\" \/><\/p>\n<h5 class=\"text-uppercase h5-Barlow-22pt-5\">5% prowizji od sprzedanych bilet\u00f3w<\/h5>\n<\/div>\n<\/div>\n<\/div>\n<\/div>\n","protected":false},"excerpt":{"rendered":"<p>Dlaczego warto zosta\u0107 agentem Terravision? To nic nie kosztuje! Oferujemy atrakcyjn\u0105 prowizj\u0119: 5% Nasza platforma jest \u0142atwa w u\u017cyciu Na wy\u015bwietlonej stronie mo\u017cesz sprawdzi\u0107 histori\u0119 zakup\u00f3w, zmodyfikowa\u0107 swoje dane i zobaczy\u0107 status swoich \u017c\u0105da\u0144. Dost\u0119p do statystyk online Oferujemy atrakcyjn\u0105 prowizj\u0119: 5%. Codzienna pomoc ze strony naszego zespo\u0142u Jak to dzia\u0142a? Po dokonaniu i zaakceptowaniu [&hellip;]<\/p>\n","protected":false},"author":131,"featured_media":0,"parent":0,"menu_order":0,"comment_status":"closed","ping_status":"closed","template":"page-terravision-agents-program.php","meta":{"footnotes":""},"class_list":["post-20416","page","type-page","status-publish","hentry"],"yoast_head":"<!-- This site is optimized with the Yoast SEO Premium plugin v24.4 (Yoast SEO v24.4) - https:\/\/yoast.com\/wordpress\/plugins\/seo\/ -->\n<title>Program dla agent\u00f3w Terravision | Terravision Polska<\/title>\n<meta name=\"robots\" content=\"index, follow, max-snippet:-1, max-image-preview:large, max-video-preview:-1\" \/>\n<link rel=\"canonical\" href=\"https:\/\/www.terravision.eu\/pl\/program-dla-agentow-terravision.html\" \/>\n<meta property=\"og:locale\" content=\"pl_PL\" \/>\n<meta property=\"og:type\" content=\"article\" \/>\n<meta property=\"og:title\" content=\"Program dla agent\u00f3w Terravision\" \/>\n<meta property=\"og:description\" content=\"Dlaczego warto zosta\u0107 agentem Terravision? To nic nie kosztuje! Oferujemy atrakcyjn\u0105 prowizj\u0119: 5% Nasza platforma jest \u0142atwa w u\u017cyciu Na wy\u015bwietlonej stronie mo\u017cesz sprawdzi\u0107 histori\u0119 zakup\u00f3w, zmodyfikowa\u0107 swoje dane i zobaczy\u0107 status swoich \u017c\u0105da\u0144. Dost\u0119p do statystyk online Oferujemy atrakcyjn\u0105 prowizj\u0119: 5%. Codzienna pomoc ze strony naszego zespo\u0142u Jak to dzia\u0142a? Po dokonaniu i zaakceptowaniu [&hellip;]\" \/>\n<meta property=\"og:url\" content=\"https:\/\/www.terravision.eu\/pl\/program-dla-agentow-terravision.html\" \/>\n<meta property=\"og:site_name\" content=\"Terravision Polska\" \/>\n<meta property=\"article:modified_time\" content=\"2025-08-19T12:33:05+00:00\" \/>\n<meta property=\"og:image\" content=\"https:\/\/www.terravision.eu\/wp-content\/blogs.dir\/9\/files\/2025\/03\/icon-check-list.png\" \/>\n<meta name=\"twitter:label1\" content=\"Szacowany czas czytania\" \/>\n\t<meta name=\"twitter:data1\" content=\"3 minutes\" \/>\n<script type=\"application\/ld+json\" class=\"yoast-schema-graph\">{\"@context\":\"https:\/\/schema.org\",\"@graph\":[{\"@type\":\"WebPage\",\"@id\":\"https:\/\/www.terravision.eu\/pl\/program-dla-agentow-terravision.html\",\"url\":\"https:\/\/www.terravision.eu\/pl\/program-dla-agentow-terravision.html\",\"name\":\"Program dla agent\u00f3w Terravision | Terravision Polska\",\"isPartOf\":{\"@id\":\"https:\/\/www.terravision.eu\/pl\/#website\"},\"primaryImageOfPage\":{\"@id\":\"https:\/\/www.terravision.eu\/pl\/program-dla-agentow-terravision.html#primaryimage\"},\"image\":{\"@id\":\"https:\/\/www.terravision.eu\/pl\/program-dla-agentow-terravision.html#primaryimage\"},\"thumbnailUrl\":\"https:\/\/www.terravision.eu\/wp-content\/blogs.dir\/9\/files\/2025\/03\/icon-check-list.png\",\"datePublished\":\"2025-03-25T10:40:36+00:00\",\"dateModified\":\"2025-08-19T12:33:05+00:00\",\"breadcrumb\":{\"@id\":\"https:\/\/www.terravision.eu\/pl\/program-dla-agentow-terravision.html#breadcrumb\"},\"inLanguage\":\"pl-PL\",\"potentialAction\":[{\"@type\":\"ReadAction\",\"target\":[\"https:\/\/www.terravision.eu\/pl\/program-dla-agentow-terravision.html\"]}]},{\"@type\":\"ImageObject\",\"inLanguage\":\"pl-PL\",\"@id\":\"https:\/\/www.terravision.eu\/pl\/program-dla-agentow-terravision.html#primaryimage\",\"url\":\"https:\/\/www.terravision.eu\/wp-content\/blogs.dir\/9\/files\/2025\/03\/icon-check-list.png\",\"contentUrl\":\"https:\/\/www.terravision.eu\/wp-content\/blogs.dir\/9\/files\/2025\/03\/icon-check-list.png\"},{\"@type\":\"BreadcrumbList\",\"@id\":\"https:\/\/www.terravision.eu\/pl\/program-dla-agentow-terravision.html#breadcrumb\",\"itemListElement\":[{\"@type\":\"ListItem\",\"position\":1,\"name\":\"Home\",\"item\":\"https:\/\/www.terravision.eu\/pl\/\"},{\"@type\":\"ListItem\",\"position\":2,\"name\":\"Program dla agent\u00f3w Terravision\"}]},{\"@type\":\"WebSite\",\"@id\":\"https:\/\/www.terravision.eu\/pl\/#website\",\"url\":\"https:\/\/www.terravision.eu\/pl\/\",\"name\":\"Terravision Polska\",\"description\":\"Tanie po\u0142\u0105czenia z\/do g\u0142\u00f3wnych lotnisk w Europie\",\"potentialAction\":[{\"@type\":\"SearchAction\",\"target\":{\"@type\":\"EntryPoint\",\"urlTemplate\":\"https:\/\/www.terravision.eu\/pl\/?s={search_term_string}\"},\"query-input\":{\"@type\":\"PropertyValueSpecification\",\"valueRequired\":true,\"valueName\":\"search_term_string\"}}],\"inLanguage\":\"pl-PL\"}]}<\/script>\n<!-- \/ Yoast SEO Premium plugin. -->","yoast_head_json":{"title":"Program dla agent\u00f3w Terravision | Terravision Polska","robots":{"index":"index","follow":"follow","max-snippet":"max-snippet:-1","max-image-preview":"max-image-preview:large","max-video-preview":"max-video-preview:-1"},"canonical":"https:\/\/www.terravision.eu\/pl\/program-dla-agentow-terravision.html","og_locale":"pl_PL","og_type":"article","og_title":"Program dla agent\u00f3w Terravision","og_description":"Dlaczego warto zosta\u0107 agentem Terravision? To nic nie kosztuje! Oferujemy atrakcyjn\u0105 prowizj\u0119: 5% Nasza platforma jest \u0142atwa w u\u017cyciu Na wy\u015bwietlonej stronie mo\u017cesz sprawdzi\u0107 histori\u0119 zakup\u00f3w, zmodyfikowa\u0107 swoje dane i zobaczy\u0107 status swoich \u017c\u0105da\u0144. Dost\u0119p do statystyk online Oferujemy atrakcyjn\u0105 prowizj\u0119: 5%. Codzienna pomoc ze strony naszego zespo\u0142u Jak to dzia\u0142a? Po dokonaniu i zaakceptowaniu [&hellip;]","og_url":"https:\/\/www.terravision.eu\/pl\/program-dla-agentow-terravision.html","og_site_name":"Terravision Polska","article_modified_time":"2025-08-19T12:33:05+00:00","og_image":[{"url":"https:\/\/www.terravision.eu\/wp-content\/blogs.dir\/9\/files\/2025\/03\/icon-check-list.png","type":"","width":"","height":""}],"twitter_misc":{"Szacowany czas czytania":"3 minutes"},"schema":{"@context":"https:\/\/schema.org","@graph":[{"@type":"WebPage","@id":"https:\/\/www.terravision.eu\/pl\/program-dla-agentow-terravision.html","url":"https:\/\/www.terravision.eu\/pl\/program-dla-agentow-terravision.html","name":"Program dla agent\u00f3w Terravision | Terravision Polska","isPartOf":{"@id":"https:\/\/www.terravision.eu\/pl\/#website"},"primaryImageOfPage":{"@id":"https:\/\/www.terravision.eu\/pl\/program-dla-agentow-terravision.html#primaryimage"},"image":{"@id":"https:\/\/www.terravision.eu\/pl\/program-dla-agentow-terravision.html#primaryimage"},"thumbnailUrl":"https:\/\/www.terravision.eu\/wp-content\/blogs.dir\/9\/files\/2025\/03\/icon-check-list.png","datePublished":"2025-03-25T10:40:36+00:00","dateModified":"2025-08-19T12:33:05+00:00","breadcrumb":{"@id":"https:\/\/www.terravision.eu\/pl\/program-dla-agentow-terravision.html#breadcrumb"},"inLanguage":"pl-PL","potentialAction":[{"@type":"ReadAction","target":["https:\/\/www.terravision.eu\/pl\/program-dla-agentow-terravision.html"]}]},{"@type":"ImageObject","inLanguage":"pl-PL","@id":"https:\/\/www.terravision.eu\/pl\/program-dla-agentow-terravision.html#primaryimage","url":"https:\/\/www.terravision.eu\/wp-content\/blogs.dir\/9\/files\/2025\/03\/icon-check-list.png","contentUrl":"https:\/\/www.terravision.eu\/wp-content\/blogs.dir\/9\/files\/2025\/03\/icon-check-list.png"},{"@type":"BreadcrumbList","@id":"https:\/\/www.terravision.eu\/pl\/program-dla-agentow-terravision.html#breadcrumb","itemListElement":[{"@type":"ListItem","position":1,"name":"Home","item":"https:\/\/www.terravision.eu\/pl\/"},{"@type":"ListItem","position":2,"name":"Program dla agent\u00f3w Terravision"}]},{"@type":"WebSite","@id":"https:\/\/www.terravision.eu\/pl\/#website","url":"https:\/\/www.terravision.eu\/pl\/","name":"Terravision Polska","description":"Tanie po\u0142\u0105czenia z\/do g\u0142\u00f3wnych lotnisk w Europie","potentialAction":[{"@type":"SearchAction","target":{"@type":"EntryPoint","urlTemplate":"https:\/\/www.terravision.eu\/pl\/?s={search_term_string}"},"query-input":{"@type":"PropertyValueSpecification","valueRequired":true,"valueName":"search_term_string"}}],"inLanguage":"pl-PL"}]}},"_links":{"self":[{"href":"https:\/\/www.terravision.eu\/pl\/wp-json\/wp\/v2\/pages\/20416","targetHints":{"allow":["GET"]}}],"collection":[{"href":"https:\/\/www.terravision.eu\/pl\/wp-json\/wp\/v2\/pages"}],"about":[{"href":"https:\/\/www.terravision.eu\/pl\/wp-json\/wp\/v2\/types\/page"}],"author":[{"embeddable":true,"href":"https:\/\/www.terravision.eu\/pl\/wp-json\/wp\/v2\/users\/131"}],"replies":[{"embeddable":true,"href":"https:\/\/www.terravision.eu\/pl\/wp-json\/wp\/v2\/comments?post=20416"}],"version-history":[{"count":4,"href":"https:\/\/www.terravision.eu\/pl\/wp-json\/wp\/v2\/pages\/20416\/revisions"}],"predecessor-version":[{"id":20800,"href":"https:\/\/www.terravision.eu\/pl\/wp-json\/wp\/v2\/pages\/20416\/revisions\/20800"}],"wp:attachment":[{"href":"https:\/\/www.terravision.eu\/pl\/wp-json\/wp\/v2\/media?parent=20416"}],"curies":[{"name":"wp","href":"https:\/\/api.w.org\/{rel}","templated":true}]}}