{"id":20621,"date":"2025-07-09T07:45:06","date_gmt":"2025-07-09T07:45:06","guid":{"rendered":"https:\/\/www.terravision.eu\/pl\/?page_id=20621"},"modified":"2026-01-27T08:43:39","modified_gmt":"2026-01-27T08:43:39","slug":"terravision-extras","status":"publish","type":"page","link":"https:\/\/www.terravision.eu\/pl\/terravision-extras.html","title":{"rendered":"Terravision Extras"},"content":{"rendered":"<p>Podr\u00f3\u017cuj z Terravision i korzystaj z ofert, jakie przygotowali\u015bmy dla Ciebie w ramach wsp\u00f3\u0142pracy z firmami partnerskimi!<\/p>\n<p>&nbsp;<\/p>\n<p>&nbsp;<\/p>\n<ul>\n<li>\n<h3><a href=\"https:\/\/affiliates.bigbuspartners.com\/?r=terravision\" target=\"_blank\" rel=\"noopener\"><img loading=\"lazy\" decoding=\"async\" class=\"alignnone wp-image-20867\" src=\"https:\/\/www.terravision.eu\/italiano\/files\/2025\/10\/bigbustour.jpg\" alt=\"\" width=\"120\" height=\"26\" \/><img loading=\"lazy\" decoding=\"async\" class=\"alignnone wp-image-20867\" src=\"https:\/\/www.terravision.eu\/italiano\/files\/2026\/01\/LOGO_TOURISTATION-002.jpg\" alt=\"\" width=\"120\" height=\"26\" \/><\/a><strong> \u2013 Zwiedzaj Rzym na w\u0142asnych zasadach!<\/strong><\/h3>\n<\/li>\n<\/ul>\n<p>Wyrusz w niezapomnian\u0105 podr\u00f3\u017c przez Wieczne Miasto na pok\u0142adzie pi\u0119trowego autobusu! Rozsi\u0105d\u017a si\u0119 wygodnie i zrelaksuj na pok\u0142adzie autobusu z odkrytym dachem, podziwiaj\u0105c Koloseum, Placu Wenecki, Bazylik\u0119 \u015bw. Piotra i wiele innych zapieraj\u0105cych dech w piersiach zabytk\u00f3w i widok\u00f3w. Wsiadaj i wysiadaj z autobusu na dowolnym przystanku, w zale\u017cno\u015bci od tego, co chcesz zwiedzi\u0107 w danej chwili.<\/p>\n<p><strong>Jak to dzia\u0142a:<\/strong><\/p>\n<p>1 <a href=\"https:\/\/affiliates.bigbuspartners.com\/?r=terravision\" target=\"_blank\" rel=\"noopener\"> Kliknij<\/a>, aby zapozna\u0107 si\u0119 ze wszystkimi dost\u0119pnymi opcjami bilet\u00f3w i kupi\u0107 karnet Big Bus<br \/>\n2 Oka\u017c bilet na dowolnym przystanku Big Bus i rozpocznij swoj\u0105 przygod\u0119!<\/p>\n<p>&nbsp;<\/p>\n<ul>\n<li>\n<h3><a href=\"https:\/\/www.mcarthurglen.com\/en\/outlets\/it\/designer-outlet-castel-romano\/plan-your-visit\/#tab=0\" target=\"_blank\" rel=\"noopener\"><strong><img loading=\"lazy\" decoding=\"async\" class=\"alignnone wp-image-20867\" src=\"https:\/\/www.terravision.eu\/italiano\/files\/2025\/12\/MGDO_logo.jpg\" alt=\"\" width=\"120\" height=\"26\" \/> <\/strong><\/a><strong>\u2013 Castel Romano Outlet<\/strong><\/h3>\n<\/li>\n<\/ul>\n<p>Nie przegap okazji, aby zrobi\u0107 zakupy w najwi\u0119kszym outlecie w \u015brodkowych W\u0142oszech.<\/p>\n<p>Po\u0142o\u017cony zaledwie 30 minut od centrum Rzymu, <strong>Castel Romano Designer Outlet \u2014 z ponad 150 butikami najlepszych mi\u0119dzynarodowych marek modowych i rabatami si\u0119gaj\u0105cymi nawet 70% \u2014 oferuje Ci ekskluzywny rabat w wysoko\u015bci 10%.<\/strong><\/p>\n<p><strong>Jak to dzia\u0142a:<\/strong> oka\u017c sw\u00f3j bilet podr\u00f3\u017cny Terravision w Guest Services, aby otrzyma\u0107 kart\u0119 Privilege.<\/p>\n<p>&nbsp;<\/p>\n<p>&nbsp;<\/p>\n<ul>\n<li><a href=\"https:\/\/www.terravision.eu\/italiano\/files\/2025\/06\/wayla.png\"><img loading=\"lazy\" decoding=\"async\" class=\"alignleft wp-image-20842\" src=\"https:\/\/www.terravision.eu\/italiano\/files\/2025\/06\/wayla-300x96.png\" alt=\"\" width=\"150\" height=\"48\" \/><\/a><br \/>\n<h3><strong><strong>\u00a0 \u2013 Transfer door-to-door z Dworca Centralnego w Mediolanie<\/strong><\/strong><\/h3>\n<\/li>\n<\/ul>\n<p>&nbsp;<\/p>\n<p>&nbsp;<\/p>\n<p>Terravision i Wayla Italia po\u0142\u0105czy\u0142y, \u017ceby zapewni\u0107 prostsz\u0105, bezpieczniejsz\u0105 i bardziej zr\u00f3wnowa\u017con\u0105 mobilno\u015b\u0107 miejsk\u0105. Dzi\u0119ki tej us\u0142udze wygodnie dotrzesz minivanami Wayla z domu\/hotelu do Dworca Centralnego w Mediolanie, \u017ceby kontynuowa\u0107 bezpo\u015bredni\u0105 podr\u00f3\u017c do lotnisk Bergamo Orio al Serio oraz Milano Malpensa w wygodnych autobusach Terravision.<br \/>\n<strong>Jak to dzia\u0142a:<\/strong><br \/>\nZarezerwuj online transfer Terravision do\/z Mediolanu &#8211; otrzymasz10% zni\u017cki na us\u0142ugi Wayla. U\u017cyj kodu rabatowego, aby zarezerwowa\u0107 transfer door to door za po\u015brednictwem aplikacji Wayla.<\/p>\n<p>&nbsp;<\/p>\n<ul>\n<li><a href=\"https:\/\/www.terravision.eu\/italiano\/files\/2025\/06\/Moovit_logo.png\"><img loading=\"lazy\" decoding=\"async\" class=\"alignleft wp-image-20848\" src=\"https:\/\/www.terravision.eu\/italiano\/files\/2025\/06\/Moovit_logo-300x86.png\" alt=\"\" width=\"150\" height=\"43\" \/><\/a><br \/>\n<h3><strong><strong>\u00a0 \u2013 Wiod\u0105ca aplikacja \u0142\u0105czaca miejsk\u0105 mobilno\u015b\u0107 i przejazdy transportem zbiorowym<\/strong><\/strong><\/h3>\n<\/li>\n<\/ul>\n<p>&nbsp;<\/p>\n<p>Poruszaj si\u0119 po mie\u015bcie inteligentnie dzi\u0119ki aplikacji Moovit, dzi\u0119ki kt\u00f3rej uzyskasz informacje o trasach i rozk\u0142adach autobus\u00f3w, poci\u0105g\u00f3w, metra i innych sposob\u00f3w komunikacji. Dost\u0119pna w ponad 3500 miastach na ca\u0142ym \u015bwiecie, aplikacja Moovit pozwala sprytnie zaplanowa\u0107 tras\u0119 i otrzymywa\u0107 aktualizacje real time.<br \/>\n<strong>Jak to dzia\u0142a<\/strong><br \/>\nAplikacja Moovit pomo\u017ce Ci porusza\u0107 si\u0119 po mie\u015bcie transportem publicznym! Znajdziesz w niej wszystkie mo\u017cliwe rozwi\u0105zania komunikacyjne: autobusy miejskie i podmiejskie, tramwaje, metro, poci\u0105gi regionalne, taks\u00f3wki, rowery wsp\u00f3\u0142dzielone, samochody wsp\u00f3\u0142dzielone i hulajnogi elektryczne!<br \/>\n<script>\n(function(d, s, id) { var js, fjs = d.getElementsByTagName(s)[0]; js = d.createElement(s); js.id = id; js.src = 'https:\/\/widgets.moovit.com\/wtp\/en'; fjs.parentNode.insertBefore(js, fjs); }(document, 'script', 'moovit-jsw')); <\/script><\/p>\n<div class=\"mv-wtp\" data-metro=\"61\" data-lang=\"\" data-customer=\"hlmgFZCocFaF3UvjvNSfvw\"><\/div>\n<p>&nbsp;<\/p>\n<ul>\n<li><a href=\"https:\/\/www.terravision.eu\/italiano\/files\/2025\/06\/wox.jpg\"><img loading=\"lazy\" decoding=\"async\" class=\"alignleft wp-image-20850\" src=\"https:\/\/www.terravision.eu\/italiano\/files\/2025\/06\/wox-300x210.jpg\" alt=\"\" width=\"100\" height=\"70\" \/><\/a><br \/>\n<h3><strong><strong>\u00a0 \u00a0\u2013 Audioprzewodniki po Mediolanie<\/strong><\/strong><\/h3>\n<\/li>\n<\/ul>\n<p>&nbsp;<\/p>\n<p>Vox Group jest \u015bwiatowym liderem w zakresie rozwi\u0105za\u0144 technologicznych dla turystyki i kultury i ma w ofercie ponad 25 milion\u00f3w cyfrowych wycieczek dystrybuowanych ka\u017cdego roku w ponad 150 krajach. Dzi\u0119ki urz\u0105dzeniom cyfrowym, aplikacjom i wieloj\u0119zycznym tre\u015bciom, Vox dostarcza innowacyjne i ciekawe tre\u015bci dost\u0119pne dla wszystkich.<br \/>\n<strong>Jak to dzia\u0142a:<\/strong><br \/>\nRezerwuj\u0105c transfer Terravision z\/do lotniska Bergamo Orio al Serio lub Malpensa, otrzymasz bezp\u0142atny dost\u0119p do audioprzewodnika po Mediolanie.<br \/>\nSzczeg\u00f3\u0142y dost\u0119pu do wycieczki b\u0119d\u0105 dost\u0119pne bezpo\u015brednio na bilecie.<\/p>\n<p>&nbsp;<\/p>\n<ul>\n<li><strong><strong><strong><a href=\"https:\/\/www.terravision.eu\/italiano\/files\/2025\/06\/WeRoad.png\"><img loading=\"lazy\" decoding=\"async\" class=\"alignleft wp-image-20864\" src=\"https:\/\/www.terravision.eu\/italiano\/files\/2025\/06\/WeRoad-300x118.png\" alt=\"\" width=\"150\" height=\"59\" \/><\/a><br \/>\n<\/strong><\/strong><\/strong><\/p>\n<h3>\u00a0\u2013<strong> Niecodzienne podr\u00f3\u017ce w grupie<\/strong><\/h3>\n<p>&nbsp;<\/li>\n<\/ul>\n<p>&nbsp;<\/p>\n<p>Z WeRoad mo\u017cesz odkrywa\u0107 \u015bwiat i prze\u017cywa\u0107 niezapomniane przygody w ponad 90 miejscach docelowych, maj\u0105c w pakiecie wymian\u0119 kulturow\u0105 i umacnianie wi\u0119zi mi\u0119dzyludzkich. Niezale\u017cnie od tego, czy chcesz odkrywa\u0107 odleg\u0142e miejsca, czy uczestniczy\u0107 w lokalnych wydarzeniach, WeRoad oferuje Ci zupe\u0142nie nowy spos\u00f3b podr\u00f3\u017cowania.<br \/>\n<strong>Jak to dzia\u0142a:<\/strong><br \/>\nUzyskaj 50 \u20ac zni\u017cki na nast\u0119pn\u0105 podr\u00f3\u017c: Odwied\u017a weroad.it, wybierz miejsce docelowe i wprowad\u017a kod TERRAWR50* &#8211; otrzymasz eksklusywn\u0105 zni\u017ck\u0119!<br \/>\n* Wa\u017cny na wszystkie podr\u00f3\u017ce, z wy\u0142\u0105czeniem Express i Weekend (dla nowych u\u017cytkownik\u00f3w). Oferta wa\u017cna do 31 grudnia 2025 r.<\/p>\n<p>&nbsp;<\/p>\n<ul>\n<li>\n<h3><strong><strong><a href=\"https:\/\/www.terravision.eu\/italiano\/files\/2025\/06\/1738606344_Logo_compatto_nero.png\"><img loading=\"lazy\" decoding=\"async\" class=\"alignleft wp-image-20871\" src=\"https:\/\/www.terravision.eu\/italiano\/files\/2025\/06\/1738606344_Logo_compatto_nero-300x150.png\" alt=\"\" width=\"120\" height=\"60\" \/><\/a> \u2013 Bezpieczne i wygodne przechowywanie baga\u017cu<br \/>\n<\/strong><\/strong><\/h3>\n<\/li>\n<\/ul>\n<p>&nbsp;<\/p>\n<p>Nie masz ochoty zwiedza\u0107 miasta z walizk\u0105 czy plecakiem? Stow Your Bags oferuje us\u0142ug\u0119 przechowywania baga\u017cu w postaci samoobs\u0142ugowych szafek, dost\u0119pnych na kilka godzin lub na wynajem d\u0142ugoterminowy przez 365 dni w roku.<br \/>\n\u2022 Bezpieczne szafki z monitoringiem i ubezpieczeniem<br \/>\n\u2022 Pomoc zawsze dost\u0119pna przez domofon<br \/>\n\u2022 Szybka i \u0142atwa rezerwacja online<br \/>\n<strong>Jak to dzia\u0142a:<\/strong><br \/>\nZarezerwuj online na <a href=\"https:\/\/www.stowyourbags.com\/\" target=\"_blank\" rel=\"noopener\">stowyourbags.com<\/a>, u\u017cywaj\u0105c kodu T3RR4V, aby uzyska\u0107 10% zni\u017cki.<br \/>\nWybierz najbli\u017csz\u0105 przechowalni\u0119 baga\u017cu, wprowad\u017a swoje dane i zap\u0142a\u0107 bezpiecznie kart\u0105 lub przez PayPal. Kod do szafki otrzymasz e-mailem w ci\u0105gu kilku sekund!<\/p>\n<p>&nbsp;<\/p>\n<ul>\n<li>\n<h3><strong><strong>\u00a0 <a href=\"https:\/\/www.terravision.eu\/italiano\/files\/2025\/06\/Revolut_logo.svg_.png\"><img loading=\"lazy\" decoding=\"async\" class=\"alignnone wp-image-20867\" src=\"https:\/\/www.terravision.eu\/italiano\/files\/2025\/06\/Revolut_logo.svg_-300x66.png\" alt=\"\" width=\"120\" height=\"26\" \/><\/a> <\/strong><\/strong><strong><strong>\u2013 superaplikacja do zarz\u0105dzania pieni\u0119dzmi w podr\u00f3\u017cy<\/strong><\/strong><\/h3>\n<\/li>\n<\/ul>\n<p>&nbsp;<\/p>\n<p>Revolut rewolucjonizuje zarz\u0105dzanie finansami dzi\u0119ki wielowalutowym kontom, inteligentnym kartom, inwestycjom i ubezpieczeniom \u2013 wszystko to znajdziesz na jednej cyfrowej platformie. Z ponad 52 milionami u\u017cytkownik\u00f3w, Revolut jest idealnym rozwi\u0105zaniem dla tych, kt\u00f3rzy ceni\u0105 wygod\u0119, wolno\u015b\u0107, bezpiecze\u0144stwo i kontrol\u0119 nad finansami.<br \/>\n<strong>Jak to dzia\u0142a:<\/strong><br \/>\n\u2022 Otwieraj\u0105c konto <a href=\"https:\/\/imp.i251749.net\/c\/2365171\/2113053\/11378\" target=\"_blank\" rel=\"noopener\">za po\u015brednictwem specjalnego linka<\/a>, otrzymasz bonus powitalny w wysoko\u015bci 20 \u20ac<br \/>\n\u2022 Za ka\u017cde wydane 1 \u20ac zdob\u0119dziesz do 10 punkt\u00f3w RevPoints dzi\u0119ki ekskluzywnej ofercie dla pasa\u017cer\u00f3w Terravision<\/p>\n<p>Aby uzyska\u0107 wi\u0119cej informacji, skontaktuj si\u0119 z nami pod adresem customerservices@terravision.eu<\/p>\n<p>&nbsp;<\/p>\n","protected":false},"excerpt":{"rendered":"<p>Podr\u00f3\u017cuj z Terravision i korzystaj z ofert, jakie przygotowali\u015bmy dla Ciebie w ramach wsp\u00f3\u0142pracy z firmami partnerskimi! &nbsp; &nbsp; \u2013 Zwiedzaj Rzym na w\u0142asnych zasadach! Wyrusz w niezapomnian\u0105 podr\u00f3\u017c przez Wieczne Miasto na pok\u0142adzie pi\u0119trowego autobusu! Rozsi\u0105d\u017a si\u0119 wygodnie i zrelaksuj na pok\u0142adzie autobusu z odkrytym dachem, podziwiaj\u0105c Koloseum, Placu Wenecki, Bazylik\u0119 \u015bw. Piotra i [&hellip;]<\/p>\n","protected":false},"author":131,"featured_media":0,"parent":0,"menu_order":0,"comment_status":"closed","ping_status":"closed","template":"","meta":{"footnotes":""},"class_list":["post-20621","page","type-page","status-publish","hentry"],"yoast_head":"<!-- This site is optimized with the Yoast SEO Premium plugin v24.4 (Yoast SEO v24.4) - https:\/\/yoast.com\/wordpress\/plugins\/seo\/ -->\n<title>Terravision Extras | Terravision Polska<\/title>\n<meta name=\"robots\" content=\"index, follow, max-snippet:-1, max-image-preview:large, max-video-preview:-1\" \/>\n<link rel=\"canonical\" href=\"https:\/\/www.terravision.eu\/pl\/terravision-extras.html\" \/>\n<meta property=\"og:locale\" content=\"pl_PL\" \/>\n<meta property=\"og:type\" content=\"article\" \/>\n<meta property=\"og:title\" content=\"Terravision Extras\" \/>\n<meta property=\"og:description\" content=\"Podr\u00f3\u017cuj z Terravision i korzystaj z ofert, jakie przygotowali\u015bmy dla Ciebie w ramach wsp\u00f3\u0142pracy z firmami partnerskimi! &nbsp; &nbsp; \u2013 Zwiedzaj Rzym na w\u0142asnych zasadach! Wyrusz w niezapomnian\u0105 podr\u00f3\u017c przez Wieczne Miasto na pok\u0142adzie pi\u0119trowego autobusu! Rozsi\u0105d\u017a si\u0119 wygodnie i zrelaksuj na pok\u0142adzie autobusu z odkrytym dachem, podziwiaj\u0105c Koloseum, Placu Wenecki, Bazylik\u0119 \u015bw. Piotra i [&hellip;]\" \/>\n<meta property=\"og:url\" content=\"https:\/\/www.terravision.eu\/pl\/terravision-extras.html\" \/>\n<meta property=\"og:site_name\" content=\"Terravision Polska\" \/>\n<meta property=\"article:modified_time\" content=\"2026-01-27T08:43:39+00:00\" \/>\n<meta property=\"og:image\" content=\"https:\/\/www.terravision.eu\/italiano\/files\/2025\/10\/bigbustour.jpg\" \/>\n<meta name=\"twitter:label1\" content=\"Szacowany czas czytania\" \/>\n\t<meta name=\"twitter:data1\" content=\"5 minutes\" \/>\n<script type=\"application\/ld+json\" class=\"yoast-schema-graph\">{\"@context\":\"https:\/\/schema.org\",\"@graph\":[{\"@type\":\"WebPage\",\"@id\":\"https:\/\/www.terravision.eu\/pl\/terravision-extras.html\",\"url\":\"https:\/\/www.terravision.eu\/pl\/terravision-extras.html\",\"name\":\"Terravision Extras | Terravision Polska\",\"isPartOf\":{\"@id\":\"https:\/\/www.terravision.eu\/pl\/#website\"},\"primaryImageOfPage\":{\"@id\":\"https:\/\/www.terravision.eu\/pl\/terravision-extras.html#primaryimage\"},\"image\":{\"@id\":\"https:\/\/www.terravision.eu\/pl\/terravision-extras.html#primaryimage\"},\"thumbnailUrl\":\"https:\/\/www.terravision.eu\/italiano\/files\/2025\/10\/bigbustour.jpg\",\"datePublished\":\"2025-07-09T07:45:06+00:00\",\"dateModified\":\"2026-01-27T08:43:39+00:00\",\"breadcrumb\":{\"@id\":\"https:\/\/www.terravision.eu\/pl\/terravision-extras.html#breadcrumb\"},\"inLanguage\":\"pl-PL\",\"potentialAction\":[{\"@type\":\"ReadAction\",\"target\":[\"https:\/\/www.terravision.eu\/pl\/terravision-extras.html\"]}]},{\"@type\":\"ImageObject\",\"inLanguage\":\"pl-PL\",\"@id\":\"https:\/\/www.terravision.eu\/pl\/terravision-extras.html#primaryimage\",\"url\":\"https:\/\/www.terravision.eu\/italiano\/files\/2025\/10\/bigbustour.jpg\",\"contentUrl\":\"https:\/\/www.terravision.eu\/italiano\/files\/2025\/10\/bigbustour.jpg\"},{\"@type\":\"BreadcrumbList\",\"@id\":\"https:\/\/www.terravision.eu\/pl\/terravision-extras.html#breadcrumb\",\"itemListElement\":[{\"@type\":\"ListItem\",\"position\":1,\"name\":\"Home\",\"item\":\"https:\/\/www.terravision.eu\/pl\/\"},{\"@type\":\"ListItem\",\"position\":2,\"name\":\"Terravision Extras\"}]},{\"@type\":\"WebSite\",\"@id\":\"https:\/\/www.terravision.eu\/pl\/#website\",\"url\":\"https:\/\/www.terravision.eu\/pl\/\",\"name\":\"Terravision Polska\",\"description\":\"Tanie po\u0142\u0105czenia z\/do g\u0142\u00f3wnych lotnisk w Europie\",\"potentialAction\":[{\"@type\":\"SearchAction\",\"target\":{\"@type\":\"EntryPoint\",\"urlTemplate\":\"https:\/\/www.terravision.eu\/pl\/?s={search_term_string}\"},\"query-input\":{\"@type\":\"PropertyValueSpecification\",\"valueRequired\":true,\"valueName\":\"search_term_string\"}}],\"inLanguage\":\"pl-PL\"}]}<\/script>\n<!-- \/ Yoast SEO Premium plugin. -->","yoast_head_json":{"title":"Terravision Extras | Terravision Polska","robots":{"index":"index","follow":"follow","max-snippet":"max-snippet:-1","max-image-preview":"max-image-preview:large","max-video-preview":"max-video-preview:-1"},"canonical":"https:\/\/www.terravision.eu\/pl\/terravision-extras.html","og_locale":"pl_PL","og_type":"article","og_title":"Terravision Extras","og_description":"Podr\u00f3\u017cuj z Terravision i korzystaj z ofert, jakie przygotowali\u015bmy dla Ciebie w ramach wsp\u00f3\u0142pracy z firmami partnerskimi! &nbsp; &nbsp; \u2013 Zwiedzaj Rzym na w\u0142asnych zasadach! Wyrusz w niezapomnian\u0105 podr\u00f3\u017c przez Wieczne Miasto na pok\u0142adzie pi\u0119trowego autobusu! Rozsi\u0105d\u017a si\u0119 wygodnie i zrelaksuj na pok\u0142adzie autobusu z odkrytym dachem, podziwiaj\u0105c Koloseum, Placu Wenecki, Bazylik\u0119 \u015bw. Piotra i [&hellip;]","og_url":"https:\/\/www.terravision.eu\/pl\/terravision-extras.html","og_site_name":"Terravision Polska","article_modified_time":"2026-01-27T08:43:39+00:00","og_image":[{"url":"https:\/\/www.terravision.eu\/italiano\/files\/2025\/10\/bigbustour.jpg","type":"","width":"","height":""}],"twitter_misc":{"Szacowany czas czytania":"5 minutes"},"schema":{"@context":"https:\/\/schema.org","@graph":[{"@type":"WebPage","@id":"https:\/\/www.terravision.eu\/pl\/terravision-extras.html","url":"https:\/\/www.terravision.eu\/pl\/terravision-extras.html","name":"Terravision Extras | Terravision Polska","isPartOf":{"@id":"https:\/\/www.terravision.eu\/pl\/#website"},"primaryImageOfPage":{"@id":"https:\/\/www.terravision.eu\/pl\/terravision-extras.html#primaryimage"},"image":{"@id":"https:\/\/www.terravision.eu\/pl\/terravision-extras.html#primaryimage"},"thumbnailUrl":"https:\/\/www.terravision.eu\/italiano\/files\/2025\/10\/bigbustour.jpg","datePublished":"2025-07-09T07:45:06+00:00","dateModified":"2026-01-27T08:43:39+00:00","breadcrumb":{"@id":"https:\/\/www.terravision.eu\/pl\/terravision-extras.html#breadcrumb"},"inLanguage":"pl-PL","potentialAction":[{"@type":"ReadAction","target":["https:\/\/www.terravision.eu\/pl\/terravision-extras.html"]}]},{"@type":"ImageObject","inLanguage":"pl-PL","@id":"https:\/\/www.terravision.eu\/pl\/terravision-extras.html#primaryimage","url":"https:\/\/www.terravision.eu\/italiano\/files\/2025\/10\/bigbustour.jpg","contentUrl":"https:\/\/www.terravision.eu\/italiano\/files\/2025\/10\/bigbustour.jpg"},{"@type":"BreadcrumbList","@id":"https:\/\/www.terravision.eu\/pl\/terravision-extras.html#breadcrumb","itemListElement":[{"@type":"ListItem","position":1,"name":"Home","item":"https:\/\/www.terravision.eu\/pl\/"},{"@type":"ListItem","position":2,"name":"Terravision Extras"}]},{"@type":"WebSite","@id":"https:\/\/www.terravision.eu\/pl\/#website","url":"https:\/\/www.terravision.eu\/pl\/","name":"Terravision Polska","description":"Tanie po\u0142\u0105czenia z\/do g\u0142\u00f3wnych lotnisk w Europie","potentialAction":[{"@type":"SearchAction","target":{"@type":"EntryPoint","urlTemplate":"https:\/\/www.terravision.eu\/pl\/?s={search_term_string}"},"query-input":{"@type":"PropertyValueSpecification","valueRequired":true,"valueName":"search_term_string"}}],"inLanguage":"pl-PL"}]}},"_links":{"self":[{"href":"https:\/\/www.terravision.eu\/pl\/wp-json\/wp\/v2\/pages\/20621","targetHints":{"allow":["GET"]}}],"collection":[{"href":"https:\/\/www.terravision.eu\/pl\/wp-json\/wp\/v2\/pages"}],"about":[{"href":"https:\/\/www.terravision.eu\/pl\/wp-json\/wp\/v2\/types\/page"}],"author":[{"embeddable":true,"href":"https:\/\/www.terravision.eu\/pl\/wp-json\/wp\/v2\/users\/131"}],"replies":[{"embeddable":true,"href":"https:\/\/www.terravision.eu\/pl\/wp-json\/wp\/v2\/comments?post=20621"}],"version-history":[{"count":20,"href":"https:\/\/www.terravision.eu\/pl\/wp-json\/wp\/v2\/pages\/20621\/revisions"}],"predecessor-version":[{"id":20919,"href":"https:\/\/www.terravision.eu\/pl\/wp-json\/wp\/v2\/pages\/20621\/revisions\/20919"}],"wp:attachment":[{"href":"https:\/\/www.terravision.eu\/pl\/wp-json\/wp\/v2\/media?parent=20621"}],"curies":[{"name":"wp","href":"https:\/\/api.w.org\/{rel}","templated":true}]}}