{"id":214,"date":"2012-08-09T16:16:44","date_gmt":"2012-08-09T16:16:44","guid":{"rendered":"https:\/\/www.terravision.eu\/?page_id=2221"},"modified":"2019-01-08T10:20:33","modified_gmt":"2019-01-08T10:20:33","slug":"flights_florence","status":"publish","type":"page","link":"https:\/\/www.terravision.eu\/pl\/flights_florence.html","title":{"rendered":"Loty do Florencji i Pizy"},"content":{"rendered":"<div id=\"article-single\">\n<div class=\"title\">Wskaz\u00f3wki dotycz\u0105ce tanich lot\u00f3w do <span class=\"strong\"><strong>Pizy<\/strong> i <strong>Florencji<\/strong><\/span><\/div>\n<p>Szukasz lot\u00f3w do \/ z Toskanii? <strong>Lotniska w Pizie<\/strong> i <strong>Florencji<\/strong> oferuj\u0105 szeroki wyb\u00f3r zar\u00f3wno tanich lot\u00f3w, jak i lot\u00f3w mi\u0119dzynarodowych.<\/p>\n<p>Zarezerwuj loty do\/z Pizy lub Florencji w korzystnych cenach ju\u017c teraz! Poni\u017cej podajemy kilka wyszukiwarek tanich lot\u00f3w.<\/p>\n<p>Ruch lotniczy do stolicy Toskanii jest rozdzielony na dwa lotniska: Port lotniczy we Florencji, obs\u0142ugiwany g\u0142\u00f3wnie przez krajowe linie lotnicze oraz lotnisko w Pizie, kt\u00f3re jest tanim w\u0119z\u0142em komunikacyjnym dla linii lotniczej Ryanair, cho\u0107 przyjmuje ono tak\u017ce wielu krajowych przewo\u017anik\u00f3w. Je\u015bli wi\u0119c szukasz tanich lot\u00f3w, sprawd\u017a, jakie po\u0142\u0105czenia do Pizy oferuj\u0105 linie Ryanair i easyJet.<\/p>\n<p>Je\u015bli szukasz transfer\u00f3w autobusowych mi\u0119dzy lotniskiem w Pizie i centrum Florencji, polecamy tanie przejazdy oferowane przez firm\u0119 Terravision, lidera us\u0142ug transferowych na terenie ca\u0142ej Europy. Sprawd\u017a nasze zni\u017cki na rezerwacje online!<\/p>\n<p>&nbsp;<\/p>\n<\/div>\n","protected":false},"excerpt":{"rendered":"<p>Wskaz\u00f3wki dotycz\u0105ce tanich lot\u00f3w do Pizy i Florencji Szukasz lot\u00f3w do \/ z Toskanii? Lotniska w Pizie i Florencji oferuj\u0105 szeroki wyb\u00f3r zar\u00f3wno tanich lot\u00f3w, jak i lot\u00f3w mi\u0119dzynarodowych. Zarezerwuj loty do\/z Pizy lub Florencji w korzystnych cenach ju\u017c teraz! Poni\u017cej podajemy kilka wyszukiwarek tanich lot\u00f3w. Ruch lotniczy do stolicy Toskanii jest rozdzielony na dwa [&hellip;]<\/p>\n","protected":false},"author":1,"featured_media":0,"parent":0,"menu_order":0,"comment_status":"open","ping_status":"open","template":"","meta":{"footnotes":""},"class_list":["post-214","page","type-page","status-publish","hentry"],"yoast_head":"<!-- This site is optimized with the Yoast SEO Premium plugin v24.4 (Yoast SEO v24.4) - https:\/\/yoast.com\/wordpress\/plugins\/seo\/ -->\n<title>Loty do Florencji i Pizy | Terravision<\/title>\n<meta name=\"description\" content=\"loty do Florencji (Piza) - Znajd\u017a tanie loty do lotniska w Pizie (80 km od Florencji), por\u00f3wnaj ceny i zarezerwuj!\" \/>\n<meta name=\"robots\" content=\"index, follow, max-snippet:-1, max-image-preview:large, max-video-preview:-1\" \/>\n<link rel=\"canonical\" href=\"https:\/\/www.terravision.eu\/pl\/flights_florence.html\" \/>\n<meta property=\"og:locale\" content=\"pl_PL\" \/>\n<meta property=\"og:type\" content=\"article\" \/>\n<meta property=\"og:title\" content=\"Loty do Florencji i Pizy\" \/>\n<meta property=\"og:description\" content=\"loty do Florencji (Piza) - Znajd\u017a tanie loty do lotniska w Pizie (80 km od Florencji), por\u00f3wnaj ceny i zarezerwuj!\" \/>\n<meta property=\"og:url\" content=\"https:\/\/www.terravision.eu\/pl\/flights_florence.html\" \/>\n<meta property=\"og:site_name\" content=\"Terravision Polska\" \/>\n<meta property=\"article:modified_time\" content=\"2019-01-08T10:20:33+00:00\" \/>\n<meta name=\"twitter:label1\" content=\"Szacowany czas czytania\" \/>\n\t<meta name=\"twitter:data1\" content=\"1 minute\" \/>\n<script type=\"application\/ld+json\" class=\"yoast-schema-graph\">{\"@context\":\"https:\/\/schema.org\",\"@graph\":[{\"@type\":\"WebPage\",\"@id\":\"https:\/\/www.terravision.eu\/pl\/flights_florence.html\",\"url\":\"https:\/\/www.terravision.eu\/pl\/flights_florence.html\",\"name\":\"Loty do Florencji i Pizy | Terravision\",\"isPartOf\":{\"@id\":\"https:\/\/www.terravision.eu\/pl\/#website\"},\"datePublished\":\"2012-08-09T16:16:44+00:00\",\"dateModified\":\"2019-01-08T10:20:33+00:00\",\"description\":\"loty do Florencji (Piza) - Znajd\u017a tanie loty do lotniska w Pizie (80 km od Florencji), por\u00f3wnaj ceny i zarezerwuj!\",\"breadcrumb\":{\"@id\":\"https:\/\/www.terravision.eu\/pl\/flights_florence.html#breadcrumb\"},\"inLanguage\":\"pl-PL\",\"potentialAction\":[{\"@type\":\"ReadAction\",\"target\":[\"https:\/\/www.terravision.eu\/pl\/flights_florence.html\"]}]},{\"@type\":\"BreadcrumbList\",\"@id\":\"https:\/\/www.terravision.eu\/pl\/flights_florence.html#breadcrumb\",\"itemListElement\":[{\"@type\":\"ListItem\",\"position\":1,\"name\":\"Home\",\"item\":\"https:\/\/www.terravision.eu\/pl\/\"},{\"@type\":\"ListItem\",\"position\":2,\"name\":\"Loty do Florencji i Pizy\"}]},{\"@type\":\"WebSite\",\"@id\":\"https:\/\/www.terravision.eu\/pl\/#website\",\"url\":\"https:\/\/www.terravision.eu\/pl\/\",\"name\":\"Terravision Polska\",\"description\":\"Tanie po\u0142\u0105czenia z\/do g\u0142\u00f3wnych lotnisk w Europie\",\"potentialAction\":[{\"@type\":\"SearchAction\",\"target\":{\"@type\":\"EntryPoint\",\"urlTemplate\":\"https:\/\/www.terravision.eu\/pl\/?s={search_term_string}\"},\"query-input\":{\"@type\":\"PropertyValueSpecification\",\"valueRequired\":true,\"valueName\":\"search_term_string\"}}],\"inLanguage\":\"pl-PL\"}]}<\/script>\n<!-- \/ Yoast SEO Premium plugin. -->","yoast_head_json":{"title":"Loty do Florencji i Pizy | Terravision","description":"loty do Florencji (Piza) - Znajd\u017a tanie loty do lotniska w Pizie (80 km od Florencji), por\u00f3wnaj ceny i zarezerwuj!","robots":{"index":"index","follow":"follow","max-snippet":"max-snippet:-1","max-image-preview":"max-image-preview:large","max-video-preview":"max-video-preview:-1"},"canonical":"https:\/\/www.terravision.eu\/pl\/flights_florence.html","og_locale":"pl_PL","og_type":"article","og_title":"Loty do Florencji i Pizy","og_description":"loty do Florencji (Piza) - Znajd\u017a tanie loty do lotniska w Pizie (80 km od Florencji), por\u00f3wnaj ceny i zarezerwuj!","og_url":"https:\/\/www.terravision.eu\/pl\/flights_florence.html","og_site_name":"Terravision Polska","article_modified_time":"2019-01-08T10:20:33+00:00","twitter_misc":{"Szacowany czas czytania":"1 minute"},"schema":{"@context":"https:\/\/schema.org","@graph":[{"@type":"WebPage","@id":"https:\/\/www.terravision.eu\/pl\/flights_florence.html","url":"https:\/\/www.terravision.eu\/pl\/flights_florence.html","name":"Loty do Florencji i Pizy | Terravision","isPartOf":{"@id":"https:\/\/www.terravision.eu\/pl\/#website"},"datePublished":"2012-08-09T16:16:44+00:00","dateModified":"2019-01-08T10:20:33+00:00","description":"loty do Florencji (Piza) - Znajd\u017a tanie loty do lotniska w Pizie (80 km od Florencji), por\u00f3wnaj ceny i zarezerwuj!","breadcrumb":{"@id":"https:\/\/www.terravision.eu\/pl\/flights_florence.html#breadcrumb"},"inLanguage":"pl-PL","potentialAction":[{"@type":"ReadAction","target":["https:\/\/www.terravision.eu\/pl\/flights_florence.html"]}]},{"@type":"BreadcrumbList","@id":"https:\/\/www.terravision.eu\/pl\/flights_florence.html#breadcrumb","itemListElement":[{"@type":"ListItem","position":1,"name":"Home","item":"https:\/\/www.terravision.eu\/pl\/"},{"@type":"ListItem","position":2,"name":"Loty do Florencji i Pizy"}]},{"@type":"WebSite","@id":"https:\/\/www.terravision.eu\/pl\/#website","url":"https:\/\/www.terravision.eu\/pl\/","name":"Terravision Polska","description":"Tanie po\u0142\u0105czenia z\/do g\u0142\u00f3wnych lotnisk w Europie","potentialAction":[{"@type":"SearchAction","target":{"@type":"EntryPoint","urlTemplate":"https:\/\/www.terravision.eu\/pl\/?s={search_term_string}"},"query-input":{"@type":"PropertyValueSpecification","valueRequired":true,"valueName":"search_term_string"}}],"inLanguage":"pl-PL"}]}},"_links":{"self":[{"href":"https:\/\/www.terravision.eu\/pl\/wp-json\/wp\/v2\/pages\/214","targetHints":{"allow":["GET"]}}],"collection":[{"href":"https:\/\/www.terravision.eu\/pl\/wp-json\/wp\/v2\/pages"}],"about":[{"href":"https:\/\/www.terravision.eu\/pl\/wp-json\/wp\/v2\/types\/page"}],"author":[{"embeddable":true,"href":"https:\/\/www.terravision.eu\/pl\/wp-json\/wp\/v2\/users\/1"}],"replies":[{"embeddable":true,"href":"https:\/\/www.terravision.eu\/pl\/wp-json\/wp\/v2\/comments?post=214"}],"version-history":[{"count":3,"href":"https:\/\/www.terravision.eu\/pl\/wp-json\/wp\/v2\/pages\/214\/revisions"}],"predecessor-version":[{"id":15878,"href":"https:\/\/www.terravision.eu\/pl\/wp-json\/wp\/v2\/pages\/214\/revisions\/15878"}],"wp:attachment":[{"href":"https:\/\/www.terravision.eu\/pl\/wp-json\/wp\/v2\/media?parent=214"}],"curies":[{"name":"wp","href":"https:\/\/api.w.org\/{rel}","templated":true}]}}