{"id":225,"date":"2012-08-10T10:44:06","date_gmt":"2012-08-10T10:44:06","guid":{"rendered":"https:\/\/www.terravision.eu\/?page_id=2281"},"modified":"2012-08-10T10:44:06","modified_gmt":"2012-08-10T10:44:06","slug":"get_to_florence","status":"publish","type":"page","link":"https:\/\/www.terravision.eu\/pl\/get_to_florence.html","title":{"rendered":"Jak dosta\u0107 si\u0119 do Florencji?"},"content":{"rendered":"<div id=\"article-single\">\n<p><strong>Jak dosta\u0107 si\u0119 do Florencji?<\/strong><\/p>\n<p>Samolotem (z transferami autobusowymi):<br \/>\nG\u0142\u00f3wne lotnisko mi\u0119dzynarodowe: Port Lotniczy Florencja Vespucci<br \/>\nLotnisko tanich linii lotniczych: Lotnisko w Pizie &#8211; Galileo Galilei<\/p>\n<p>Samochodem:<br \/>\nG\u0142\u00f3wna autostrada: A1 &#8211; \u0142\u0105czy Florencj\u0119 zar\u00f3wno z p\u00f3\u0142nocnymi, jak i i po\u0142udniowymi W\u0142ochami, posiada cztery zjazdy wok\u00f3\u0142 miasta.<br \/>\nInna trasa: Florencja &#8211; Piza &#8211; Livorno, \u0142\u0105cz\u0105ca miasto z zachodnim wybrze\u017cem.<\/p>\n<p>Poci\u0105giem:<br \/>\nDworzec kolejowy we Florencji: Florencja &#8211; Santa Maria Novella &#8211; kursy poci\u0105g\u00f3w regularnych oraz TAV (kolej du\u017cych pr\u0119dko\u015bci), \u0142\u0105cz\u0105ce Florencj\u0119 ze wszystkimi g\u0142\u00f3wnymi miastami we W\u0142oszech.<\/p>\n<\/div>\n","protected":false},"excerpt":{"rendered":"<p>Jak dosta\u0107 si\u0119 do Florencji? Samolotem (z transferami autobusowymi): G\u0142\u00f3wne lotnisko mi\u0119dzynarodowe: Port Lotniczy Florencja Vespucci Lotnisko tanich linii lotniczych: Lotnisko w Pizie &#8211; Galileo Galilei Samochodem: G\u0142\u00f3wna autostrada: A1 &#8211; \u0142\u0105czy Florencj\u0119 zar\u00f3wno z p\u00f3\u0142nocnymi, jak i i po\u0142udniowymi W\u0142ochami, posiada cztery zjazdy wok\u00f3\u0142 miasta. Inna trasa: Florencja &#8211; Piza &#8211; Livorno, \u0142\u0105cz\u0105ca miasto [&hellip;]<\/p>\n","protected":false},"author":1,"featured_media":0,"parent":0,"menu_order":0,"comment_status":"open","ping_status":"open","template":"","meta":{"footnotes":""},"class_list":["post-225","page","type-page","status-publish","hentry"],"yoast_head":"<!-- This site is optimized with the Yoast SEO Premium plugin v24.4 (Yoast SEO v24.4) - https:\/\/yoast.com\/wordpress\/plugins\/seo\/ -->\n<title>Jak dosta\u0107 si\u0119 do Florencji? | Terravision<\/title>\n<meta name=\"description\" content=\"Jak dosta\u0107 si\u0119 do Florencji? Informacje o tym, jak dosta\u0107 si\u0119 do Florencji samolotem, samochodem lub poci\u0105giem. Wskaz\u00f3wki dotycz\u0105ce podr\u00f3\u017cy do Florencji\" \/>\n<meta name=\"robots\" content=\"index, follow, max-snippet:-1, max-image-preview:large, max-video-preview:-1\" \/>\n<link rel=\"canonical\" href=\"https:\/\/www.terravision.eu\/pl\/get_to_florence.html\" \/>\n<meta property=\"og:locale\" content=\"pl_PL\" \/>\n<meta property=\"og:type\" content=\"article\" \/>\n<meta property=\"og:title\" content=\"Jak dosta\u0107 si\u0119 do Florencji?\" \/>\n<meta property=\"og:description\" content=\"Jak dosta\u0107 si\u0119 do Florencji? Informacje o tym, jak dosta\u0107 si\u0119 do Florencji samolotem, samochodem lub poci\u0105giem. Wskaz\u00f3wki dotycz\u0105ce podr\u00f3\u017cy do Florencji\" \/>\n<meta property=\"og:url\" content=\"https:\/\/www.terravision.eu\/pl\/get_to_florence.html\" \/>\n<meta property=\"og:site_name\" content=\"Terravision Polska\" \/>\n<meta name=\"twitter:label1\" content=\"Szacowany czas czytania\" \/>\n\t<meta name=\"twitter:data1\" content=\"1 minute\" \/>\n<script type=\"application\/ld+json\" class=\"yoast-schema-graph\">{\"@context\":\"https:\/\/schema.org\",\"@graph\":[{\"@type\":\"WebPage\",\"@id\":\"https:\/\/www.terravision.eu\/pl\/get_to_florence.html\",\"url\":\"https:\/\/www.terravision.eu\/pl\/get_to_florence.html\",\"name\":\"Jak dosta\u0107 si\u0119 do Florencji? | Terravision\",\"isPartOf\":{\"@id\":\"https:\/\/www.terravision.eu\/pl\/#website\"},\"datePublished\":\"2012-08-10T10:44:06+00:00\",\"description\":\"Jak dosta\u0107 si\u0119 do Florencji? Informacje o tym, jak dosta\u0107 si\u0119 do Florencji samolotem, samochodem lub poci\u0105giem. Wskaz\u00f3wki dotycz\u0105ce podr\u00f3\u017cy do Florencji\",\"breadcrumb\":{\"@id\":\"https:\/\/www.terravision.eu\/pl\/get_to_florence.html#breadcrumb\"},\"inLanguage\":\"pl-PL\",\"potentialAction\":[{\"@type\":\"ReadAction\",\"target\":[\"https:\/\/www.terravision.eu\/pl\/get_to_florence.html\"]}]},{\"@type\":\"BreadcrumbList\",\"@id\":\"https:\/\/www.terravision.eu\/pl\/get_to_florence.html#breadcrumb\",\"itemListElement\":[{\"@type\":\"ListItem\",\"position\":1,\"name\":\"Home\",\"item\":\"https:\/\/www.terravision.eu\/pl\/\"},{\"@type\":\"ListItem\",\"position\":2,\"name\":\"Jak dosta\u0107 si\u0119 do Florencji?\"}]},{\"@type\":\"WebSite\",\"@id\":\"https:\/\/www.terravision.eu\/pl\/#website\",\"url\":\"https:\/\/www.terravision.eu\/pl\/\",\"name\":\"Terravision Polska\",\"description\":\"Tanie po\u0142\u0105czenia z\/do g\u0142\u00f3wnych lotnisk w Europie\",\"potentialAction\":[{\"@type\":\"SearchAction\",\"target\":{\"@type\":\"EntryPoint\",\"urlTemplate\":\"https:\/\/www.terravision.eu\/pl\/?s={search_term_string}\"},\"query-input\":{\"@type\":\"PropertyValueSpecification\",\"valueRequired\":true,\"valueName\":\"search_term_string\"}}],\"inLanguage\":\"pl-PL\"}]}<\/script>\n<!-- \/ Yoast SEO Premium plugin. -->","yoast_head_json":{"title":"Jak dosta\u0107 si\u0119 do Florencji? | Terravision","description":"Jak dosta\u0107 si\u0119 do Florencji? Informacje o tym, jak dosta\u0107 si\u0119 do Florencji samolotem, samochodem lub poci\u0105giem. Wskaz\u00f3wki dotycz\u0105ce podr\u00f3\u017cy do Florencji","robots":{"index":"index","follow":"follow","max-snippet":"max-snippet:-1","max-image-preview":"max-image-preview:large","max-video-preview":"max-video-preview:-1"},"canonical":"https:\/\/www.terravision.eu\/pl\/get_to_florence.html","og_locale":"pl_PL","og_type":"article","og_title":"Jak dosta\u0107 si\u0119 do Florencji?","og_description":"Jak dosta\u0107 si\u0119 do Florencji? Informacje o tym, jak dosta\u0107 si\u0119 do Florencji samolotem, samochodem lub poci\u0105giem. Wskaz\u00f3wki dotycz\u0105ce podr\u00f3\u017cy do Florencji","og_url":"https:\/\/www.terravision.eu\/pl\/get_to_florence.html","og_site_name":"Terravision Polska","twitter_misc":{"Szacowany czas czytania":"1 minute"},"schema":{"@context":"https:\/\/schema.org","@graph":[{"@type":"WebPage","@id":"https:\/\/www.terravision.eu\/pl\/get_to_florence.html","url":"https:\/\/www.terravision.eu\/pl\/get_to_florence.html","name":"Jak dosta\u0107 si\u0119 do Florencji? | Terravision","isPartOf":{"@id":"https:\/\/www.terravision.eu\/pl\/#website"},"datePublished":"2012-08-10T10:44:06+00:00","description":"Jak dosta\u0107 si\u0119 do Florencji? Informacje o tym, jak dosta\u0107 si\u0119 do Florencji samolotem, samochodem lub poci\u0105giem. Wskaz\u00f3wki dotycz\u0105ce podr\u00f3\u017cy do Florencji","breadcrumb":{"@id":"https:\/\/www.terravision.eu\/pl\/get_to_florence.html#breadcrumb"},"inLanguage":"pl-PL","potentialAction":[{"@type":"ReadAction","target":["https:\/\/www.terravision.eu\/pl\/get_to_florence.html"]}]},{"@type":"BreadcrumbList","@id":"https:\/\/www.terravision.eu\/pl\/get_to_florence.html#breadcrumb","itemListElement":[{"@type":"ListItem","position":1,"name":"Home","item":"https:\/\/www.terravision.eu\/pl\/"},{"@type":"ListItem","position":2,"name":"Jak dosta\u0107 si\u0119 do Florencji?"}]},{"@type":"WebSite","@id":"https:\/\/www.terravision.eu\/pl\/#website","url":"https:\/\/www.terravision.eu\/pl\/","name":"Terravision Polska","description":"Tanie po\u0142\u0105czenia z\/do g\u0142\u00f3wnych lotnisk w Europie","potentialAction":[{"@type":"SearchAction","target":{"@type":"EntryPoint","urlTemplate":"https:\/\/www.terravision.eu\/pl\/?s={search_term_string}"},"query-input":{"@type":"PropertyValueSpecification","valueRequired":true,"valueName":"search_term_string"}}],"inLanguage":"pl-PL"}]}},"_links":{"self":[{"href":"https:\/\/www.terravision.eu\/pl\/wp-json\/wp\/v2\/pages\/225","targetHints":{"allow":["GET"]}}],"collection":[{"href":"https:\/\/www.terravision.eu\/pl\/wp-json\/wp\/v2\/pages"}],"about":[{"href":"https:\/\/www.terravision.eu\/pl\/wp-json\/wp\/v2\/types\/page"}],"author":[{"embeddable":true,"href":"https:\/\/www.terravision.eu\/pl\/wp-json\/wp\/v2\/users\/1"}],"replies":[{"embeddable":true,"href":"https:\/\/www.terravision.eu\/pl\/wp-json\/wp\/v2\/comments?post=225"}],"version-history":[{"count":0,"href":"https:\/\/www.terravision.eu\/pl\/wp-json\/wp\/v2\/pages\/225\/revisions"}],"wp:attachment":[{"href":"https:\/\/www.terravision.eu\/pl\/wp-json\/wp\/v2\/media?parent=225"}],"curies":[{"name":"wp","href":"https:\/\/api.w.org\/{rel}","templated":true}]}}