{"id":237,"date":"2012-08-10T15:22:01","date_gmt":"2012-08-10T15:22:01","guid":{"rendered":"https:\/\/www.terravision.eu\/?page_id=2517"},"modified":"2020-10-05T13:01:41","modified_gmt":"2020-10-05T13:01:41","slug":"flights_palermo","status":"publish","type":"page","link":"https:\/\/www.terravision.eu\/pl\/flights_palermo.html","title":{"rendered":"Loty do Trapani\/Palermo"},"content":{"rendered":"<div id=\"article-single\">\n<div class=\"title\">Porady dotycz\u0105ce tanich lot\u00f3w do <span class=\"strong\"><strong>Trapani <\/strong>i<strong> Palermo<\/strong><\/span><\/div>\n<p>Szukasz lot\u00f3w na\/z Sycylii? Lotniska w Trapani i Palermo oferuj\u0105 szeroki wyb\u00f3r zar\u00f3wno tanich lot\u00f3w, jak i lot\u00f3w mi\u0119dzynarodowych.<\/p>\n<p>Ruch lotniczy do stolicy Toskanii jest rozdzielony na dwa lotniska: Port lotniczy we Florencji, obs\u0142ugiwany g\u0142\u00f3wnie przez krajowe linie lotnicze oraz lotnisko w Pizie, kt\u00f3re jest tanim w\u0119z\u0142em komunikacyjnym dla linii lotniczej Ryanair, cho\u0107 przyjmuje ono tak\u017ce wielu krajowych przewo\u017anik\u00f3w. Je\u015bli wi\u0119c szukasz tanich lot\u00f3w, sprawd\u017a, jakie po\u0142\u0105czenia do Pizy oferuj\u0105 linie Ryanair i easyJet.<\/p>\n<p>Lotnisko w Palermo oferuje ponad 450 lot\u00f3w tygodniowo obs\u0142ugiwanych przez ponad 20 krajowych linii lotniczych \u0142\u0105cz\u0105cych wi\u0119kszo\u015b\u0107 g\u0142\u00f3wnych krajowych i europejskich destynacji. Lotnisko oferuje tak\u017ce loty mi\u0119dzynarodowe i mi\u0119dzykontynentalne.<\/p>\n<p>Lotnisko to oferuje r\u00f3wnie\u017c wiele lot\u00f3w czarterowych oraz loty organizowane przez touroperator\u00f3w, dzi\u0119ki czemu mo\u017cna z niego dotrze\u0107 do najbardziej popularnych miejscowo\u015bci wypoczynkowych w Europie, w basenie Morza \u015ar\u00f3dziemnego oraz na terenie Azji.<\/p>\n<p>var uri = &#8216;http:\/\/impgb.tradedoubler.com\/imp?type(iframe)g(17832938)a(1721041)&#8217; + new String (Math.random()).substring (2, 11);<br \/>\ndocument.write(&#8221;);<\/p>\n<p>var uri = &#8216;http:\/\/impgb.tradedoubler.com\/imp?type(iframe)g(17934066)a(1721041)&#8217; + new String (Math.random()).substring (2, 11);<br \/>\ndocument.write(&#8221;);<\/p>\n<\/div>\n","protected":false},"excerpt":{"rendered":"<p>Porady dotycz\u0105ce tanich lot\u00f3w do Trapani i Palermo Szukasz lot\u00f3w na\/z Sycylii? Lotniska w Trapani i Palermo oferuj\u0105 szeroki wyb\u00f3r zar\u00f3wno tanich lot\u00f3w, jak i lot\u00f3w mi\u0119dzynarodowych. Ruch lotniczy do stolicy Toskanii jest rozdzielony na dwa lotniska: Port lotniczy we Florencji, obs\u0142ugiwany g\u0142\u00f3wnie przez krajowe linie lotnicze oraz lotnisko w Pizie, kt\u00f3re jest tanim w\u0119z\u0142em [&hellip;]<\/p>\n","protected":false},"author":1,"featured_media":0,"parent":0,"menu_order":0,"comment_status":"open","ping_status":"open","template":"","meta":{"footnotes":""},"class_list":["post-237","page","type-page","status-publish","hentry"],"yoast_head":"<!-- This site is optimized with the Yoast SEO Premium plugin v24.4 (Yoast SEO v24.4) - https:\/\/yoast.com\/wordpress\/plugins\/seo\/ -->\n<title>Loty do Trapani\/Palermo | Terravision<\/title>\n<meta name=\"description\" content=\"Loty na lotnisko w Trapani (Birgi). Znajd\u017a tanie loty na lotnisko w Trapani (100 km od Palermo), por\u00f3wnaj ceny i rezerwuj!\" \/>\n<meta name=\"robots\" content=\"index, follow, max-snippet:-1, max-image-preview:large, max-video-preview:-1\" \/>\n<link rel=\"canonical\" href=\"https:\/\/www.terravision.eu\/pl\/flights_palermo.html\" \/>\n<meta property=\"og:locale\" content=\"pl_PL\" \/>\n<meta property=\"og:type\" content=\"article\" \/>\n<meta property=\"og:title\" content=\"Loty do Trapani\/Palermo\" \/>\n<meta property=\"og:description\" content=\"Loty na lotnisko w Trapani (Birgi). Znajd\u017a tanie loty na lotnisko w Trapani (100 km od Palermo), por\u00f3wnaj ceny i rezerwuj!\" \/>\n<meta property=\"og:url\" content=\"https:\/\/www.terravision.eu\/pl\/flights_palermo.html\" \/>\n<meta property=\"og:site_name\" content=\"Terravision Polska\" \/>\n<meta property=\"article:modified_time\" content=\"2020-10-05T13:01:41+00:00\" \/>\n<meta name=\"twitter:label1\" content=\"Szacowany czas czytania\" \/>\n\t<meta name=\"twitter:data1\" content=\"1 minute\" \/>\n<script type=\"application\/ld+json\" class=\"yoast-schema-graph\">{\"@context\":\"https:\/\/schema.org\",\"@graph\":[{\"@type\":\"WebPage\",\"@id\":\"https:\/\/www.terravision.eu\/pl\/flights_palermo.html\",\"url\":\"https:\/\/www.terravision.eu\/pl\/flights_palermo.html\",\"name\":\"Loty do Trapani\/Palermo | Terravision\",\"isPartOf\":{\"@id\":\"https:\/\/www.terravision.eu\/pl\/#website\"},\"datePublished\":\"2012-08-10T15:22:01+00:00\",\"dateModified\":\"2020-10-05T13:01:41+00:00\",\"description\":\"Loty na lotnisko w Trapani (Birgi). Znajd\u017a tanie loty na lotnisko w Trapani (100 km od Palermo), por\u00f3wnaj ceny i rezerwuj!\",\"breadcrumb\":{\"@id\":\"https:\/\/www.terravision.eu\/pl\/flights_palermo.html#breadcrumb\"},\"inLanguage\":\"pl-PL\",\"potentialAction\":[{\"@type\":\"ReadAction\",\"target\":[\"https:\/\/www.terravision.eu\/pl\/flights_palermo.html\"]}]},{\"@type\":\"BreadcrumbList\",\"@id\":\"https:\/\/www.terravision.eu\/pl\/flights_palermo.html#breadcrumb\",\"itemListElement\":[{\"@type\":\"ListItem\",\"position\":1,\"name\":\"Home\",\"item\":\"https:\/\/www.terravision.eu\/pl\/\"},{\"@type\":\"ListItem\",\"position\":2,\"name\":\"Loty do Trapani\/Palermo\"}]},{\"@type\":\"WebSite\",\"@id\":\"https:\/\/www.terravision.eu\/pl\/#website\",\"url\":\"https:\/\/www.terravision.eu\/pl\/\",\"name\":\"Terravision Polska\",\"description\":\"Tanie po\u0142\u0105czenia z\/do g\u0142\u00f3wnych lotnisk w Europie\",\"potentialAction\":[{\"@type\":\"SearchAction\",\"target\":{\"@type\":\"EntryPoint\",\"urlTemplate\":\"https:\/\/www.terravision.eu\/pl\/?s={search_term_string}\"},\"query-input\":{\"@type\":\"PropertyValueSpecification\",\"valueRequired\":true,\"valueName\":\"search_term_string\"}}],\"inLanguage\":\"pl-PL\"}]}<\/script>\n<!-- \/ Yoast SEO Premium plugin. -->","yoast_head_json":{"title":"Loty do Trapani\/Palermo | Terravision","description":"Loty na lotnisko w Trapani (Birgi). Znajd\u017a tanie loty na lotnisko w Trapani (100 km od Palermo), por\u00f3wnaj ceny i rezerwuj!","robots":{"index":"index","follow":"follow","max-snippet":"max-snippet:-1","max-image-preview":"max-image-preview:large","max-video-preview":"max-video-preview:-1"},"canonical":"https:\/\/www.terravision.eu\/pl\/flights_palermo.html","og_locale":"pl_PL","og_type":"article","og_title":"Loty do Trapani\/Palermo","og_description":"Loty na lotnisko w Trapani (Birgi). Znajd\u017a tanie loty na lotnisko w Trapani (100 km od Palermo), por\u00f3wnaj ceny i rezerwuj!","og_url":"https:\/\/www.terravision.eu\/pl\/flights_palermo.html","og_site_name":"Terravision Polska","article_modified_time":"2020-10-05T13:01:41+00:00","twitter_misc":{"Szacowany czas czytania":"1 minute"},"schema":{"@context":"https:\/\/schema.org","@graph":[{"@type":"WebPage","@id":"https:\/\/www.terravision.eu\/pl\/flights_palermo.html","url":"https:\/\/www.terravision.eu\/pl\/flights_palermo.html","name":"Loty do Trapani\/Palermo | Terravision","isPartOf":{"@id":"https:\/\/www.terravision.eu\/pl\/#website"},"datePublished":"2012-08-10T15:22:01+00:00","dateModified":"2020-10-05T13:01:41+00:00","description":"Loty na lotnisko w Trapani (Birgi). Znajd\u017a tanie loty na lotnisko w Trapani (100 km od Palermo), por\u00f3wnaj ceny i rezerwuj!","breadcrumb":{"@id":"https:\/\/www.terravision.eu\/pl\/flights_palermo.html#breadcrumb"},"inLanguage":"pl-PL","potentialAction":[{"@type":"ReadAction","target":["https:\/\/www.terravision.eu\/pl\/flights_palermo.html"]}]},{"@type":"BreadcrumbList","@id":"https:\/\/www.terravision.eu\/pl\/flights_palermo.html#breadcrumb","itemListElement":[{"@type":"ListItem","position":1,"name":"Home","item":"https:\/\/www.terravision.eu\/pl\/"},{"@type":"ListItem","position":2,"name":"Loty do Trapani\/Palermo"}]},{"@type":"WebSite","@id":"https:\/\/www.terravision.eu\/pl\/#website","url":"https:\/\/www.terravision.eu\/pl\/","name":"Terravision Polska","description":"Tanie po\u0142\u0105czenia z\/do g\u0142\u00f3wnych lotnisk w Europie","potentialAction":[{"@type":"SearchAction","target":{"@type":"EntryPoint","urlTemplate":"https:\/\/www.terravision.eu\/pl\/?s={search_term_string}"},"query-input":{"@type":"PropertyValueSpecification","valueRequired":true,"valueName":"search_term_string"}}],"inLanguage":"pl-PL"}]}},"_links":{"self":[{"href":"https:\/\/www.terravision.eu\/pl\/wp-json\/wp\/v2\/pages\/237","targetHints":{"allow":["GET"]}}],"collection":[{"href":"https:\/\/www.terravision.eu\/pl\/wp-json\/wp\/v2\/pages"}],"about":[{"href":"https:\/\/www.terravision.eu\/pl\/wp-json\/wp\/v2\/types\/page"}],"author":[{"embeddable":true,"href":"https:\/\/www.terravision.eu\/pl\/wp-json\/wp\/v2\/users\/1"}],"replies":[{"embeddable":true,"href":"https:\/\/www.terravision.eu\/pl\/wp-json\/wp\/v2\/comments?post=237"}],"version-history":[{"count":1,"href":"https:\/\/www.terravision.eu\/pl\/wp-json\/wp\/v2\/pages\/237\/revisions"}],"predecessor-version":[{"id":16189,"href":"https:\/\/www.terravision.eu\/pl\/wp-json\/wp\/v2\/pages\/237\/revisions\/16189"}],"wp:attachment":[{"href":"https:\/\/www.terravision.eu\/pl\/wp-json\/wp\/v2\/media?parent=237"}],"curies":[{"name":"wp","href":"https:\/\/api.w.org\/{rel}","templated":true}]}}