{"id":246,"date":"2012-08-13T10:46:40","date_gmt":"2012-08-13T10:46:40","guid":{"rendered":"https:\/\/www.terravision.eu\/?page_id=2552"},"modified":"2012-08-13T10:46:40","modified_gmt":"2012-08-13T10:46:40","slug":"get_to_palermo","status":"publish","type":"page","link":"https:\/\/www.terravision.eu\/pl\/get_to_palermo.html","title":{"rendered":"Jak dosta\u0107 si\u0119 do Palermo?"},"content":{"rendered":"<div id=\"article-single\">\n<p><strong>Samolotem<\/strong>:<br \/>\nPalermo jest po\u0142\u0105czone z reszt\u0105 W\u0142och i Europy dzi\u0119ki swoim lotniskom:<br \/>\nMi\u0119dzynarodowe lotnisko w Palermo (PMO) &#8211; po\u0142o\u017cone oko\u0142o 32 km na zach\u00f3d od miasta.<br \/>\nLotnisko Trapani &#8211; obs\u0142uguj\u0105ce tanie linie lotnicze, z transferami autobusowymi do miasta Palermo.<\/p>\n<p><strong>Promem<\/strong>:<br \/>\nPort w Palermo jest dzi\u0119ki liniom promowym po\u0142\u0105czony z g\u0142\u00f3wnymi w\u0142oskimi portami, w tym z Genu\u0105, Civitavecchia, Neapolem, Vallett\u0105 (Malta) i Cagliara (Sardynia).<\/p>\n<p><strong>Poci\u0105giem<\/strong>:<br \/>\nDo Palermo mo\u017cna dotrze\u0107 poci\u0105giem z Rzymu lub Neapolu, za po\u015brednictwem promu kolejowego kursuj\u0105cego przez Cie\u015bnin\u0119 Mesy\u0144sk\u0105.<\/p>\n<\/div>\n","protected":false},"excerpt":{"rendered":"<p>Samolotem: Palermo jest po\u0142\u0105czone z reszt\u0105 W\u0142och i Europy dzi\u0119ki swoim lotniskom: Mi\u0119dzynarodowe lotnisko w Palermo (PMO) &#8211; po\u0142o\u017cone oko\u0142o 32 km na zach\u00f3d od miasta. Lotnisko Trapani &#8211; obs\u0142uguj\u0105ce tanie linie lotnicze, z transferami autobusowymi do miasta Palermo. Promem: Port w Palermo jest dzi\u0119ki liniom promowym po\u0142\u0105czony z g\u0142\u00f3wnymi w\u0142oskimi portami, w tym z [&hellip;]<\/p>\n","protected":false},"author":1,"featured_media":0,"parent":0,"menu_order":0,"comment_status":"open","ping_status":"open","template":"","meta":{"footnotes":""},"class_list":["post-246","page","type-page","status-publish","hentry"],"yoast_head":"<!-- This site is optimized with the Yoast SEO Premium plugin v24.4 (Yoast SEO v24.4) - https:\/\/yoast.com\/wordpress\/plugins\/seo\/ -->\n<title>Jak dosta\u0107 si\u0119 do Palermo? | Terravision<\/title>\n<meta name=\"description\" content=\"Jak dosta\u0107 si\u0119 do Palermo? Informacje o tym, jak dosta\u0107 si\u0119 do Palermo promem, samolotem, samochodem lub poci\u0105giem. Wskaz\u00f3wki dotycz\u0105ce podr\u00f3\u017cy do Palermo\" \/>\n<meta name=\"robots\" content=\"index, follow, max-snippet:-1, max-image-preview:large, max-video-preview:-1\" \/>\n<link rel=\"canonical\" href=\"https:\/\/www.terravision.eu\/pl\/get_to_palermo.html\" \/>\n<meta property=\"og:locale\" content=\"pl_PL\" \/>\n<meta property=\"og:type\" content=\"article\" \/>\n<meta property=\"og:title\" content=\"Jak dosta\u0107 si\u0119 do Palermo?\" \/>\n<meta property=\"og:description\" content=\"Jak dosta\u0107 si\u0119 do Palermo? Informacje o tym, jak dosta\u0107 si\u0119 do Palermo promem, samolotem, samochodem lub poci\u0105giem. Wskaz\u00f3wki dotycz\u0105ce podr\u00f3\u017cy do Palermo\" \/>\n<meta property=\"og:url\" content=\"https:\/\/www.terravision.eu\/pl\/get_to_palermo.html\" \/>\n<meta property=\"og:site_name\" content=\"Terravision Polska\" \/>\n<meta name=\"twitter:label1\" content=\"Szacowany czas czytania\" \/>\n\t<meta name=\"twitter:data1\" content=\"1 minute\" \/>\n<script type=\"application\/ld+json\" class=\"yoast-schema-graph\">{\"@context\":\"https:\/\/schema.org\",\"@graph\":[{\"@type\":\"WebPage\",\"@id\":\"https:\/\/www.terravision.eu\/pl\/get_to_palermo.html\",\"url\":\"https:\/\/www.terravision.eu\/pl\/get_to_palermo.html\",\"name\":\"Jak dosta\u0107 si\u0119 do Palermo? | Terravision\",\"isPartOf\":{\"@id\":\"https:\/\/www.terravision.eu\/pl\/#website\"},\"datePublished\":\"2012-08-13T10:46:40+00:00\",\"description\":\"Jak dosta\u0107 si\u0119 do Palermo? Informacje o tym, jak dosta\u0107 si\u0119 do Palermo promem, samolotem, samochodem lub poci\u0105giem. Wskaz\u00f3wki dotycz\u0105ce podr\u00f3\u017cy do Palermo\",\"breadcrumb\":{\"@id\":\"https:\/\/www.terravision.eu\/pl\/get_to_palermo.html#breadcrumb\"},\"inLanguage\":\"pl-PL\",\"potentialAction\":[{\"@type\":\"ReadAction\",\"target\":[\"https:\/\/www.terravision.eu\/pl\/get_to_palermo.html\"]}]},{\"@type\":\"BreadcrumbList\",\"@id\":\"https:\/\/www.terravision.eu\/pl\/get_to_palermo.html#breadcrumb\",\"itemListElement\":[{\"@type\":\"ListItem\",\"position\":1,\"name\":\"Home\",\"item\":\"https:\/\/www.terravision.eu\/pl\/\"},{\"@type\":\"ListItem\",\"position\":2,\"name\":\"Jak dosta\u0107 si\u0119 do Palermo?\"}]},{\"@type\":\"WebSite\",\"@id\":\"https:\/\/www.terravision.eu\/pl\/#website\",\"url\":\"https:\/\/www.terravision.eu\/pl\/\",\"name\":\"Terravision Polska\",\"description\":\"Tanie po\u0142\u0105czenia z\/do g\u0142\u00f3wnych lotnisk w Europie\",\"potentialAction\":[{\"@type\":\"SearchAction\",\"target\":{\"@type\":\"EntryPoint\",\"urlTemplate\":\"https:\/\/www.terravision.eu\/pl\/?s={search_term_string}\"},\"query-input\":{\"@type\":\"PropertyValueSpecification\",\"valueRequired\":true,\"valueName\":\"search_term_string\"}}],\"inLanguage\":\"pl-PL\"}]}<\/script>\n<!-- \/ Yoast SEO Premium plugin. -->","yoast_head_json":{"title":"Jak dosta\u0107 si\u0119 do Palermo? | Terravision","description":"Jak dosta\u0107 si\u0119 do Palermo? Informacje o tym, jak dosta\u0107 si\u0119 do Palermo promem, samolotem, samochodem lub poci\u0105giem. Wskaz\u00f3wki dotycz\u0105ce podr\u00f3\u017cy do Palermo","robots":{"index":"index","follow":"follow","max-snippet":"max-snippet:-1","max-image-preview":"max-image-preview:large","max-video-preview":"max-video-preview:-1"},"canonical":"https:\/\/www.terravision.eu\/pl\/get_to_palermo.html","og_locale":"pl_PL","og_type":"article","og_title":"Jak dosta\u0107 si\u0119 do Palermo?","og_description":"Jak dosta\u0107 si\u0119 do Palermo? Informacje o tym, jak dosta\u0107 si\u0119 do Palermo promem, samolotem, samochodem lub poci\u0105giem. Wskaz\u00f3wki dotycz\u0105ce podr\u00f3\u017cy do Palermo","og_url":"https:\/\/www.terravision.eu\/pl\/get_to_palermo.html","og_site_name":"Terravision Polska","twitter_misc":{"Szacowany czas czytania":"1 minute"},"schema":{"@context":"https:\/\/schema.org","@graph":[{"@type":"WebPage","@id":"https:\/\/www.terravision.eu\/pl\/get_to_palermo.html","url":"https:\/\/www.terravision.eu\/pl\/get_to_palermo.html","name":"Jak dosta\u0107 si\u0119 do Palermo? | Terravision","isPartOf":{"@id":"https:\/\/www.terravision.eu\/pl\/#website"},"datePublished":"2012-08-13T10:46:40+00:00","description":"Jak dosta\u0107 si\u0119 do Palermo? Informacje o tym, jak dosta\u0107 si\u0119 do Palermo promem, samolotem, samochodem lub poci\u0105giem. Wskaz\u00f3wki dotycz\u0105ce podr\u00f3\u017cy do Palermo","breadcrumb":{"@id":"https:\/\/www.terravision.eu\/pl\/get_to_palermo.html#breadcrumb"},"inLanguage":"pl-PL","potentialAction":[{"@type":"ReadAction","target":["https:\/\/www.terravision.eu\/pl\/get_to_palermo.html"]}]},{"@type":"BreadcrumbList","@id":"https:\/\/www.terravision.eu\/pl\/get_to_palermo.html#breadcrumb","itemListElement":[{"@type":"ListItem","position":1,"name":"Home","item":"https:\/\/www.terravision.eu\/pl\/"},{"@type":"ListItem","position":2,"name":"Jak dosta\u0107 si\u0119 do Palermo?"}]},{"@type":"WebSite","@id":"https:\/\/www.terravision.eu\/pl\/#website","url":"https:\/\/www.terravision.eu\/pl\/","name":"Terravision Polska","description":"Tanie po\u0142\u0105czenia z\/do g\u0142\u00f3wnych lotnisk w Europie","potentialAction":[{"@type":"SearchAction","target":{"@type":"EntryPoint","urlTemplate":"https:\/\/www.terravision.eu\/pl\/?s={search_term_string}"},"query-input":{"@type":"PropertyValueSpecification","valueRequired":true,"valueName":"search_term_string"}}],"inLanguage":"pl-PL"}]}},"_links":{"self":[{"href":"https:\/\/www.terravision.eu\/pl\/wp-json\/wp\/v2\/pages\/246","targetHints":{"allow":["GET"]}}],"collection":[{"href":"https:\/\/www.terravision.eu\/pl\/wp-json\/wp\/v2\/pages"}],"about":[{"href":"https:\/\/www.terravision.eu\/pl\/wp-json\/wp\/v2\/types\/page"}],"author":[{"embeddable":true,"href":"https:\/\/www.terravision.eu\/pl\/wp-json\/wp\/v2\/users\/1"}],"replies":[{"embeddable":true,"href":"https:\/\/www.terravision.eu\/pl\/wp-json\/wp\/v2\/comments?post=246"}],"version-history":[{"count":0,"href":"https:\/\/www.terravision.eu\/pl\/wp-json\/wp\/v2\/pages\/246\/revisions"}],"wp:attachment":[{"href":"https:\/\/www.terravision.eu\/pl\/wp-json\/wp\/v2\/media?parent=246"}],"curies":[{"name":"wp","href":"https:\/\/api.w.org\/{rel}","templated":true}]}}