{"id":268,"date":"2012-08-13T14:41:57","date_gmt":"2012-08-13T14:41:57","guid":{"rendered":"https:\/\/www.terravision.eu\/?page_id=2690"},"modified":"2012-08-13T14:41:57","modified_gmt":"2012-08-13T14:41:57","slug":"flights_dolomites","status":"publish","type":"page","link":"https:\/\/www.terravision.eu\/pl\/flights_dolomites.html","title":{"rendered":"Loty w Dolomity"},"content":{"rendered":"<div id=\"article-single\">\n<div class=\"title\">Porady dotycz\u0105ce tanich lot\u00f3w w <span class=\"strong\">Dolomity<br \/>\n<\/span><\/div>\n<p>Szukasz lot\u00f3w w \/ z Dolomit\u00f3w?\u00a0 <strong>Lotniska w Bergamo Orio al Serio<\/strong> i w <strong>Weronie<\/strong> oferuj\u0105 szeroki wyb\u00f3r zar\u00f3wno tanich lot\u00f3w, jak i lot\u00f3w mi\u0119dzynarodowych.<\/p>\n<p>Ruch lotniczy na p\u00f3\u0142nocy W\u0142och jest rozdzielony pomi\u0119dzy czterema g\u0142\u00f3wnymi lotniskami: Porty lotnicze Mediolan Linate i Malpensa to dwa g\u0142\u00f3wne w\u0119z\u0142y komunikacyjne dla lot\u00f3w czarterowych, a Bergamo Orio al Serio i Werona to g\u0142\u00f3wne lotniska regionu obs\u0142ugiwane przez tanie linie lotnicze oferuj\u0105ce liczne loty, takie jak Ryanair.<\/p>\n<p>Zaoszcz\u0119d\u017a na podr\u00f3\u017cy w Dolomity &#8211; zarezerwuj tani lot na lotnisko Bergamo Orio al Serio lub do Werony, a nast\u0119pnie skorzystaj z transferu Terravision do centrum miasta. Do\u0142\u0105cz do nas na Facebooku lub dopisz si\u0119 do naszego newslettera, aby dowiedzie\u0107 si\u0119 o naszych atrakcyjnych ofertach online i du\u017cych zni\u017ckach!<\/p>\n<p>var uri = &#8216;http:\/\/impgb.tradedoubler.com\/imp?type(iframe)g(17832938)a(1721041)&#8217; + new String (Math.random()).substring (2, 11);<br \/>\ndocument.write(&#8221;);<\/p>\n<p>var uri = &#8216;http:\/\/impgb.tradedoubler.com\/imp?type(iframe)g(17934066)a(1721041)&#8217; + new String (Math.random()).substring (2, 11);<br \/>\ndocument.write(&#8221;);<\/p>\n<\/div>\n","protected":false},"excerpt":{"rendered":"<p>Porady dotycz\u0105ce tanich lot\u00f3w w Dolomity Szukasz lot\u00f3w w \/ z Dolomit\u00f3w?\u00a0 Lotniska w Bergamo Orio al Serio i w Weronie oferuj\u0105 szeroki wyb\u00f3r zar\u00f3wno tanich lot\u00f3w, jak i lot\u00f3w mi\u0119dzynarodowych. Ruch lotniczy na p\u00f3\u0142nocy W\u0142och jest rozdzielony pomi\u0119dzy czterema g\u0142\u00f3wnymi lotniskami: Porty lotnicze Mediolan Linate i Malpensa to dwa g\u0142\u00f3wne w\u0119z\u0142y komunikacyjne dla lot\u00f3w [&hellip;]<\/p>\n","protected":false},"author":1,"featured_media":0,"parent":0,"menu_order":0,"comment_status":"open","ping_status":"open","template":"","meta":{"footnotes":""},"class_list":["post-268","page","type-page","status-publish","hentry"],"yoast_head":"<!-- This site is optimized with the Yoast SEO Premium plugin v24.4 (Yoast SEO v24.4) - https:\/\/yoast.com\/wordpress\/plugins\/seo\/ -->\n<title>Loty w Dolomity | Terravision<\/title>\n<meta name=\"description\" content=\"Loty w Dolomity - Loty w \/ z Dolomit\u00f3w z lotnisk w Weronie, Bergamo i Innsbrucku, por\u00f3wnaj ceny i zarezerwuj!\" \/>\n<meta name=\"robots\" content=\"index, follow, max-snippet:-1, max-image-preview:large, max-video-preview:-1\" \/>\n<link rel=\"canonical\" href=\"https:\/\/www.terravision.eu\/pl\/flights_dolomites.html\" \/>\n<meta property=\"og:locale\" content=\"pl_PL\" \/>\n<meta property=\"og:type\" content=\"article\" \/>\n<meta property=\"og:title\" content=\"Loty w Dolomity\" \/>\n<meta property=\"og:description\" content=\"Loty w Dolomity - Loty w \/ z Dolomit\u00f3w z lotnisk w Weronie, Bergamo i Innsbrucku, por\u00f3wnaj ceny i zarezerwuj!\" \/>\n<meta property=\"og:url\" content=\"https:\/\/www.terravision.eu\/pl\/flights_dolomites.html\" \/>\n<meta property=\"og:site_name\" content=\"Terravision Polska\" \/>\n<meta name=\"twitter:label1\" content=\"Szacowany czas czytania\" \/>\n\t<meta name=\"twitter:data1\" content=\"1 minute\" \/>\n<script type=\"application\/ld+json\" class=\"yoast-schema-graph\">{\"@context\":\"https:\/\/schema.org\",\"@graph\":[{\"@type\":\"WebPage\",\"@id\":\"https:\/\/www.terravision.eu\/pl\/flights_dolomites.html\",\"url\":\"https:\/\/www.terravision.eu\/pl\/flights_dolomites.html\",\"name\":\"Loty w Dolomity | Terravision\",\"isPartOf\":{\"@id\":\"https:\/\/www.terravision.eu\/pl\/#website\"},\"datePublished\":\"2012-08-13T14:41:57+00:00\",\"description\":\"Loty w Dolomity - Loty w \/ z Dolomit\u00f3w z lotnisk w Weronie, Bergamo i Innsbrucku, por\u00f3wnaj ceny i zarezerwuj!\",\"breadcrumb\":{\"@id\":\"https:\/\/www.terravision.eu\/pl\/flights_dolomites.html#breadcrumb\"},\"inLanguage\":\"pl-PL\",\"potentialAction\":[{\"@type\":\"ReadAction\",\"target\":[\"https:\/\/www.terravision.eu\/pl\/flights_dolomites.html\"]}]},{\"@type\":\"BreadcrumbList\",\"@id\":\"https:\/\/www.terravision.eu\/pl\/flights_dolomites.html#breadcrumb\",\"itemListElement\":[{\"@type\":\"ListItem\",\"position\":1,\"name\":\"Home\",\"item\":\"https:\/\/www.terravision.eu\/pl\/\"},{\"@type\":\"ListItem\",\"position\":2,\"name\":\"Loty w Dolomity\"}]},{\"@type\":\"WebSite\",\"@id\":\"https:\/\/www.terravision.eu\/pl\/#website\",\"url\":\"https:\/\/www.terravision.eu\/pl\/\",\"name\":\"Terravision Polska\",\"description\":\"Tanie po\u0142\u0105czenia z\/do g\u0142\u00f3wnych lotnisk w Europie\",\"potentialAction\":[{\"@type\":\"SearchAction\",\"target\":{\"@type\":\"EntryPoint\",\"urlTemplate\":\"https:\/\/www.terravision.eu\/pl\/?s={search_term_string}\"},\"query-input\":{\"@type\":\"PropertyValueSpecification\",\"valueRequired\":true,\"valueName\":\"search_term_string\"}}],\"inLanguage\":\"pl-PL\"}]}<\/script>\n<!-- \/ Yoast SEO Premium plugin. -->","yoast_head_json":{"title":"Loty w Dolomity | Terravision","description":"Loty w Dolomity - Loty w \/ z Dolomit\u00f3w z lotnisk w Weronie, Bergamo i Innsbrucku, por\u00f3wnaj ceny i zarezerwuj!","robots":{"index":"index","follow":"follow","max-snippet":"max-snippet:-1","max-image-preview":"max-image-preview:large","max-video-preview":"max-video-preview:-1"},"canonical":"https:\/\/www.terravision.eu\/pl\/flights_dolomites.html","og_locale":"pl_PL","og_type":"article","og_title":"Loty w Dolomity","og_description":"Loty w Dolomity - Loty w \/ z Dolomit\u00f3w z lotnisk w Weronie, Bergamo i Innsbrucku, por\u00f3wnaj ceny i zarezerwuj!","og_url":"https:\/\/www.terravision.eu\/pl\/flights_dolomites.html","og_site_name":"Terravision Polska","twitter_misc":{"Szacowany czas czytania":"1 minute"},"schema":{"@context":"https:\/\/schema.org","@graph":[{"@type":"WebPage","@id":"https:\/\/www.terravision.eu\/pl\/flights_dolomites.html","url":"https:\/\/www.terravision.eu\/pl\/flights_dolomites.html","name":"Loty w Dolomity | Terravision","isPartOf":{"@id":"https:\/\/www.terravision.eu\/pl\/#website"},"datePublished":"2012-08-13T14:41:57+00:00","description":"Loty w Dolomity - Loty w \/ z Dolomit\u00f3w z lotnisk w Weronie, Bergamo i Innsbrucku, por\u00f3wnaj ceny i zarezerwuj!","breadcrumb":{"@id":"https:\/\/www.terravision.eu\/pl\/flights_dolomites.html#breadcrumb"},"inLanguage":"pl-PL","potentialAction":[{"@type":"ReadAction","target":["https:\/\/www.terravision.eu\/pl\/flights_dolomites.html"]}]},{"@type":"BreadcrumbList","@id":"https:\/\/www.terravision.eu\/pl\/flights_dolomites.html#breadcrumb","itemListElement":[{"@type":"ListItem","position":1,"name":"Home","item":"https:\/\/www.terravision.eu\/pl\/"},{"@type":"ListItem","position":2,"name":"Loty w Dolomity"}]},{"@type":"WebSite","@id":"https:\/\/www.terravision.eu\/pl\/#website","url":"https:\/\/www.terravision.eu\/pl\/","name":"Terravision Polska","description":"Tanie po\u0142\u0105czenia z\/do g\u0142\u00f3wnych lotnisk w Europie","potentialAction":[{"@type":"SearchAction","target":{"@type":"EntryPoint","urlTemplate":"https:\/\/www.terravision.eu\/pl\/?s={search_term_string}"},"query-input":{"@type":"PropertyValueSpecification","valueRequired":true,"valueName":"search_term_string"}}],"inLanguage":"pl-PL"}]}},"_links":{"self":[{"href":"https:\/\/www.terravision.eu\/pl\/wp-json\/wp\/v2\/pages\/268","targetHints":{"allow":["GET"]}}],"collection":[{"href":"https:\/\/www.terravision.eu\/pl\/wp-json\/wp\/v2\/pages"}],"about":[{"href":"https:\/\/www.terravision.eu\/pl\/wp-json\/wp\/v2\/types\/page"}],"author":[{"embeddable":true,"href":"https:\/\/www.terravision.eu\/pl\/wp-json\/wp\/v2\/users\/1"}],"replies":[{"embeddable":true,"href":"https:\/\/www.terravision.eu\/pl\/wp-json\/wp\/v2\/comments?post=268"}],"version-history":[{"count":0,"href":"https:\/\/www.terravision.eu\/pl\/wp-json\/wp\/v2\/pages\/268\/revisions"}],"wp:attachment":[{"href":"https:\/\/www.terravision.eu\/pl\/wp-json\/wp\/v2\/media?parent=268"}],"curies":[{"name":"wp","href":"https:\/\/api.w.org\/{rel}","templated":true}]}}