{"id":283,"date":"2012-08-13T16:29:19","date_gmt":"2012-08-13T16:29:19","guid":{"rendered":"https:\/\/www.terravision.eu\/?page_id=2789"},"modified":"2020-03-06T14:51:08","modified_gmt":"2020-03-06T14:51:08","slug":"get_to_malta","status":"publish","type":"page","link":"https:\/\/www.terravision.eu\/pl\/get_to_malta.html","title":{"rendered":"Jak dosta\u0107 si\u0119 na Malt\u0119?"},"content":{"rendered":"<div id=\"article-single\">\n<div class=\"title\">Podr\u00f3\u017c na Malt\u0119<\/div>\n<p><strong>Jak dosta\u0107 si\u0119 na Malt\u0119?<\/strong><\/p>\n<p><strong>Samolotem<\/strong>:<br \/>\nMalta posiada bardzo dobre po\u0142\u0105czenia z Europ\u0105 i Afryk\u0105 P\u00f3\u0142nocn\u0105, jak r\u00f3wnie\u017c z reszt\u0105 \u015bwiata, dzi\u0119ki obecno\u015bci Mi\u0119dzynarodowego Portu Lotniczego na Malcie (KM), znajduj\u0105cego si\u0119 w odleg\u0142o\u015bci 8 km na po\u0142udnie od Valletty &#8211; stolicy wyspy.<br \/>\nLotnisko jest obs\u0142ugiwane przez krajowe linie lotnicze oraz przez tanich przewo\u017anik\u00f3w.<\/p>\n<p><strong>Statkiem<\/strong>:<br \/>\nNa Malt\u0119 mo\u017cna r\u00f3wnie\u017c dotrze\u0107 statkiem z W\u0142och (Catania, Reggio Calabria, Sycylia, a nawet z Salerno w pobli\u017cu Neapolu) lub z Tunisu (Tunezja).<\/p>\n<\/div>\n","protected":false},"excerpt":{"rendered":"<p>Podr\u00f3\u017c na Malt\u0119 Jak dosta\u0107 si\u0119 na Malt\u0119? Samolotem: Malta posiada bardzo dobre po\u0142\u0105czenia z Europ\u0105 i Afryk\u0105 P\u00f3\u0142nocn\u0105, jak r\u00f3wnie\u017c z reszt\u0105 \u015bwiata, dzi\u0119ki obecno\u015bci Mi\u0119dzynarodowego Portu Lotniczego na Malcie (KM), znajduj\u0105cego si\u0119 w odleg\u0142o\u015bci 8 km na po\u0142udnie od Valletty &#8211; stolicy wyspy. Lotnisko jest obs\u0142ugiwane przez krajowe linie lotnicze oraz przez tanich [&hellip;]<\/p>\n","protected":false},"author":1,"featured_media":0,"parent":0,"menu_order":0,"comment_status":"open","ping_status":"open","template":"","meta":{"footnotes":""},"class_list":["post-283","page","type-page","status-publish","hentry"],"yoast_head":"<!-- This site is optimized with the Yoast SEO Premium plugin v24.4 (Yoast SEO v24.4) - https:\/\/yoast.com\/wordpress\/plugins\/seo\/ -->\n<title>Jak dosta\u0107 si\u0119 na Malt\u0119? | Terravision<\/title>\n<meta name=\"description\" content=\"Jak dosta\u0107 si\u0119 na Malt\u0119? Informacje o tym, jak dosta\u0107 si\u0119 na Malt\u0119 promem, samolotem, samochodem lub poci\u0105giem. Wskaz\u00f3wki dotycz\u0105ce podr\u00f3\u017cy na Malt\u0119\" \/>\n<meta name=\"robots\" content=\"index, follow, max-snippet:-1, max-image-preview:large, max-video-preview:-1\" \/>\n<link rel=\"canonical\" href=\"https:\/\/www.terravision.eu\/pl\/get_to_malta.html\" \/>\n<meta property=\"og:locale\" content=\"pl_PL\" \/>\n<meta property=\"og:type\" content=\"article\" \/>\n<meta property=\"og:title\" content=\"Jak dosta\u0107 si\u0119 na Malt\u0119?\" \/>\n<meta property=\"og:description\" content=\"Jak dosta\u0107 si\u0119 na Malt\u0119? Informacje o tym, jak dosta\u0107 si\u0119 na Malt\u0119 promem, samolotem, samochodem lub poci\u0105giem. Wskaz\u00f3wki dotycz\u0105ce podr\u00f3\u017cy na Malt\u0119\" \/>\n<meta property=\"og:url\" content=\"https:\/\/www.terravision.eu\/pl\/get_to_malta.html\" \/>\n<meta property=\"og:site_name\" content=\"Terravision Polska\" \/>\n<meta property=\"article:modified_time\" content=\"2020-03-06T14:51:08+00:00\" \/>\n<script type=\"application\/ld+json\" class=\"yoast-schema-graph\">{\"@context\":\"https:\/\/schema.org\",\"@graph\":[{\"@type\":\"WebPage\",\"@id\":\"https:\/\/www.terravision.eu\/pl\/get_to_malta.html\",\"url\":\"https:\/\/www.terravision.eu\/pl\/get_to_malta.html\",\"name\":\"Jak dosta\u0107 si\u0119 na Malt\u0119? | Terravision\",\"isPartOf\":{\"@id\":\"https:\/\/www.terravision.eu\/pl\/#website\"},\"datePublished\":\"2012-08-13T16:29:19+00:00\",\"dateModified\":\"2020-03-06T14:51:08+00:00\",\"description\":\"Jak dosta\u0107 si\u0119 na Malt\u0119? Informacje o tym, jak dosta\u0107 si\u0119 na Malt\u0119 promem, samolotem, samochodem lub poci\u0105giem. Wskaz\u00f3wki dotycz\u0105ce podr\u00f3\u017cy na Malt\u0119\",\"breadcrumb\":{\"@id\":\"https:\/\/www.terravision.eu\/pl\/get_to_malta.html#breadcrumb\"},\"inLanguage\":\"pl-PL\",\"potentialAction\":[{\"@type\":\"ReadAction\",\"target\":[\"https:\/\/www.terravision.eu\/pl\/get_to_malta.html\"]}]},{\"@type\":\"BreadcrumbList\",\"@id\":\"https:\/\/www.terravision.eu\/pl\/get_to_malta.html#breadcrumb\",\"itemListElement\":[{\"@type\":\"ListItem\",\"position\":1,\"name\":\"Home\",\"item\":\"https:\/\/www.terravision.eu\/pl\/\"},{\"@type\":\"ListItem\",\"position\":2,\"name\":\"Jak dosta\u0107 si\u0119 na Malt\u0119?\"}]},{\"@type\":\"WebSite\",\"@id\":\"https:\/\/www.terravision.eu\/pl\/#website\",\"url\":\"https:\/\/www.terravision.eu\/pl\/\",\"name\":\"Terravision Polska\",\"description\":\"Tanie po\u0142\u0105czenia z\/do g\u0142\u00f3wnych lotnisk w Europie\",\"potentialAction\":[{\"@type\":\"SearchAction\",\"target\":{\"@type\":\"EntryPoint\",\"urlTemplate\":\"https:\/\/www.terravision.eu\/pl\/?s={search_term_string}\"},\"query-input\":{\"@type\":\"PropertyValueSpecification\",\"valueRequired\":true,\"valueName\":\"search_term_string\"}}],\"inLanguage\":\"pl-PL\"}]}<\/script>\n<!-- \/ Yoast SEO Premium plugin. -->","yoast_head_json":{"title":"Jak dosta\u0107 si\u0119 na Malt\u0119? | Terravision","description":"Jak dosta\u0107 si\u0119 na Malt\u0119? Informacje o tym, jak dosta\u0107 si\u0119 na Malt\u0119 promem, samolotem, samochodem lub poci\u0105giem. Wskaz\u00f3wki dotycz\u0105ce podr\u00f3\u017cy na Malt\u0119","robots":{"index":"index","follow":"follow","max-snippet":"max-snippet:-1","max-image-preview":"max-image-preview:large","max-video-preview":"max-video-preview:-1"},"canonical":"https:\/\/www.terravision.eu\/pl\/get_to_malta.html","og_locale":"pl_PL","og_type":"article","og_title":"Jak dosta\u0107 si\u0119 na Malt\u0119?","og_description":"Jak dosta\u0107 si\u0119 na Malt\u0119? Informacje o tym, jak dosta\u0107 si\u0119 na Malt\u0119 promem, samolotem, samochodem lub poci\u0105giem. Wskaz\u00f3wki dotycz\u0105ce podr\u00f3\u017cy na Malt\u0119","og_url":"https:\/\/www.terravision.eu\/pl\/get_to_malta.html","og_site_name":"Terravision Polska","article_modified_time":"2020-03-06T14:51:08+00:00","schema":{"@context":"https:\/\/schema.org","@graph":[{"@type":"WebPage","@id":"https:\/\/www.terravision.eu\/pl\/get_to_malta.html","url":"https:\/\/www.terravision.eu\/pl\/get_to_malta.html","name":"Jak dosta\u0107 si\u0119 na Malt\u0119? | Terravision","isPartOf":{"@id":"https:\/\/www.terravision.eu\/pl\/#website"},"datePublished":"2012-08-13T16:29:19+00:00","dateModified":"2020-03-06T14:51:08+00:00","description":"Jak dosta\u0107 si\u0119 na Malt\u0119? Informacje o tym, jak dosta\u0107 si\u0119 na Malt\u0119 promem, samolotem, samochodem lub poci\u0105giem. Wskaz\u00f3wki dotycz\u0105ce podr\u00f3\u017cy na Malt\u0119","breadcrumb":{"@id":"https:\/\/www.terravision.eu\/pl\/get_to_malta.html#breadcrumb"},"inLanguage":"pl-PL","potentialAction":[{"@type":"ReadAction","target":["https:\/\/www.terravision.eu\/pl\/get_to_malta.html"]}]},{"@type":"BreadcrumbList","@id":"https:\/\/www.terravision.eu\/pl\/get_to_malta.html#breadcrumb","itemListElement":[{"@type":"ListItem","position":1,"name":"Home","item":"https:\/\/www.terravision.eu\/pl\/"},{"@type":"ListItem","position":2,"name":"Jak dosta\u0107 si\u0119 na Malt\u0119?"}]},{"@type":"WebSite","@id":"https:\/\/www.terravision.eu\/pl\/#website","url":"https:\/\/www.terravision.eu\/pl\/","name":"Terravision Polska","description":"Tanie po\u0142\u0105czenia z\/do g\u0142\u00f3wnych lotnisk w Europie","potentialAction":[{"@type":"SearchAction","target":{"@type":"EntryPoint","urlTemplate":"https:\/\/www.terravision.eu\/pl\/?s={search_term_string}"},"query-input":{"@type":"PropertyValueSpecification","valueRequired":true,"valueName":"search_term_string"}}],"inLanguage":"pl-PL"}]}},"_links":{"self":[{"href":"https:\/\/www.terravision.eu\/pl\/wp-json\/wp\/v2\/pages\/283","targetHints":{"allow":["GET"]}}],"collection":[{"href":"https:\/\/www.terravision.eu\/pl\/wp-json\/wp\/v2\/pages"}],"about":[{"href":"https:\/\/www.terravision.eu\/pl\/wp-json\/wp\/v2\/types\/page"}],"author":[{"embeddable":true,"href":"https:\/\/www.terravision.eu\/pl\/wp-json\/wp\/v2\/users\/1"}],"replies":[{"embeddable":true,"href":"https:\/\/www.terravision.eu\/pl\/wp-json\/wp\/v2\/comments?post=283"}],"version-history":[{"count":1,"href":"https:\/\/www.terravision.eu\/pl\/wp-json\/wp\/v2\/pages\/283\/revisions"}],"predecessor-version":[{"id":15793,"href":"https:\/\/www.terravision.eu\/pl\/wp-json\/wp\/v2\/pages\/283\/revisions\/15793"}],"wp:attachment":[{"href":"https:\/\/www.terravision.eu\/pl\/wp-json\/wp\/v2\/media?parent=283"}],"curies":[{"name":"wp","href":"https:\/\/api.w.org\/{rel}","templated":true}]}}