{"id":291,"date":"2012-08-14T14:16:14","date_gmt":"2012-08-14T14:16:14","guid":{"rendered":"https:\/\/www.terravision.eu\/?page_id=2903"},"modified":"2012-08-14T14:16:14","modified_gmt":"2012-08-14T14:16:14","slug":"travel_manchester","status":"publish","type":"page","link":"https:\/\/www.terravision.eu\/pl\/travel_manchester.html","title":{"rendered":"Podr\u00f3\u017c do Manchesteru"},"content":{"rendered":"<div id=\"article-single\">\n<div class=\"title\">Podr\u00f3\u017cowanie do Manchesteru<\/div>\n<p>Manchester, miasto znane przede wszystkim dzi\u0119ki dru\u017cynie Manchester United, ma znacznie wi\u0119cej do zaoferowania ni\u017c tylko pi\u0142k\u0119 no\u017cn\u0105 i stadion Old Trafford!<br \/>\nCentrum miasta to nie tylko \u015bwietne miejsce na zakupy! Ze wzgl\u0119du na g\u0119ste zaludnienie przez student\u00f3w z ca\u0142ego \u015bwiata, oferuje ono ogromny wyb\u00f3r restauracji, klub\u00f3w, imprez, spotka\u0144 kulturalnych i wielu innych atrakcji na ka\u017cd\u0105 kiesze\u0144!<\/p>\n<p><strong>G\u0142\u00f3wne atrakcje Manchesteru<\/strong><br \/>\nThe Tower,<br \/>\nRatusz (w stylu wiktoria\u0144skim)<br \/>\nKatedra, najlepiej wykonana drewniana konstrukcja w p\u00f3\u0142nocnej Anglii<br \/>\nBiblioteka Chetham&#8217;s Library, szko\u0142a muzyczna, Long Millgate, najstarsza darmowa biblioteka publiczna w Wielkiej Brytanii (patrz film \u201eImi\u0119 r\u00f3\u017cy\u201d).<br \/>\nBiblioteka Johna Rylanda, Deansgate, s\u0142ynny wiktoria\u0144ski budynek w gotyckim stylu, w kt\u00f3rym znajdziesz niekt\u00f3re z najs\u0142awniejszych r\u0119kopis\u00f3w w \u015bwiecie, w tym najstarszy fragment Nowego Testamentu, Biblie Gutenberga, pierwsze wydanie \u201eSonet\u00f3w\u201d Szekspira i wiele wi\u0119cej.<br \/>\nBudynek Daily Express, dzie\u0142o sztuki w stylu Art Deco stworzone z czarnego i srebrnego szk\u0142a o charakterystycznych, wygi\u0119tych kszta\u0142tach.<br \/>\nMuzeum Nauki i Przemys\u0142u,<br \/>\nZwiedzanie Muzeum Manchester United, Sir Matt Busby Way, Manchester<\/p>\n<p><strong>Specjalne wskaz\u00f3wki &#8211; Manchester:<\/strong><br \/>\nNajta\u0144szy pint piwa w mie\u015bcie znajdziesz w Sinclair&#8217;s Oyster Bar. Jego historia si\u0119ga do 1720 roku. By\u0142 on rozebrany dwa razy, ale zawsze zostawa\u0142 przywr\u00f3cony do dawnej \u015bwietno\u015bci i jest teraz prawdziwym punktem orientacyjnym miasta.<\/p>\n<\/div>\n","protected":false},"excerpt":{"rendered":"<p>Podr\u00f3\u017cowanie do Manchesteru Manchester, miasto znane przede wszystkim dzi\u0119ki dru\u017cynie Manchester United, ma znacznie wi\u0119cej do zaoferowania ni\u017c tylko pi\u0142k\u0119 no\u017cn\u0105 i stadion Old Trafford! Centrum miasta to nie tylko \u015bwietne miejsce na zakupy! Ze wzgl\u0119du na g\u0119ste zaludnienie przez student\u00f3w z ca\u0142ego \u015bwiata, oferuje ono ogromny wyb\u00f3r restauracji, klub\u00f3w, imprez, spotka\u0144 kulturalnych i wielu [&hellip;]<\/p>\n","protected":false},"author":1,"featured_media":0,"parent":0,"menu_order":0,"comment_status":"open","ping_status":"open","template":"","meta":{"footnotes":""},"class_list":["post-291","page","type-page","status-publish","hentry"],"yoast_head":"<!-- This site is optimized with the Yoast SEO Premium plugin v24.4 (Yoast SEO v24.4) - https:\/\/yoast.com\/wordpress\/plugins\/seo\/ -->\n<title>Podr\u00f3? do Manchesteru | Terravision<\/title>\n<meta name=\"description\" content=\"Podr\u00f3\u017c do Manchesteru - przydatne informacje dotycz\u0105ce podr\u00f3\u017cy do Manchesteru: muzea, najwi\u0119ksze atrakcje Manchesteru, wycieczki, ciekawostki, zabytki\" \/>\n<meta name=\"robots\" content=\"index, follow, max-snippet:-1, max-image-preview:large, max-video-preview:-1\" \/>\n<link rel=\"canonical\" href=\"https:\/\/www.terravision.eu\/pl\/travel_manchester.html\" \/>\n<meta property=\"og:locale\" content=\"pl_PL\" \/>\n<meta property=\"og:type\" content=\"article\" \/>\n<meta property=\"og:title\" content=\"Podr\u00f3\u017c do Manchesteru\" \/>\n<meta property=\"og:description\" content=\"Podr\u00f3\u017c do Manchesteru - przydatne informacje dotycz\u0105ce podr\u00f3\u017cy do Manchesteru: muzea, najwi\u0119ksze atrakcje Manchesteru, wycieczki, ciekawostki, zabytki\" \/>\n<meta property=\"og:url\" content=\"https:\/\/www.terravision.eu\/pl\/travel_manchester.html\" \/>\n<meta property=\"og:site_name\" content=\"Terravision Polska\" \/>\n<meta name=\"twitter:label1\" content=\"Est. reading time\" \/>\n\t<meta name=\"twitter:data1\" content=\"1 minute\" \/>\n<script type=\"application\/ld+json\" class=\"yoast-schema-graph\">{\"@context\":\"https:\/\/schema.org\",\"@graph\":[{\"@type\":\"WebPage\",\"@id\":\"https:\/\/www.terravision.eu\/pl\/travel_manchester.html\",\"url\":\"https:\/\/www.terravision.eu\/pl\/travel_manchester.html\",\"name\":\"Podr\u00f3? do Manchesteru | Terravision\",\"isPartOf\":{\"@id\":\"https:\/\/www.terravision.eu\/pl\/#website\"},\"datePublished\":\"2012-08-14T14:16:14+00:00\",\"description\":\"Podr\u00f3\u017c do Manchesteru - przydatne informacje dotycz\u0105ce podr\u00f3\u017cy do Manchesteru: muzea, najwi\u0119ksze atrakcje Manchesteru, wycieczki, ciekawostki, zabytki\",\"breadcrumb\":{\"@id\":\"https:\/\/www.terravision.eu\/pl\/travel_manchester.html#breadcrumb\"},\"inLanguage\":\"pl-PL\",\"potentialAction\":[{\"@type\":\"ReadAction\",\"target\":[\"https:\/\/www.terravision.eu\/pl\/travel_manchester.html\"]}]},{\"@type\":\"BreadcrumbList\",\"@id\":\"https:\/\/www.terravision.eu\/pl\/travel_manchester.html#breadcrumb\",\"itemListElement\":[{\"@type\":\"ListItem\",\"position\":1,\"name\":\"Home\",\"item\":\"https:\/\/www.terravision.eu\/pl\/\"},{\"@type\":\"ListItem\",\"position\":2,\"name\":\"Podr\u00f3\u017c do Manchesteru\"}]},{\"@type\":\"WebSite\",\"@id\":\"https:\/\/www.terravision.eu\/pl\/#website\",\"url\":\"https:\/\/www.terravision.eu\/pl\/\",\"name\":\"Terravision Polska\",\"description\":\"Tanie po\u0142\u0105czenia z\/do g\u0142\u00f3wnych lotnisk w Europie\",\"potentialAction\":[{\"@type\":\"SearchAction\",\"target\":{\"@type\":\"EntryPoint\",\"urlTemplate\":\"https:\/\/www.terravision.eu\/pl\/?s={search_term_string}\"},\"query-input\":{\"@type\":\"PropertyValueSpecification\",\"valueRequired\":true,\"valueName\":\"search_term_string\"}}],\"inLanguage\":\"pl-PL\"}]}<\/script>\n<!-- \/ Yoast SEO Premium plugin. -->","yoast_head_json":{"title":"Podr\u00f3? do Manchesteru | Terravision","description":"Podr\u00f3\u017c do Manchesteru - przydatne informacje dotycz\u0105ce podr\u00f3\u017cy do Manchesteru: muzea, najwi\u0119ksze atrakcje Manchesteru, wycieczki, ciekawostki, zabytki","robots":{"index":"index","follow":"follow","max-snippet":"max-snippet:-1","max-image-preview":"max-image-preview:large","max-video-preview":"max-video-preview:-1"},"canonical":"https:\/\/www.terravision.eu\/pl\/travel_manchester.html","og_locale":"pl_PL","og_type":"article","og_title":"Podr\u00f3\u017c do Manchesteru","og_description":"Podr\u00f3\u017c do Manchesteru - przydatne informacje dotycz\u0105ce podr\u00f3\u017cy do Manchesteru: muzea, najwi\u0119ksze atrakcje Manchesteru, wycieczki, ciekawostki, zabytki","og_url":"https:\/\/www.terravision.eu\/pl\/travel_manchester.html","og_site_name":"Terravision Polska","twitter_misc":{"Est. reading time":"1 minute"},"schema":{"@context":"https:\/\/schema.org","@graph":[{"@type":"WebPage","@id":"https:\/\/www.terravision.eu\/pl\/travel_manchester.html","url":"https:\/\/www.terravision.eu\/pl\/travel_manchester.html","name":"Podr\u00f3? do Manchesteru | Terravision","isPartOf":{"@id":"https:\/\/www.terravision.eu\/pl\/#website"},"datePublished":"2012-08-14T14:16:14+00:00","description":"Podr\u00f3\u017c do Manchesteru - przydatne informacje dotycz\u0105ce podr\u00f3\u017cy do Manchesteru: muzea, najwi\u0119ksze atrakcje Manchesteru, wycieczki, ciekawostki, zabytki","breadcrumb":{"@id":"https:\/\/www.terravision.eu\/pl\/travel_manchester.html#breadcrumb"},"inLanguage":"pl-PL","potentialAction":[{"@type":"ReadAction","target":["https:\/\/www.terravision.eu\/pl\/travel_manchester.html"]}]},{"@type":"BreadcrumbList","@id":"https:\/\/www.terravision.eu\/pl\/travel_manchester.html#breadcrumb","itemListElement":[{"@type":"ListItem","position":1,"name":"Home","item":"https:\/\/www.terravision.eu\/pl\/"},{"@type":"ListItem","position":2,"name":"Podr\u00f3\u017c do Manchesteru"}]},{"@type":"WebSite","@id":"https:\/\/www.terravision.eu\/pl\/#website","url":"https:\/\/www.terravision.eu\/pl\/","name":"Terravision Polska","description":"Tanie po\u0142\u0105czenia z\/do g\u0142\u00f3wnych lotnisk w Europie","potentialAction":[{"@type":"SearchAction","target":{"@type":"EntryPoint","urlTemplate":"https:\/\/www.terravision.eu\/pl\/?s={search_term_string}"},"query-input":{"@type":"PropertyValueSpecification","valueRequired":true,"valueName":"search_term_string"}}],"inLanguage":"pl-PL"}]}},"_links":{"self":[{"href":"https:\/\/www.terravision.eu\/pl\/wp-json\/wp\/v2\/pages\/291","targetHints":{"allow":["GET"]}}],"collection":[{"href":"https:\/\/www.terravision.eu\/pl\/wp-json\/wp\/v2\/pages"}],"about":[{"href":"https:\/\/www.terravision.eu\/pl\/wp-json\/wp\/v2\/types\/page"}],"author":[{"embeddable":true,"href":"https:\/\/www.terravision.eu\/pl\/wp-json\/wp\/v2\/users\/1"}],"replies":[{"embeddable":true,"href":"https:\/\/www.terravision.eu\/pl\/wp-json\/wp\/v2\/comments?post=291"}],"version-history":[{"count":0,"href":"https:\/\/www.terravision.eu\/pl\/wp-json\/wp\/v2\/pages\/291\/revisions"}],"wp:attachment":[{"href":"https:\/\/www.terravision.eu\/pl\/wp-json\/wp\/v2\/media?parent=291"}],"curies":[{"name":"wp","href":"https:\/\/api.w.org\/{rel}","templated":true}]}}