{"id":298,"date":"2012-08-14T15:38:05","date_gmt":"2012-08-14T15:38:05","guid":{"rendered":"https:\/\/www.terravision.eu\/?page_id=2975"},"modified":"2020-03-09T09:16:25","modified_gmt":"2020-03-09T09:16:25","slug":"travel_porto","status":"publish","type":"page","link":"https:\/\/www.terravision.eu\/pl\/travel_porto.html","title":{"rendered":"Podr\u00f3\u017c do Porto"},"content":{"rendered":"<div id=\"article-single\">\n<p>Porto jest drugim co do wielko\u015bci miastem w Portugalii, zaraz po Lizbonie, ostatnio staje si\u0119 bardzo modnym miastem europejskim. Dzi\u0119ki swojej charyzmie i wspania\u0142ym zabytkom, historyczne centrum Porto zosta\u0142o wpisane na list\u0119 \u015awiatowego Dziedzictwa UNESCO w 1996 roku. Ma ono wiele do zaoferowania, niezale\u017cnie od tego, czy przyjedziesz tutaj na weekend, tydzie\u0144 lub je\u015bli nawet jeste\u015b w podr\u00f3\u017cy s\u0142u\u017cbowej. Miasto znajdowa\u0142o si\u0119 przez d\u0142ugi czas pod wp\u0142ywem rzymskim, a nast\u0119pnie maureta\u0144skim, a tak\u017ce pod kontrol\u0105 Imperium Brytyjskiego. Dlatego te\u017c historyczne centrum Porto charakteryzuje do\u015b\u0107 wyj\u0105tkowa atmosfera &#8211; nie wspominaj\u0105c o piwnicach winiarskich Cais de Gaias w Porto, kt\u00f3re znane s\u0105 na ca\u0142ym \u015bwiecie.<\/p>\n<p><strong>G\u0142\u00f3wne atrakcje Porto<\/strong><br \/>\nCais de Gaias &#8211; piwnice wina porto,<br \/>\nKo\u015bci\u00f3\u0142 Sao Louren\u00e7o,<br \/>\nDzielnica Ribeira,<br \/>\nWie\u017ca Clerigos,<br \/>\nStacja kolejowa Sao Bento,<br \/>\nMost Dom Luis (ma ponad 120 lat!),<br \/>\nDzie\u0142a sztuki wykonane z p\u0142ytek Azulejos,<br \/>\nBiblioteka Lello<\/p>\n<p><strong>Porto &#8211; Specjalne wskaz\u00f3wki i wydarzenia<\/strong><br \/>\nPorto to t\u0119tni\u0105ce \u017cyciem miasto, w kt\u00f3rym zawsze znajdziesz wystawy klasy \u015bwiatowej (w muzeum Serralves) i wyst\u0119py muzyczne (w Casa da Musica), a tak\u017ce festiwale i ekscytuj\u0105ce wydarzenia.<\/p>\n<\/div>\n","protected":false},"excerpt":{"rendered":"<p>Porto jest drugim co do wielko\u015bci miastem w Portugalii, zaraz po Lizbonie, ostatnio staje si\u0119 bardzo modnym miastem europejskim. Dzi\u0119ki swojej charyzmie i wspania\u0142ym zabytkom, historyczne centrum Porto zosta\u0142o wpisane na list\u0119 \u015awiatowego Dziedzictwa UNESCO w 1996 roku. Ma ono wiele do zaoferowania, niezale\u017cnie od tego, czy przyjedziesz tutaj na weekend, tydzie\u0144 lub je\u015bli nawet [&hellip;]<\/p>\n","protected":false},"author":1,"featured_media":0,"parent":0,"menu_order":0,"comment_status":"open","ping_status":"open","template":"","meta":{"footnotes":""},"class_list":["post-298","page","type-page","status-publish","hentry"],"yoast_head":"<!-- This site is optimized with the Yoast SEO Premium plugin v24.4 (Yoast SEO v24.4) - https:\/\/yoast.com\/wordpress\/plugins\/seo\/ -->\n<title>Podr\u00f3\u017c do Porto | Terravision<\/title>\n<meta name=\"description\" content=\"Podr\u00f3\u017c do Porto - przydatne informacje dotycz\u0105ce podr\u00f3\u017cy do Porto: muzea, najwi\u0119ksze atrakcje Porto, wycieczki\" \/>\n<meta name=\"robots\" content=\"index, follow, max-snippet:-1, max-image-preview:large, max-video-preview:-1\" \/>\n<link rel=\"canonical\" href=\"https:\/\/www.terravision.eu\/pl\/travel_porto.html\" \/>\n<meta property=\"og:locale\" content=\"pl_PL\" \/>\n<meta property=\"og:type\" content=\"article\" \/>\n<meta property=\"og:title\" content=\"Podr\u00f3\u017c do Porto\" \/>\n<meta property=\"og:description\" content=\"Podr\u00f3\u017c do Porto - przydatne informacje dotycz\u0105ce podr\u00f3\u017cy do Porto: muzea, najwi\u0119ksze atrakcje Porto, wycieczki\" \/>\n<meta property=\"og:url\" content=\"https:\/\/www.terravision.eu\/pl\/travel_porto.html\" \/>\n<meta property=\"og:site_name\" content=\"Terravision Polska\" \/>\n<meta property=\"article:modified_time\" content=\"2020-03-09T09:16:25+00:00\" \/>\n<meta name=\"twitter:label1\" content=\"Szacowany czas czytania\" \/>\n\t<meta name=\"twitter:data1\" content=\"1 minute\" \/>\n<script type=\"application\/ld+json\" class=\"yoast-schema-graph\">{\"@context\":\"https:\/\/schema.org\",\"@graph\":[{\"@type\":\"WebPage\",\"@id\":\"https:\/\/www.terravision.eu\/pl\/travel_porto.html\",\"url\":\"https:\/\/www.terravision.eu\/pl\/travel_porto.html\",\"name\":\"Podr\u00f3\u017c do Porto | Terravision\",\"isPartOf\":{\"@id\":\"https:\/\/www.terravision.eu\/pl\/#website\"},\"datePublished\":\"2012-08-14T15:38:05+00:00\",\"dateModified\":\"2020-03-09T09:16:25+00:00\",\"description\":\"Podr\u00f3\u017c do Porto - przydatne informacje dotycz\u0105ce podr\u00f3\u017cy do Porto: muzea, najwi\u0119ksze atrakcje Porto, wycieczki\",\"breadcrumb\":{\"@id\":\"https:\/\/www.terravision.eu\/pl\/travel_porto.html#breadcrumb\"},\"inLanguage\":\"pl-PL\",\"potentialAction\":[{\"@type\":\"ReadAction\",\"target\":[\"https:\/\/www.terravision.eu\/pl\/travel_porto.html\"]}]},{\"@type\":\"BreadcrumbList\",\"@id\":\"https:\/\/www.terravision.eu\/pl\/travel_porto.html#breadcrumb\",\"itemListElement\":[{\"@type\":\"ListItem\",\"position\":1,\"name\":\"Home\",\"item\":\"https:\/\/www.terravision.eu\/pl\/\"},{\"@type\":\"ListItem\",\"position\":2,\"name\":\"Podr\u00f3\u017c do Porto\"}]},{\"@type\":\"WebSite\",\"@id\":\"https:\/\/www.terravision.eu\/pl\/#website\",\"url\":\"https:\/\/www.terravision.eu\/pl\/\",\"name\":\"Terravision Polska\",\"description\":\"Tanie po\u0142\u0105czenia z\/do g\u0142\u00f3wnych lotnisk w Europie\",\"potentialAction\":[{\"@type\":\"SearchAction\",\"target\":{\"@type\":\"EntryPoint\",\"urlTemplate\":\"https:\/\/www.terravision.eu\/pl\/?s={search_term_string}\"},\"query-input\":{\"@type\":\"PropertyValueSpecification\",\"valueRequired\":true,\"valueName\":\"search_term_string\"}}],\"inLanguage\":\"pl-PL\"}]}<\/script>\n<!-- \/ Yoast SEO Premium plugin. -->","yoast_head_json":{"title":"Podr\u00f3\u017c do Porto | Terravision","description":"Podr\u00f3\u017c do Porto - przydatne informacje dotycz\u0105ce podr\u00f3\u017cy do Porto: muzea, najwi\u0119ksze atrakcje Porto, wycieczki","robots":{"index":"index","follow":"follow","max-snippet":"max-snippet:-1","max-image-preview":"max-image-preview:large","max-video-preview":"max-video-preview:-1"},"canonical":"https:\/\/www.terravision.eu\/pl\/travel_porto.html","og_locale":"pl_PL","og_type":"article","og_title":"Podr\u00f3\u017c do Porto","og_description":"Podr\u00f3\u017c do Porto - przydatne informacje dotycz\u0105ce podr\u00f3\u017cy do Porto: muzea, najwi\u0119ksze atrakcje Porto, wycieczki","og_url":"https:\/\/www.terravision.eu\/pl\/travel_porto.html","og_site_name":"Terravision Polska","article_modified_time":"2020-03-09T09:16:25+00:00","twitter_misc":{"Szacowany czas czytania":"1 minute"},"schema":{"@context":"https:\/\/schema.org","@graph":[{"@type":"WebPage","@id":"https:\/\/www.terravision.eu\/pl\/travel_porto.html","url":"https:\/\/www.terravision.eu\/pl\/travel_porto.html","name":"Podr\u00f3\u017c do Porto | Terravision","isPartOf":{"@id":"https:\/\/www.terravision.eu\/pl\/#website"},"datePublished":"2012-08-14T15:38:05+00:00","dateModified":"2020-03-09T09:16:25+00:00","description":"Podr\u00f3\u017c do Porto - przydatne informacje dotycz\u0105ce podr\u00f3\u017cy do Porto: muzea, najwi\u0119ksze atrakcje Porto, wycieczki","breadcrumb":{"@id":"https:\/\/www.terravision.eu\/pl\/travel_porto.html#breadcrumb"},"inLanguage":"pl-PL","potentialAction":[{"@type":"ReadAction","target":["https:\/\/www.terravision.eu\/pl\/travel_porto.html"]}]},{"@type":"BreadcrumbList","@id":"https:\/\/www.terravision.eu\/pl\/travel_porto.html#breadcrumb","itemListElement":[{"@type":"ListItem","position":1,"name":"Home","item":"https:\/\/www.terravision.eu\/pl\/"},{"@type":"ListItem","position":2,"name":"Podr\u00f3\u017c do Porto"}]},{"@type":"WebSite","@id":"https:\/\/www.terravision.eu\/pl\/#website","url":"https:\/\/www.terravision.eu\/pl\/","name":"Terravision Polska","description":"Tanie po\u0142\u0105czenia z\/do g\u0142\u00f3wnych lotnisk w Europie","potentialAction":[{"@type":"SearchAction","target":{"@type":"EntryPoint","urlTemplate":"https:\/\/www.terravision.eu\/pl\/?s={search_term_string}"},"query-input":{"@type":"PropertyValueSpecification","valueRequired":true,"valueName":"search_term_string"}}],"inLanguage":"pl-PL"}]}},"_links":{"self":[{"href":"https:\/\/www.terravision.eu\/pl\/wp-json\/wp\/v2\/pages\/298","targetHints":{"allow":["GET"]}}],"collection":[{"href":"https:\/\/www.terravision.eu\/pl\/wp-json\/wp\/v2\/pages"}],"about":[{"href":"https:\/\/www.terravision.eu\/pl\/wp-json\/wp\/v2\/types\/page"}],"author":[{"embeddable":true,"href":"https:\/\/www.terravision.eu\/pl\/wp-json\/wp\/v2\/users\/1"}],"replies":[{"embeddable":true,"href":"https:\/\/www.terravision.eu\/pl\/wp-json\/wp\/v2\/comments?post=298"}],"version-history":[{"count":1,"href":"https:\/\/www.terravision.eu\/pl\/wp-json\/wp\/v2\/pages\/298\/revisions"}],"predecessor-version":[{"id":15791,"href":"https:\/\/www.terravision.eu\/pl\/wp-json\/wp\/v2\/pages\/298\/revisions\/15791"}],"wp:attachment":[{"href":"https:\/\/www.terravision.eu\/pl\/wp-json\/wp\/v2\/media?parent=298"}],"curies":[{"name":"wp","href":"https:\/\/api.w.org\/{rel}","templated":true}]}}