{"id":303,"date":"2012-08-14T16:12:03","date_gmt":"2012-08-14T16:12:03","guid":{"rendered":"https:\/\/www.terravision.eu\/?page_id=3027"},"modified":"2020-03-09T09:07:30","modified_gmt":"2020-03-09T09:07:30","slug":"get_to_porto","status":"publish","type":"page","link":"https:\/\/www.terravision.eu\/pl\/get_to_porto.html","title":{"rendered":"Jak dojecha\u0107 do Porto?"},"content":{"rendered":"<div id=\"article-single\">\n<p><strong>Samolotem<\/strong>:<br \/>\nPorto ma bardzo dobre po\u0142\u0105czenie z reszt\u0105 Europy i wi\u0119kszymi miastami na ca\u0142ym \u015bwiecie dzi\u0119ki Mi\u0119dzynarodowemu Portowi Lotniczemu Francisco S\u00e1 Carneiro (OPO).<\/p>\n<p><strong>Samochodem<\/strong>:<br \/>\nG\u0142\u00f3wne autostrady do Porto:<br \/>\nA1 &#8211; z Lizbony<br \/>\nA3 &#8211; z Minho<br \/>\nA4 &#8211; z Tr\u00e1s-os-Montes<br \/>\nIC1\/A28 &#8211; z Valen\u00e7a (bez op\u0142at)<\/p>\n<p><strong>Poci\u0105giem<\/strong>:<br \/>\nW Porto znajduj\u0105 si\u0119 cztery g\u0142\u00f3wne stacje kolejowe:<br \/>\nEsta\u00e7\u00e3o de Campanh\u00e3 z po\u0142\u0105czeniami mi\u0119dzynarodowymi, a tak\u017ce do miast: Lizbona, Douro i Minho.<br \/>\nEsta\u00e7\u00e3o de S. Bento, z po\u0142\u0105czeniami do Galicji, Douro, Minho, Aveiro i Coimbra.<\/p>\n<\/div>\n","protected":false},"excerpt":{"rendered":"<p>Samolotem: Porto ma bardzo dobre po\u0142\u0105czenie z reszt\u0105 Europy i wi\u0119kszymi miastami na ca\u0142ym \u015bwiecie dzi\u0119ki Mi\u0119dzynarodowemu Portowi Lotniczemu Francisco S\u00e1 Carneiro (OPO). Samochodem: G\u0142\u00f3wne autostrady do Porto: A1 &#8211; z Lizbony A3 &#8211; z Minho A4 &#8211; z Tr\u00e1s-os-Montes IC1\/A28 &#8211; z Valen\u00e7a (bez op\u0142at) Poci\u0105giem: W Porto znajduj\u0105 si\u0119 cztery g\u0142\u00f3wne stacje kolejowe: [&hellip;]<\/p>\n","protected":false},"author":1,"featured_media":0,"parent":0,"menu_order":0,"comment_status":"open","ping_status":"open","template":"","meta":{"footnotes":""},"class_list":["post-303","page","type-page","status-publish","hentry"],"yoast_head":"<!-- This site is optimized with the Yoast SEO Premium plugin v24.4 (Yoast SEO v24.4) - https:\/\/yoast.com\/wordpress\/plugins\/seo\/ -->\n<title>Jak dojecha\u0107 do Porto? | Terravision<\/title>\n<meta name=\"description\" content=\"Jak dosta\u0107 si\u0119 do Porto? Informacje o tym, jak dojecha\u0107 do Porto samolotem, samochodem lub poci\u0105giem. Wskaz\u00f3wki dotycz\u0105ce podr\u00f3\u017cy do Porto\" \/>\n<meta name=\"robots\" content=\"index, follow, max-snippet:-1, max-image-preview:large, max-video-preview:-1\" \/>\n<link rel=\"canonical\" href=\"https:\/\/www.terravision.eu\/pl\/get_to_porto.html\" \/>\n<meta property=\"og:locale\" content=\"pl_PL\" \/>\n<meta property=\"og:type\" content=\"article\" \/>\n<meta property=\"og:title\" content=\"Jak dojecha\u0107 do Porto?\" \/>\n<meta property=\"og:description\" content=\"Jak dosta\u0107 si\u0119 do Porto? Informacje o tym, jak dojecha\u0107 do Porto samolotem, samochodem lub poci\u0105giem. Wskaz\u00f3wki dotycz\u0105ce podr\u00f3\u017cy do Porto\" \/>\n<meta property=\"og:url\" content=\"https:\/\/www.terravision.eu\/pl\/get_to_porto.html\" \/>\n<meta property=\"og:site_name\" content=\"Terravision Polska\" \/>\n<meta property=\"article:modified_time\" content=\"2020-03-09T09:07:30+00:00\" \/>\n<meta name=\"twitter:label1\" content=\"Szacowany czas czytania\" \/>\n\t<meta name=\"twitter:data1\" content=\"1 minute\" \/>\n<script type=\"application\/ld+json\" class=\"yoast-schema-graph\">{\"@context\":\"https:\/\/schema.org\",\"@graph\":[{\"@type\":\"WebPage\",\"@id\":\"https:\/\/www.terravision.eu\/pl\/get_to_porto.html\",\"url\":\"https:\/\/www.terravision.eu\/pl\/get_to_porto.html\",\"name\":\"Jak dojecha\u0107 do Porto? | Terravision\",\"isPartOf\":{\"@id\":\"https:\/\/www.terravision.eu\/pl\/#website\"},\"datePublished\":\"2012-08-14T16:12:03+00:00\",\"dateModified\":\"2020-03-09T09:07:30+00:00\",\"description\":\"Jak dosta\u0107 si\u0119 do Porto? Informacje o tym, jak dojecha\u0107 do Porto samolotem, samochodem lub poci\u0105giem. Wskaz\u00f3wki dotycz\u0105ce podr\u00f3\u017cy do Porto\",\"breadcrumb\":{\"@id\":\"https:\/\/www.terravision.eu\/pl\/get_to_porto.html#breadcrumb\"},\"inLanguage\":\"pl-PL\",\"potentialAction\":[{\"@type\":\"ReadAction\",\"target\":[\"https:\/\/www.terravision.eu\/pl\/get_to_porto.html\"]}]},{\"@type\":\"BreadcrumbList\",\"@id\":\"https:\/\/www.terravision.eu\/pl\/get_to_porto.html#breadcrumb\",\"itemListElement\":[{\"@type\":\"ListItem\",\"position\":1,\"name\":\"Home\",\"item\":\"https:\/\/www.terravision.eu\/pl\/\"},{\"@type\":\"ListItem\",\"position\":2,\"name\":\"Jak dojecha\u0107 do Porto?\"}]},{\"@type\":\"WebSite\",\"@id\":\"https:\/\/www.terravision.eu\/pl\/#website\",\"url\":\"https:\/\/www.terravision.eu\/pl\/\",\"name\":\"Terravision Polska\",\"description\":\"Tanie po\u0142\u0105czenia z\/do g\u0142\u00f3wnych lotnisk w Europie\",\"potentialAction\":[{\"@type\":\"SearchAction\",\"target\":{\"@type\":\"EntryPoint\",\"urlTemplate\":\"https:\/\/www.terravision.eu\/pl\/?s={search_term_string}\"},\"query-input\":{\"@type\":\"PropertyValueSpecification\",\"valueRequired\":true,\"valueName\":\"search_term_string\"}}],\"inLanguage\":\"pl-PL\"}]}<\/script>\n<!-- \/ Yoast SEO Premium plugin. -->","yoast_head_json":{"title":"Jak dojecha\u0107 do Porto? | Terravision","description":"Jak dosta\u0107 si\u0119 do Porto? Informacje o tym, jak dojecha\u0107 do Porto samolotem, samochodem lub poci\u0105giem. Wskaz\u00f3wki dotycz\u0105ce podr\u00f3\u017cy do Porto","robots":{"index":"index","follow":"follow","max-snippet":"max-snippet:-1","max-image-preview":"max-image-preview:large","max-video-preview":"max-video-preview:-1"},"canonical":"https:\/\/www.terravision.eu\/pl\/get_to_porto.html","og_locale":"pl_PL","og_type":"article","og_title":"Jak dojecha\u0107 do Porto?","og_description":"Jak dosta\u0107 si\u0119 do Porto? Informacje o tym, jak dojecha\u0107 do Porto samolotem, samochodem lub poci\u0105giem. Wskaz\u00f3wki dotycz\u0105ce podr\u00f3\u017cy do Porto","og_url":"https:\/\/www.terravision.eu\/pl\/get_to_porto.html","og_site_name":"Terravision Polska","article_modified_time":"2020-03-09T09:07:30+00:00","twitter_misc":{"Szacowany czas czytania":"1 minute"},"schema":{"@context":"https:\/\/schema.org","@graph":[{"@type":"WebPage","@id":"https:\/\/www.terravision.eu\/pl\/get_to_porto.html","url":"https:\/\/www.terravision.eu\/pl\/get_to_porto.html","name":"Jak dojecha\u0107 do Porto? | Terravision","isPartOf":{"@id":"https:\/\/www.terravision.eu\/pl\/#website"},"datePublished":"2012-08-14T16:12:03+00:00","dateModified":"2020-03-09T09:07:30+00:00","description":"Jak dosta\u0107 si\u0119 do Porto? Informacje o tym, jak dojecha\u0107 do Porto samolotem, samochodem lub poci\u0105giem. Wskaz\u00f3wki dotycz\u0105ce podr\u00f3\u017cy do Porto","breadcrumb":{"@id":"https:\/\/www.terravision.eu\/pl\/get_to_porto.html#breadcrumb"},"inLanguage":"pl-PL","potentialAction":[{"@type":"ReadAction","target":["https:\/\/www.terravision.eu\/pl\/get_to_porto.html"]}]},{"@type":"BreadcrumbList","@id":"https:\/\/www.terravision.eu\/pl\/get_to_porto.html#breadcrumb","itemListElement":[{"@type":"ListItem","position":1,"name":"Home","item":"https:\/\/www.terravision.eu\/pl\/"},{"@type":"ListItem","position":2,"name":"Jak dojecha\u0107 do Porto?"}]},{"@type":"WebSite","@id":"https:\/\/www.terravision.eu\/pl\/#website","url":"https:\/\/www.terravision.eu\/pl\/","name":"Terravision Polska","description":"Tanie po\u0142\u0105czenia z\/do g\u0142\u00f3wnych lotnisk w Europie","potentialAction":[{"@type":"SearchAction","target":{"@type":"EntryPoint","urlTemplate":"https:\/\/www.terravision.eu\/pl\/?s={search_term_string}"},"query-input":{"@type":"PropertyValueSpecification","valueRequired":true,"valueName":"search_term_string"}}],"inLanguage":"pl-PL"}]}},"_links":{"self":[{"href":"https:\/\/www.terravision.eu\/pl\/wp-json\/wp\/v2\/pages\/303","targetHints":{"allow":["GET"]}}],"collection":[{"href":"https:\/\/www.terravision.eu\/pl\/wp-json\/wp\/v2\/pages"}],"about":[{"href":"https:\/\/www.terravision.eu\/pl\/wp-json\/wp\/v2\/types\/page"}],"author":[{"embeddable":true,"href":"https:\/\/www.terravision.eu\/pl\/wp-json\/wp\/v2\/users\/1"}],"replies":[{"embeddable":true,"href":"https:\/\/www.terravision.eu\/pl\/wp-json\/wp\/v2\/comments?post=303"}],"version-history":[{"count":1,"href":"https:\/\/www.terravision.eu\/pl\/wp-json\/wp\/v2\/pages\/303\/revisions"}],"predecessor-version":[{"id":15790,"href":"https:\/\/www.terravision.eu\/pl\/wp-json\/wp\/v2\/pages\/303\/revisions\/15790"}],"wp:attachment":[{"href":"https:\/\/www.terravision.eu\/pl\/wp-json\/wp\/v2\/media?parent=303"}],"curies":[{"name":"wp","href":"https:\/\/api.w.org\/{rel}","templated":true}]}}