{"id":337,"date":"2017-08-16T15:47:38","date_gmt":"2017-08-16T15:47:38","guid":{"rendered":"https:\/\/www.terravision.eu\/?page_id=3338"},"modified":"2025-04-24T12:51:28","modified_gmt":"2025-04-24T12:51:28","slug":"about","status":"publish","type":"page","link":"https:\/\/www.terravision.eu\/pl\/about.html","title":{"rendered":"O nas &#8211; Terravision Transfer"},"content":{"rendered":"<div class=\"bg-tertiary p-trv-1\">\n<div class=\"container\">\n<div class=\"row pb-60\" style=\"height: 100%;\">\n<div class=\"col align-self-center pr-0 pl-m-0\">\n<div class=\"overflow-hidden\">\n<div class=\"separator-trv-n z-index-1 p-relative mb-10\"><\/div>\n<div class=\"d-flex\" style=\"gap: 23px; margin-bottom: 30px;\">\n<h3 class=\"h3-Barlow-36pt-3\" style=\"margin-bottom: 0;\">O nas &#8211; Terravision Transfer<\/h3>\n<\/div>\n<p class=\"text-standard\"><strong>Terravision Transfer<\/strong> posiada w ofercie ponad <strong>50  transfer\u00f3w w 15 krajach<\/strong> i jest liderem w sektorze us\u0142ug turystycznych w Europie. Od 2002 roku obs\u0142u\u017cyli\u015bmy <strong>ponad 70 milion\u00f3w pasa\u017cer\u00f3w!<\/strong> Opr\u00f3cz szybkich, komfortowych i niedrogich transfer\u00f3w z\/do wszystkich najwa\u017cniejszych europejskich lotnisk, proponujemy r\u00f3wnie\u017c us\u0142ugi w zakresie parking\u00f3w lotniskowych w konkurencyjnych cenach. Nasz strona dost\u0119ona jest w <strong>5 j\u0119zykach<\/strong>.<\/p>\n<\/div>\n<\/div>\n<p>&nbsp;<\/p>\n<\/div>\n<div class=\"row gap-30 grid-3-1\">\n<div class=\"p-0 border-radius double-card p-relative\">\n<div class=\"row\" style=\"height: 100%;\">\n<div class=\"col align-self-end pl-30 pr-0 pl-m-0\">\n<div class=\"overflow-hidden\">\n<div class=\"d-flex justify-content-center align-items-center\" style=\"gap: 23px; margin-bottom: 30px; text-align: center;\">\n<h3 class=\"h3-Barlow-36pt-3 card-trv-3\" style=\"margin-bottom: 0;\">15<\/h3>\n<\/div>\n<h4 class=\"h5-Barlow-22pt-5\" style=\"text-align: center;\">Kraje, w kt\u00f3rych dzia\u0142amy<\/h4>\n<\/div>\n<\/div>\n<\/div>\n<\/div>\n<div class=\"p-0 border-radius double-card p-relative\">\n<div class=\"row\" style=\"height: 100%;\">\n<div class=\"col align-self-center pl-30 pr-0 pl-m-0\">\n<div class=\"overflow-hidden\">\n<div class=\"d-flex justify-content-center align-items-center\" style=\"gap: 23px; margin-bottom: 30px; text-align: center;\">\n<h3 class=\"h3-Barlow-36pt-3 card-trv-3\" style=\"margin-bottom: 0;\">50+<\/h3>\n<\/div>\n<h4 class=\"h5-Barlow-22pt-5\" style=\"text-align: center;\">transfer\u00f3w<\/h4>\n<\/div>\n<\/div>\n<\/div>\n<\/div>\n<div class=\"p-0 border-radius double-card p-relative\">\n<div class=\"row\" style=\"height: 100%;\">\n<div class=\"col align-self-center pl-30 pr-0 pl-m-0\">\n<div class=\"overflow-hidden\">\n<div class=\"d-flex justify-content-center align-items-center\" style=\"gap: 23px; margin-bottom: 30px; text-align: center;\">\n<h3 class=\"h3-Barlow-36pt-3 card-trv-3\" style=\"margin-bottom: 0;\">70 Miliony<\/h3>\n<\/div>\n<h4 class=\"h5-Barlow-22pt-5\" style=\"text-align: center;\">obs\u0142u\u017conych pase\u017cer\u00f3w<\/h4>\n<\/div>\n<\/div>\n<\/div>\n<\/div>\n<\/div>\n<\/div>\n<\/div>\n","protected":false},"excerpt":{"rendered":"<p>O nas &#8211; Terravision Transfer Terravision Transfer posiada w ofercie ponad 50 transfer\u00f3w w 15 krajach i jest liderem w sektorze us\u0142ug turystycznych w Europie. Od 2002 roku obs\u0142u\u017cyli\u015bmy ponad 70 milion\u00f3w pasa\u017cer\u00f3w! Opr\u00f3cz szybkich, komfortowych i niedrogich transfer\u00f3w z\/do wszystkich najwa\u017cniejszych europejskich lotnisk, proponujemy r\u00f3wnie\u017c us\u0142ugi w zakresie parking\u00f3w lotniskowych w konkurencyjnych cenach. Nasz [&hellip;]<\/p>\n","protected":false},"author":1,"featured_media":0,"parent":0,"menu_order":0,"comment_status":"open","ping_status":"open","template":"page-about.php","meta":{"footnotes":""},"class_list":["post-337","page","type-page","status-publish","hentry"],"yoast_head":"<!-- This site is optimized with the Yoast SEO Premium plugin v24.4 (Yoast SEO v24.4) - https:\/\/yoast.com\/wordpress\/plugins\/seo\/ -->\n<title>O nas | Grupa Terravision | Terravision<\/title>\n<meta name=\"robots\" content=\"index, follow, max-snippet:-1, max-image-preview:large, max-video-preview:-1\" \/>\n<link rel=\"canonical\" href=\"https:\/\/www.terravision.eu\/pl\/about.html\" \/>\n<meta property=\"og:locale\" content=\"pl_PL\" \/>\n<meta property=\"og:type\" content=\"article\" \/>\n<meta property=\"og:title\" content=\"O nas - Terravision Transfer\" \/>\n<meta property=\"og:description\" content=\"O nas &#8211; Terravision Transfer Terravision Transfer posiada w ofercie ponad 50 transfer\u00f3w w 15 krajach i jest liderem w sektorze us\u0142ug turystycznych w Europie. Od 2002 roku obs\u0142u\u017cyli\u015bmy ponad 70 milion\u00f3w pasa\u017cer\u00f3w! Opr\u00f3cz szybkich, komfortowych i niedrogich transfer\u00f3w z\/do wszystkich najwa\u017cniejszych europejskich lotnisk, proponujemy r\u00f3wnie\u017c us\u0142ugi w zakresie parking\u00f3w lotniskowych w konkurencyjnych cenach. Nasz [&hellip;]\" \/>\n<meta property=\"og:url\" content=\"https:\/\/www.terravision.eu\/pl\/about.html\" \/>\n<meta property=\"og:site_name\" content=\"Terravision Polska\" \/>\n<meta property=\"article:modified_time\" content=\"2025-04-24T12:51:28+00:00\" \/>\n<meta name=\"twitter:label1\" content=\"Szacowany czas czytania\" \/>\n\t<meta name=\"twitter:data1\" content=\"1 minute\" \/>\n<script type=\"application\/ld+json\" class=\"yoast-schema-graph\">{\"@context\":\"https:\/\/schema.org\",\"@graph\":[{\"@type\":\"WebPage\",\"@id\":\"https:\/\/www.terravision.eu\/pl\/about.html\",\"url\":\"https:\/\/www.terravision.eu\/pl\/about.html\",\"name\":\"O nas | Grupa Terravision | Terravision\",\"isPartOf\":{\"@id\":\"https:\/\/www.terravision.eu\/pl\/#website\"},\"datePublished\":\"2017-08-16T15:47:38+00:00\",\"dateModified\":\"2025-04-24T12:51:28+00:00\",\"breadcrumb\":{\"@id\":\"https:\/\/www.terravision.eu\/pl\/about.html#breadcrumb\"},\"inLanguage\":\"pl-PL\",\"potentialAction\":[{\"@type\":\"ReadAction\",\"target\":[\"https:\/\/www.terravision.eu\/pl\/about.html\"]}]},{\"@type\":\"BreadcrumbList\",\"@id\":\"https:\/\/www.terravision.eu\/pl\/about.html#breadcrumb\",\"itemListElement\":[{\"@type\":\"ListItem\",\"position\":1,\"name\":\"Home\",\"item\":\"https:\/\/www.terravision.eu\/pl\/\"},{\"@type\":\"ListItem\",\"position\":2,\"name\":\"O nas &#8211; Terravision Transfer\"}]},{\"@type\":\"WebSite\",\"@id\":\"https:\/\/www.terravision.eu\/pl\/#website\",\"url\":\"https:\/\/www.terravision.eu\/pl\/\",\"name\":\"Terravision Polska\",\"description\":\"Tanie po\u0142\u0105czenia z\/do g\u0142\u00f3wnych lotnisk w Europie\",\"potentialAction\":[{\"@type\":\"SearchAction\",\"target\":{\"@type\":\"EntryPoint\",\"urlTemplate\":\"https:\/\/www.terravision.eu\/pl\/?s={search_term_string}\"},\"query-input\":{\"@type\":\"PropertyValueSpecification\",\"valueRequired\":true,\"valueName\":\"search_term_string\"}}],\"inLanguage\":\"pl-PL\"}]}<\/script>\n<!-- \/ Yoast SEO Premium plugin. -->","yoast_head_json":{"title":"O nas | Grupa Terravision | Terravision","robots":{"index":"index","follow":"follow","max-snippet":"max-snippet:-1","max-image-preview":"max-image-preview:large","max-video-preview":"max-video-preview:-1"},"canonical":"https:\/\/www.terravision.eu\/pl\/about.html","og_locale":"pl_PL","og_type":"article","og_title":"O nas - Terravision Transfer","og_description":"O nas &#8211; Terravision Transfer Terravision Transfer posiada w ofercie ponad 50 transfer\u00f3w w 15 krajach i jest liderem w sektorze us\u0142ug turystycznych w Europie. Od 2002 roku obs\u0142u\u017cyli\u015bmy ponad 70 milion\u00f3w pasa\u017cer\u00f3w! Opr\u00f3cz szybkich, komfortowych i niedrogich transfer\u00f3w z\/do wszystkich najwa\u017cniejszych europejskich lotnisk, proponujemy r\u00f3wnie\u017c us\u0142ugi w zakresie parking\u00f3w lotniskowych w konkurencyjnych cenach. Nasz [&hellip;]","og_url":"https:\/\/www.terravision.eu\/pl\/about.html","og_site_name":"Terravision Polska","article_modified_time":"2025-04-24T12:51:28+00:00","twitter_misc":{"Szacowany czas czytania":"1 minute"},"schema":{"@context":"https:\/\/schema.org","@graph":[{"@type":"WebPage","@id":"https:\/\/www.terravision.eu\/pl\/about.html","url":"https:\/\/www.terravision.eu\/pl\/about.html","name":"O nas | Grupa Terravision | Terravision","isPartOf":{"@id":"https:\/\/www.terravision.eu\/pl\/#website"},"datePublished":"2017-08-16T15:47:38+00:00","dateModified":"2025-04-24T12:51:28+00:00","breadcrumb":{"@id":"https:\/\/www.terravision.eu\/pl\/about.html#breadcrumb"},"inLanguage":"pl-PL","potentialAction":[{"@type":"ReadAction","target":["https:\/\/www.terravision.eu\/pl\/about.html"]}]},{"@type":"BreadcrumbList","@id":"https:\/\/www.terravision.eu\/pl\/about.html#breadcrumb","itemListElement":[{"@type":"ListItem","position":1,"name":"Home","item":"https:\/\/www.terravision.eu\/pl\/"},{"@type":"ListItem","position":2,"name":"O nas &#8211; Terravision Transfer"}]},{"@type":"WebSite","@id":"https:\/\/www.terravision.eu\/pl\/#website","url":"https:\/\/www.terravision.eu\/pl\/","name":"Terravision Polska","description":"Tanie po\u0142\u0105czenia z\/do g\u0142\u00f3wnych lotnisk w Europie","potentialAction":[{"@type":"SearchAction","target":{"@type":"EntryPoint","urlTemplate":"https:\/\/www.terravision.eu\/pl\/?s={search_term_string}"},"query-input":{"@type":"PropertyValueSpecification","valueRequired":true,"valueName":"search_term_string"}}],"inLanguage":"pl-PL"}]}},"_links":{"self":[{"href":"https:\/\/www.terravision.eu\/pl\/wp-json\/wp\/v2\/pages\/337","targetHints":{"allow":["GET"]}}],"collection":[{"href":"https:\/\/www.terravision.eu\/pl\/wp-json\/wp\/v2\/pages"}],"about":[{"href":"https:\/\/www.terravision.eu\/pl\/wp-json\/wp\/v2\/types\/page"}],"author":[{"embeddable":true,"href":"https:\/\/www.terravision.eu\/pl\/wp-json\/wp\/v2\/users\/1"}],"replies":[{"embeddable":true,"href":"https:\/\/www.terravision.eu\/pl\/wp-json\/wp\/v2\/comments?post=337"}],"version-history":[{"count":15,"href":"https:\/\/www.terravision.eu\/pl\/wp-json\/wp\/v2\/pages\/337\/revisions"}],"predecessor-version":[{"id":20444,"href":"https:\/\/www.terravision.eu\/pl\/wp-json\/wp\/v2\/pages\/337\/revisions\/20444"}],"wp:attachment":[{"href":"https:\/\/www.terravision.eu\/pl\/wp-json\/wp\/v2\/media?parent=337"}],"curies":[{"name":"wp","href":"https:\/\/api.w.org\/{rel}","templated":true}]}}