{"id":338,"date":"2012-08-16T15:55:31","date_gmt":"2012-08-16T15:55:31","guid":{"rendered":"https:\/\/www.terravision.eu\/?page_id=3356"},"modified":"2025-08-26T15:17:04","modified_gmt":"2025-08-26T15:17:04","slug":"airport_services","status":"publish","type":"page","link":"https:\/\/www.terravision.eu\/pl\/airport_services.html","title":{"rendered":"Nasze transfery lotniskowe"},"content":{"rendered":"<h2>Wygodne transfery w atrakcyjnych cenach z\/do najwa\u017cniejszych europejskich lotnisk.<\/h2>\n<p>Zarezerwuj Tw\u00f3j transfer lotniskowy online i zapomnij o stresie spowodowanym d\u0142ugim oczekiwaniem w kolejkach na lotnisku! Terravision oferuje zar\u00f3wno przewozy door-to-door (bezposrednio do hotelu), jak i autobusy, kt\u00f3re zatrzymuj\u0119 si\u0119 na wyznaczonych przystankach na lotnisku i w centrum miasta. Obs\u0142ugujemy wiekszo\u015b\u0107 wa\u017cniejszych europejskich port\u00f3w lotniczych. Nasze transfery s\u0105 niedrogie i wygodne, a rezerwacja bardzo szybka i \u0142atwa (mo\u017cna zmienia\u0107 dat\u0119 i godzin\u0119 podr\u00f3\u017cy tak\u017ce po dokonaniu zam\u00f3wienia). W wypadku op\u00f3\u017anienia lotu bilety pozostaj\u0105 wa\u017cne na kolejne kursy. Terravision dok\u0142ada wszelkich stara\u0144, aby obs\u0142uga klienta by\u0142a ekspresowa, przyjazna i pomocna.<\/p>\n","protected":false},"excerpt":{"rendered":"<p>Wygodne transfery w atrakcyjnych cenach z\/do najwa\u017cniejszych europejskich lotnisk. Zarezerwuj Tw\u00f3j transfer lotniskowy online i zapomnij o stresie spowodowanym d\u0142ugim oczekiwaniem w kolejkach na lotnisku! Terravision oferuje zar\u00f3wno przewozy door-to-door (bezposrednio do hotelu), jak i autobusy, kt\u00f3re zatrzymuj\u0119 si\u0119 na wyznaczonych przystankach na lotnisku i w centrum miasta. Obs\u0142ugujemy wiekszo\u015b\u0107 wa\u017cniejszych europejskich port\u00f3w lotniczych. Nasze [&hellip;]<\/p>\n","protected":false},"author":1,"featured_media":14321,"parent":0,"menu_order":0,"comment_status":"open","ping_status":"open","template":"","meta":{"footnotes":""},"class_list":["post-338","page","type-page","status-publish","has-post-thumbnail","hentry"],"yoast_head":"<!-- This site is optimized with the Yoast SEO Premium plugin v24.4 (Yoast SEO v24.4) - https:\/\/yoast.com\/wordpress\/plugins\/seo\/ -->\n<title>Po\u0142\u0105czenia do\/z najwa\u017cniejszych lotnisk: odkryj nasze us\u0142ugi<\/title>\n<meta name=\"description\" content=\"Tanie transfery do\/z najwa\u017cniejszych europejskich lotnisk\u2708\ufe0f. Obs\u0142ugujemy ponad 55 kierunk\u00f3w podr\u00f3\u017cy\ud83d\udcb0, oferujemy niskie ceny i niezawodne us\u0142ugi.\" \/>\n<meta name=\"robots\" content=\"index, follow, max-snippet:-1, max-image-preview:large, max-video-preview:-1\" \/>\n<link rel=\"canonical\" href=\"https:\/\/www.terravision.eu\/pl\/airport_services.html\" \/>\n<meta property=\"og:locale\" content=\"pl_PL\" \/>\n<meta property=\"og:type\" content=\"article\" \/>\n<meta property=\"og:title\" content=\"Nasze transfery lotniskowe\" \/>\n<meta property=\"og:description\" content=\"Tanie transfery do\/z najwa\u017cniejszych europejskich lotnisk\u2708\ufe0f. Obs\u0142ugujemy ponad 55 kierunk\u00f3w podr\u00f3\u017cy\ud83d\udcb0, oferujemy niskie ceny i niezawodne us\u0142ugi.\" \/>\n<meta property=\"og:url\" content=\"https:\/\/www.terravision.eu\/pl\/airport_services.html\" \/>\n<meta property=\"og:site_name\" content=\"Terravision Polska\" \/>\n<meta property=\"article:modified_time\" content=\"2025-08-26T15:17:04+00:00\" \/>\n<meta property=\"og:image\" content=\"https:\/\/www.terravision.eu\/pl\/files\/2012\/08\/transfer.jpg\" \/>\n\t<meta property=\"og:image:width\" content=\"2880\" \/>\n\t<meta property=\"og:image:height\" content=\"1620\" \/>\n\t<meta property=\"og:image:type\" content=\"image\/jpeg\" \/>\n<meta name=\"twitter:label1\" content=\"Szacowany czas czytania\" \/>\n\t<meta name=\"twitter:data1\" content=\"1 minute\" \/>\n<script type=\"application\/ld+json\" class=\"yoast-schema-graph\">{\"@context\":\"https:\/\/schema.org\",\"@graph\":[{\"@type\":\"WebPage\",\"@id\":\"https:\/\/www.terravision.eu\/pl\/airport_services.html\",\"url\":\"https:\/\/www.terravision.eu\/pl\/airport_services.html\",\"name\":\"Po\u0142\u0105czenia do\/z najwa\u017cniejszych lotnisk: odkryj nasze us\u0142ugi\",\"isPartOf\":{\"@id\":\"https:\/\/www.terravision.eu\/pl\/#website\"},\"primaryImageOfPage\":{\"@id\":\"https:\/\/www.terravision.eu\/pl\/airport_services.html#primaryimage\"},\"image\":{\"@id\":\"https:\/\/www.terravision.eu\/pl\/airport_services.html#primaryimage\"},\"thumbnailUrl\":\"https:\/\/www.terravision.eu\/pl\/files\/2012\/08\/transfer.jpg\",\"datePublished\":\"2012-08-16T15:55:31+00:00\",\"dateModified\":\"2025-08-26T15:17:04+00:00\",\"description\":\"Tanie transfery do\/z najwa\u017cniejszych europejskich lotnisk\u2708\ufe0f. Obs\u0142ugujemy ponad 55 kierunk\u00f3w podr\u00f3\u017cy\ud83d\udcb0, oferujemy niskie ceny i niezawodne us\u0142ugi.\",\"breadcrumb\":{\"@id\":\"https:\/\/www.terravision.eu\/pl\/airport_services.html#breadcrumb\"},\"inLanguage\":\"pl-PL\",\"potentialAction\":[{\"@type\":\"ReadAction\",\"target\":[\"https:\/\/www.terravision.eu\/pl\/airport_services.html\"]}]},{\"@type\":\"ImageObject\",\"inLanguage\":\"pl-PL\",\"@id\":\"https:\/\/www.terravision.eu\/pl\/airport_services.html#primaryimage\",\"url\":\"https:\/\/www.terravision.eu\/pl\/files\/2012\/08\/transfer.jpg\",\"contentUrl\":\"https:\/\/www.terravision.eu\/pl\/files\/2012\/08\/transfer.jpg\",\"width\":2880,\"height\":1620},{\"@type\":\"BreadcrumbList\",\"@id\":\"https:\/\/www.terravision.eu\/pl\/airport_services.html#breadcrumb\",\"itemListElement\":[{\"@type\":\"ListItem\",\"position\":1,\"name\":\"Home\",\"item\":\"https:\/\/www.terravision.eu\/pl\/\"},{\"@type\":\"ListItem\",\"position\":2,\"name\":\"Nasze transfery lotniskowe\"}]},{\"@type\":\"WebSite\",\"@id\":\"https:\/\/www.terravision.eu\/pl\/#website\",\"url\":\"https:\/\/www.terravision.eu\/pl\/\",\"name\":\"Terravision Polska\",\"description\":\"Tanie po\u0142\u0105czenia z\/do g\u0142\u00f3wnych lotnisk w Europie\",\"potentialAction\":[{\"@type\":\"SearchAction\",\"target\":{\"@type\":\"EntryPoint\",\"urlTemplate\":\"https:\/\/www.terravision.eu\/pl\/?s={search_term_string}\"},\"query-input\":{\"@type\":\"PropertyValueSpecification\",\"valueRequired\":true,\"valueName\":\"search_term_string\"}}],\"inLanguage\":\"pl-PL\"}]}<\/script>\n<!-- \/ Yoast SEO Premium plugin. -->","yoast_head_json":{"title":"Po\u0142\u0105czenia do\/z najwa\u017cniejszych lotnisk: odkryj nasze us\u0142ugi","description":"Tanie transfery do\/z najwa\u017cniejszych europejskich lotnisk\u2708\ufe0f. Obs\u0142ugujemy ponad 55 kierunk\u00f3w podr\u00f3\u017cy\ud83d\udcb0, oferujemy niskie ceny i niezawodne us\u0142ugi.","robots":{"index":"index","follow":"follow","max-snippet":"max-snippet:-1","max-image-preview":"max-image-preview:large","max-video-preview":"max-video-preview:-1"},"canonical":"https:\/\/www.terravision.eu\/pl\/airport_services.html","og_locale":"pl_PL","og_type":"article","og_title":"Nasze transfery lotniskowe","og_description":"Tanie transfery do\/z najwa\u017cniejszych europejskich lotnisk\u2708\ufe0f. Obs\u0142ugujemy ponad 55 kierunk\u00f3w podr\u00f3\u017cy\ud83d\udcb0, oferujemy niskie ceny i niezawodne us\u0142ugi.","og_url":"https:\/\/www.terravision.eu\/pl\/airport_services.html","og_site_name":"Terravision Polska","article_modified_time":"2025-08-26T15:17:04+00:00","og_image":[{"width":2880,"height":1620,"url":"https:\/\/www.terravision.eu\/pl\/files\/2012\/08\/transfer.jpg","type":"image\/jpeg"}],"twitter_misc":{"Szacowany czas czytania":"1 minute"},"schema":{"@context":"https:\/\/schema.org","@graph":[{"@type":"WebPage","@id":"https:\/\/www.terravision.eu\/pl\/airport_services.html","url":"https:\/\/www.terravision.eu\/pl\/airport_services.html","name":"Po\u0142\u0105czenia do\/z najwa\u017cniejszych lotnisk: odkryj nasze us\u0142ugi","isPartOf":{"@id":"https:\/\/www.terravision.eu\/pl\/#website"},"primaryImageOfPage":{"@id":"https:\/\/www.terravision.eu\/pl\/airport_services.html#primaryimage"},"image":{"@id":"https:\/\/www.terravision.eu\/pl\/airport_services.html#primaryimage"},"thumbnailUrl":"https:\/\/www.terravision.eu\/pl\/files\/2012\/08\/transfer.jpg","datePublished":"2012-08-16T15:55:31+00:00","dateModified":"2025-08-26T15:17:04+00:00","description":"Tanie transfery do\/z najwa\u017cniejszych europejskich lotnisk\u2708\ufe0f. Obs\u0142ugujemy ponad 55 kierunk\u00f3w podr\u00f3\u017cy\ud83d\udcb0, oferujemy niskie ceny i niezawodne us\u0142ugi.","breadcrumb":{"@id":"https:\/\/www.terravision.eu\/pl\/airport_services.html#breadcrumb"},"inLanguage":"pl-PL","potentialAction":[{"@type":"ReadAction","target":["https:\/\/www.terravision.eu\/pl\/airport_services.html"]}]},{"@type":"ImageObject","inLanguage":"pl-PL","@id":"https:\/\/www.terravision.eu\/pl\/airport_services.html#primaryimage","url":"https:\/\/www.terravision.eu\/pl\/files\/2012\/08\/transfer.jpg","contentUrl":"https:\/\/www.terravision.eu\/pl\/files\/2012\/08\/transfer.jpg","width":2880,"height":1620},{"@type":"BreadcrumbList","@id":"https:\/\/www.terravision.eu\/pl\/airport_services.html#breadcrumb","itemListElement":[{"@type":"ListItem","position":1,"name":"Home","item":"https:\/\/www.terravision.eu\/pl\/"},{"@type":"ListItem","position":2,"name":"Nasze transfery lotniskowe"}]},{"@type":"WebSite","@id":"https:\/\/www.terravision.eu\/pl\/#website","url":"https:\/\/www.terravision.eu\/pl\/","name":"Terravision Polska","description":"Tanie po\u0142\u0105czenia z\/do g\u0142\u00f3wnych lotnisk w Europie","potentialAction":[{"@type":"SearchAction","target":{"@type":"EntryPoint","urlTemplate":"https:\/\/www.terravision.eu\/pl\/?s={search_term_string}"},"query-input":{"@type":"PropertyValueSpecification","valueRequired":true,"valueName":"search_term_string"}}],"inLanguage":"pl-PL"}]}},"_links":{"self":[{"href":"https:\/\/www.terravision.eu\/pl\/wp-json\/wp\/v2\/pages\/338","targetHints":{"allow":["GET"]}}],"collection":[{"href":"https:\/\/www.terravision.eu\/pl\/wp-json\/wp\/v2\/pages"}],"about":[{"href":"https:\/\/www.terravision.eu\/pl\/wp-json\/wp\/v2\/types\/page"}],"author":[{"embeddable":true,"href":"https:\/\/www.terravision.eu\/pl\/wp-json\/wp\/v2\/users\/1"}],"replies":[{"embeddable":true,"href":"https:\/\/www.terravision.eu\/pl\/wp-json\/wp\/v2\/comments?post=338"}],"version-history":[{"count":10,"href":"https:\/\/www.terravision.eu\/pl\/wp-json\/wp\/v2\/pages\/338\/revisions"}],"predecessor-version":[{"id":17149,"href":"https:\/\/www.terravision.eu\/pl\/wp-json\/wp\/v2\/pages\/338\/revisions\/17149"}],"wp:featuredmedia":[{"embeddable":true,"href":"https:\/\/www.terravision.eu\/pl\/wp-json\/wp\/v2\/media\/14321"}],"wp:attachment":[{"href":"https:\/\/www.terravision.eu\/pl\/wp-json\/wp\/v2\/media?parent=338"}],"curies":[{"name":"wp","href":"https:\/\/api.w.org\/{rel}","templated":true}]}}