{"id":340,"date":"2012-08-16T16:27:37","date_gmt":"2012-08-16T16:27:37","guid":{"rendered":"https:\/\/www.terravision.eu\/?page_id=3381"},"modified":"2015-07-15T10:25:42","modified_gmt":"2015-07-15T10:25:42","slug":"news_promotions","status":"publish","type":"page","link":"https:\/\/www.terravision.eu\/pl\/news_promotions.html","title":{"rendered":"Aktualno\u015bci | Terravision"},"content":{"rendered":"<div id=\"article-single\">\n<div class=\"title\">Luton:Ograniczenia w us\u0142udze 8 czerwca<\/div>\n<p>Z powodu Federation of Sikhs w niedziel\u0119 8 czerwca 2014, w godzinach od 11:30 do 16:30, autobusy na Lotnisko Luton odje\u017cd\u017caj\u0105ce z London Victoria i Marble Arch b\u0119d\u0105 odje\u017cd\u017ca\u0107 z Baker St.\/Gloucester Place.<\/p>\n<div class=\"title\">Terravision wraca na lotnisko w Turynie<\/div>\n<p>Pocz\u0105wszy od 7 sierpnia 2013 r. Terravision b\u0119dzie \u015bwiadczy\u0107 us\u0142ugi transfer\u00f3w autobusowych mi\u0119dzy lotniskiem w Turynie i centrum miasta ze strategicznie po\u0142o\u017conymi przystankami w nast\u0119puj\u0105cych miejscach:<\/p>\n<ul>\n<li>Via Botticelli\/ang. P.zza Rebaudengo,<\/li>\n<li>via Botticelli 217,<\/li>\n<li>C.so Casale 42,<\/li>\n<li>Turin Exhibition Hall,<\/li>\n<li>Via G.Bruno,<\/li>\n<li>Stacja Lingotto F.S.<\/li>\n<\/ul>\n<p>Cz\u0119ste wyjazdy, czas przejazdu: 1 godz.<\/p>\n<p><strong>Podr\u00f3\u017cowanie do Turynu jest teraz bardzo wygodne, tanie i \u0142atwe! <\/strong><\/p>\n<p>Wi\u0119cej informacji znajduje si\u0119 na stronie <a title=\"Turin Caselle Airport Transfers\" href=\"https:\/\/www.terravision.eu\/pl\/turin_caselle.html\" target=\"_blank\">www.terravision.eu\/turin_caselle.html <\/a><br \/>\n[<a href=\"https:\/\/www.terravision.eu\/files\/2012\/08\/Comunicato-Stampa-Torino.pdf\" target=\"_blank\">Przeczytaj komunikat prasowy]<\/a><\/p>\n<div class=\"title\">Nowy niedrogi parking na lotnisku Bergamo Orio al Serio, Parking Low Cost firmy Terravision<\/div>\n<p>Z okazji otwarcia nowego taniego parkingu samochodowego na lotnisku Bergamo Orio al Serio, Parking Low Cost ma przyjemno\u015b\u0107 zaprosi\u0107 Pa\u0144stwa na rajd starych samochod\u00f3w w dniu 13 kwietnia.<br \/>\nParking Low Cost jest cz\u0119\u015bci\u0105 Grupy Terravision i oferuje tanie miejsca parkingowe przy lotnisku.<br \/>\nMiejsce: Via Emilia, 27-29, 24052 Azzano San Paolo, Bergamo<br \/>\nData: 13 kwietnia od godz. 11:00<\/p>\n<p>Skontaktuj si\u0119 z nami, aby uzyska\u0107 wi\u0119cej informacji:<br \/>\ntel. 06 97610632\u00a0lub 035-330592<br \/>\n<a href=\"www.lowcostparking.eu\" target=\"_blank\">www.lowcostparking.eu<\/a><\/p>\n<div class=\"title\"><strong>Do\u0142\u0105cz do naszego konkursu \u201e<a href=\"http:\/\/on.fb.me\/RFvcmb\" target=\"_blank\">Zatytu\u0142uj to!\u201d na Facebooku<\/a> i WYGRAJ darmowe bilety na transfer z lotniska<\/strong><\/div>\n<p><strong>Znajd\u017a najlepszy tytu\u0142 i wygraj 2 bilety w dwie strony<\/strong> do wykorzystania na nast\u0119puj\u0105cych trasach: Londyn Stansted, Rzym Ciampino, Rzym Fiumicino, Florencja Piza, Mediolan Bergamo i Porto Francisco S\u00e0 Carneiro.<br \/>\nBilety nale\u017cy wykorzysta\u0107 mi\u0119dzy dniem 3 lutego a 3 maja 2013 r.<br \/>\nKonkurs rozpoczyna si\u0119 23 stycznia 2013 r. i zako\u0144czy si\u0119 w dniu 31 stycznia 2013 r. o godz. 18:00.<br \/>\nZwyci\u0119zca zostanie og\u0142oszony 1 lutego 2013 r.<br \/>\n<a href=\"http:\/\/on.fb.me\/RFvcmb\" target=\"_blank\">Zapraszamy do udzia\u0142u w konkursie!<\/a><br \/>\n<a href=\"http:\/\/on.fb.me\/RFvcmb\"><img loading=\"lazy\" decoding=\"async\" class=\"aligncenter\" title=\"Caption This!\" src=\"https:\/\/www.terravision.eu\/files\/2013\/01\/vignette_immaginefacebook2013.jpg\" alt=\"\" width=\"312\" height=\"208\" \/><\/a><\/p>\n<div class=\"title\"><strong>Do\u0142\u0105cz do naszego konkursu parkingowego na Facebooku i WYGRAJ darmowe bilety na transfer z lotniska<\/strong><\/div>\n<p><strong>Co to za konkurs i jak mo\u017cna wygra\u0107? <\/strong><br \/>\nW tym miesi\u0105cu mamy wielk\u0105 promocj\u0119 na nasze parkingi Low Cost na lotniskach w Rzymie: Fiumicino i Ciampino. [<a href=\"http:\/\/www.lowcostparking.eu\/en\/lavaggio-auto-gratuito\/\" target=\"_blank\">Wi\u0119cej informacji<\/a>]<\/p>\n<p>Baw si\u0119 z nami! Oferujemy <strong>szans\u0119 wygrania dw\u00f3ch bilet\u00f3w w obie strony na transfery autobusowe Terravision w Rzymie, Londynie, Florencji, Mediolanie i Porto.<\/strong><\/p>\n<p>Aby zdoby\u0107 szans\u0119 WYGRANEJ, wystarczy <strong>wys\u0142a\u0107 nam swoje najzabawniejsze zdj\u0119cia lub filmy zwi\u0105zane z parkingami<\/strong>.<br \/>\n<em>Nale\u017cy przes\u0142a\u0107 nam jedynie swoje zdj\u0119cia, poniewa\u017c chcemy unikn\u0105\u0107 problem\u00f3w z prawami autorskimi.<\/em><\/p>\n<p><strong>1-<\/strong> Wy\u015blij nam swoje zdj\u0119cia lub filmy w nast\u0119puj\u0105cy spos\u00f3b:<br \/>\na. W serwisie <a href=\"http:\/\/www.facebook.com\/terravision.eu\" target=\"_blank\">Facebook<\/a>: prywatna wiadomo\u015b\u0107<br \/>\nb. W us\u0142udze <a href=\"http:\/\/www.twitter.com\/terravision.eu\" target=\"_blank\">Twitter<\/a>: w wiadomo\u015bci umie\u015b\u0107 @terravision.eu #lowcostparkingcontest<br \/>\nc. W serwisie <a href=\"https:\/\/plus.google.com\/u\/0\/b\/117663298953246625852\" target=\"_blank\">Google+<\/a>: napisz o +Terravision Group lub @Terravision Group #lowcostparkingcontest<br \/>\nb. W us\u0142udze <a href=\"http:\/\/pinterest.com\/terravisiongp\/\" target=\"_blank\">Pinterest<\/a>: w wiadomo\u015bci umie\u015b\u0107 @terravisiongp #lowcostparkingcontest<\/p>\n<p><strong>2-<\/strong> B\u0119dziemy udost\u0119pnia\u0107 wszystkie zdj\u0119cia w specjalnym albumie ze zdj\u0119ciami na Facebooku i innych naszych kana\u0142ach spo\u0142eczno\u015bciowych.<\/p>\n<p><strong>3-<\/strong> Autor najpopularniejszego zdj\u0119cia wygra darmowy bilet w obie strony na jeden z nast\u0119puj\u0105cych transfer\u00f3w autobusowych: z lotnisk Fiumicino i Ciampino do Rzymu, z lotniska Stansted do Londynu, z lotniska w Pizie do Florencji, z lotniska Bergamo do Mediolanu, z lotniska S\u00e1 Carneiro do Porto.<\/p>\n<p><strong>4-<\/strong> <strong>Zwyci\u0119zca<\/strong> zostanie og\u0142oszony w dniu <strong>23 stycznia<\/strong>, a bilety b\u0119d\u0105 wa\u017cne na <strong>podr\u00f3\u017c mi\u0119dzy 24 stycznia a 28 lutego 2013 r.<\/strong><\/p>\n<p>Powodzenia!!!<\/p>\n<div class=\"title\"><strong>Terravision serdecznie pozdrawia!<\/strong><\/div>\n<p>Nied\u0142ugo pojawi si\u0119 wi\u0119cej informacji &#8211; \u015bled\u017a nas na <a title=\"Terravision | Facebook\" href=\"http:\/\/www.facebook.com\/terravision.eu\" target=\"_blank\">Facebooku<\/a>, <a href=\"http:\/\/www.twitter.com\/terravision.eu\" target=\"_blank\">Twitterze<\/a>, <a title=\"Terravision Group | Pinterest\" href=\"http:\/\/pinterest.com\/terravisiongp\/\" target=\"_blank\">Pinterest<\/a> i <a title=\"Terravision Group | Google +\" href=\"https:\/\/plus.google.com\/117663298953246625852\" target=\"_blank\">Google+<\/a>!<\/p>\n<hr \/>\n<div class=\"title\">TERRAVISION OBCHODZI SWOJE 10-LECIE<\/div>\n<p><strong>Terravision <\/strong>rozpoczyna<strong>10 miesi\u0119cy<\/strong> wspania\u0142ych <strong>promocji<\/strong> pocz\u0105wszy od 5 listopada 2012 r. <a href=\"http:\/\/book.terravision.eu\/register\" target=\"_blank\">Zarejestruj si\u0119<\/a>, aby otrzyma\u0107 wi\u0119cej informacji lub zagl\u0105dnij ponownie wkr\u00f3tce na nasz\u0105 stron\u0119&#8230;<br \/>\n[<a href=\"https:\/\/www.terravision.eu\/files\/2012\/08\/10x10x10-UK-Release-B2C-issue-date-31-Oct-12-FINAL.pdf\" target=\"_blank\">Przeczytaj komunikat prasowy<\/a>]<\/p>\n<hr \/>\n<div class=\"title\">NOWO\u015a\u0106! TERRAVISION JEST JU\u017b W PORTUGALII<\/div>\n<p>Terravision ma zaszczyt og\u0142osi\u0107 nawi\u0105zanie wsp\u00f3\u0142pracy ze swoim najnowszym partnerem: Goin&#8217;Porto oraz uruchomienie nowych transfer\u00f3w mi\u0119dzy lotniskiem w Porto (Francisco Sa Carneira) a centrum miasta Porto. Podr\u00f3\u017cni b\u0119d\u0105 mogli uda\u0107 si\u0119 z lotniska do Boavista lub Aliados (i z powrotem) za jedyne 5 \u20ac za bilet w jedn\u0105 stron\u0119 \/ \u20ac9 w obie strony.<\/p>\n<p>Aby uzyska\u0107 wi\u0119cej informacji, nale\u017cy odwiedzi\u0107 stron\u0119 us\u0142ug oferowanych w Porto.<\/p>\n<p>Przeczytaj notatk\u0119 prasow\u0105, aby uzyska\u0107 wi\u0119cej informacji<\/p>\n<hr \/>\n<div class=\"title\">Tw\u00f3j u\u015bmiech&#8230; to nasz u\u015bmiech \ud83d\ude42 Twoja opinia ma znaczenie!<\/div>\n<p>Misj\u0105 Terravision jest poprawa jako\u015bci oferowanych us\u0142ug!<br \/>\nPoinformuj nas o tym, jak mo\u017cemy Ci pom\u00f3c w pe\u0142ni wykorzysta\u0107 Twoje do\u015bwiadczenia zwi\u0105zane z korzystaniem z us\u0142ug Terravision \u2013 od momentu dokonania rezerwacji a\u017c po wej\u015bcie na pok\u0142ad naszego autobusu. Pocz\u0105wszy od przysz\u0142ego tygodnia w Terracaf\u00e8 w Rzymie zostanie uruchomione specjalne stanowisko Dzia\u0142u Obs\u0142ugi Klienta, w kt\u00f3rym b\u0119dzie mo\u017cna podzieli\u0107 si\u0119 z nami swoimi pomys\u0142ami i sugestiami.<\/p>\n<p>Aby odpowiednio rozpocz\u0105\u0107 t\u0119 now\u0105 przygod\u0119, zaczniemy od jedynego w swoim rodzaju wydarzenia, maj\u0105cego miejsce w przysz\u0142ym tygodniu w Terracaf\u00e8 w Rzymie: \u201eLaboratorium u\u017cytkownik\u00f3w Terravision\u201d. Zaprosimy 10 spo\u015br\u00f3d naszych klient\u00f3w, aby do\u0142\u0105czyli do naszego zespo\u0142u ekspert\u00f3w i przeprowadzili seri\u0119 test\u00f3w nowej witryny Terravision, kt\u00f3ra pojawi si\u0119 na Internecie tej jesieni. Test potrwa oko\u0142o 40 minut i jest jedyn\u0105 tego typu okazj\u0105. Mo\u017cesz pom\u00f3c nam w dostosowaniu witryny internetowej do Twoich potrzeb! W ramach podzi\u0119kowania za wsparcie wszyscy uczestnicy tego wydarzenia otrzymaj\u0105 darmowy bilet z dworca kolejowego Termini na wybrane przez nich lotnisko (Fiumicino lub Ciampino) oraz torb\u0119 \u201ena wynos\u201d firmy Terracaf\u00e8. Nie zwlekaj!<\/p>\n<p>Sprawd\u017a szczeg\u00f3\u0142y wydarzenia na Facebooku i do\u0142\u0105cz do zabawy!<\/p>\n<hr \/>\n<p>Czerwiec 2012<\/p>\n<p>Terravision jest ju\u017c w Mediolanie! Za jedyne 5 \u20ac w jedn\u0105 stron\u0119 dzi\u0119ki Terravision dostaniesz si\u0119 z g\u0142\u00f3wnego dworca kolejowego w Mediolanie na lotnisko Mediolan-Bergamo.<br \/>\nPRZECZYTAJ O NAS W MEDIACH&#8230;<\/p>\n<p>RZYM &#8211; Uwaga, podr\u00f3\u017cuj\u0105cy! &#8211; 22 czerwca 2012 &#8211; Strajk pracownik\u00f3w transportu publicznego<br \/>\nPracownicy transportu publicznego odb\u0119d\u0105 strajk w Rzymie w pi\u0105tek, 22 czerwca. Nie b\u0119dzie to jednak\u017ce mia\u0142o wp\u0142ywu na us\u0142ugi transferowe Terravision. Kursy autobus\u00f3w na lotniska Ciampino i Fiumicino b\u0119d\u0105 odbywa\u0142y si\u0119 bez zmian.<\/p>\n<hr \/>\n<p>Maj 2012Specjalna oferta dla fan\u00f3w Terravision na Facebooku!<br \/>\nPrzez nast\u0119pne 3 tygodnie Terravision b\u0119dzie wybiera\u0107 \u201efana tygodnia\u201d, kt\u00f3ry otrzyma zestaw 2 bilet\u00f3w w dwie strony na transfery w Rzymie, Londynie (lotnisko Stansted), Mediolanie i Florencji.<br \/>\nBilety b\u0119d\u0105 wa\u017cne dla podr\u00f3\u017cuj\u0105cych mi\u0119dzy 29 maja i 29 sierpnia.<br \/>\nJak do\u0142\u0105czy\u0107 do zabawy? To proste! Do\u0142\u0105cz do nas na Facebooku i wy\u015blij nam swoje opinie!<br \/>\n<a title=\"Terravision Facebook Page\" href=\"http:\/\/on.fb.me\/zcNBqy\" target=\"_blank\">www.facebook.com\/terravision<\/a><\/p>\n<\/div>\n","protected":false},"excerpt":{"rendered":"<p>Luton:Ograniczenia w us\u0142udze 8 czerwca Z powodu Federation of Sikhs w niedziel\u0119 8 czerwca 2014, w godzinach od 11:30 do 16:30, autobusy na Lotnisko Luton odje\u017cd\u017caj\u0105ce z London Victoria i Marble Arch b\u0119d\u0105 odje\u017cd\u017ca\u0107 z Baker St.\/Gloucester Place. Terravision wraca na lotnisko w Turynie Pocz\u0105wszy od 7 sierpnia 2013 r. Terravision b\u0119dzie \u015bwiadczy\u0107 us\u0142ugi transfer\u00f3w [&hellip;]<\/p>\n","protected":false},"author":1,"featured_media":0,"parent":0,"menu_order":0,"comment_status":"open","ping_status":"open","template":"","meta":{"footnotes":""},"class_list":["post-340","page","type-page","status-publish","hentry"],"yoast_head":"<!-- This site is optimized with the Yoast SEO Premium plugin v24.4 (Yoast SEO v24.4) - https:\/\/yoast.com\/wordpress\/plugins\/seo\/ -->\n<title>Aktualno\u015bci | Terravision<\/title>\n<meta name=\"robots\" content=\"index, follow, max-snippet:-1, max-image-preview:large, max-video-preview:-1\" \/>\n<link rel=\"canonical\" href=\"https:\/\/www.terravision.eu\/pl\/news_promotions.html\" \/>\n<meta property=\"og:locale\" content=\"pl_PL\" \/>\n<meta property=\"og:type\" content=\"article\" \/>\n<meta property=\"og:title\" content=\"Aktualno\u015bci | Terravision\" \/>\n<meta property=\"og:description\" content=\"Luton:Ograniczenia w us\u0142udze 8 czerwca Z powodu Federation of Sikhs w niedziel\u0119 8 czerwca 2014, w godzinach od 11:30 do 16:30, autobusy na Lotnisko Luton odje\u017cd\u017caj\u0105ce z London Victoria i Marble Arch b\u0119d\u0105 odje\u017cd\u017ca\u0107 z Baker St.\/Gloucester Place. Terravision wraca na lotnisko w Turynie Pocz\u0105wszy od 7 sierpnia 2013 r. Terravision b\u0119dzie \u015bwiadczy\u0107 us\u0142ugi transfer\u00f3w [&hellip;]\" \/>\n<meta property=\"og:url\" content=\"https:\/\/www.terravision.eu\/pl\/news_promotions.html\" \/>\n<meta property=\"og:site_name\" content=\"Terravision Polska\" \/>\n<meta property=\"article:modified_time\" content=\"2015-07-15T10:25:42+00:00\" \/>\n<meta property=\"og:image\" content=\"https:\/\/www.terravision.eu\/files\/2013\/01\/vignette_immaginefacebook2013.jpg\" \/>\n<meta name=\"twitter:label1\" content=\"Szacowany czas czytania\" \/>\n\t<meta name=\"twitter:data1\" content=\"5 minutes\" \/>\n<script type=\"application\/ld+json\" class=\"yoast-schema-graph\">{\"@context\":\"https:\/\/schema.org\",\"@graph\":[{\"@type\":\"WebPage\",\"@id\":\"https:\/\/www.terravision.eu\/pl\/news_promotions.html\",\"url\":\"https:\/\/www.terravision.eu\/pl\/news_promotions.html\",\"name\":\"Aktualno\u015bci | Terravision\",\"isPartOf\":{\"@id\":\"https:\/\/www.terravision.eu\/pl\/#website\"},\"primaryImageOfPage\":{\"@id\":\"https:\/\/www.terravision.eu\/pl\/news_promotions.html#primaryimage\"},\"image\":{\"@id\":\"https:\/\/www.terravision.eu\/pl\/news_promotions.html#primaryimage\"},\"thumbnailUrl\":\"https:\/\/www.terravision.eu\/files\/2013\/01\/vignette_immaginefacebook2013.jpg\",\"datePublished\":\"2012-08-16T16:27:37+00:00\",\"dateModified\":\"2015-07-15T10:25:42+00:00\",\"breadcrumb\":{\"@id\":\"https:\/\/www.terravision.eu\/pl\/news_promotions.html#breadcrumb\"},\"inLanguage\":\"pl-PL\",\"potentialAction\":[{\"@type\":\"ReadAction\",\"target\":[\"https:\/\/www.terravision.eu\/pl\/news_promotions.html\"]}]},{\"@type\":\"ImageObject\",\"inLanguage\":\"pl-PL\",\"@id\":\"https:\/\/www.terravision.eu\/pl\/news_promotions.html#primaryimage\",\"url\":\"https:\/\/www.terravision.eu\/files\/2013\/01\/vignette_immaginefacebook2013.jpg\",\"contentUrl\":\"https:\/\/www.terravision.eu\/files\/2013\/01\/vignette_immaginefacebook2013.jpg\"},{\"@type\":\"BreadcrumbList\",\"@id\":\"https:\/\/www.terravision.eu\/pl\/news_promotions.html#breadcrumb\",\"itemListElement\":[{\"@type\":\"ListItem\",\"position\":1,\"name\":\"Home\",\"item\":\"https:\/\/www.terravision.eu\/pl\/\"},{\"@type\":\"ListItem\",\"position\":2,\"name\":\"Aktualno\u015bci | Terravision\"}]},{\"@type\":\"WebSite\",\"@id\":\"https:\/\/www.terravision.eu\/pl\/#website\",\"url\":\"https:\/\/www.terravision.eu\/pl\/\",\"name\":\"Terravision Polska\",\"description\":\"Tanie po\u0142\u0105czenia z\/do g\u0142\u00f3wnych lotnisk w Europie\",\"potentialAction\":[{\"@type\":\"SearchAction\",\"target\":{\"@type\":\"EntryPoint\",\"urlTemplate\":\"https:\/\/www.terravision.eu\/pl\/?s={search_term_string}\"},\"query-input\":{\"@type\":\"PropertyValueSpecification\",\"valueRequired\":true,\"valueName\":\"search_term_string\"}}],\"inLanguage\":\"pl-PL\"}]}<\/script>\n<!-- \/ Yoast SEO Premium plugin. -->","yoast_head_json":{"title":"Aktualno\u015bci | Terravision","robots":{"index":"index","follow":"follow","max-snippet":"max-snippet:-1","max-image-preview":"max-image-preview:large","max-video-preview":"max-video-preview:-1"},"canonical":"https:\/\/www.terravision.eu\/pl\/news_promotions.html","og_locale":"pl_PL","og_type":"article","og_title":"Aktualno\u015bci | Terravision","og_description":"Luton:Ograniczenia w us\u0142udze 8 czerwca Z powodu Federation of Sikhs w niedziel\u0119 8 czerwca 2014, w godzinach od 11:30 do 16:30, autobusy na Lotnisko Luton odje\u017cd\u017caj\u0105ce z London Victoria i Marble Arch b\u0119d\u0105 odje\u017cd\u017ca\u0107 z Baker St.\/Gloucester Place. Terravision wraca na lotnisko w Turynie Pocz\u0105wszy od 7 sierpnia 2013 r. Terravision b\u0119dzie \u015bwiadczy\u0107 us\u0142ugi transfer\u00f3w [&hellip;]","og_url":"https:\/\/www.terravision.eu\/pl\/news_promotions.html","og_site_name":"Terravision Polska","article_modified_time":"2015-07-15T10:25:42+00:00","og_image":[{"url":"https:\/\/www.terravision.eu\/files\/2013\/01\/vignette_immaginefacebook2013.jpg","type":"","width":"","height":""}],"twitter_misc":{"Szacowany czas czytania":"5 minutes"},"schema":{"@context":"https:\/\/schema.org","@graph":[{"@type":"WebPage","@id":"https:\/\/www.terravision.eu\/pl\/news_promotions.html","url":"https:\/\/www.terravision.eu\/pl\/news_promotions.html","name":"Aktualno\u015bci | Terravision","isPartOf":{"@id":"https:\/\/www.terravision.eu\/pl\/#website"},"primaryImageOfPage":{"@id":"https:\/\/www.terravision.eu\/pl\/news_promotions.html#primaryimage"},"image":{"@id":"https:\/\/www.terravision.eu\/pl\/news_promotions.html#primaryimage"},"thumbnailUrl":"https:\/\/www.terravision.eu\/files\/2013\/01\/vignette_immaginefacebook2013.jpg","datePublished":"2012-08-16T16:27:37+00:00","dateModified":"2015-07-15T10:25:42+00:00","breadcrumb":{"@id":"https:\/\/www.terravision.eu\/pl\/news_promotions.html#breadcrumb"},"inLanguage":"pl-PL","potentialAction":[{"@type":"ReadAction","target":["https:\/\/www.terravision.eu\/pl\/news_promotions.html"]}]},{"@type":"ImageObject","inLanguage":"pl-PL","@id":"https:\/\/www.terravision.eu\/pl\/news_promotions.html#primaryimage","url":"https:\/\/www.terravision.eu\/files\/2013\/01\/vignette_immaginefacebook2013.jpg","contentUrl":"https:\/\/www.terravision.eu\/files\/2013\/01\/vignette_immaginefacebook2013.jpg"},{"@type":"BreadcrumbList","@id":"https:\/\/www.terravision.eu\/pl\/news_promotions.html#breadcrumb","itemListElement":[{"@type":"ListItem","position":1,"name":"Home","item":"https:\/\/www.terravision.eu\/pl\/"},{"@type":"ListItem","position":2,"name":"Aktualno\u015bci | Terravision"}]},{"@type":"WebSite","@id":"https:\/\/www.terravision.eu\/pl\/#website","url":"https:\/\/www.terravision.eu\/pl\/","name":"Terravision Polska","description":"Tanie po\u0142\u0105czenia z\/do g\u0142\u00f3wnych lotnisk w Europie","potentialAction":[{"@type":"SearchAction","target":{"@type":"EntryPoint","urlTemplate":"https:\/\/www.terravision.eu\/pl\/?s={search_term_string}"},"query-input":{"@type":"PropertyValueSpecification","valueRequired":true,"valueName":"search_term_string"}}],"inLanguage":"pl-PL"}]}},"_links":{"self":[{"href":"https:\/\/www.terravision.eu\/pl\/wp-json\/wp\/v2\/pages\/340","targetHints":{"allow":["GET"]}}],"collection":[{"href":"https:\/\/www.terravision.eu\/pl\/wp-json\/wp\/v2\/pages"}],"about":[{"href":"https:\/\/www.terravision.eu\/pl\/wp-json\/wp\/v2\/types\/page"}],"author":[{"embeddable":true,"href":"https:\/\/www.terravision.eu\/pl\/wp-json\/wp\/v2\/users\/1"}],"replies":[{"embeddable":true,"href":"https:\/\/www.terravision.eu\/pl\/wp-json\/wp\/v2\/comments?post=340"}],"version-history":[{"count":2,"href":"https:\/\/www.terravision.eu\/pl\/wp-json\/wp\/v2\/pages\/340\/revisions"}],"predecessor-version":[{"id":14589,"href":"https:\/\/www.terravision.eu\/pl\/wp-json\/wp\/v2\/pages\/340\/revisions\/14589"}],"wp:attachment":[{"href":"https:\/\/www.terravision.eu\/pl\/wp-json\/wp\/v2\/media?parent=340"}],"curies":[{"name":"wp","href":"https:\/\/api.w.org\/{rel}","templated":true}]}}