{"id":341,"date":"2012-08-16T16:32:49","date_gmt":"2012-08-16T16:32:49","guid":{"rendered":"https:\/\/www.terravision.eu\/?page_id=3390"},"modified":"2025-06-19T13:24:35","modified_gmt":"2025-06-19T13:24:35","slug":"franchising","status":"publish","type":"page","link":"https:\/\/www.terravision.eu\/pl\/franchising.html","title":{"rendered":"Franczyza"},"content":{"rendered":"<p>Sta\u0144 si\u0119 cz\u0119\u015bci\u0105 Grupy Terravision: dowiedz si\u0119 o mo\u017cliwo\u015bci franczyzy z firm\u0105 Terravision!<\/p>\n<p><strong>Franczyza Terravision<\/strong><\/p>\n<p><strong>Terravision poszukuje europejskich partner\u00f3w do franczyzy us\u0142ug transfer\u00f3w autobusowych z lotnisk do centr\u00f3w miast na terenie ca\u0142ej Europy.<\/strong><\/p>\n<p>Wsp\u00f3\u0142praca z Terravision to:<br \/>\n<strong>1)<\/strong> Stanie si\u0119 cz\u0119\u015bci\u0105 zespo\u0142u, kt\u00f3ry jest preferowanym partnerem tanich linii lotniczych.<br \/>\n<strong>2)<\/strong> Skorzystanie z doskona\u0142ej ekspozycji online za po\u015brednictwem witryny internetowej www.terravision.eu, kt\u00f3ra ma ponad 800 000 odwiedzaj\u0105cych miesi\u0119cznie.<br \/>\n<strong>3)<\/strong> Wykorzystanie skutecznego internetowego silnika sprzeda\u017cy i rezerwacji wraz ze ze zintegrowan\u0105 sieci\u0105 partner\u00f3w posiadaj\u0105cych w\u0142asne strony oraz portale internetowe na ca\u0142ym \u015bwiecie.<br \/>\n<strong>4)<\/strong> Skorzystanie z zalet zwi\u0105zanych z mark\u0105 Terravision, liderem na rynku transfer\u00f3w lotniskowych na terenie ca\u0142ej Europy.<br \/>\nW przypadku zainteresowania mo\u017cliwo\u015bci\u0105 wsp\u00f3\u0142pracy nale\u017cy wys\u0142a\u0107 zapytanie na adres <a href=\"mailto:marketing@terravision.eu\">marketing@terravision.eu.<\/a><\/p>\n","protected":false},"excerpt":{"rendered":"<p>Sta\u0144 si\u0119 cz\u0119\u015bci\u0105 Grupy Terravision: dowiedz si\u0119 o mo\u017cliwo\u015bci franczyzy z firm\u0105 Terravision! Franczyza Terravision Terravision poszukuje europejskich partner\u00f3w do franczyzy us\u0142ug transfer\u00f3w autobusowych z lotnisk do centr\u00f3w miast na terenie ca\u0142ej Europy. Wsp\u00f3\u0142praca z Terravision to: 1) Stanie si\u0119 cz\u0119\u015bci\u0105 zespo\u0142u, kt\u00f3ry jest preferowanym partnerem tanich linii lotniczych. 2) Skorzystanie z doskona\u0142ej ekspozycji online [&hellip;]<\/p>\n","protected":false},"author":1,"featured_media":0,"parent":0,"menu_order":0,"comment_status":"open","ping_status":"open","template":"","meta":{"footnotes":""},"class_list":["post-341","page","type-page","status-publish","hentry"],"yoast_head":"<!-- This site is optimized with the Yoast SEO Premium plugin v24.4 (Yoast SEO v24.4) - https:\/\/yoast.com\/wordpress\/plugins\/seo\/ -->\n<title>Franczyza | Terravision<\/title>\n<meta name=\"robots\" content=\"index, follow, max-snippet:-1, max-image-preview:large, max-video-preview:-1\" \/>\n<link rel=\"canonical\" href=\"https:\/\/www.terravision.eu\/pl\/franchising.html\" \/>\n<meta property=\"og:locale\" content=\"pl_PL\" \/>\n<meta property=\"og:type\" content=\"article\" \/>\n<meta property=\"og:title\" content=\"Franczyza\" \/>\n<meta property=\"og:description\" content=\"Sta\u0144 si\u0119 cz\u0119\u015bci\u0105 Grupy Terravision: dowiedz si\u0119 o mo\u017cliwo\u015bci franczyzy z firm\u0105 Terravision! Franczyza Terravision Terravision poszukuje europejskich partner\u00f3w do franczyzy us\u0142ug transfer\u00f3w autobusowych z lotnisk do centr\u00f3w miast na terenie ca\u0142ej Europy. Wsp\u00f3\u0142praca z Terravision to: 1) Stanie si\u0119 cz\u0119\u015bci\u0105 zespo\u0142u, kt\u00f3ry jest preferowanym partnerem tanich linii lotniczych. 2) Skorzystanie z doskona\u0142ej ekspozycji online [&hellip;]\" \/>\n<meta property=\"og:url\" content=\"https:\/\/www.terravision.eu\/pl\/franchising.html\" \/>\n<meta property=\"og:site_name\" content=\"Terravision Polska\" \/>\n<meta property=\"article:modified_time\" content=\"2025-06-19T13:24:35+00:00\" \/>\n<meta name=\"twitter:label1\" content=\"Szacowany czas czytania\" \/>\n\t<meta name=\"twitter:data1\" content=\"1 minute\" \/>\n<script type=\"application\/ld+json\" class=\"yoast-schema-graph\">{\"@context\":\"https:\/\/schema.org\",\"@graph\":[{\"@type\":\"WebPage\",\"@id\":\"https:\/\/www.terravision.eu\/pl\/franchising.html\",\"url\":\"https:\/\/www.terravision.eu\/pl\/franchising.html\",\"name\":\"Franczyza | Terravision\",\"isPartOf\":{\"@id\":\"https:\/\/www.terravision.eu\/pl\/#website\"},\"datePublished\":\"2012-08-16T16:32:49+00:00\",\"dateModified\":\"2025-06-19T13:24:35+00:00\",\"breadcrumb\":{\"@id\":\"https:\/\/www.terravision.eu\/pl\/franchising.html#breadcrumb\"},\"inLanguage\":\"pl-PL\",\"potentialAction\":[{\"@type\":\"ReadAction\",\"target\":[\"https:\/\/www.terravision.eu\/pl\/franchising.html\"]}]},{\"@type\":\"BreadcrumbList\",\"@id\":\"https:\/\/www.terravision.eu\/pl\/franchising.html#breadcrumb\",\"itemListElement\":[{\"@type\":\"ListItem\",\"position\":1,\"name\":\"Home\",\"item\":\"https:\/\/www.terravision.eu\/pl\/\"},{\"@type\":\"ListItem\",\"position\":2,\"name\":\"Franczyza\"}]},{\"@type\":\"WebSite\",\"@id\":\"https:\/\/www.terravision.eu\/pl\/#website\",\"url\":\"https:\/\/www.terravision.eu\/pl\/\",\"name\":\"Terravision Polska\",\"description\":\"Tanie po\u0142\u0105czenia z\/do g\u0142\u00f3wnych lotnisk w Europie\",\"potentialAction\":[{\"@type\":\"SearchAction\",\"target\":{\"@type\":\"EntryPoint\",\"urlTemplate\":\"https:\/\/www.terravision.eu\/pl\/?s={search_term_string}\"},\"query-input\":{\"@type\":\"PropertyValueSpecification\",\"valueRequired\":true,\"valueName\":\"search_term_string\"}}],\"inLanguage\":\"pl-PL\"}]}<\/script>\n<!-- \/ Yoast SEO Premium plugin. -->","yoast_head_json":{"title":"Franczyza | Terravision","robots":{"index":"index","follow":"follow","max-snippet":"max-snippet:-1","max-image-preview":"max-image-preview:large","max-video-preview":"max-video-preview:-1"},"canonical":"https:\/\/www.terravision.eu\/pl\/franchising.html","og_locale":"pl_PL","og_type":"article","og_title":"Franczyza","og_description":"Sta\u0144 si\u0119 cz\u0119\u015bci\u0105 Grupy Terravision: dowiedz si\u0119 o mo\u017cliwo\u015bci franczyzy z firm\u0105 Terravision! Franczyza Terravision Terravision poszukuje europejskich partner\u00f3w do franczyzy us\u0142ug transfer\u00f3w autobusowych z lotnisk do centr\u00f3w miast na terenie ca\u0142ej Europy. Wsp\u00f3\u0142praca z Terravision to: 1) Stanie si\u0119 cz\u0119\u015bci\u0105 zespo\u0142u, kt\u00f3ry jest preferowanym partnerem tanich linii lotniczych. 2) Skorzystanie z doskona\u0142ej ekspozycji online [&hellip;]","og_url":"https:\/\/www.terravision.eu\/pl\/franchising.html","og_site_name":"Terravision Polska","article_modified_time":"2025-06-19T13:24:35+00:00","twitter_misc":{"Szacowany czas czytania":"1 minute"},"schema":{"@context":"https:\/\/schema.org","@graph":[{"@type":"WebPage","@id":"https:\/\/www.terravision.eu\/pl\/franchising.html","url":"https:\/\/www.terravision.eu\/pl\/franchising.html","name":"Franczyza | Terravision","isPartOf":{"@id":"https:\/\/www.terravision.eu\/pl\/#website"},"datePublished":"2012-08-16T16:32:49+00:00","dateModified":"2025-06-19T13:24:35+00:00","breadcrumb":{"@id":"https:\/\/www.terravision.eu\/pl\/franchising.html#breadcrumb"},"inLanguage":"pl-PL","potentialAction":[{"@type":"ReadAction","target":["https:\/\/www.terravision.eu\/pl\/franchising.html"]}]},{"@type":"BreadcrumbList","@id":"https:\/\/www.terravision.eu\/pl\/franchising.html#breadcrumb","itemListElement":[{"@type":"ListItem","position":1,"name":"Home","item":"https:\/\/www.terravision.eu\/pl\/"},{"@type":"ListItem","position":2,"name":"Franczyza"}]},{"@type":"WebSite","@id":"https:\/\/www.terravision.eu\/pl\/#website","url":"https:\/\/www.terravision.eu\/pl\/","name":"Terravision Polska","description":"Tanie po\u0142\u0105czenia z\/do g\u0142\u00f3wnych lotnisk w Europie","potentialAction":[{"@type":"SearchAction","target":{"@type":"EntryPoint","urlTemplate":"https:\/\/www.terravision.eu\/pl\/?s={search_term_string}"},"query-input":{"@type":"PropertyValueSpecification","valueRequired":true,"valueName":"search_term_string"}}],"inLanguage":"pl-PL"}]}},"_links":{"self":[{"href":"https:\/\/www.terravision.eu\/pl\/wp-json\/wp\/v2\/pages\/341","targetHints":{"allow":["GET"]}}],"collection":[{"href":"https:\/\/www.terravision.eu\/pl\/wp-json\/wp\/v2\/pages"}],"about":[{"href":"https:\/\/www.terravision.eu\/pl\/wp-json\/wp\/v2\/types\/page"}],"author":[{"embeddable":true,"href":"https:\/\/www.terravision.eu\/pl\/wp-json\/wp\/v2\/users\/1"}],"replies":[{"embeddable":true,"href":"https:\/\/www.terravision.eu\/pl\/wp-json\/wp\/v2\/comments?post=341"}],"version-history":[{"count":5,"href":"https:\/\/www.terravision.eu\/pl\/wp-json\/wp\/v2\/pages\/341\/revisions"}],"predecessor-version":[{"id":20418,"href":"https:\/\/www.terravision.eu\/pl\/wp-json\/wp\/v2\/pages\/341\/revisions\/20418"}],"wp:attachment":[{"href":"https:\/\/www.terravision.eu\/pl\/wp-json\/wp\/v2\/media?parent=341"}],"curies":[{"name":"wp","href":"https:\/\/api.w.org\/{rel}","templated":true}]}}