{"id":343,"date":"2017-08-16T16:38:48","date_gmt":"2017-08-16T16:38:48","guid":{"rendered":"https:\/\/www.terravision.eu\/?page_id=3406"},"modified":"2025-11-18T09:50:23","modified_gmt":"2025-11-18T09:50:23","slug":"group_transfer","status":"publish","type":"page","link":"https:\/\/www.terravision.eu\/pl\/group_transfer.html","title":{"rendered":"Transfery dla grup"},"content":{"rendered":"<p>&nbsp;<\/p>\n<div class=\"row\">\n<div class=\"col mb-30\">\n<div class=\"overflow-hidden\">\n<div class=\"separator-trv-n z-index-1 p-relative mb-10\"><\/div>\n<h3 class=\"h3-Barlow-36pt-3\" style=\"margin-bottom: 15px;\">Podr\u00f3\u017cujesz w grupie? Oferujemy transfer dostosowany do Twoich potrzeb!<\/h3>\n<p class=\"text-standard\">Oferujemy mo\u017cliwo\u015b\u0107 rezerwacji prywatnego, wygodnego i szybkiego transferu, kt\u00f3ry zabierze Ci\u0119 bezpo\u015brednio do wybranego miejsca docelowego. Dysponujemy szerok\u0105 gam\u0105 nowych i wygodnych pojazd\u00f3w, aby zagwarantowa\u0107 podr\u00f3\u017c z maksymalnym komfortem i bezpiecze\u0144stwem.<\/p>\n<\/div>\n<\/div>\n<\/div>\n<div class=\"row gap-30 grid-2-1\">\n<div class=\"p-0 border-radius double-card p-relative\">\n<div class=\"row\" style=\"height: 100%;\">\n<div class=\"col align-self-center pl-30 pr-0 pl-m-0\">\n<div class=\"overflow-hidden\">\n<div class=\"separator-trv-n z-index-1 p-relative mb-10\"><\/div>\n<div class=\"d-flex\" style=\"gap: 23px; margin-bottom: 30px;\">\n<h3 class=\"h3-Barlow-36pt-3\" style=\"margin-bottom: 0;\">Tw\u00f3j transfer grupowy<\/h3>\n<\/div>\n<p>Podr\u00f3\u017cujesz w grupie co najmniej 5 os\u00f3b? Zarezerwuj transfer bezpo\u015brednio do hotelu. Wybierz jedn\u0105 z naszych najpopularniejszych tras:<\/p>\n<ul>\n<li>\n<h4>Lotnisko Fiumicino\/Ciampino \u2013 Rzym<\/h4>\n<\/li>\n<li>\n<h4>Lotnisko Fiumicino\/Ciampino \u2013 Civitavecchia<\/h4>\n<\/li>\n<li>\n<h4>Lotnisko Treviso \u2013 wybrany przez Ciebie kierunek<\/h4>\n<\/li>\n<li>\n<h4>Lotnisko w Wenecji \u2013 wybrany przez Ciebie kierunek<\/h4>\n<\/li>\n<li>\n<h4>Lotnisko Beauvais\/Charles De Gaulle\/Orly \u2013 Pary\u017c (miejsce docelowe do wyboru)<\/h4>\n<\/li>\n<\/ul>\n<p>Aby wys\u0142a\u0107 zapytanie, wype\u0142nij poni\u017cszy formularz. Nasi pracownicy odpowiedz\u0105 i udziel\u0105 wszelkich informacji tak szybko, jak to mo\u017cliwe!<\/p>\n<\/div>\n<\/div>\n<\/div>\n<\/div>\n<div class=\"p-0 border-radius double-card p-relative\">\n<div class=\"row\" style=\"height: 100%;\">\n<div class=\"col align-self-center pl-30 pr-0 pl-m-0\">\n<div class=\"overflow-hidden\">\n<div class=\"separator-trv-n z-index-1 p-relative mb-10\"><\/div>\n<div class=\"d-flex\" style=\"gap: 23px; margin-bottom: 30px;\">\n<h3 class=\"h3-Barlow-36pt-3\" style=\"margin-bottom: 0;\">Specjalne \u017cyczenia<\/h3>\n<\/div>\n<p class=\"text-standard\">Czy masz jakie\u015b specjalne \u017cyczenia dotycz\u0105ce transferu (potrzebujesz autobusu z platform\u0105, masz dodatkowy baga\u017c, przewozisz sprz\u0119t itp.)?<br \/>\nWpisz wszystkie informacje  w sekcji \u201eMiejsce docelowe\u201d!<br \/>\nW razie jakichkowliek pyta\u0144 lub w sytuacji awaryjnej prosimy o kontakt na naszych kana\u0142ach spo\u0142eczno\u015bciowych Facebook i Instagram.<\/p>\n<ul>\n<li class=\"list-inline-item text-color-dark me-md-4 mb-0\"><a class=\"social-top\" href=\"https:\/\/www.facebook.com\/terravision.eu\" target=\"_blank\" rel=\"noopener\"><img decoding=\"async\" class=\"icon-facebook_white\" src=\"https:\/\/www.terravision.eu\/italiano\/files\/2025\/03\/icon-facebook_chi_siamo.png\" \/><\/a><\/li>\n<li class=\"list-inline-item text-color-dark me-md-4 mb-0\"><a class=\"social-top\" href=\"https:\/\/www.instagram.com\/terravision.eu\/\" target=\"_blank\" rel=\"noopener\"><img decoding=\"async\" class=\"icon-facebook_white\" src=\"https:\/\/www.terravision.eu\/italiano\/files\/2025\/03\/icon-instagram_chi_siamo.png\" \/><\/a><\/li>\n<\/ul>\n<\/div>\n<\/div>\n<\/div>\n<\/div>\n<\/div>\n","protected":false},"excerpt":{"rendered":"<p>&nbsp; Podr\u00f3\u017cujesz w grupie? Oferujemy transfer dostosowany do Twoich potrzeb! Oferujemy mo\u017cliwo\u015b\u0107 rezerwacji prywatnego, wygodnego i szybkiego transferu, kt\u00f3ry zabierze Ci\u0119 bezpo\u015brednio do wybranego miejsca docelowego. Dysponujemy szerok\u0105 gam\u0105 nowych i wygodnych pojazd\u00f3w, aby zagwarantowa\u0107 podr\u00f3\u017c z maksymalnym komfortem i bezpiecze\u0144stwem. Tw\u00f3j transfer grupowy Podr\u00f3\u017cujesz w grupie co najmniej 5 os\u00f3b? Zarezerwuj transfer bezpo\u015brednio do [&hellip;]<\/p>\n","protected":false},"author":1,"featured_media":15508,"parent":0,"menu_order":0,"comment_status":"open","ping_status":"open","template":"page-group_transfer.php","meta":{"footnotes":""},"class_list":["post-343","page","type-page","status-publish","has-post-thumbnail","hentry","cities-roma"],"yoast_head":"<!-- This site is optimized with the Yoast SEO Premium plugin v24.4 (Yoast SEO v24.4) - https:\/\/yoast.com\/wordpress\/plugins\/seo\/ -->\n<title>Transfery grupowe | Terravision<\/title>\n<meta name=\"robots\" content=\"index, follow, max-snippet:-1, max-image-preview:large, max-video-preview:-1\" \/>\n<link rel=\"canonical\" href=\"https:\/\/www.terravision.eu\/pl\/group_transfer.html\" \/>\n<meta property=\"og:locale\" content=\"pl_PL\" \/>\n<meta property=\"og:type\" content=\"article\" \/>\n<meta property=\"og:title\" content=\"Transfery dla grup\" \/>\n<meta property=\"og:description\" content=\"&nbsp; Podr\u00f3\u017cujesz w grupie? Oferujemy transfer dostosowany do Twoich potrzeb! Oferujemy mo\u017cliwo\u015b\u0107 rezerwacji prywatnego, wygodnego i szybkiego transferu, kt\u00f3ry zabierze Ci\u0119 bezpo\u015brednio do wybranego miejsca docelowego. Dysponujemy szerok\u0105 gam\u0105 nowych i wygodnych pojazd\u00f3w, aby zagwarantowa\u0107 podr\u00f3\u017c z maksymalnym komfortem i bezpiecze\u0144stwem. Tw\u00f3j transfer grupowy Podr\u00f3\u017cujesz w grupie co najmniej 5 os\u00f3b? Zarezerwuj transfer bezpo\u015brednio do [&hellip;]\" \/>\n<meta property=\"og:url\" content=\"https:\/\/www.terravision.eu\/pl\/group_transfer.html\" \/>\n<meta property=\"og:site_name\" content=\"Terravision Polska\" \/>\n<meta property=\"article:modified_time\" content=\"2025-11-18T09:50:23+00:00\" \/>\n<meta property=\"og:image\" content=\"https:\/\/www.terravision.eu\/pl\/files\/2012\/08\/gruppi.jpg\" \/>\n\t<meta property=\"og:image:width\" content=\"2880\" \/>\n\t<meta property=\"og:image:height\" content=\"1620\" \/>\n\t<meta property=\"og:image:type\" content=\"image\/jpeg\" \/>\n<meta name=\"twitter:label1\" content=\"Szacowany czas czytania\" \/>\n\t<meta name=\"twitter:data1\" content=\"2 minutes\" \/>\n<script type=\"application\/ld+json\" class=\"yoast-schema-graph\">{\"@context\":\"https:\/\/schema.org\",\"@graph\":[{\"@type\":\"WebPage\",\"@id\":\"https:\/\/www.terravision.eu\/pl\/group_transfer.html\",\"url\":\"https:\/\/www.terravision.eu\/pl\/group_transfer.html\",\"name\":\"Transfery grupowe | Terravision\",\"isPartOf\":{\"@id\":\"https:\/\/www.terravision.eu\/pl\/#website\"},\"primaryImageOfPage\":{\"@id\":\"https:\/\/www.terravision.eu\/pl\/group_transfer.html#primaryimage\"},\"image\":{\"@id\":\"https:\/\/www.terravision.eu\/pl\/group_transfer.html#primaryimage\"},\"thumbnailUrl\":\"https:\/\/www.terravision.eu\/pl\/files\/2012\/08\/gruppi.jpg\",\"datePublished\":\"2017-08-16T16:38:48+00:00\",\"dateModified\":\"2025-11-18T09:50:23+00:00\",\"breadcrumb\":{\"@id\":\"https:\/\/www.terravision.eu\/pl\/group_transfer.html#breadcrumb\"},\"inLanguage\":\"pl-PL\",\"potentialAction\":[{\"@type\":\"ReadAction\",\"target\":[\"https:\/\/www.terravision.eu\/pl\/group_transfer.html\"]}]},{\"@type\":\"ImageObject\",\"inLanguage\":\"pl-PL\",\"@id\":\"https:\/\/www.terravision.eu\/pl\/group_transfer.html#primaryimage\",\"url\":\"https:\/\/www.terravision.eu\/pl\/files\/2012\/08\/gruppi.jpg\",\"contentUrl\":\"https:\/\/www.terravision.eu\/pl\/files\/2012\/08\/gruppi.jpg\",\"width\":2880,\"height\":1620},{\"@type\":\"BreadcrumbList\",\"@id\":\"https:\/\/www.terravision.eu\/pl\/group_transfer.html#breadcrumb\",\"itemListElement\":[{\"@type\":\"ListItem\",\"position\":1,\"name\":\"Home\",\"item\":\"https:\/\/www.terravision.eu\/pl\/\"},{\"@type\":\"ListItem\",\"position\":2,\"name\":\"Transfery dla grup\"}]},{\"@type\":\"WebSite\",\"@id\":\"https:\/\/www.terravision.eu\/pl\/#website\",\"url\":\"https:\/\/www.terravision.eu\/pl\/\",\"name\":\"Terravision Polska\",\"description\":\"Tanie po\u0142\u0105czenia z\/do g\u0142\u00f3wnych lotnisk w Europie\",\"potentialAction\":[{\"@type\":\"SearchAction\",\"target\":{\"@type\":\"EntryPoint\",\"urlTemplate\":\"https:\/\/www.terravision.eu\/pl\/?s={search_term_string}\"},\"query-input\":{\"@type\":\"PropertyValueSpecification\",\"valueRequired\":true,\"valueName\":\"search_term_string\"}}],\"inLanguage\":\"pl-PL\"}]}<\/script>\n<!-- \/ Yoast SEO Premium plugin. -->","yoast_head_json":{"title":"Transfery grupowe | Terravision","robots":{"index":"index","follow":"follow","max-snippet":"max-snippet:-1","max-image-preview":"max-image-preview:large","max-video-preview":"max-video-preview:-1"},"canonical":"https:\/\/www.terravision.eu\/pl\/group_transfer.html","og_locale":"pl_PL","og_type":"article","og_title":"Transfery dla grup","og_description":"&nbsp; Podr\u00f3\u017cujesz w grupie? Oferujemy transfer dostosowany do Twoich potrzeb! Oferujemy mo\u017cliwo\u015b\u0107 rezerwacji prywatnego, wygodnego i szybkiego transferu, kt\u00f3ry zabierze Ci\u0119 bezpo\u015brednio do wybranego miejsca docelowego. Dysponujemy szerok\u0105 gam\u0105 nowych i wygodnych pojazd\u00f3w, aby zagwarantowa\u0107 podr\u00f3\u017c z maksymalnym komfortem i bezpiecze\u0144stwem. Tw\u00f3j transfer grupowy Podr\u00f3\u017cujesz w grupie co najmniej 5 os\u00f3b? Zarezerwuj transfer bezpo\u015brednio do [&hellip;]","og_url":"https:\/\/www.terravision.eu\/pl\/group_transfer.html","og_site_name":"Terravision Polska","article_modified_time":"2025-11-18T09:50:23+00:00","og_image":[{"width":2880,"height":1620,"url":"https:\/\/www.terravision.eu\/pl\/files\/2012\/08\/gruppi.jpg","type":"image\/jpeg"}],"twitter_misc":{"Szacowany czas czytania":"2 minutes"},"schema":{"@context":"https:\/\/schema.org","@graph":[{"@type":"WebPage","@id":"https:\/\/www.terravision.eu\/pl\/group_transfer.html","url":"https:\/\/www.terravision.eu\/pl\/group_transfer.html","name":"Transfery grupowe | Terravision","isPartOf":{"@id":"https:\/\/www.terravision.eu\/pl\/#website"},"primaryImageOfPage":{"@id":"https:\/\/www.terravision.eu\/pl\/group_transfer.html#primaryimage"},"image":{"@id":"https:\/\/www.terravision.eu\/pl\/group_transfer.html#primaryimage"},"thumbnailUrl":"https:\/\/www.terravision.eu\/pl\/files\/2012\/08\/gruppi.jpg","datePublished":"2017-08-16T16:38:48+00:00","dateModified":"2025-11-18T09:50:23+00:00","breadcrumb":{"@id":"https:\/\/www.terravision.eu\/pl\/group_transfer.html#breadcrumb"},"inLanguage":"pl-PL","potentialAction":[{"@type":"ReadAction","target":["https:\/\/www.terravision.eu\/pl\/group_transfer.html"]}]},{"@type":"ImageObject","inLanguage":"pl-PL","@id":"https:\/\/www.terravision.eu\/pl\/group_transfer.html#primaryimage","url":"https:\/\/www.terravision.eu\/pl\/files\/2012\/08\/gruppi.jpg","contentUrl":"https:\/\/www.terravision.eu\/pl\/files\/2012\/08\/gruppi.jpg","width":2880,"height":1620},{"@type":"BreadcrumbList","@id":"https:\/\/www.terravision.eu\/pl\/group_transfer.html#breadcrumb","itemListElement":[{"@type":"ListItem","position":1,"name":"Home","item":"https:\/\/www.terravision.eu\/pl\/"},{"@type":"ListItem","position":2,"name":"Transfery dla grup"}]},{"@type":"WebSite","@id":"https:\/\/www.terravision.eu\/pl\/#website","url":"https:\/\/www.terravision.eu\/pl\/","name":"Terravision Polska","description":"Tanie po\u0142\u0105czenia z\/do g\u0142\u00f3wnych lotnisk w Europie","potentialAction":[{"@type":"SearchAction","target":{"@type":"EntryPoint","urlTemplate":"https:\/\/www.terravision.eu\/pl\/?s={search_term_string}"},"query-input":{"@type":"PropertyValueSpecification","valueRequired":true,"valueName":"search_term_string"}}],"inLanguage":"pl-PL"}]}},"_links":{"self":[{"href":"https:\/\/www.terravision.eu\/pl\/wp-json\/wp\/v2\/pages\/343","targetHints":{"allow":["GET"]}}],"collection":[{"href":"https:\/\/www.terravision.eu\/pl\/wp-json\/wp\/v2\/pages"}],"about":[{"href":"https:\/\/www.terravision.eu\/pl\/wp-json\/wp\/v2\/types\/page"}],"author":[{"embeddable":true,"href":"https:\/\/www.terravision.eu\/pl\/wp-json\/wp\/v2\/users\/1"}],"replies":[{"embeddable":true,"href":"https:\/\/www.terravision.eu\/pl\/wp-json\/wp\/v2\/comments?post=343"}],"version-history":[{"count":11,"href":"https:\/\/www.terravision.eu\/pl\/wp-json\/wp\/v2\/pages\/343\/revisions"}],"predecessor-version":[{"id":20882,"href":"https:\/\/www.terravision.eu\/pl\/wp-json\/wp\/v2\/pages\/343\/revisions\/20882"}],"wp:featuredmedia":[{"embeddable":true,"href":"https:\/\/www.terravision.eu\/pl\/wp-json\/wp\/v2\/media\/15508"}],"wp:attachment":[{"href":"https:\/\/www.terravision.eu\/pl\/wp-json\/wp\/v2\/media?parent=343"}],"curies":[{"name":"wp","href":"https:\/\/api.w.org\/{rel}","templated":true}]}}