{"id":344,"date":"2012-08-16T16:47:53","date_gmt":"2012-08-16T16:47:53","guid":{"rendered":"https:\/\/www.terravision.eu\/?page_id=3419"},"modified":"2026-03-06T14:37:09","modified_gmt":"2026-03-06T14:37:09","slug":"contact","status":"publish","type":"page","link":"https:\/\/www.terravision.eu\/pl\/contact.html","title":{"rendered":"Kontakt | Terravision"},"content":{"rendered":"<p>&nbsp;<\/p>\n<div class=\"p-0 border-radius double-card p-relative\">\n<div class=\"row\" style=\"height: 100%;\">\n<div class=\"col align-self-center pl-30 pr-0 pl-m-0\">\n<div class=\"overflow-hidden\">\n<div class=\"separator-trv-n z-index-1 p-relative mb-10\"><\/div>\n<div class=\"d-flex\" style=\"gap: 23px; margin-bottom: 30px;\">\n<p><img decoding=\"async\" src=\"https:\/\/www.terravision.eu\/italiano\/files\/2025\/03\/icon-info_chi_siamo.png\" \/><\/p>\n<h3 class=\"h3-Barlow-36pt-3\" style=\"margin-bottom: 0;\">Online Helpdesk<\/h3>\n<\/div>\n<p><strong>Potrzebujesz informacji? Tutaj mesz znale\u017c\u0107 odpowied\u017a na Twoje pytania!<\/strong><\/p>\n<p>W celu uzyskania og\u00f3lnych informacji na temat Terravision, naszych us\u0142ug, systemu rezerwacji online i metod p\u0142atno\u015bci zapraszamy do zapoznania si\u0119 z <a href=\"https:\/\/www.terravision.eu\/pl\/faq_o_firmie.html?noredirect=pl_PL\">cz\u0119sto zadawanymi pytaniami<\/a>.<\/p>\n<\/div>\n<p><strong>Masz pytania dotycz\u0105ce naszych us\u0142ug? Masz probem z biletem?<\/strong><\/p>\n<p>W przypadku pyta\u0144 lub w\u0105tpliwo\u015bci dotycz\u0105cych rezerwacji mo\u017cesz skontaktowa\u0107 si\u0119 z nami poprzez zak\u0142adk\u0119 \u201eNowe zapytanie\u201d w Twoim koncie Terravision.<br \/>\nNie jeste\u015b jeszcze zarejestrowany? <a href=\"http:\/\/book.terravision.eu\/it\/register\">Kliknij tutaj!<\/a><\/p>\n<div class=\"overflow-hidden\"><\/div>\n<\/div>\n<\/div>\n<\/div>\n<div class=\"p-0 border-radius double-card p-relative\">\n<div class=\"row\" style=\"height: 100%;\">\n<div class=\"col align-self-center pl-30 pr-0 pl-m-0\">\n<div class=\"overflow-hidden\">\n<div class=\"separator-trv-n z-index-1 p-relative mb-10\"><\/div>\n<div class=\"d-flex\" style=\"gap: 23px; margin-bottom: 30px;\">\n<p><img decoding=\"async\" class=\"icon-plane\" src=\"https:\/\/www.terravision.eu\/italiano\/files\/2025\/03\/icon-help_chi_siamo.png\" \/><\/p>\n<h3 class=\"h3-Barlow-36pt-3\" style=\"margin-bottom: 0;\">Media spo\u0142eczno\u015bciowe<\/h3>\n<\/div>\n<p><strong>Podziel si\u0119 z nami swoj\u0105 opini\u0105 na temat naszych transferow!<\/strong>\u00a0\u2013 Jeste\u015bmy otwarci na wszelkie pomys\u0142y i sugestie, kt\u00f3re pozwol\u0105 nam ulepszy\u0107 nasze us\u0142ugi.<br \/>\n<strong>B\u0105d\u017a na bie\u017c\u0105co!<\/strong>\u00a0\u2013 Dowiedz si\u0119 pierwszy o nowo\u015bciach i naszych ofertach specjalnych!<br \/>\n<strong>Zainspiruj si\u0119!<\/strong>\u00a0\u2013 Znajd\u017a wskaz\u00f3wki dotycz\u0105ce tanich podr\u00f3\u017cy i zorganizuj swoje wakacje w Europie.<\/p>\n<p>&nbsp;<\/p>\n<p><strong>B\u0105d\u017amy w kontakcie!<\/strong><\/p>\n<p>Do\u0142\u0105cz do naszej spo\u0142eczno\u015bci online i obserwuj nas w mediach spo\u0142eczno\u015bciowych:<\/p>\n<div class=\"mb-lg-0 mt-25\">\n<ul class=\"list list-unstyled list-inline mb-0\">\n<li class=\"list-inline-item text-color-dark me-md-4 mb-0\"><a class=\"social-top\" href=\"https:\/\/www.facebook.com\/terravision.eu\" target=\"_blank\" rel=\"noopener\"><img decoding=\"async\" class=\"icon-facebook_white\" src=\"https:\/\/www.terravision.eu\/italiano\/files\/2025\/03\/icon-facebook_chi_siamo.png\" \/><\/a><\/li>\n<li class=\"list-inline-item text-color-dark me-md-4 mb-0\"><a class=\"social-top\" href=\"https:\/\/www.instagram.com\/terravision.eu\/\" target=\"_blank\" rel=\"noopener\"><img decoding=\"async\" class=\"icon-facebook_white\" src=\"https:\/\/www.terravision.eu\/italiano\/files\/2025\/03\/icon-instagram_chi_siamo.png\" \/><\/a><\/li>\n<\/ul>\n<\/div>\n<\/div>\n<\/div>\n<\/div>\n<\/div>\n","protected":false},"excerpt":{"rendered":"<p>&nbsp; Online Helpdesk Potrzebujesz informacji? Tutaj mesz znale\u017c\u0107 odpowied\u017a na Twoje pytania! W celu uzyskania og\u00f3lnych informacji na temat Terravision, naszych us\u0142ug, systemu rezerwacji online i metod p\u0142atno\u015bci zapraszamy do zapoznania si\u0119 z cz\u0119sto zadawanymi pytaniami. Masz pytania dotycz\u0105ce naszych us\u0142ug? Masz probem z biletem? W przypadku pyta\u0144 lub w\u0105tpliwo\u015bci dotycz\u0105cych rezerwacji mo\u017cesz skontaktowa\u0107 si\u0119 [&hellip;]<\/p>\n","protected":false},"author":1,"featured_media":0,"parent":0,"menu_order":0,"comment_status":"open","ping_status":"open","template":"","meta":{"footnotes":""},"class_list":["post-344","page","type-page","status-publish","hentry"],"yoast_head":"<!-- This site is optimized with the Yoast SEO Premium plugin v24.4 (Yoast SEO v24.4) - https:\/\/yoast.com\/wordpress\/plugins\/seo\/ -->\n<title>Pomoc Terravision \u2013 FAQ, bilety i wsparcie online<\/title>\n<meta name=\"description\" content=\"Potrzebujesz pomocy Terravision? FAQ, bilety i wsparcie rezerwacji \u2708\ufe0f przez helpdesk online lub w mediach spo\u0142eczno\u015bciowych \ud83d\udcf1.\" \/>\n<meta name=\"robots\" content=\"index, follow, max-snippet:-1, max-image-preview:large, max-video-preview:-1\" \/>\n<link rel=\"canonical\" href=\"https:\/\/www.terravision.eu\/pl\/contact.html\" \/>\n<meta property=\"og:locale\" content=\"pl_PL\" \/>\n<meta property=\"og:type\" content=\"article\" \/>\n<meta property=\"og:title\" content=\"Kontakt | Terravision\" \/>\n<meta property=\"og:description\" content=\"Potrzebujesz pomocy Terravision? FAQ, bilety i wsparcie rezerwacji \u2708\ufe0f przez helpdesk online lub w mediach spo\u0142eczno\u015bciowych \ud83d\udcf1.\" \/>\n<meta property=\"og:url\" content=\"https:\/\/www.terravision.eu\/pl\/contact.html\" \/>\n<meta property=\"og:site_name\" content=\"Terravision Polska\" \/>\n<meta property=\"article:modified_time\" content=\"2026-03-06T14:37:09+00:00\" \/>\n<meta property=\"og:image\" content=\"https:\/\/www.terravision.eu\/italiano\/files\/2025\/03\/icon-info_chi_siamo.png\" \/>\n<meta name=\"twitter:label1\" content=\"Szacowany czas czytania\" \/>\n\t<meta name=\"twitter:data1\" content=\"2 minutes\" \/>\n<script type=\"application\/ld+json\" class=\"yoast-schema-graph\">{\"@context\":\"https:\/\/schema.org\",\"@graph\":[{\"@type\":\"WebPage\",\"@id\":\"https:\/\/www.terravision.eu\/pl\/contact.html\",\"url\":\"https:\/\/www.terravision.eu\/pl\/contact.html\",\"name\":\"Pomoc Terravision \u2013 FAQ, bilety i wsparcie online\",\"isPartOf\":{\"@id\":\"https:\/\/www.terravision.eu\/pl\/#website\"},\"primaryImageOfPage\":{\"@id\":\"https:\/\/www.terravision.eu\/pl\/contact.html#primaryimage\"},\"image\":{\"@id\":\"https:\/\/www.terravision.eu\/pl\/contact.html#primaryimage\"},\"thumbnailUrl\":\"https:\/\/www.terravision.eu\/italiano\/files\/2025\/03\/icon-info_chi_siamo.png\",\"datePublished\":\"2012-08-16T16:47:53+00:00\",\"dateModified\":\"2026-03-06T14:37:09+00:00\",\"description\":\"Potrzebujesz pomocy Terravision? FAQ, bilety i wsparcie rezerwacji \u2708\ufe0f przez helpdesk online lub w mediach spo\u0142eczno\u015bciowych \ud83d\udcf1.\",\"breadcrumb\":{\"@id\":\"https:\/\/www.terravision.eu\/pl\/contact.html#breadcrumb\"},\"inLanguage\":\"pl-PL\",\"potentialAction\":[{\"@type\":\"ReadAction\",\"target\":[\"https:\/\/www.terravision.eu\/pl\/contact.html\"]}]},{\"@type\":\"ImageObject\",\"inLanguage\":\"pl-PL\",\"@id\":\"https:\/\/www.terravision.eu\/pl\/contact.html#primaryimage\",\"url\":\"https:\/\/www.terravision.eu\/italiano\/files\/2025\/03\/icon-info_chi_siamo.png\",\"contentUrl\":\"https:\/\/www.terravision.eu\/italiano\/files\/2025\/03\/icon-info_chi_siamo.png\"},{\"@type\":\"BreadcrumbList\",\"@id\":\"https:\/\/www.terravision.eu\/pl\/contact.html#breadcrumb\",\"itemListElement\":[{\"@type\":\"ListItem\",\"position\":1,\"name\":\"Home\",\"item\":\"https:\/\/www.terravision.eu\/pl\/\"},{\"@type\":\"ListItem\",\"position\":2,\"name\":\"Kontakt | Terravision\"}]},{\"@type\":\"WebSite\",\"@id\":\"https:\/\/www.terravision.eu\/pl\/#website\",\"url\":\"https:\/\/www.terravision.eu\/pl\/\",\"name\":\"Terravision Polska\",\"description\":\"Tanie po\u0142\u0105czenia z\/do g\u0142\u00f3wnych lotnisk w Europie\",\"potentialAction\":[{\"@type\":\"SearchAction\",\"target\":{\"@type\":\"EntryPoint\",\"urlTemplate\":\"https:\/\/www.terravision.eu\/pl\/?s={search_term_string}\"},\"query-input\":{\"@type\":\"PropertyValueSpecification\",\"valueRequired\":true,\"valueName\":\"search_term_string\"}}],\"inLanguage\":\"pl-PL\"}]}<\/script>\n<!-- \/ Yoast SEO Premium plugin. -->","yoast_head_json":{"title":"Pomoc Terravision \u2013 FAQ, bilety i wsparcie online","description":"Potrzebujesz pomocy Terravision? FAQ, bilety i wsparcie rezerwacji \u2708\ufe0f przez helpdesk online lub w mediach spo\u0142eczno\u015bciowych \ud83d\udcf1.","robots":{"index":"index","follow":"follow","max-snippet":"max-snippet:-1","max-image-preview":"max-image-preview:large","max-video-preview":"max-video-preview:-1"},"canonical":"https:\/\/www.terravision.eu\/pl\/contact.html","og_locale":"pl_PL","og_type":"article","og_title":"Kontakt | Terravision","og_description":"Potrzebujesz pomocy Terravision? FAQ, bilety i wsparcie rezerwacji \u2708\ufe0f przez helpdesk online lub w mediach spo\u0142eczno\u015bciowych \ud83d\udcf1.","og_url":"https:\/\/www.terravision.eu\/pl\/contact.html","og_site_name":"Terravision Polska","article_modified_time":"2026-03-06T14:37:09+00:00","og_image":[{"url":"https:\/\/www.terravision.eu\/italiano\/files\/2025\/03\/icon-info_chi_siamo.png","type":"","width":"","height":""}],"twitter_misc":{"Szacowany czas czytania":"2 minutes"},"schema":{"@context":"https:\/\/schema.org","@graph":[{"@type":"WebPage","@id":"https:\/\/www.terravision.eu\/pl\/contact.html","url":"https:\/\/www.terravision.eu\/pl\/contact.html","name":"Pomoc Terravision \u2013 FAQ, bilety i wsparcie online","isPartOf":{"@id":"https:\/\/www.terravision.eu\/pl\/#website"},"primaryImageOfPage":{"@id":"https:\/\/www.terravision.eu\/pl\/contact.html#primaryimage"},"image":{"@id":"https:\/\/www.terravision.eu\/pl\/contact.html#primaryimage"},"thumbnailUrl":"https:\/\/www.terravision.eu\/italiano\/files\/2025\/03\/icon-info_chi_siamo.png","datePublished":"2012-08-16T16:47:53+00:00","dateModified":"2026-03-06T14:37:09+00:00","description":"Potrzebujesz pomocy Terravision? FAQ, bilety i wsparcie rezerwacji \u2708\ufe0f przez helpdesk online lub w mediach spo\u0142eczno\u015bciowych \ud83d\udcf1.","breadcrumb":{"@id":"https:\/\/www.terravision.eu\/pl\/contact.html#breadcrumb"},"inLanguage":"pl-PL","potentialAction":[{"@type":"ReadAction","target":["https:\/\/www.terravision.eu\/pl\/contact.html"]}]},{"@type":"ImageObject","inLanguage":"pl-PL","@id":"https:\/\/www.terravision.eu\/pl\/contact.html#primaryimage","url":"https:\/\/www.terravision.eu\/italiano\/files\/2025\/03\/icon-info_chi_siamo.png","contentUrl":"https:\/\/www.terravision.eu\/italiano\/files\/2025\/03\/icon-info_chi_siamo.png"},{"@type":"BreadcrumbList","@id":"https:\/\/www.terravision.eu\/pl\/contact.html#breadcrumb","itemListElement":[{"@type":"ListItem","position":1,"name":"Home","item":"https:\/\/www.terravision.eu\/pl\/"},{"@type":"ListItem","position":2,"name":"Kontakt | Terravision"}]},{"@type":"WebSite","@id":"https:\/\/www.terravision.eu\/pl\/#website","url":"https:\/\/www.terravision.eu\/pl\/","name":"Terravision Polska","description":"Tanie po\u0142\u0105czenia z\/do g\u0142\u00f3wnych lotnisk w Europie","potentialAction":[{"@type":"SearchAction","target":{"@type":"EntryPoint","urlTemplate":"https:\/\/www.terravision.eu\/pl\/?s={search_term_string}"},"query-input":{"@type":"PropertyValueSpecification","valueRequired":true,"valueName":"search_term_string"}}],"inLanguage":"pl-PL"}]}},"_links":{"self":[{"href":"https:\/\/www.terravision.eu\/pl\/wp-json\/wp\/v2\/pages\/344","targetHints":{"allow":["GET"]}}],"collection":[{"href":"https:\/\/www.terravision.eu\/pl\/wp-json\/wp\/v2\/pages"}],"about":[{"href":"https:\/\/www.terravision.eu\/pl\/wp-json\/wp\/v2\/types\/page"}],"author":[{"embeddable":true,"href":"https:\/\/www.terravision.eu\/pl\/wp-json\/wp\/v2\/users\/1"}],"replies":[{"embeddable":true,"href":"https:\/\/www.terravision.eu\/pl\/wp-json\/wp\/v2\/comments?post=344"}],"version-history":[{"count":13,"href":"https:\/\/www.terravision.eu\/pl\/wp-json\/wp\/v2\/pages\/344\/revisions"}],"predecessor-version":[{"id":20435,"href":"https:\/\/www.terravision.eu\/pl\/wp-json\/wp\/v2\/pages\/344\/revisions\/20435"}],"wp:attachment":[{"href":"https:\/\/www.terravision.eu\/pl\/wp-json\/wp\/v2\/media?parent=344"}],"curies":[{"name":"wp","href":"https:\/\/api.w.org\/{rel}","templated":true}]}}