{"id":382,"date":"2012-08-22T13:23:44","date_gmt":"2012-08-22T13:23:44","guid":{"rendered":"https:\/\/www.terravision.eu\/?page_id=3829"},"modified":"2012-08-22T13:23:44","modified_gmt":"2012-08-22T13:23:44","slug":"faq_payment","status":"publish","type":"page","link":"https:\/\/www.terravision.eu\/pl\/faq_payment.html","title":{"rendered":"Informacje na temat metody \/ systemu p\u0142atno\u015bci"},"content":{"rendered":"<p><strong><a href=\"#How can I pay for my Terravision tickets? \">Jak mog\u0119 zap\u0142aci\u0107 za moje bilety Terravision? <\/a><\/strong><\/p>\n<p><strong><a href=\"#I need more information about the online payment system\">Szukam szczeg\u00f3\u0142owych informacji na temat systemu p\u0142atno\u015bci online.<\/a><\/strong><\/p>\n<p><strong><a href=\"#What do I need to do if I cannot book due to problems with the payment system?\">Co mam zrobi\u0107, je\u015bli nie mog\u0119 zarezerwowa\u0107 biletu z powodu problem\u00f3w z systemem p\u0142atno\u015bci?<\/a><\/strong><\/p>\n<p><strong><a id=\"How can I pay for my Terravision tickets?\">Jak mog\u0119 zap\u0142aci\u0107 za moje bilety Terravision?<\/a><\/strong><br \/>\nW przypadku zakupu bilet\u00f3w online mo\u017cna zap\u0142aci\u0107 za nie za pomoc\u0105 karty kredytowej lub konta PayPal. Na stanowiskach Terravision najcz\u0119\u015bciej stosowan\u0105 metod\u0105 p\u0142atno\u015bci jest got\u00f3wka, cho\u0107 w niekt\u00f3rych miejscach, zw\u0142aszcza tych, kt\u00f3re znajduj\u0105 si\u0119 na wi\u0119kszych lotniskach, akceptowane s\u0105 r\u00f3wnie\u017c karty kredytowe. W celu uzyskania szczeg\u00f3\u0142owych informacji prosimy o kontakt z naszym serwisem obs\u0142ugi klienta pod adresem <a href=\"mailto:helpdesk@terravision.eu\">helpdesk@terravision.eu<\/a>.<br \/>\nAby przyst\u0105pi\u0107 do zap\u0142aty za bilet online, nale\u017cy poda\u0107 dane karty kredytowej w systemie p\u0142atno\u015bci lub wprowadzi\u0107 dane do logowania w systemie PayPal, je\u015bli posiadasz konto w tej us\u0142udze, dzi\u0119ki czemu jeszcze bardziej przyspieszysz procedur\u0119 p\u0142atno\u015bci.<\/p>\n<p><strong><a id=\"I need more information about the online payment system\">Szukam szczeg\u00f3\u0142owych informacji na temat systemu p\u0142atno\u015bci online.\u00a0<\/a><\/strong><br \/>\nNa stronie <a href=\"https:\/\/www.terravision.eu\">www.terravision.eu<\/a> mo\u017cna p\u0142aci\u0107 przy pomocy najbardziej popularnych rodzaj\u00f3w kart kredytowych oraz przy u\u017cyciu konta PayPal. P\u0142atno\u015bci s\u0105 bezpieczne i s\u0105 przeprowadzane na chronionym serwerze. W tej chwili mo\u017cna wybra\u0107 pomi\u0119dzy dwoma r\u00f3\u017cnymi opcjami p\u0142atno\u015bci<br \/>\n<strong><em>Szybka p\u0142atno\u015b\u0107<\/em><\/strong><strong><\/strong><br \/>\nTerravision posiada zintegrowan\u0105 bramk\u0119 p\u0142atnicz\u0105, dzi\u0119ki kt\u00f3rej w spos\u00f3b szybki i bardzo bezpieczny mo\u017cna zakupi\u0107 wybrane us\u0142ugi i produkty. Proces p\u0142atno\u015bci jest bardzo prosty &#8211; wystarczy wype\u0142ni\u0107 kr\u00f3tki formularz online zawieraj\u0105cy szczeg\u00f3\u0142owe informacje dotycz\u0105ce karty kredytowej, a nast\u0119pnie wys\u0142a\u0107 zam\u00f3wienie. Bramka p\u0142atnicza dostarczona jest przez firm\u0119 Optimal Payments\u00ae.<br \/>\n<strong><em>P\u0142atno\u015b\u0107 z PayPal<\/em><\/strong><br \/>\nJe\u015bli posiadasz konto PayPal, podaj swoje dane i dokonaj zakupu. Je\u015bli nie masz jeszcze konta w tej us\u0142udze, mo\u017cesz je bezp\u0142atnie za\u0142o\u017cy\u0107 lub ewentualnie kontynuowa\u0107 dokonywanie rezerwacji za pomoc\u0105 jednej z kart kredytowych akceptowanych przez system. Zwracamy si\u0119 z pro\u015bb\u0105 do wszystkich klient\u00f3w, aby kontaktowali si\u0119 bezpo\u015brednio z firm\u0105 <a href=\"http:\/\/www.paypal.com\/\" target=\"_blank\">PayPal<\/a> w zwi\u0105zku z wszystkimi problemami technicznymi, kt\u00f3re wyst\u0105pi\u0142y podczas procesu p\u0142atno\u015bci, poniewa\u017c firma Terravision nie posiada \u017cadnych informacji dotycz\u0105cych p\u0142atno\u015bci \/ danych konta PayPal. PayPal to firma wchodz\u0105ca w sk\u0142ad grupy eBay, b\u0119d\u0105ca liderem w dziedzinie p\u0142atno\u015bci internetowych.<br \/>\nPoniewa\u017c p\u0142atno\u015b\u0107 jest ca\u0142kowicie zarz\u0105dzana przez firm\u0119 PayPal, niezale\u017cnie czy dokonywana jest za pomoc\u0105 karty kredytowej, czy te\u017c przez konto PayPal, zawsze nale\u017cy sprawdzi\u0107 wysoko\u015b\u0107 kwoty ko\u0144cowej pobranej przez PayPal. Informacja ta znajduje si\u0119 we wiadomo\u015bci e-mail z potwierdzeniem wys\u0142anej przez system PayPal. W celu uzyskania informacji na temat wszystkich szczeg\u00f3\u0142\u00f3w us\u0142ugi, prosimy zapozna\u0107 si\u0119 z wiadomo\u015bci\u0105 e-mail zawieraj\u0105c\u0105 potwierdzenie wys\u0142ane przez firm\u0119 Terravision.<\/p>\n<p><strong><a id=\"What do I need to do if I cannot book due to problems with the payment system?\">Co musz\u0119 zrobi\u0107, je\u015bli nie mog\u0119 zarezerwowa\u0107 biletu z powodu problem\u00f3w z systemem p\u0142atno\u015bci?<\/a><\/strong><br \/>\nW przypadku problem\u00f3w dotycz\u0105cych szybkiej p\u0142atno\u015bci prosimy o kontakt za pomoc\u0105 formularza kontaktowego online, kt\u00f3ry mo\u017cna znale\u017a\u0107 po zalogowaniu si\u0119 do strefy Moje Terravision. Nasze centrum obs\u0142ugi klienta zajmie si\u0119 zapytaniem tak szybko, jak to b\u0119dzie mo\u017cliwe.<br \/>\nJe\u015bli system nie pozwala na przetwarzanie p\u0142atno\u015bci, nale\u017cy wys\u0142a\u0107 do nas t\u0119 informacj\u0119, jednak\u017ce nale\u017cy pami\u0119ta\u0107, \u017ce w tym przypadku system PayPal b\u0119dzie musia\u0142 rozwi\u0105za\u0107 ten problem. Nasza firma nie mo\u017ce interweniowa\u0107 w imieniu klienta, poniewa\u017c przepisy dotycz\u0105ce prywatno\u015bci us\u0142ug p\u0142atniczych uniemo\u017cliwia nam dost\u0119p do danych p\u0142atno\u015bci naszych klient\u00f3w. Prosimy o przes\u0142anie tego problemu do firmy PayPal, a tak\u017ce o poinformowanie nas o tym (za pomoc\u0105 formularza kontaktowego), aby\u015bmy mogli w miar\u0119 mo\u017cliwo\u015bci poleci\u0107 rozwi\u0105zania alternatywne (np. zakup biletu w jednym z punkt\u00f3w sprzeda\u017cy lub u\u017cycie innej karty kredytowej).<\/p>\n","protected":false},"excerpt":{"rendered":"<p>Jak mog\u0119 zap\u0142aci\u0107 za moje bilety Terravision? Szukam szczeg\u00f3\u0142owych informacji na temat systemu p\u0142atno\u015bci online. Co mam zrobi\u0107, je\u015bli nie mog\u0119 zarezerwowa\u0107 biletu z powodu problem\u00f3w z systemem p\u0142atno\u015bci? Jak mog\u0119 zap\u0142aci\u0107 za moje bilety Terravision? W przypadku zakupu bilet\u00f3w online mo\u017cna zap\u0142aci\u0107 za nie za pomoc\u0105 karty kredytowej lub konta PayPal. Na stanowiskach Terravision [&hellip;]<\/p>\n","protected":false},"author":1,"featured_media":0,"parent":0,"menu_order":0,"comment_status":"open","ping_status":"open","template":"","meta":{"footnotes":""},"class_list":["post-382","page","type-page","status-publish","hentry"],"yoast_head":"<!-- This site is optimized with the Yoast SEO Premium plugin v24.4 (Yoast SEO v24.4) - https:\/\/yoast.com\/wordpress\/plugins\/seo\/ -->\n<title>Informacje na temat metody \/ systemu p?atno?ci | Terravision<\/title>\n<meta name=\"robots\" content=\"index, follow, max-snippet:-1, max-image-preview:large, max-video-preview:-1\" \/>\n<link rel=\"canonical\" href=\"https:\/\/www.terravision.eu\/pl\/faq_payment.html\" \/>\n<meta property=\"og:locale\" content=\"pl_PL\" \/>\n<meta property=\"og:type\" content=\"article\" \/>\n<meta property=\"og:title\" content=\"Informacje na temat metody \/ systemu p\u0142atno\u015bci\" \/>\n<meta property=\"og:description\" content=\"Jak mog\u0119 zap\u0142aci\u0107 za moje bilety Terravision? Szukam szczeg\u00f3\u0142owych informacji na temat systemu p\u0142atno\u015bci online. Co mam zrobi\u0107, je\u015bli nie mog\u0119 zarezerwowa\u0107 biletu z powodu problem\u00f3w z systemem p\u0142atno\u015bci? Jak mog\u0119 zap\u0142aci\u0107 za moje bilety Terravision? W przypadku zakupu bilet\u00f3w online mo\u017cna zap\u0142aci\u0107 za nie za pomoc\u0105 karty kredytowej lub konta PayPal. Na stanowiskach Terravision [&hellip;]\" \/>\n<meta property=\"og:url\" content=\"https:\/\/www.terravision.eu\/pl\/faq_payment.html\" \/>\n<meta property=\"og:site_name\" content=\"Terravision Polska\" \/>\n<meta name=\"twitter:label1\" content=\"Szacowany czas czytania\" \/>\n\t<meta name=\"twitter:data1\" content=\"3 minutes\" \/>\n<script type=\"application\/ld+json\" class=\"yoast-schema-graph\">{\"@context\":\"https:\/\/schema.org\",\"@graph\":[{\"@type\":\"WebPage\",\"@id\":\"https:\/\/www.terravision.eu\/pl\/faq_payment.html\",\"url\":\"https:\/\/www.terravision.eu\/pl\/faq_payment.html\",\"name\":\"Informacje na temat metody \/ systemu p?atno?ci | Terravision\",\"isPartOf\":{\"@id\":\"https:\/\/www.terravision.eu\/pl\/#website\"},\"datePublished\":\"2012-08-22T13:23:44+00:00\",\"breadcrumb\":{\"@id\":\"https:\/\/www.terravision.eu\/pl\/faq_payment.html#breadcrumb\"},\"inLanguage\":\"pl-PL\",\"potentialAction\":[{\"@type\":\"ReadAction\",\"target\":[\"https:\/\/www.terravision.eu\/pl\/faq_payment.html\"]}]},{\"@type\":\"BreadcrumbList\",\"@id\":\"https:\/\/www.terravision.eu\/pl\/faq_payment.html#breadcrumb\",\"itemListElement\":[{\"@type\":\"ListItem\",\"position\":1,\"name\":\"Home\",\"item\":\"https:\/\/www.terravision.eu\/pl\/\"},{\"@type\":\"ListItem\",\"position\":2,\"name\":\"Informacje na temat metody \/ systemu p\u0142atno\u015bci\"}]},{\"@type\":\"WebSite\",\"@id\":\"https:\/\/www.terravision.eu\/pl\/#website\",\"url\":\"https:\/\/www.terravision.eu\/pl\/\",\"name\":\"Terravision Polska\",\"description\":\"Tanie po\u0142\u0105czenia z\/do g\u0142\u00f3wnych lotnisk w Europie\",\"potentialAction\":[{\"@type\":\"SearchAction\",\"target\":{\"@type\":\"EntryPoint\",\"urlTemplate\":\"https:\/\/www.terravision.eu\/pl\/?s={search_term_string}\"},\"query-input\":{\"@type\":\"PropertyValueSpecification\",\"valueRequired\":true,\"valueName\":\"search_term_string\"}}],\"inLanguage\":\"pl-PL\"}]}<\/script>\n<!-- \/ Yoast SEO Premium plugin. -->","yoast_head_json":{"title":"Informacje na temat metody \/ systemu p?atno?ci | Terravision","robots":{"index":"index","follow":"follow","max-snippet":"max-snippet:-1","max-image-preview":"max-image-preview:large","max-video-preview":"max-video-preview:-1"},"canonical":"https:\/\/www.terravision.eu\/pl\/faq_payment.html","og_locale":"pl_PL","og_type":"article","og_title":"Informacje na temat metody \/ systemu p\u0142atno\u015bci","og_description":"Jak mog\u0119 zap\u0142aci\u0107 za moje bilety Terravision? Szukam szczeg\u00f3\u0142owych informacji na temat systemu p\u0142atno\u015bci online. Co mam zrobi\u0107, je\u015bli nie mog\u0119 zarezerwowa\u0107 biletu z powodu problem\u00f3w z systemem p\u0142atno\u015bci? Jak mog\u0119 zap\u0142aci\u0107 za moje bilety Terravision? W przypadku zakupu bilet\u00f3w online mo\u017cna zap\u0142aci\u0107 za nie za pomoc\u0105 karty kredytowej lub konta PayPal. Na stanowiskach Terravision [&hellip;]","og_url":"https:\/\/www.terravision.eu\/pl\/faq_payment.html","og_site_name":"Terravision Polska","twitter_misc":{"Szacowany czas czytania":"3 minutes"},"schema":{"@context":"https:\/\/schema.org","@graph":[{"@type":"WebPage","@id":"https:\/\/www.terravision.eu\/pl\/faq_payment.html","url":"https:\/\/www.terravision.eu\/pl\/faq_payment.html","name":"Informacje na temat metody \/ systemu p?atno?ci | Terravision","isPartOf":{"@id":"https:\/\/www.terravision.eu\/pl\/#website"},"datePublished":"2012-08-22T13:23:44+00:00","breadcrumb":{"@id":"https:\/\/www.terravision.eu\/pl\/faq_payment.html#breadcrumb"},"inLanguage":"pl-PL","potentialAction":[{"@type":"ReadAction","target":["https:\/\/www.terravision.eu\/pl\/faq_payment.html"]}]},{"@type":"BreadcrumbList","@id":"https:\/\/www.terravision.eu\/pl\/faq_payment.html#breadcrumb","itemListElement":[{"@type":"ListItem","position":1,"name":"Home","item":"https:\/\/www.terravision.eu\/pl\/"},{"@type":"ListItem","position":2,"name":"Informacje na temat metody \/ systemu p\u0142atno\u015bci"}]},{"@type":"WebSite","@id":"https:\/\/www.terravision.eu\/pl\/#website","url":"https:\/\/www.terravision.eu\/pl\/","name":"Terravision Polska","description":"Tanie po\u0142\u0105czenia z\/do g\u0142\u00f3wnych lotnisk w Europie","potentialAction":[{"@type":"SearchAction","target":{"@type":"EntryPoint","urlTemplate":"https:\/\/www.terravision.eu\/pl\/?s={search_term_string}"},"query-input":{"@type":"PropertyValueSpecification","valueRequired":true,"valueName":"search_term_string"}}],"inLanguage":"pl-PL"}]}},"_links":{"self":[{"href":"https:\/\/www.terravision.eu\/pl\/wp-json\/wp\/v2\/pages\/382","targetHints":{"allow":["GET"]}}],"collection":[{"href":"https:\/\/www.terravision.eu\/pl\/wp-json\/wp\/v2\/pages"}],"about":[{"href":"https:\/\/www.terravision.eu\/pl\/wp-json\/wp\/v2\/types\/page"}],"author":[{"embeddable":true,"href":"https:\/\/www.terravision.eu\/pl\/wp-json\/wp\/v2\/users\/1"}],"replies":[{"embeddable":true,"href":"https:\/\/www.terravision.eu\/pl\/wp-json\/wp\/v2\/comments?post=382"}],"version-history":[{"count":0,"href":"https:\/\/www.terravision.eu\/pl\/wp-json\/wp\/v2\/pages\/382\/revisions"}],"wp:attachment":[{"href":"https:\/\/www.terravision.eu\/pl\/wp-json\/wp\/v2\/media?parent=382"}],"curies":[{"name":"wp","href":"https:\/\/api.w.org\/{rel}","templated":true}]}}