{"id":406,"date":"2012-08-28T13:09:08","date_gmt":"2012-08-28T13:09:08","guid":{"rendered":"https:\/\/www.terravision.eu\/careers-2"},"modified":"2012-08-28T13:09:08","modified_gmt":"2012-08-28T13:09:08","slug":"careers","status":"publish","type":"page","link":"https:\/\/www.terravision.eu\/pl\/careers.html","title":{"rendered":"Kariera | Grupa Terravision"},"content":{"rendered":"<div id=\"article-single\">\n<div class=\"title\"><strong>Pracuj z nami<\/strong><\/div>\n<div class=\"content\">\n<p><strong>Grupa Terravision nieustannie poszukuje os\u00f3b pe\u0142nych pasji i talentu, kt\u00f3re mog\u0142yby sta\u0107 si\u0119 cz\u0119\u015bci\u0105 naszego zespo\u0142u<\/strong><\/p>\n<hr>\n<div class=\"title\"><strong>Co oferujemy?<\/strong><\/div>\n<p> \u2013 Dynamiczne \u015brodowisko<br \/>\n\u2013  Mi\u0119dzynarodowy zesp\u00f3\u0142<br \/>\n\u2013  Szeroki wachlarz stanowisk w obszarze administracji, marketingu, sprzeda\u017cy, reklamy, HR oraz miejsca dla asystent\u00f3w sprzeda\u017cy na lotniskach oraz kierowc\u00f3w.<\/p>\n<hr>\n<div class=\"title\"><strong>Jakich os\u00f3b poszukujemy?<\/strong><\/div>\n<p>\u2013 Przedsi\u0119biorczych<br \/>\n\u2013 Pe\u0142nych entuzjazmu<br \/>\n\u2013 Dynamicznych<br \/>\n\u2013 Z pasj\u0105 do podr\u00f3\u017cy i zainteresowanych turystyk\u0105<br \/>\n\u2013 Dodatkowym atutem b\u0119dzie znajomo\u015b\u0107 jednego lub wi\u0119cej j\u0119zyk\u00f3w obcych<\/p>\n<hr>\n<div class=\"title\"><strong>Jak zg\u0142osi\u0107 swoj\u0105 kandydatur\u0119?<\/strong><\/div>\n<p><strong>Je\u015bli posiadasz wy\u017cej wymienione cechy i umiej\u0119tno\u015bci, ch\u0119tnie dowiemy si\u0119 o Tobie czego\u015b wi\u0119cej!<\/strong><br \/>\nPrzy\u015blij nam Twoje CV!<br \/>\nWy\u015blij Twoje CV (w formacie PDF, Word  lub innympliku tekstowym) na adres jobs@terravision.eu, wpisuj\u0105c znane j\u0119zyki obce wraz z poziomem ich znajomo\u015bci.<br \/>\nOtwarte pozycje mo\u017cesz znale\u017a\u0107 r\u00f3wnie\u017c na Linkedin.<\/p>\n<hr>\n<div class=\"title\"><strong>Dost\u0119pne oferty pracy<\/strong><\/div>\n<div class=\"title\"><strong>Available Offers<\/strong><\/div>\n<p><a href=\"https:\/\/www.terravision.eu\/files\/2014\/04\/Marketing-Assistant-Job-Posting-April-2014_NL.pdf\" target=\"_blank\">Marketing Assistant<\/a><br \/>\n<a href=\"https:\/\/www.terravision.eu\/files\/2014\/04\/Marketing-Executive-04-04-2014-NL.pdf\" target=\"_blank\">Marketing Executive<\/a><br \/>\n<a href=\"https:\/\/www.terravision.eu\/revenue_manager_assistant.html\" title=\"Terravision | Assistant Revenue Manager\" target=\"_blank\">Assistant Revenue Manager &#8211; j\u0119zyk hiszpa\u0144ski<\/a>\n<\/div>\n<\/div>\n","protected":false},"excerpt":{"rendered":"<p>Pracuj z nami Grupa Terravision nieustannie poszukuje os\u00f3b pe\u0142nych pasji i talentu, kt\u00f3re mog\u0142yby sta\u0107 si\u0119 cz\u0119\u015bci\u0105 naszego zespo\u0142u Co oferujemy? \u2013 Dynamiczne \u015brodowisko \u2013 Mi\u0119dzynarodowy zesp\u00f3\u0142 \u2013 Szeroki wachlarz stanowisk w obszarze administracji, marketingu, sprzeda\u017cy, reklamy, HR oraz miejsca dla asystent\u00f3w sprzeda\u017cy na lotniskach oraz kierowc\u00f3w. Jakich os\u00f3b poszukujemy? \u2013 Przedsi\u0119biorczych \u2013 Pe\u0142nych entuzjazmu [&hellip;]<\/p>\n","protected":false},"author":1,"featured_media":0,"parent":0,"menu_order":0,"comment_status":"open","ping_status":"open","template":"page-full.php","meta":{"footnotes":""},"class_list":["post-406","page","type-page","status-publish","hentry"],"yoast_head":"<!-- This site is optimized with the Yoast SEO Premium plugin v24.4 (Yoast SEO v24.4) - https:\/\/yoast.com\/wordpress\/plugins\/seo\/ -->\n<title>Kariera | Grupa Terravision | Terravision<\/title>\n<meta name=\"robots\" content=\"index, follow, max-snippet:-1, max-image-preview:large, max-video-preview:-1\" \/>\n<link rel=\"canonical\" href=\"https:\/\/www.terravision.eu\/pl\/careers.html\" \/>\n<meta property=\"og:locale\" content=\"pl_PL\" \/>\n<meta property=\"og:type\" content=\"article\" \/>\n<meta property=\"og:title\" content=\"Kariera | Grupa Terravision\" \/>\n<meta property=\"og:description\" content=\"Pracuj z nami Grupa Terravision nieustannie poszukuje os\u00f3b pe\u0142nych pasji i talentu, kt\u00f3re mog\u0142yby sta\u0107 si\u0119 cz\u0119\u015bci\u0105 naszego zespo\u0142u Co oferujemy? \u2013 Dynamiczne \u015brodowisko \u2013 Mi\u0119dzynarodowy zesp\u00f3\u0142 \u2013 Szeroki wachlarz stanowisk w obszarze administracji, marketingu, sprzeda\u017cy, reklamy, HR oraz miejsca dla asystent\u00f3w sprzeda\u017cy na lotniskach oraz kierowc\u00f3w. Jakich os\u00f3b poszukujemy? \u2013 Przedsi\u0119biorczych \u2013 Pe\u0142nych entuzjazmu [&hellip;]\" \/>\n<meta property=\"og:url\" content=\"https:\/\/www.terravision.eu\/pl\/careers.html\" \/>\n<meta property=\"og:site_name\" content=\"Terravision Polska\" \/>\n<meta name=\"twitter:label1\" content=\"Szacowany czas czytania\" \/>\n\t<meta name=\"twitter:data1\" content=\"1 minute\" \/>\n<script type=\"application\/ld+json\" class=\"yoast-schema-graph\">{\"@context\":\"https:\/\/schema.org\",\"@graph\":[{\"@type\":\"WebPage\",\"@id\":\"https:\/\/www.terravision.eu\/pl\/careers.html\",\"url\":\"https:\/\/www.terravision.eu\/pl\/careers.html\",\"name\":\"Kariera | Grupa Terravision | Terravision\",\"isPartOf\":{\"@id\":\"https:\/\/www.terravision.eu\/pl\/#website\"},\"datePublished\":\"2012-08-28T13:09:08+00:00\",\"breadcrumb\":{\"@id\":\"https:\/\/www.terravision.eu\/pl\/careers.html#breadcrumb\"},\"inLanguage\":\"pl-PL\",\"potentialAction\":[{\"@type\":\"ReadAction\",\"target\":[\"https:\/\/www.terravision.eu\/pl\/careers.html\"]}]},{\"@type\":\"BreadcrumbList\",\"@id\":\"https:\/\/www.terravision.eu\/pl\/careers.html#breadcrumb\",\"itemListElement\":[{\"@type\":\"ListItem\",\"position\":1,\"name\":\"Home\",\"item\":\"https:\/\/www.terravision.eu\/pl\/\"},{\"@type\":\"ListItem\",\"position\":2,\"name\":\"Kariera | Grupa Terravision\"}]},{\"@type\":\"WebSite\",\"@id\":\"https:\/\/www.terravision.eu\/pl\/#website\",\"url\":\"https:\/\/www.terravision.eu\/pl\/\",\"name\":\"Terravision Polska\",\"description\":\"Tanie po\u0142\u0105czenia z\/do g\u0142\u00f3wnych lotnisk w Europie\",\"potentialAction\":[{\"@type\":\"SearchAction\",\"target\":{\"@type\":\"EntryPoint\",\"urlTemplate\":\"https:\/\/www.terravision.eu\/pl\/?s={search_term_string}\"},\"query-input\":{\"@type\":\"PropertyValueSpecification\",\"valueRequired\":true,\"valueName\":\"search_term_string\"}}],\"inLanguage\":\"pl-PL\"}]}<\/script>\n<!-- \/ Yoast SEO Premium plugin. -->","yoast_head_json":{"title":"Kariera | Grupa Terravision | Terravision","robots":{"index":"index","follow":"follow","max-snippet":"max-snippet:-1","max-image-preview":"max-image-preview:large","max-video-preview":"max-video-preview:-1"},"canonical":"https:\/\/www.terravision.eu\/pl\/careers.html","og_locale":"pl_PL","og_type":"article","og_title":"Kariera | Grupa Terravision","og_description":"Pracuj z nami Grupa Terravision nieustannie poszukuje os\u00f3b pe\u0142nych pasji i talentu, kt\u00f3re mog\u0142yby sta\u0107 si\u0119 cz\u0119\u015bci\u0105 naszego zespo\u0142u Co oferujemy? \u2013 Dynamiczne \u015brodowisko \u2013 Mi\u0119dzynarodowy zesp\u00f3\u0142 \u2013 Szeroki wachlarz stanowisk w obszarze administracji, marketingu, sprzeda\u017cy, reklamy, HR oraz miejsca dla asystent\u00f3w sprzeda\u017cy na lotniskach oraz kierowc\u00f3w. Jakich os\u00f3b poszukujemy? \u2013 Przedsi\u0119biorczych \u2013 Pe\u0142nych entuzjazmu [&hellip;]","og_url":"https:\/\/www.terravision.eu\/pl\/careers.html","og_site_name":"Terravision Polska","twitter_misc":{"Szacowany czas czytania":"1 minute"},"schema":{"@context":"https:\/\/schema.org","@graph":[{"@type":"WebPage","@id":"https:\/\/www.terravision.eu\/pl\/careers.html","url":"https:\/\/www.terravision.eu\/pl\/careers.html","name":"Kariera | Grupa Terravision | Terravision","isPartOf":{"@id":"https:\/\/www.terravision.eu\/pl\/#website"},"datePublished":"2012-08-28T13:09:08+00:00","breadcrumb":{"@id":"https:\/\/www.terravision.eu\/pl\/careers.html#breadcrumb"},"inLanguage":"pl-PL","potentialAction":[{"@type":"ReadAction","target":["https:\/\/www.terravision.eu\/pl\/careers.html"]}]},{"@type":"BreadcrumbList","@id":"https:\/\/www.terravision.eu\/pl\/careers.html#breadcrumb","itemListElement":[{"@type":"ListItem","position":1,"name":"Home","item":"https:\/\/www.terravision.eu\/pl\/"},{"@type":"ListItem","position":2,"name":"Kariera | Grupa Terravision"}]},{"@type":"WebSite","@id":"https:\/\/www.terravision.eu\/pl\/#website","url":"https:\/\/www.terravision.eu\/pl\/","name":"Terravision Polska","description":"Tanie po\u0142\u0105czenia z\/do g\u0142\u00f3wnych lotnisk w Europie","potentialAction":[{"@type":"SearchAction","target":{"@type":"EntryPoint","urlTemplate":"https:\/\/www.terravision.eu\/pl\/?s={search_term_string}"},"query-input":{"@type":"PropertyValueSpecification","valueRequired":true,"valueName":"search_term_string"}}],"inLanguage":"pl-PL"}]}},"_links":{"self":[{"href":"https:\/\/www.terravision.eu\/pl\/wp-json\/wp\/v2\/pages\/406","targetHints":{"allow":["GET"]}}],"collection":[{"href":"https:\/\/www.terravision.eu\/pl\/wp-json\/wp\/v2\/pages"}],"about":[{"href":"https:\/\/www.terravision.eu\/pl\/wp-json\/wp\/v2\/types\/page"}],"author":[{"embeddable":true,"href":"https:\/\/www.terravision.eu\/pl\/wp-json\/wp\/v2\/users\/1"}],"replies":[{"embeddable":true,"href":"https:\/\/www.terravision.eu\/pl\/wp-json\/wp\/v2\/comments?post=406"}],"version-history":[{"count":0,"href":"https:\/\/www.terravision.eu\/pl\/wp-json\/wp\/v2\/pages\/406\/revisions"}],"wp:attachment":[{"href":"https:\/\/www.terravision.eu\/pl\/wp-json\/wp\/v2\/media?parent=406"}],"curies":[{"name":"wp","href":"https:\/\/api.w.org\/{rel}","templated":true}]}}