{"id":408,"date":"2012-08-28T13:58:16","date_gmt":"2012-08-28T13:58:16","guid":{"rendered":"https:\/\/www.terravision.eu\/?page_id=6001"},"modified":"2024-04-19T08:38:21","modified_gmt":"2024-04-19T08:38:21","slug":"privacy-policy","status":"publish","type":"page","link":"https:\/\/www.terravision.eu\/pl\/privacy-policy.html","title":{"rendered":"Polityka prywatno\u015bci"},"content":{"rendered":"<p>Znajduj\u0105 si\u0119 tu informacje na temat przetwarzania danych, cel\u00f3w i metod tego procesu, a tak\u017ce informacje dotycz\u0105ce komunikacji i udost\u0119pniania danych przekazanych Terravision (zwanej r\u00f3wnie\u017c dalej &#8220;Firm\u0105&#8221;) przez u\u017cytkownik\u00f3w podczas odwiedzin witryny www.terravision.eu (zwane r\u00f3wnie\u017c dalej &#8220;Witryn\u0105&#8221;).<br \/>\nCel i d\u0142ugo\u015b\u0107 przetwarzania danych s\u0105 \u015bci\u015ble zwi\u0105zane z odwiedzinami u\u017cytkownika w Witrynie.<br \/>\nFirma mo\u017ce wykorzystywa\u0107 dane, kt\u00f3re poda\u0142 u\u017cytkownik, we wszystkich celach zwi\u0105zanych z odwiedzinami w Witrynie, w tym w celu zapewnienia, \u017ce uzyska on dost\u0119p do wszystkich us\u0142ug oferowanych przez Witryn\u0119. Firma zastrzega sobie prawo do korzystania z tych danych r\u00f3wnie\u017c we wszystkich innych celach prawnych zwi\u0105zanych z jej dzia\u0142alno\u015bci\u0105.<\/p>\n<p>W razie potrzeby Terravision ma prawo do zmiany Polityki prywatno\u015bci w wyniku inicjatyw bran\u017cowych lub zmian prawnych, IIP lub metod gromadzenia odpowiednich danych i korzystania z nich, zmian us\u0142ug lub technologii.<br \/>\nR\u00f3\u017cnice te wchodz\u0105 w \u017cycie w momencie ich publikacji przez Firm\u0119 w Witrynie.<br \/>\nDalsze korzystanie z us\u0142ug oferowanych przez Terravision po opublikowaniu zaktualizowanej wersji Polityki prywatno\u015bci oznacza, \u017ce u\u017cytkownik wyra\u017ca milcz\u0105c\u0105 zgod\u0119 na Polityk\u0119 Prywatno\u015bci wraz ze zmianami. Dlatego istotne jest, aby u\u017cytkownik okresowo zapoznawa\u0142 si\u0119 z Polityk\u0105 prywatno\u015bci, dzi\u0119ki czemu b\u0119dzie posiada\u0142 aktualne informacje dotycz\u0105ce wszelkich zmian. Je\u017celi Terravision zasadniczo zmieni IIP i metody gromadzenia odpowiednich danych i korzystania z nich, IIP i zarz\u0105dzanie odpowiednimi danymi u\u017cytkownika b\u0119dzie nadal podlega\u0107 Polityce prywatno\u015bci, na mocy kt\u00f3rej zosta\u0142y zebrane, pod warunkiem, \u017ce u\u017cytkownik zosta\u0142 poinformowany i nie b\u0119dzie sprzeciwia\u0142 si\u0119 tej zmianie.<\/p>\n<p>Firma ma prawo w szczeg\u00f3lno\u015bci do:<br \/>\na) przetwarzania danych przewidzianych do przeprowadzania analiz, bada\u0144 rynkowych i statystyk zwi\u0105zanych z badaniem poziomu zadowolenia u\u017cytkownik\u00f3w i ich preferencji dotycz\u0105cych us\u0142ug Firmy;<br \/>\nb) przetwarzania danych, kt\u00f3re poda\u0142 u\u017cytkownik oraz informacji zwi\u0105zanych z nawigacj\u0105 w Witrynie w celu zidentyfikowania profili komercyjnych i korzystania z nich w celach marketingowych, reklamowych, promocyjnych i sprzeda\u017cowych; z tego powodu firma mo\u017ce u\u017cywa\u0107 tzw. \u201eciasteczek\u201d (cookies), czyli plik\u00f3w zapisywanych przez komputer w celu monitorowania nawigacji w Witrynie;<br \/>\nc) informowania o nowych funkcjach serwisu i &#8211; bardziej og\u00f3lnie &#8211; o inicjatywach Firmy.<br \/>\nWszystkie dane mog\u0105 by\u0107 r\u00f3wnie\u017c ujawnione do cel\u00f3w przetwarzania, zgodnie z powy\u017cszymi informacjami, a tak\u017ce w granicach opisanych powy\u017cej, stronom trzecim, publicznym lub prywatnym, takim jak firmy, kt\u00f3re prowadz\u0105 badania rynkowe i statystyczne, firmom marketingowym, reklamowym, oferuj\u0105cym us\u0142ugi promocji i sprzeda\u017cy.<br \/>\nDostarczanie danych i zgoda na przetwarzanie, komunikacj\u0119 i ich ujawnienie w wy\u017cej wymienionych celach jest obowi\u0105zkowe w ramach uczestnictwa w projekcie. Odmowa dostarczenia wymaganych danych lub zgody na przetwarzanie, komunikacj\u0119 i ujawnienie oznacza odmow\u0119 uczestnictwa w projekcie i brak mo\u017cliwo\u015bci uko\u0144czenia dzia\u0142a\u0144 zwi\u0105zanych z projektem.<br \/>\nDane osobowe u\u017cytkownik\u00f3w b\u0119d\u0105 przetwarzane komputerowo, zar\u00f3wno w trybie online, jak i offline, przez specjalnie przydzielone przez Firm\u0119 osoby, takie jak pracownicy Firmy, wsp\u00f3\u0142pracownicy i konsultanci.<br \/>\nWitryna mo\u017ce zawiera\u0107 odno\u015bniki, kt\u00f3re mog\u0105 przenie\u015b\u0107 u\u017cytkownika do innych witryn. Witryny, do kt\u00f3rych odno\u015bniki znajduj\u0105 si\u0119 na witrynie www.terravision.eu nie s\u0105 pod kontrol\u0105 Firmy i mog\u0105 posiada\u0107 inne Polityki prywatno\u015bci ni\u017c opisana tutaj. W zwi\u0105zku z tym Firma nie mo\u017ce by\u0107 poci\u0105gni\u0119ta do odpowiedzialno\u015bci za jakiekolwiek naruszenie prywatno\u015bci na witrynach innych ni\u017c www.terravision.eu.<br \/>\nPonadto Firma nie mo\u017ce by\u0107 w \u017caden spos\u00f3b poci\u0105gni\u0119ta do odpowiedzialno\u015bci za bezpo\u015brednie przekazywanie danych osobistych lub poufnych lub informacji o innym charakterze w cz\u0119\u015bci Witryny po\u015bwi\u0119conej Forum.<br \/>\nFirma zastrzega sobie prawo do ujawnienia danych podanych przez u\u017cytkownika wszelkim stronom trzecim b\u0119d\u0105cym nabywcami firmy lub jej oddzia\u0142\u00f3w.<br \/>\nMo\u017cna domaga\u0107 si\u0119 swoich praw, takich jak dost\u0119p i otrzymywanie informacji co do \u017ar\u00f3d\u0142a danych osobowych, na temat cel\u00f3w i metod przetwarzania, na temat logiki stosowanej w przypadku u\u017cytkowania narz\u0119dzi elektronicznych do przetwarzania danych, na temat danych identyfikacyjnych dotycz\u0105cych kontrolera danych i os\u00f3b lub kategorii os\u00f3b, do kt\u00f3rych te dane osobowe mog\u0105 by\u0107 przekazywane i kt\u00f3re mog\u0105 zapozna\u0107 si\u0119 z tymi danymi; w kwestii aktualizacji, sprostowania, integracji, anulowania, transformacji i blokowania nielegalnie przetworzonych danych &#8211; w tym celu nale\u017cy skontaktowa\u0107 si\u0119 z administratorem danych pod poni\u017cszym adresem:<br \/>\nAdministratorem danych jest Terravision London Finance. Z firm\u0105 skontaktowa\u0107 si\u0119 mo\u017cna za po\u015brednictwem poczty e-mail pod adresem: <a href=\"mailto:dpo@terravision.eu\">dpo@terravision.eu<\/a> \u2013 siedziba:<br \/>\nTerravision London Finance Ltd.<br \/>\n260-270 Butterfield, Great Marlings, Luton LU2 8DL<\/p>\n<p>Niniejsza Polityka prywatno\u015bci mo\u017ce ulec zmianie. Wszelkie zmiany b\u0119d\u0105 publikowane na tej stronie.<\/p>\n<p><strong>COOKIE POLICY<\/strong><br \/>\nAt Terravision, we want to ensure that your visit to our Web site is smooth, reliable and as useful to you as possible. To help us do this, we use cookies and similar technologies (together referred to as \u201ccookies\u201d in this policy).<br \/>\nWe notify you about our use of cookies when you first visit our Web site, through a notification banner at the bottom of the page. By continuing to use the site, you consent to our use of cookies. However, you can change your cookie settings. Further information about managing your cookie settings is provided below.<\/p>\n<p>What are cookies?<\/p>\n<p>Cookies are small text files that are automatically placed on your computer or mobile device when you visit almost any Web site. They are stored by your Internet browser. Cookies contain basic information about your Internet use, but they do not normally identify you personally. Your browser sends these cookies back to the site every time you revisit it, so it can recognise your computer or mobile device and personalize and improve your site experience.<br \/>\nFor instance, we use cookies on our Web site to remember your login details, so you don\u2019t have to re-enter them repeatedly during your visit to the site. Other cookies help us to understand what did and didn\u2019t interest you about our site, so we can provide you with features that are more relevant and useful to you next time you visit. We also use cookies to analyse how visitors use the site.<br \/>\nWe work with third party advertisers to give you access to interesting and exciting travel content through our Web site. So, as well as setting some cookies ourselves \u2013 \u201cfirst party cookies\u201d, we also allow some advertisers who display advertisements on our site to set cookies, known as \u201cthird party cookies\u201d. These cookies record information about your use of advertisements. This helps advertisers to show you advertisements that are more likely to interest you, limit the number of times you may see an advertisement and also to help to improve your online experience.<br \/>\nPlease note that our use of any information we collect about you through your use of cookies is subject to our Privacy Policy, which is linked to from the bottom of every page.<\/p>\n<p>What types of cookies do we use?<\/p>\n<p>The cookies we use fall into 3 categories. These categories are described below.<br \/>\nEssential cookies<br \/>\nThese cookies are necessary to help you access and move around our site and use all its features. Without these cookies, our website would not work properly and you would not be able to use certain important features. For example, we use a cookie to keep you logged in during your visit, so the site does not require you to log in repeatedly to access different pages. We also use essential cookies for fraud detection and prevention purposes.<br \/>\nAnalytics and customisation cookies<br \/>\nAt Terravision, we want to make your experience on our website as helpful, smooth and as enjoyable as possible. We use cookies to help us understand how our website is being used and how we can improve your experience on it. This type of so-called \u201canalytics\u201d cookies can provide us with anonymous information to help us understand which parts of our Web site interest our visitors and if they experience any errors. We use these cookies to test different designs and features for our sites and we also use them to help us monitor how our visitors reach our sites.<br \/>\nWe also use cookies to save your settings and preferences on our Web site, such as language preference and information you\u2019ve previously entered when searching for travel options. Some customisation cookies are essential if you want to use certain features of the site.<br \/>\nAdvertising cookies<br \/>\nAdvertising cookies help ensure that the advertisements you see on our Web site are as relevant to you as possible. For example, some advertising cookies help select advertisements that are based on your interests. Others help prevent the same advertisement from continuously reappearing for you.<br \/>\nWe also want to make it as easy as possible for you to share content from Terravision with your friends through your favourite social networks. Social networking sites, such as Facebook, may set cookies that recognise you when you view content on our Web site and allow you to share content across both sites via the use of sharing settings. For further details, please see your social networking site\u2019s terms of use and privacy policy.<\/p>\n<p>Managing cookies<\/p>\n<p>What happens if I don\u2019t allow cookies?<\/p>\n<p>If cookies aren\u2019t enabled on your computer, tablet or mobile (\u201cdevice\u201d), your experience on the website may be limited (for instance, you may not be able to browse fully and freely or add products to your basket and purchase them).<\/p>\n<p>How do I disable\/enable cookies?<\/p>\n<p>In order to disable\/enable cookies from your device, you will need to do this via your Internet browser. We have explained how you may manage cookies on your computer via some of the main Internet browsers below. For information on how to manage cookies your tablet and\/or mobile, please consult your documentation or online help files.<\/p>\n<p>Google Chrome<br \/>\n\u2013 In the settings menu, select \u2018Show advanced settings\u2019 at the bottom of the page<br \/>\n\u2013 Select the \u2018Content settings\u2019 button in the privacy section<br \/>\n\u2013 The top section of the page that then appears tells you about cookies and allows you to set the cookies you want. It also allows you to clear any cookies currently stored.<\/p>\n<p>Mozilla Firefox<br \/>\n\u2013 In the tools menu, select \u2018Options\u2019<br \/>\n\u2013 Select the privacy tab in the options box<br \/>\n\u2013 From the dropdown choose, \u2018Use custom settings for history\u2019. This will bring up the options for cookies and you can choose to enable or disable them by clicking the tickbox.<\/p>\n<p>Internet Explorer 6+<br \/>\n\u2013 In the tools menu, select \u2018Internet options\u2019<br \/>\n\u2013 Click the privacy tab<br \/>\n\u2013 You will see a privacy settings slider which has six settings that allow you to control the number of cookies that will be placed: Block All Cookies, High, Medium High, Medium (default level), Low, and Accept All Cookies.<\/p>\n<p>Safari browser<br \/>\n\u2013 In the settings menu, select the \u2018Preferences\u2019 option<br \/>\n\u2013 Open the privacy tab<br \/>\n\u2013 Select the option you want from the \u2018Block cookies\u2019 section<\/p>\n<p>All other browsers<br \/>\nFor information on how to manage cookies via other browsers, please consult your documentation or online help files.<\/p>\n<p>How do I disable\/enable third party cookies?<br \/>\nThird party cookies are not placed by us. We would therefore suggest that you look at those third parties\u2019 websites for information about the cookies they place and how you can manage them.<\/p>\n","protected":false},"excerpt":{"rendered":"<p>Znajduj\u0105 si\u0119 tu informacje na temat przetwarzania danych, cel\u00f3w i metod tego procesu, a tak\u017ce informacje dotycz\u0105ce komunikacji i udost\u0119pniania danych przekazanych Terravision (zwanej r\u00f3wnie\u017c dalej &#8220;Firm\u0105&#8221;) przez u\u017cytkownik\u00f3w podczas odwiedzin witryny www.terravision.eu (zwane r\u00f3wnie\u017c dalej &#8220;Witryn\u0105&#8221;). Cel i d\u0142ugo\u015b\u0107 przetwarzania danych s\u0105 \u015bci\u015ble zwi\u0105zane z odwiedzinami u\u017cytkownika w Witrynie. Firma mo\u017ce wykorzystywa\u0107 dane, kt\u00f3re [&hellip;]<\/p>\n","protected":false},"author":1,"featured_media":0,"parent":0,"menu_order":0,"comment_status":"open","ping_status":"open","template":"","meta":{"footnotes":""},"class_list":["post-408","page","type-page","status-publish","hentry"],"yoast_head":"<!-- This site is optimized with the Yoast SEO Premium plugin v24.4 (Yoast SEO v24.4) - https:\/\/yoast.com\/wordpress\/plugins\/seo\/ -->\n<title>Polityka prywatno?ci | Terravision<\/title>\n<meta name=\"robots\" content=\"index, follow, max-snippet:-1, max-image-preview:large, max-video-preview:-1\" \/>\n<link rel=\"canonical\" href=\"https:\/\/www.terravision.eu\/pl\/privacy-policy.html\" \/>\n<meta property=\"og:locale\" content=\"pl_PL\" \/>\n<meta property=\"og:type\" content=\"article\" \/>\n<meta property=\"og:title\" content=\"Polityka prywatno\u015bci\" \/>\n<meta property=\"og:description\" content=\"Znajduj\u0105 si\u0119 tu informacje na temat przetwarzania danych, cel\u00f3w i metod tego procesu, a tak\u017ce informacje dotycz\u0105ce komunikacji i udost\u0119pniania danych przekazanych Terravision (zwanej r\u00f3wnie\u017c dalej &#8220;Firm\u0105&#8221;) przez u\u017cytkownik\u00f3w podczas odwiedzin witryny www.terravision.eu (zwane r\u00f3wnie\u017c dalej &#8220;Witryn\u0105&#8221;). Cel i d\u0142ugo\u015b\u0107 przetwarzania danych s\u0105 \u015bci\u015ble zwi\u0105zane z odwiedzinami u\u017cytkownika w Witrynie. Firma mo\u017ce wykorzystywa\u0107 dane, kt\u00f3re [&hellip;]\" \/>\n<meta property=\"og:url\" content=\"https:\/\/www.terravision.eu\/pl\/privacy-policy.html\" \/>\n<meta property=\"og:site_name\" content=\"Terravision Polska\" \/>\n<meta property=\"article:modified_time\" content=\"2024-04-19T08:38:21+00:00\" \/>\n<meta name=\"twitter:label1\" content=\"Szacowany czas czytania\" \/>\n\t<meta name=\"twitter:data1\" content=\"10 minutes\" \/>\n<script type=\"application\/ld+json\" class=\"yoast-schema-graph\">{\"@context\":\"https:\/\/schema.org\",\"@graph\":[{\"@type\":\"WebPage\",\"@id\":\"https:\/\/www.terravision.eu\/pl\/privacy-policy.html\",\"url\":\"https:\/\/www.terravision.eu\/pl\/privacy-policy.html\",\"name\":\"Polityka prywatno?ci | Terravision\",\"isPartOf\":{\"@id\":\"https:\/\/www.terravision.eu\/pl\/#website\"},\"datePublished\":\"2012-08-28T13:58:16+00:00\",\"dateModified\":\"2024-04-19T08:38:21+00:00\",\"breadcrumb\":{\"@id\":\"https:\/\/www.terravision.eu\/pl\/privacy-policy.html#breadcrumb\"},\"inLanguage\":\"pl-PL\",\"potentialAction\":[{\"@type\":\"ReadAction\",\"target\":[\"https:\/\/www.terravision.eu\/pl\/privacy-policy.html\"]}]},{\"@type\":\"BreadcrumbList\",\"@id\":\"https:\/\/www.terravision.eu\/pl\/privacy-policy.html#breadcrumb\",\"itemListElement\":[{\"@type\":\"ListItem\",\"position\":1,\"name\":\"Home\",\"item\":\"https:\/\/www.terravision.eu\/pl\/\"},{\"@type\":\"ListItem\",\"position\":2,\"name\":\"Polityka prywatno\u015bci\"}]},{\"@type\":\"WebSite\",\"@id\":\"https:\/\/www.terravision.eu\/pl\/#website\",\"url\":\"https:\/\/www.terravision.eu\/pl\/\",\"name\":\"Terravision Polska\",\"description\":\"Tanie po\u0142\u0105czenia z\/do g\u0142\u00f3wnych lotnisk w Europie\",\"potentialAction\":[{\"@type\":\"SearchAction\",\"target\":{\"@type\":\"EntryPoint\",\"urlTemplate\":\"https:\/\/www.terravision.eu\/pl\/?s={search_term_string}\"},\"query-input\":{\"@type\":\"PropertyValueSpecification\",\"valueRequired\":true,\"valueName\":\"search_term_string\"}}],\"inLanguage\":\"pl-PL\"}]}<\/script>\n<!-- \/ Yoast SEO Premium plugin. -->","yoast_head_json":{"title":"Polityka prywatno?ci | Terravision","robots":{"index":"index","follow":"follow","max-snippet":"max-snippet:-1","max-image-preview":"max-image-preview:large","max-video-preview":"max-video-preview:-1"},"canonical":"https:\/\/www.terravision.eu\/pl\/privacy-policy.html","og_locale":"pl_PL","og_type":"article","og_title":"Polityka prywatno\u015bci","og_description":"Znajduj\u0105 si\u0119 tu informacje na temat przetwarzania danych, cel\u00f3w i metod tego procesu, a tak\u017ce informacje dotycz\u0105ce komunikacji i udost\u0119pniania danych przekazanych Terravision (zwanej r\u00f3wnie\u017c dalej &#8220;Firm\u0105&#8221;) przez u\u017cytkownik\u00f3w podczas odwiedzin witryny www.terravision.eu (zwane r\u00f3wnie\u017c dalej &#8220;Witryn\u0105&#8221;). Cel i d\u0142ugo\u015b\u0107 przetwarzania danych s\u0105 \u015bci\u015ble zwi\u0105zane z odwiedzinami u\u017cytkownika w Witrynie. Firma mo\u017ce wykorzystywa\u0107 dane, kt\u00f3re [&hellip;]","og_url":"https:\/\/www.terravision.eu\/pl\/privacy-policy.html","og_site_name":"Terravision Polska","article_modified_time":"2024-04-19T08:38:21+00:00","twitter_misc":{"Szacowany czas czytania":"10 minutes"},"schema":{"@context":"https:\/\/schema.org","@graph":[{"@type":"WebPage","@id":"https:\/\/www.terravision.eu\/pl\/privacy-policy.html","url":"https:\/\/www.terravision.eu\/pl\/privacy-policy.html","name":"Polityka prywatno?ci | Terravision","isPartOf":{"@id":"https:\/\/www.terravision.eu\/pl\/#website"},"datePublished":"2012-08-28T13:58:16+00:00","dateModified":"2024-04-19T08:38:21+00:00","breadcrumb":{"@id":"https:\/\/www.terravision.eu\/pl\/privacy-policy.html#breadcrumb"},"inLanguage":"pl-PL","potentialAction":[{"@type":"ReadAction","target":["https:\/\/www.terravision.eu\/pl\/privacy-policy.html"]}]},{"@type":"BreadcrumbList","@id":"https:\/\/www.terravision.eu\/pl\/privacy-policy.html#breadcrumb","itemListElement":[{"@type":"ListItem","position":1,"name":"Home","item":"https:\/\/www.terravision.eu\/pl\/"},{"@type":"ListItem","position":2,"name":"Polityka prywatno\u015bci"}]},{"@type":"WebSite","@id":"https:\/\/www.terravision.eu\/pl\/#website","url":"https:\/\/www.terravision.eu\/pl\/","name":"Terravision Polska","description":"Tanie po\u0142\u0105czenia z\/do g\u0142\u00f3wnych lotnisk w Europie","potentialAction":[{"@type":"SearchAction","target":{"@type":"EntryPoint","urlTemplate":"https:\/\/www.terravision.eu\/pl\/?s={search_term_string}"},"query-input":{"@type":"PropertyValueSpecification","valueRequired":true,"valueName":"search_term_string"}}],"inLanguage":"pl-PL"}]}},"_links":{"self":[{"href":"https:\/\/www.terravision.eu\/pl\/wp-json\/wp\/v2\/pages\/408","targetHints":{"allow":["GET"]}}],"collection":[{"href":"https:\/\/www.terravision.eu\/pl\/wp-json\/wp\/v2\/pages"}],"about":[{"href":"https:\/\/www.terravision.eu\/pl\/wp-json\/wp\/v2\/types\/page"}],"author":[{"embeddable":true,"href":"https:\/\/www.terravision.eu\/pl\/wp-json\/wp\/v2\/users\/1"}],"replies":[{"embeddable":true,"href":"https:\/\/www.terravision.eu\/pl\/wp-json\/wp\/v2\/comments?post=408"}],"version-history":[{"count":4,"href":"https:\/\/www.terravision.eu\/pl\/wp-json\/wp\/v2\/pages\/408\/revisions"}],"predecessor-version":[{"id":16920,"href":"https:\/\/www.terravision.eu\/pl\/wp-json\/wp\/v2\/pages\/408\/revisions\/16920"}],"wp:attachment":[{"href":"https:\/\/www.terravision.eu\/pl\/wp-json\/wp\/v2\/media?parent=408"}],"curies":[{"name":"wp","href":"https:\/\/api.w.org\/{rel}","templated":true}]}}