{"id":413,"date":"2012-09-11T14:34:01","date_gmt":"2012-09-11T14:34:01","guid":{"rendered":"https:\/\/www.terravision.eu\/?page_id=7291"},"modified":"2012-09-11T14:34:01","modified_gmt":"2012-09-11T14:34:01","slug":"rome-bus-and-boat","status":"publish","type":"page","link":"https:\/\/www.terravision.eu\/pl\/rome-bus-and-boat.html","title":{"rendered":"Rzym Zwiedzanie autobusem i statkiem"},"content":{"rendered":"<div class=\"title-right\"><span class=\"price\">35<\/span><span class=\"valuta\">\u20ac<\/span><\/div>\n<div class=\"title\"><strong> CZASOWO ZAWIESZONA<\/strong><\/div>\n<p>Zwied\u017a ca\u0142e miasto otwartym autobusem i statkiem wycieczkowym w tej ofercie Rome Open Tour!<\/p>\n<div class=\"collapse tour-info collapsed\">\n<h2 class=\"title\">Informacje o wycieczce:<\/h2>\n<p><strong>Wycieczka odbywa si\u0119 w dni<\/strong>: codziennie (od 1 kwietnia do 1 pa\u017adziernika)<br \/>\n<strong>Cz\u0119stotliwo\u015b\u0107<\/strong>: co 30 minut<br \/>\n<strong>Liczba przystank\u00f3w autobusowych<\/strong>: 11<br \/>\n<strong> 2 przystanki statku<\/strong>: wzd\u0142u\u017c Tybru<br \/>\n<strong>Wa\u017cno\u015b\u0107 bilet\u00f3w<\/strong>: 48 godzin (licz\u0105c od daty skasowania)<br \/>\n<strong>Audioprzewodnik<\/strong>: wliczony w cen\u0119<br \/>\n<strong>Wycieczka dost\u0119pna w j\u0119zykach<\/strong>: <\/p>\n<ul class=\"flags\">\n<li class=\"gb\"><\/li>\n<li class=\"es\"><\/li>\n<li class=\"de\"><\/li>\n<li class=\"it\"><\/li>\n<li class=\"fr\"><\/li>\n<\/ul>\n<p><strong>Cena zawiera<\/strong>: Audioprzewodnik, map\u0119 najwi\u0119kszych atrakcji Rzymu, kupony rabatowe do muzeum, bar\u00f3w i restauracji w Rzymie<br \/>\n<a href=\"https:\/\/maps.google.com\/maps\/ms?msid=211366733211262669781.0004dbce41b10ab6e1e34&amp;msa=0\" title=\"Rome Open Tour\" target=\"_blank\">Zobacz g\u0142\u00f3wne punkty programu na mapie<\/a><\/p>\n<\/div>\n<div class=\"collapse tour-info\">\n<h2 class=\"title\">Prices<\/h2>\n<p><strong><em>48 hours validity<\/em>:<\/strong><br \/>\nOsoby doros\u0142e:  35 \u20ac<br \/>\nDzieci (6 &#8211; 12 lat): 20 \u20ac<br \/>\nDzieci (0 &#8211; 6 lat): gratis<br \/>\nPrzy rezerwacji miejsca dla dziecka poni\u017cej 6 lat nale\u017cy wybra\u0107 opcj\u0119 \u201einfant\u201d.<\/br><\/p>\n<\/div>\n<div class=\"collapse tour-info\">\n<h2 class=\"title\">Jak rezerwowa\u0107 bilety i jak z nich korzysta\u0107:<\/h2>\n<p><strong>1<\/strong>-Zarezerwuj zwiedzanie miasta z Terravision. <\/p>\n<p><strong>2<\/strong>-Wydrukuj voucher<\/p>\n<p><strong>3<\/strong>-Wymie\u0144 voucher w nast\u0119puj\u0105cym miejscu: <\/p>\n<ul>\n<li>&#8211; Wymie\u0144 voucher w Terracaf\u00e9, Temini Station Via Marsala 29, peron 1.<\/li>\n<\/ul>\n<p><strong>4<\/strong>-Zapraszamy na wycieczk\u0119!\n<\/div>\n<div class=\"collapse tour-info\">\n<h2 class=\"title\">Gdzie wymieni\u0107 vouchery?<\/h2>\n<p>Miejsce: Terracaf\u00e9 Temini Station Via Marsala 29 peron 1 <\/p><\/div>\n<div class=\"collapse tour-info\">\n<h2 class=\"title\">Informacje kontaktowe<\/h2>\n<p><strong>We wsp\u00f3\u0142pracy z Roma Open Bus<\/strong><br \/>\nVia della Tribuna di Tor de Spechhi 16 Roma<br \/>\nTelefon: +39 06 7745404<br \/>\nE-mail: info@theopentour.com<br \/>\nObs\u0142uga klienta: customercare@theopentour.com<\/p>\n<p><strong>Nr tel. kontaktowego &#8211; Terravision:<\/strong><br \/>\nOd poniedzia\u0142ku do soboty w godz. 9:00 &#8211; 18:00: +39 06 97 61 06 32<br \/>\nAby uzyska\u0107 wi\u0119cej informacji, do\u0142\u0105cz do nas na <a href=\"http:\/\/www.facebook.com\/terravision.eu\" title=\"Terravision on Facebook\" target=\"_blank\">Facebooku<\/a>, <a href=\"http:\/\/www.twitter.com\/terravision.eu\" title=\"Terravision on Twitter\" target=\"_blank\">Twitterze<\/a>, <a href=\"https:\/\/www.google.com\/+terravision\" title=\"Terravision on Google+\" target=\"_blank\">Google+<\/a> lub <a href=\"http:\/\/pinterest.com\/terravisiongp\/\" title=\"Terravision on Pinterest\" target=\"_blank\">Pinterest<\/a>!<\/div>\n<\/div>\n","protected":false},"excerpt":{"rendered":"<p>35\u20ac CZASOWO ZAWIESZONA Zwied\u017a ca\u0142e miasto otwartym autobusem i statkiem wycieczkowym w tej ofercie Rome Open Tour! Informacje o wycieczce: Wycieczka odbywa si\u0119 w dni: codziennie (od 1 kwietnia do 1 pa\u017adziernika) Cz\u0119stotliwo\u015b\u0107: co 30 minut Liczba przystank\u00f3w autobusowych: 11 2 przystanki statku: wzd\u0142u\u017c Tybru Wa\u017cno\u015b\u0107 bilet\u00f3w: 48 godzin (licz\u0105c od daty skasowania) Audioprzewodnik: wliczony [&hellip;]<\/p>\n","protected":false},"author":1,"featured_media":0,"parent":0,"menu_order":0,"comment_status":"open","ping_status":"open","template":"page-citytour.php","meta":{"footnotes":""},"class_list":["post-413","page","type-page","status-publish","hentry"],"yoast_head":"<!-- This site is optimized with the Yoast SEO Premium plugin v24.4 (Yoast SEO v24.4) - https:\/\/yoast.com\/wordpress\/plugins\/seo\/ -->\n<title>Rzym Zwiedzanie autobusem i statkiem | Terravision<\/title>\n<meta name=\"description\" content=\"Zwiedzanie Rzymu autobusem i statkiem - Wycieczka \u201eautobus + statek\u201d po Rzymie: 11 przystanki autobusowe, 2 przystanki rzeczne. Bilet jest wa\u017cny 24 godziny, audioprzewodnik wliczony w cen\u0119.\" \/>\n<meta name=\"robots\" content=\"index, follow, max-snippet:-1, max-image-preview:large, max-video-preview:-1\" \/>\n<link rel=\"canonical\" href=\"https:\/\/www.terravision.eu\/pl\/rome-bus-and-boat.html\" \/>\n<meta property=\"og:locale\" content=\"pl_PL\" \/>\n<meta property=\"og:type\" content=\"article\" \/>\n<meta property=\"og:title\" content=\"Rzym Zwiedzanie autobusem i statkiem\" \/>\n<meta property=\"og:description\" content=\"Zwiedzanie Rzymu autobusem i statkiem - Wycieczka \u201eautobus + statek\u201d po Rzymie: 11 przystanki autobusowe, 2 przystanki rzeczne. Bilet jest wa\u017cny 24 godziny, audioprzewodnik wliczony w cen\u0119.\" \/>\n<meta property=\"og:url\" content=\"https:\/\/www.terravision.eu\/pl\/rome-bus-and-boat.html\" \/>\n<meta property=\"og:site_name\" content=\"Terravision Polska\" \/>\n<meta name=\"twitter:label1\" content=\"Est. reading time\" \/>\n\t<meta name=\"twitter:data1\" content=\"1 minute\" \/>\n<script type=\"application\/ld+json\" class=\"yoast-schema-graph\">{\"@context\":\"https:\/\/schema.org\",\"@graph\":[{\"@type\":\"WebPage\",\"@id\":\"https:\/\/www.terravision.eu\/pl\/rome-bus-and-boat.html\",\"url\":\"https:\/\/www.terravision.eu\/pl\/rome-bus-and-boat.html\",\"name\":\"Rzym Zwiedzanie autobusem i statkiem | Terravision\",\"isPartOf\":{\"@id\":\"https:\/\/www.terravision.eu\/pl\/#website\"},\"datePublished\":\"2012-09-11T14:34:01+00:00\",\"description\":\"Zwiedzanie Rzymu autobusem i statkiem - Wycieczka \u201eautobus + statek\u201d po Rzymie: 11 przystanki autobusowe, 2 przystanki rzeczne. Bilet jest wa\u017cny 24 godziny, audioprzewodnik wliczony w cen\u0119.\",\"breadcrumb\":{\"@id\":\"https:\/\/www.terravision.eu\/pl\/rome-bus-and-boat.html#breadcrumb\"},\"inLanguage\":\"pl-PL\",\"potentialAction\":[{\"@type\":\"ReadAction\",\"target\":[\"https:\/\/www.terravision.eu\/pl\/rome-bus-and-boat.html\"]}]},{\"@type\":\"BreadcrumbList\",\"@id\":\"https:\/\/www.terravision.eu\/pl\/rome-bus-and-boat.html#breadcrumb\",\"itemListElement\":[{\"@type\":\"ListItem\",\"position\":1,\"name\":\"Home\",\"item\":\"https:\/\/www.terravision.eu\/pl\/\"},{\"@type\":\"ListItem\",\"position\":2,\"name\":\"Rzym Zwiedzanie autobusem i statkiem\"}]},{\"@type\":\"WebSite\",\"@id\":\"https:\/\/www.terravision.eu\/pl\/#website\",\"url\":\"https:\/\/www.terravision.eu\/pl\/\",\"name\":\"Terravision Polska\",\"description\":\"Tanie po\u0142\u0105czenia z\/do g\u0142\u00f3wnych lotnisk w Europie\",\"potentialAction\":[{\"@type\":\"SearchAction\",\"target\":{\"@type\":\"EntryPoint\",\"urlTemplate\":\"https:\/\/www.terravision.eu\/pl\/?s={search_term_string}\"},\"query-input\":{\"@type\":\"PropertyValueSpecification\",\"valueRequired\":true,\"valueName\":\"search_term_string\"}}],\"inLanguage\":\"pl-PL\"}]}<\/script>\n<!-- \/ Yoast SEO Premium plugin. -->","yoast_head_json":{"title":"Rzym Zwiedzanie autobusem i statkiem | Terravision","description":"Zwiedzanie Rzymu autobusem i statkiem - Wycieczka \u201eautobus + statek\u201d po Rzymie: 11 przystanki autobusowe, 2 przystanki rzeczne. Bilet jest wa\u017cny 24 godziny, audioprzewodnik wliczony w cen\u0119.","robots":{"index":"index","follow":"follow","max-snippet":"max-snippet:-1","max-image-preview":"max-image-preview:large","max-video-preview":"max-video-preview:-1"},"canonical":"https:\/\/www.terravision.eu\/pl\/rome-bus-and-boat.html","og_locale":"pl_PL","og_type":"article","og_title":"Rzym Zwiedzanie autobusem i statkiem","og_description":"Zwiedzanie Rzymu autobusem i statkiem - Wycieczka \u201eautobus + statek\u201d po Rzymie: 11 przystanki autobusowe, 2 przystanki rzeczne. Bilet jest wa\u017cny 24 godziny, audioprzewodnik wliczony w cen\u0119.","og_url":"https:\/\/www.terravision.eu\/pl\/rome-bus-and-boat.html","og_site_name":"Terravision Polska","twitter_misc":{"Est. reading time":"1 minute"},"schema":{"@context":"https:\/\/schema.org","@graph":[{"@type":"WebPage","@id":"https:\/\/www.terravision.eu\/pl\/rome-bus-and-boat.html","url":"https:\/\/www.terravision.eu\/pl\/rome-bus-and-boat.html","name":"Rzym Zwiedzanie autobusem i statkiem | Terravision","isPartOf":{"@id":"https:\/\/www.terravision.eu\/pl\/#website"},"datePublished":"2012-09-11T14:34:01+00:00","description":"Zwiedzanie Rzymu autobusem i statkiem - Wycieczka \u201eautobus + statek\u201d po Rzymie: 11 przystanki autobusowe, 2 przystanki rzeczne. Bilet jest wa\u017cny 24 godziny, audioprzewodnik wliczony w cen\u0119.","breadcrumb":{"@id":"https:\/\/www.terravision.eu\/pl\/rome-bus-and-boat.html#breadcrumb"},"inLanguage":"pl-PL","potentialAction":[{"@type":"ReadAction","target":["https:\/\/www.terravision.eu\/pl\/rome-bus-and-boat.html"]}]},{"@type":"BreadcrumbList","@id":"https:\/\/www.terravision.eu\/pl\/rome-bus-and-boat.html#breadcrumb","itemListElement":[{"@type":"ListItem","position":1,"name":"Home","item":"https:\/\/www.terravision.eu\/pl\/"},{"@type":"ListItem","position":2,"name":"Rzym Zwiedzanie autobusem i statkiem"}]},{"@type":"WebSite","@id":"https:\/\/www.terravision.eu\/pl\/#website","url":"https:\/\/www.terravision.eu\/pl\/","name":"Terravision Polska","description":"Tanie po\u0142\u0105czenia z\/do g\u0142\u00f3wnych lotnisk w Europie","potentialAction":[{"@type":"SearchAction","target":{"@type":"EntryPoint","urlTemplate":"https:\/\/www.terravision.eu\/pl\/?s={search_term_string}"},"query-input":{"@type":"PropertyValueSpecification","valueRequired":true,"valueName":"search_term_string"}}],"inLanguage":"pl-PL"}]}},"_links":{"self":[{"href":"https:\/\/www.terravision.eu\/pl\/wp-json\/wp\/v2\/pages\/413","targetHints":{"allow":["GET"]}}],"collection":[{"href":"https:\/\/www.terravision.eu\/pl\/wp-json\/wp\/v2\/pages"}],"about":[{"href":"https:\/\/www.terravision.eu\/pl\/wp-json\/wp\/v2\/types\/page"}],"author":[{"embeddable":true,"href":"https:\/\/www.terravision.eu\/pl\/wp-json\/wp\/v2\/users\/1"}],"replies":[{"embeddable":true,"href":"https:\/\/www.terravision.eu\/pl\/wp-json\/wp\/v2\/comments?post=413"}],"version-history":[{"count":0,"href":"https:\/\/www.terravision.eu\/pl\/wp-json\/wp\/v2\/pages\/413\/revisions"}],"wp:attachment":[{"href":"https:\/\/www.terravision.eu\/pl\/wp-json\/wp\/v2\/media?parent=413"}],"curies":[{"name":"wp","href":"https:\/\/api.w.org\/{rel}","templated":true}]}}