{"id":421,"date":"2012-09-11T14:56:12","date_gmt":"2012-09-11T14:56:12","guid":{"rendered":"https:\/\/www.terravision.eu\/?page_id=7324"},"modified":"2012-09-11T14:56:12","modified_gmt":"2012-09-11T14:56:12","slug":"rome-tours-papal-basilicas","status":"publish","type":"page","link":"https:\/\/www.terravision.eu\/pl\/rome-tours-papal-basilicas.html","title":{"rendered":"Rzym &#8211; Wycieczka po bazylikach papieskich"},"content":{"rendered":"<div class=\"title-right\"><span class=\"price\">19<\/span><span class=\"valuta\">\u20ac<\/span><\/div>\n<div class=\"title\"><strong> CZASOWO ZAWIESZONA<\/strong><\/div>\n<p>Nie ograniczaj si\u0119 do katedry \u015awi\u0119tego Piotra! Dzi\u0119ki wycieczce po papieskich bazylikach odwiedzisz nawet 3 papieskie bazyliki z audioprzewodnikiem: Bazyliki: \u015awi\u0119tego Piotra, \u015awi\u0119tego Jana na Lateranie, Matki Bo\u017cej Wi\u0119kszej i \u015awi\u0119tego Paw\u0142a za Murami.<br \/>\nTo doskona\u0142y spos\u00f3b na stworzenie swojej w\u0142asnej wycieczki po papieskich bazylikach, kt\u00f3ra b\u0119dzie dostosowana do Twoich potrzeb!<\/p>\n<div class=\"collapse tour-info collapsed\">\n<h2 class=\"title\">Informacje o wycieczce:<\/h2>\n<p><strong>Wycieczka odbywa si\u0119 w dni<\/strong>: codziennie z wyj\u0105tkiem \u015brody rano, w niedziel\u0119 i \u015bwi\u0119ta &#8211; dot. katedry \u015bw. Piotra<br \/>\n<strong>Pierwszy odjazd<\/strong>: 13:00 (Dworzec Termini), 13:30 (Bazylika \u015bw. Piotra).<br \/>\n<strong>Ostatni odjazd<\/strong>: 15:00 (Dworzec Termini), 15:30 (Bazylika \u015bw. Piotra).<br \/>\n<strong>Audioprzewodnik<\/strong>: wliczony w cen\u0119<br \/>\n<strong>Cena zawiera<\/strong>: Uprzywilejowany dost\u0119p do 3 wybranych bazylik, m.in:<br \/>\n&#8211; Katedra \u015awi\u0119tego Piotra,<br \/>\n&#8211; Katedra \u015awi\u0119tego Jana na Lateranie<br \/>\n&#8211; Katedra Matki Bo\u017cej Wi\u0119kszej<br \/>\n&#8211; Katedra \u015awi\u0119tego Paw\u0142a za Murami<br \/>\nTransfery autobusowe mi\u0119dzy bazylik\u0105 \u015bw. Piotra i \u015bw. Paw\u0142a za murami.<br \/>\n<strong>Wycieczka dost\u0119pna w j\u0119zykach<\/strong>: <\/p>\n<ul class=\"flags\">\n<li class=\"gb\"><\/li>\n<li class=\"es\"><\/li>\n<li class=\"de\"><\/li>\n<li class=\"it\"><\/li>\n<li class=\"fr\"><\/li>\n<\/ul>\n<p><a href=\"https:\/\/maps.google.com\/maps\/ms?msid=211366733211262669781.0004dbcc5db6e4caab2b0&amp;msa=0\" title=\"Roma Cristiana Open Bus (St Peter's route)\" target=\"_blank\">Zobacz g\u0142\u00f3wne punkty programu na mapie (trasa \u015bw. Piotra)<\/a>\n<\/div>\n<div class=\"collapse tour-info\">\n<h2 class=\"title\">Ceny<\/h2>\n<p>Osoby doros\u0142e:  19 \u20ac<br \/>\nDzieci (6 &#8211; 18 lat): 19 \u20ac<br \/>\nDzieci (0 &#8211; 6 lat): gratis<br \/>\nPrzy rezerwacji miejsca dla dziecka poni\u017cej 6 lat nale\u017cy wybra\u0107 opcj\u0119 \u201einfant\u201d.<\/br><\/p>\n<\/div>\n<div class=\"collapse tour-info\">\n<h2 class=\"title\">Jak rezerwowa\u0107 bilety i jak z nich korzysta\u0107:<\/h2>\n<p><strong>1<\/strong>-Zarezerwuj zwiedzanie miasta z Terravision. <\/p>\n<p><strong>2<\/strong>-Wydrukuj voucher<\/p>\n<p><strong>3<\/strong>-Wymie\u0144 voucher w 3 nast\u0119puj\u0105cych miejscach: <\/p>\n<ul>\n<li>&#8211; Wymie\u0144 voucher na miejscu zbi\u00f3rki odpowiednim dla wybranej wycieczki.<br \/>\nINFORMACJE DODATKOWE Muzea Watyka\u0144skie i katedry: Nale\u017cy pojawi\u0107 si\u0119 na miejscu na 15 minut przed planowan\u0105 wizyt\u0105.<\/li>\n<li>&#8211; Voucher mo\u017cna wymieni\u0107 w dowolnej plac\u00f3wce ORP. <\/li>\n<li>&#8211; Voucher mo\u017cna wymieni\u0107 w dowolnym autobusie Roma Cristiana Open Bus.<\/li>\n<\/ul>\n<p><strong>4<\/strong>-Zapraszamy na wycieczk\u0119!\n<\/div>\n<div class=\"collapse tour-info\">\n<h2 class=\"title\">Gdzie wymieni\u0107 vouchery?<\/h2>\n<p><strong>O.R.P. &#8211; Biuro \u015awi\u0119tego Piotra<\/strong> P.za Pio XII 9<\/p>\n<ul>\n<li>Godziny otwarcia: 09:00 &#8211; 18:00 (pon &#8211; pt); 09:00 &#8211; 16:00 (sob, ndz)<\/li>\n<\/ul>\n<p><strong>ORP w Pa\u0142acu Vicariato<\/strong> Via della Pigna 13\/a (okolice Largo Argentina)<\/p>\n<ul>\n<li>Godziny otwarcia: 09:00 &#8211; 13:00; 14:30 &#8211; 18:00 (pon &#8211; pt)<\/li>\n<\/ul>\n<p><strong>O.R.P. &#8211; San Giovanni wewn\u0105trz Pa\u0142acu Latera\u0144skiego<\/strong> Piazza di Porta S. Giovanni 6<\/p>\n<ul>\n<li>Godziny otwarcia: 09:00 &#8211; 13:00; 14:30 &#8211; 18:00 (pon &#8211; pt)<\/li>\n<\/ul>\n<p><strong>Punkt spotka\u0144 Roma Cristiana &#8211; Fora Cesarskie w wi\u0119zieniu \u015awi\u0119tego Piotra<\/strong> Clivo Argentario 1<\/p>\n<ul>\n<li>Godziny otwarcia: 09:00 &#8211; 16:20 (pon &#8211; ndz)<\/li>\n<\/ul>\n<p><strong>W ka\u017cdym autobusie Roma Cristiana Open Bus<\/strong><\/div>\n<div class=\"collapse tour-info\">\n<h2 class=\"title\">Informacje kontaktowe<\/h2>\n<p><strong>We wsp\u00f3\u0142pracy z Opera Romana Pellegrinaggi<\/strong><br \/>\ngodziny otwarcia: od 09:00 rano do 18:00, od poniedzia\u0142ku do pi\u0105tku<br \/>\nTelefon: +39 06698961<br \/>\nAdres e-mail: info@operaromanapellegrinaggi.org<\/p>\n<p><strong>Nr tel. kontaktowego &#8211; Terravision:<\/strong><br \/>\nOd poniedzia\u0142ku do soboty w godz. 9:00 &#8211; 18:00: +39 06 97 61 06 32<br \/>\nAby uzyska\u0107 wi\u0119cej informacji, do\u0142\u0105cz do nas na <a href=\"http:\/\/www.facebook.com\/terravision.eu\" title=\"Terravision on Facebook\" target=\"_blank\">Facebooku<\/a>, <a href=\"http:\/\/www.twitter.com\/terravision.eu\" title=\"Terravision on Twitter\" target=\"_blank\">Twitterze<\/a>, <a href=\"https:\/\/www.google.com\/+terravision\" title=\"Terravision on Google+\" target=\"_blank\">Google+<\/a> lub <a href=\"http:\/\/pinterest.com\/terravisiongp\/\" title=\"Terravision on Pinterest\" target=\"_blank\">Pinterest<\/a>!<\/div>\n<\/div>\n","protected":false},"excerpt":{"rendered":"<p>19\u20ac CZASOWO ZAWIESZONA Nie ograniczaj si\u0119 do katedry \u015awi\u0119tego Piotra! Dzi\u0119ki wycieczce po papieskich bazylikach odwiedzisz nawet 3 papieskie bazyliki z audioprzewodnikiem: Bazyliki: \u015awi\u0119tego Piotra, \u015awi\u0119tego Jana na Lateranie, Matki Bo\u017cej Wi\u0119kszej i \u015awi\u0119tego Paw\u0142a za Murami. To doskona\u0142y spos\u00f3b na stworzenie swojej w\u0142asnej wycieczki po papieskich bazylikach, kt\u00f3ra b\u0119dzie dostosowana do Twoich potrzeb! Informacje [&hellip;]<\/p>\n","protected":false},"author":1,"featured_media":0,"parent":0,"menu_order":0,"comment_status":"open","ping_status":"open","template":"page-citytour.php","meta":{"footnotes":""},"class_list":["post-421","page","type-page","status-publish","hentry"],"yoast_head":"<!-- This site is optimized with the Yoast SEO Premium plugin v24.4 (Yoast SEO v24.4) - https:\/\/yoast.com\/wordpress\/plugins\/seo\/ -->\n<title>Rzym - Wycieczka po bazylikach papieskich | Terravision<\/title>\n<meta name=\"description\" content=\"Rzym - zwiedzanie bazylik - Nie ograniczaj si\u0119 do katedry \u015awi\u0119tego Piotra, odwied\u017a najwa\u017cniejsze bazyliki Rzymu. Audioprzewodnik wliczony w cen\u0119!\" \/>\n<meta name=\"robots\" content=\"index, follow, max-snippet:-1, max-image-preview:large, max-video-preview:-1\" \/>\n<link rel=\"canonical\" href=\"https:\/\/www.terravision.eu\/pl\/rome-tours-papal-basilicas.html\" \/>\n<meta property=\"og:locale\" content=\"pl_PL\" \/>\n<meta property=\"og:type\" content=\"article\" \/>\n<meta property=\"og:title\" content=\"Rzym - Wycieczka po bazylikach papieskich\" \/>\n<meta property=\"og:description\" content=\"Rzym - zwiedzanie bazylik - Nie ograniczaj si\u0119 do katedry \u015awi\u0119tego Piotra, odwied\u017a najwa\u017cniejsze bazyliki Rzymu. Audioprzewodnik wliczony w cen\u0119!\" \/>\n<meta property=\"og:url\" content=\"https:\/\/www.terravision.eu\/pl\/rome-tours-papal-basilicas.html\" \/>\n<meta property=\"og:site_name\" content=\"Terravision Polska\" \/>\n<meta name=\"twitter:label1\" content=\"Szacowany czas czytania\" \/>\n\t<meta name=\"twitter:data1\" content=\"2 minutes\" \/>\n<script type=\"application\/ld+json\" class=\"yoast-schema-graph\">{\"@context\":\"https:\/\/schema.org\",\"@graph\":[{\"@type\":\"WebPage\",\"@id\":\"https:\/\/www.terravision.eu\/pl\/rome-tours-papal-basilicas.html\",\"url\":\"https:\/\/www.terravision.eu\/pl\/rome-tours-papal-basilicas.html\",\"name\":\"Rzym - Wycieczka po bazylikach papieskich | Terravision\",\"isPartOf\":{\"@id\":\"https:\/\/www.terravision.eu\/pl\/#website\"},\"datePublished\":\"2012-09-11T14:56:12+00:00\",\"description\":\"Rzym - zwiedzanie bazylik - Nie ograniczaj si\u0119 do katedry \u015awi\u0119tego Piotra, odwied\u017a najwa\u017cniejsze bazyliki Rzymu. Audioprzewodnik wliczony w cen\u0119!\",\"breadcrumb\":{\"@id\":\"https:\/\/www.terravision.eu\/pl\/rome-tours-papal-basilicas.html#breadcrumb\"},\"inLanguage\":\"pl-PL\",\"potentialAction\":[{\"@type\":\"ReadAction\",\"target\":[\"https:\/\/www.terravision.eu\/pl\/rome-tours-papal-basilicas.html\"]}]},{\"@type\":\"BreadcrumbList\",\"@id\":\"https:\/\/www.terravision.eu\/pl\/rome-tours-papal-basilicas.html#breadcrumb\",\"itemListElement\":[{\"@type\":\"ListItem\",\"position\":1,\"name\":\"Home\",\"item\":\"https:\/\/www.terravision.eu\/pl\/\"},{\"@type\":\"ListItem\",\"position\":2,\"name\":\"Rzym &#8211; Wycieczka po bazylikach papieskich\"}]},{\"@type\":\"WebSite\",\"@id\":\"https:\/\/www.terravision.eu\/pl\/#website\",\"url\":\"https:\/\/www.terravision.eu\/pl\/\",\"name\":\"Terravision Polska\",\"description\":\"Tanie po\u0142\u0105czenia z\/do g\u0142\u00f3wnych lotnisk w Europie\",\"potentialAction\":[{\"@type\":\"SearchAction\",\"target\":{\"@type\":\"EntryPoint\",\"urlTemplate\":\"https:\/\/www.terravision.eu\/pl\/?s={search_term_string}\"},\"query-input\":{\"@type\":\"PropertyValueSpecification\",\"valueRequired\":true,\"valueName\":\"search_term_string\"}}],\"inLanguage\":\"pl-PL\"}]}<\/script>\n<!-- \/ Yoast SEO Premium plugin. -->","yoast_head_json":{"title":"Rzym - Wycieczka po bazylikach papieskich | Terravision","description":"Rzym - zwiedzanie bazylik - Nie ograniczaj si\u0119 do katedry \u015awi\u0119tego Piotra, odwied\u017a najwa\u017cniejsze bazyliki Rzymu. Audioprzewodnik wliczony w cen\u0119!","robots":{"index":"index","follow":"follow","max-snippet":"max-snippet:-1","max-image-preview":"max-image-preview:large","max-video-preview":"max-video-preview:-1"},"canonical":"https:\/\/www.terravision.eu\/pl\/rome-tours-papal-basilicas.html","og_locale":"pl_PL","og_type":"article","og_title":"Rzym - Wycieczka po bazylikach papieskich","og_description":"Rzym - zwiedzanie bazylik - Nie ograniczaj si\u0119 do katedry \u015awi\u0119tego Piotra, odwied\u017a najwa\u017cniejsze bazyliki Rzymu. Audioprzewodnik wliczony w cen\u0119!","og_url":"https:\/\/www.terravision.eu\/pl\/rome-tours-papal-basilicas.html","og_site_name":"Terravision Polska","twitter_misc":{"Szacowany czas czytania":"2 minutes"},"schema":{"@context":"https:\/\/schema.org","@graph":[{"@type":"WebPage","@id":"https:\/\/www.terravision.eu\/pl\/rome-tours-papal-basilicas.html","url":"https:\/\/www.terravision.eu\/pl\/rome-tours-papal-basilicas.html","name":"Rzym - Wycieczka po bazylikach papieskich | Terravision","isPartOf":{"@id":"https:\/\/www.terravision.eu\/pl\/#website"},"datePublished":"2012-09-11T14:56:12+00:00","description":"Rzym - zwiedzanie bazylik - Nie ograniczaj si\u0119 do katedry \u015awi\u0119tego Piotra, odwied\u017a najwa\u017cniejsze bazyliki Rzymu. Audioprzewodnik wliczony w cen\u0119!","breadcrumb":{"@id":"https:\/\/www.terravision.eu\/pl\/rome-tours-papal-basilicas.html#breadcrumb"},"inLanguage":"pl-PL","potentialAction":[{"@type":"ReadAction","target":["https:\/\/www.terravision.eu\/pl\/rome-tours-papal-basilicas.html"]}]},{"@type":"BreadcrumbList","@id":"https:\/\/www.terravision.eu\/pl\/rome-tours-papal-basilicas.html#breadcrumb","itemListElement":[{"@type":"ListItem","position":1,"name":"Home","item":"https:\/\/www.terravision.eu\/pl\/"},{"@type":"ListItem","position":2,"name":"Rzym &#8211; Wycieczka po bazylikach papieskich"}]},{"@type":"WebSite","@id":"https:\/\/www.terravision.eu\/pl\/#website","url":"https:\/\/www.terravision.eu\/pl\/","name":"Terravision Polska","description":"Tanie po\u0142\u0105czenia z\/do g\u0142\u00f3wnych lotnisk w Europie","potentialAction":[{"@type":"SearchAction","target":{"@type":"EntryPoint","urlTemplate":"https:\/\/www.terravision.eu\/pl\/?s={search_term_string}"},"query-input":{"@type":"PropertyValueSpecification","valueRequired":true,"valueName":"search_term_string"}}],"inLanguage":"pl-PL"}]}},"_links":{"self":[{"href":"https:\/\/www.terravision.eu\/pl\/wp-json\/wp\/v2\/pages\/421","targetHints":{"allow":["GET"]}}],"collection":[{"href":"https:\/\/www.terravision.eu\/pl\/wp-json\/wp\/v2\/pages"}],"about":[{"href":"https:\/\/www.terravision.eu\/pl\/wp-json\/wp\/v2\/types\/page"}],"author":[{"embeddable":true,"href":"https:\/\/www.terravision.eu\/pl\/wp-json\/wp\/v2\/users\/1"}],"replies":[{"embeddable":true,"href":"https:\/\/www.terravision.eu\/pl\/wp-json\/wp\/v2\/comments?post=421"}],"version-history":[{"count":0,"href":"https:\/\/www.terravision.eu\/pl\/wp-json\/wp\/v2\/pages\/421\/revisions"}],"wp:attachment":[{"href":"https:\/\/www.terravision.eu\/pl\/wp-json\/wp\/v2\/media?parent=421"}],"curies":[{"name":"wp","href":"https:\/\/api.w.org\/{rel}","templated":true}]}}