{"id":50,"date":"2012-06-13T09:05:44","date_gmt":"2012-06-13T09:05:44","guid":{"rendered":"https:\/\/www.terravision.eu\/?page_id=935"},"modified":"2014-09-15T15:46:41","modified_gmt":"2014-09-15T15:46:41","slug":"dolomite_transfers","status":"publish","type":"page","link":"https:\/\/www.terravision.eu\/pl\/dolomite_transfers.html","title":{"rendered":"Dolomity Bergamo Transfer z \/ na lotnisko"},"content":{"rendered":"<div id=\"article-single-airport\">\n<div class=\"title\">\n<h2 style=\"font-size:18px;font-weight:normal\">Autobus z lotniska w Bergamo w <span class=\"strong\">Dolomity<\/span><\/h2>\n<\/div>\n<div class=\"content\">\nWe wsp\u00f3\u0142pracy z SudTirol.<\/p>\n<p>Czas na ucieczk\u0119 z miasta i wspania\u0142e wakacje w Alpach z Terravision!<\/p>\n<p>Dost\u0119pne trasy:<span class=\"routes\">Autobus z lotniska w Bergamo w Dolomity<\/span><\/p>\n<p><span class=\"light\">Czas podr\u00f3\u017cy: 3 godz. 50 min.<\/span><\/p>\n<table>\n<tbody>\n<tr>\n<td class=\"direction-1-6\">Lotnisko<br \/>\nw Bergamo<\/td>\n<td class=\"direction-2-6\">Lotnisko<br \/>\nw Weronie<\/td>\n<td class=\"direction-3-6\">Bolzano<\/td>\n<td class=\"direction-4-6\">Ortisei<\/td>\n<td class=\"direction-5-6\">St. Cristina<\/td>\n<td class=\"direction-6-6\">Selva Val<br \/>\nGardena<\/td>\n<\/tr>\n<\/tbody>\n<\/table>\n<p><span class=\"routes\">Autobus z lotniska Bergamo do Bolzano<\/span><\/p>\n<p><span class=\"light\">Czas podr\u00f3\u017cy: 3 godz.<\/span><\/p>\n<table>\n<tbody>\n<tr>\n<td class=\"direction-1-3\">Lotnisko<br \/>\nw Bergamo<\/td>\n<td class=\"direction-2-3\">Lotnisko<br \/>\nw Weronie<\/td>\n<td class=\"direction-3-3\">Bolzano\n<\/td>\n<\/tr>\n<\/tbody>\n<\/table>\n<\/div>\n<\/div>\n<div style=\"overflow: hidden;float: right;height: 150px\">\n<div class=\"content-right 1\">\n<span class=\"price\">25<\/span><span class=\"valuta\"> \u20ac<\/span><\/div>\n<\/div>\n<div class=\"information\"><strong>Us\u0142uga czasowo zawieszona.<\/strong><\/div>\n","protected":false},"excerpt":{"rendered":"<p>Autobus z lotniska w Bergamo w Dolomity We wsp\u00f3\u0142pracy z SudTirol. Czas na ucieczk\u0119 z miasta i wspania\u0142e wakacje w Alpach z Terravision! Dost\u0119pne trasy:Autobus z lotniska w Bergamo w Dolomity Czas podr\u00f3\u017cy: 3 godz. 50 min. Lotnisko w Bergamo Lotnisko w Weronie Bolzano Ortisei St. Cristina Selva Val Gardena Autobus z lotniska Bergamo do [&hellip;]<\/p>\n","protected":false},"author":1,"featured_media":0,"parent":0,"menu_order":0,"comment_status":"open","ping_status":"open","template":"","meta":{"footnotes":""},"class_list":["post-50","page","type-page","status-publish","hentry","cities-dolomity"],"yoast_head":"<!-- This site is optimized with the Yoast SEO Premium plugin v24.4 (Yoast SEO v24.4) - https:\/\/yoast.com\/wordpress\/plugins\/seo\/ -->\n<title>Dolomity Bergamo Transfer z \/ na lotnisko | Terravision<\/title>\n<meta name=\"description\" content=\"Autobus z lotniska w Bergamo w Dolomity: 25 \u20ac. Tani autobus z lotniska w Bergamo do miejscowo\u015bci: Ortisei, Selva Val Gardena, St. Cristina, Dobbiaco\" \/>\n<meta name=\"robots\" content=\"index, follow, max-snippet:-1, max-image-preview:large, max-video-preview:-1\" \/>\n<link rel=\"canonical\" href=\"https:\/\/www.terravision.eu\/pl\/dolomite_transfers.html\" \/>\n<meta property=\"og:locale\" content=\"pl_PL\" \/>\n<meta property=\"og:type\" content=\"article\" \/>\n<meta property=\"og:title\" content=\"Dolomity Bergamo Transfer z \/ na lotnisko\" \/>\n<meta property=\"og:description\" content=\"Autobus z lotniska w Bergamo w Dolomity: 25 \u20ac. Tani autobus z lotniska w Bergamo do miejscowo\u015bci: Ortisei, Selva Val Gardena, St. Cristina, Dobbiaco\" \/>\n<meta property=\"og:url\" content=\"https:\/\/www.terravision.eu\/pl\/dolomite_transfers.html\" \/>\n<meta property=\"og:site_name\" content=\"Terravision Polska\" \/>\n<meta property=\"article:modified_time\" content=\"2014-09-15T15:46:41+00:00\" \/>\n<script type=\"application\/ld+json\" class=\"yoast-schema-graph\">{\"@context\":\"https:\/\/schema.org\",\"@graph\":[{\"@type\":\"WebPage\",\"@id\":\"https:\/\/www.terravision.eu\/pl\/dolomite_transfers.html\",\"url\":\"https:\/\/www.terravision.eu\/pl\/dolomite_transfers.html\",\"name\":\"Dolomity Bergamo Transfer z \/ na lotnisko | Terravision\",\"isPartOf\":{\"@id\":\"https:\/\/www.terravision.eu\/pl\/#website\"},\"datePublished\":\"2012-06-13T09:05:44+00:00\",\"dateModified\":\"2014-09-15T15:46:41+00:00\",\"description\":\"Autobus z lotniska w Bergamo w Dolomity: 25 \u20ac. Tani autobus z lotniska w Bergamo do miejscowo\u015bci: Ortisei, Selva Val Gardena, St. Cristina, Dobbiaco\",\"breadcrumb\":{\"@id\":\"https:\/\/www.terravision.eu\/pl\/dolomite_transfers.html#breadcrumb\"},\"inLanguage\":\"pl-PL\",\"potentialAction\":[{\"@type\":\"ReadAction\",\"target\":[\"https:\/\/www.terravision.eu\/pl\/dolomite_transfers.html\"]}]},{\"@type\":\"BreadcrumbList\",\"@id\":\"https:\/\/www.terravision.eu\/pl\/dolomite_transfers.html#breadcrumb\",\"itemListElement\":[{\"@type\":\"ListItem\",\"position\":1,\"name\":\"Home\",\"item\":\"https:\/\/www.terravision.eu\/pl\/\"},{\"@type\":\"ListItem\",\"position\":2,\"name\":\"Dolomity Bergamo Transfer z \/ na lotnisko\"}]},{\"@type\":\"WebSite\",\"@id\":\"https:\/\/www.terravision.eu\/pl\/#website\",\"url\":\"https:\/\/www.terravision.eu\/pl\/\",\"name\":\"Terravision Polska\",\"description\":\"Tanie po\u0142\u0105czenia z\/do g\u0142\u00f3wnych lotnisk w Europie\",\"potentialAction\":[{\"@type\":\"SearchAction\",\"target\":{\"@type\":\"EntryPoint\",\"urlTemplate\":\"https:\/\/www.terravision.eu\/pl\/?s={search_term_string}\"},\"query-input\":{\"@type\":\"PropertyValueSpecification\",\"valueRequired\":true,\"valueName\":\"search_term_string\"}}],\"inLanguage\":\"pl-PL\"}]}<\/script>\n<!-- \/ Yoast SEO Premium plugin. -->","yoast_head_json":{"title":"Dolomity Bergamo Transfer z \/ na lotnisko | Terravision","description":"Autobus z lotniska w Bergamo w Dolomity: 25 \u20ac. Tani autobus z lotniska w Bergamo do miejscowo\u015bci: Ortisei, Selva Val Gardena, St. Cristina, Dobbiaco","robots":{"index":"index","follow":"follow","max-snippet":"max-snippet:-1","max-image-preview":"max-image-preview:large","max-video-preview":"max-video-preview:-1"},"canonical":"https:\/\/www.terravision.eu\/pl\/dolomite_transfers.html","og_locale":"pl_PL","og_type":"article","og_title":"Dolomity Bergamo Transfer z \/ na lotnisko","og_description":"Autobus z lotniska w Bergamo w Dolomity: 25 \u20ac. Tani autobus z lotniska w Bergamo do miejscowo\u015bci: Ortisei, Selva Val Gardena, St. Cristina, Dobbiaco","og_url":"https:\/\/www.terravision.eu\/pl\/dolomite_transfers.html","og_site_name":"Terravision Polska","article_modified_time":"2014-09-15T15:46:41+00:00","schema":{"@context":"https:\/\/schema.org","@graph":[{"@type":"WebPage","@id":"https:\/\/www.terravision.eu\/pl\/dolomite_transfers.html","url":"https:\/\/www.terravision.eu\/pl\/dolomite_transfers.html","name":"Dolomity Bergamo Transfer z \/ na lotnisko | Terravision","isPartOf":{"@id":"https:\/\/www.terravision.eu\/pl\/#website"},"datePublished":"2012-06-13T09:05:44+00:00","dateModified":"2014-09-15T15:46:41+00:00","description":"Autobus z lotniska w Bergamo w Dolomity: 25 \u20ac. Tani autobus z lotniska w Bergamo do miejscowo\u015bci: Ortisei, Selva Val Gardena, St. Cristina, Dobbiaco","breadcrumb":{"@id":"https:\/\/www.terravision.eu\/pl\/dolomite_transfers.html#breadcrumb"},"inLanguage":"pl-PL","potentialAction":[{"@type":"ReadAction","target":["https:\/\/www.terravision.eu\/pl\/dolomite_transfers.html"]}]},{"@type":"BreadcrumbList","@id":"https:\/\/www.terravision.eu\/pl\/dolomite_transfers.html#breadcrumb","itemListElement":[{"@type":"ListItem","position":1,"name":"Home","item":"https:\/\/www.terravision.eu\/pl\/"},{"@type":"ListItem","position":2,"name":"Dolomity Bergamo Transfer z \/ na lotnisko"}]},{"@type":"WebSite","@id":"https:\/\/www.terravision.eu\/pl\/#website","url":"https:\/\/www.terravision.eu\/pl\/","name":"Terravision Polska","description":"Tanie po\u0142\u0105czenia z\/do g\u0142\u00f3wnych lotnisk w Europie","potentialAction":[{"@type":"SearchAction","target":{"@type":"EntryPoint","urlTemplate":"https:\/\/www.terravision.eu\/pl\/?s={search_term_string}"},"query-input":{"@type":"PropertyValueSpecification","valueRequired":true,"valueName":"search_term_string"}}],"inLanguage":"pl-PL"}]}},"_links":{"self":[{"href":"https:\/\/www.terravision.eu\/pl\/wp-json\/wp\/v2\/pages\/50","targetHints":{"allow":["GET"]}}],"collection":[{"href":"https:\/\/www.terravision.eu\/pl\/wp-json\/wp\/v2\/pages"}],"about":[{"href":"https:\/\/www.terravision.eu\/pl\/wp-json\/wp\/v2\/types\/page"}],"author":[{"embeddable":true,"href":"https:\/\/www.terravision.eu\/pl\/wp-json\/wp\/v2\/users\/1"}],"replies":[{"embeddable":true,"href":"https:\/\/www.terravision.eu\/pl\/wp-json\/wp\/v2\/comments?post=50"}],"version-history":[{"count":1,"href":"https:\/\/www.terravision.eu\/pl\/wp-json\/wp\/v2\/pages\/50\/revisions"}],"predecessor-version":[{"id":14189,"href":"https:\/\/www.terravision.eu\/pl\/wp-json\/wp\/v2\/pages\/50\/revisions\/14189"}],"wp:attachment":[{"href":"https:\/\/www.terravision.eu\/pl\/wp-json\/wp\/v2\/media?parent=50"}],"curies":[{"name":"wp","href":"https:\/\/api.w.org\/{rel}","templated":true}]}}