{"id":54,"date":"2012-06-13T09:12:04","date_gmt":"2012-06-13T09:12:04","guid":{"rendered":"https:\/\/www.terravision.eu\/?page_id=939"},"modified":"2014-09-15T15:47:48","modified_gmt":"2014-09-15T15:47:48","slug":"bergamo_dolomites_map","status":"publish","type":"page","link":"https:\/\/www.terravision.eu\/pl\/bergamo_dolomites_map.html","title":{"rendered":"Dolomity Gdzie nas znale\u017a\u0107"},"content":{"rendered":"<p class=\"magenta-title\">Autobus Terravision Dolomity &#8211; Bergamo, przystanek autobusowy w Bolzano<\/p>\n<p><small><a href=\"https:\/\/maps.google.com\/maps\/ms?msa=0&amp;msid=211366733211262669781.0004cab10ed5be5baf4ec&amp;hl=en&amp;ie=UTF8&amp;t=m&amp;ll=46.49679,11.355845&amp;spn=0,0&amp;source=embed\" target=\"_blank\">Visualiza el mapa en pantalla completa<\/a><\/small><\/p>\n<p class=\"magenta-title\">Autobus Terravision Dolomity &#8211; Bergamo, przystanek autobusowy w Ortisei<\/p>\n<p><small><a href=\"https:\/\/maps.google.com\/maps\/ms?msa=0&amp;msid=211366733211262669781.0004cac24a16aff9f3516&amp;hl=en&amp;ie=UTF8&amp;t=m&amp;ll=46.57322,11.673481&amp;spn=0,0&amp;source=embed\" target=\"_blank\">Visualiza el mapa en pantalla completa<\/a><\/small><\/p>\n<p class=\"magenta-title\">Autobus Terravision Dolomity &#8211; Bergamo, przystanek autobusowy w Santa Cristina<\/p>\n<p><small><a href=\"https:\/\/maps.google.com\/maps\/ms?msa=0&amp;msid=211366733211262669781.0004cac27eddd8b411597&amp;hl=en&amp;ie=UTF8&amp;t=m&amp;ll=46.55837,11.720894&amp;spn=0,0&amp;source=embed\" target=\"_blank\">Visualiza el mapa en pantalla completa<\/a><\/small><\/p>\n<p class=\"magenta-title\">Autobus Terravision Dolomity &#8211; Bergamo, przystanek autobusowy w Selva di Val Gardena<\/p>\n<p><small><a href=\"https:\/\/maps.google.com\/maps\/ms?msa=0&amp;msid=211366733211262669781.0004cac2b08967b189ba9&amp;hl=en&amp;ie=UTF8&amp;t=m&amp;ll=46.556271,11.756058&amp;spn=0,0&amp;source=embed\" target=\"_blank\">Visualiza el mapa en pantalla completa<\/a><\/small><\/p>\n<p class=\"magenta-title\">Autobus Terravision Dolomity &#8211; Bergamo, przystanek autobusowy na lotnisku w Bergamo<\/p>\n<p><img loading=\"lazy\" decoding=\"async\" class=\"alignnone size-full wp-image-6825\" title=\"Bergamo Airport\" src=\"https:\/\/www.terravision.eu\/files\/2013\/05\/bergamo.gif\" alt=\"\" width=\"443\" height=\"322\" \/><\/p>\n","protected":false},"excerpt":{"rendered":"<p>Autobus Terravision Dolomity &#8211; Bergamo, przystanek autobusowy w Bolzano Visualiza el mapa en pantalla completa Autobus Terravision Dolomity &#8211; Bergamo, przystanek autobusowy w Ortisei Visualiza el mapa en pantalla completa Autobus Terravision Dolomity &#8211; Bergamo, przystanek autobusowy w Santa Cristina Visualiza el mapa en pantalla completa Autobus Terravision Dolomity &#8211; Bergamo, przystanek autobusowy w Selva [&hellip;]<\/p>\n","protected":false},"author":1,"featured_media":0,"parent":0,"menu_order":0,"comment_status":"open","ping_status":"open","template":"","meta":{"footnotes":""},"class_list":["post-54","page","type-page","status-publish","hentry","cities-dolomity"],"yoast_head":"<!-- This site is optimized with the Yoast SEO Premium plugin v24.4 (Yoast SEO v24.4) - https:\/\/yoast.com\/wordpress\/plugins\/seo\/ -->\n<title>Dolomity Gdzie nas znale?? | Terravision<\/title>\n<meta name=\"description\" content=\"Podr\u00f3\u017cuj autobusem w Dolomity z lotniska w Bergamo. Znajd\u017a nasze regularne po\u0142\u0105czenia autobusowe w Bergamo. Zobacz nasze przystanki autobusowe na mapie\" \/>\n<meta name=\"robots\" content=\"index, follow, max-snippet:-1, max-image-preview:large, max-video-preview:-1\" \/>\n<link rel=\"canonical\" href=\"https:\/\/www.terravision.eu\/pl\/bergamo_dolomites_map.html\" \/>\n<meta property=\"og:locale\" content=\"pl_PL\" \/>\n<meta property=\"og:type\" content=\"article\" \/>\n<meta property=\"og:title\" content=\"Dolomity Gdzie nas znale\u017a\u0107\" \/>\n<meta property=\"og:description\" content=\"Podr\u00f3\u017cuj autobusem w Dolomity z lotniska w Bergamo. Znajd\u017a nasze regularne po\u0142\u0105czenia autobusowe w Bergamo. Zobacz nasze przystanki autobusowe na mapie\" \/>\n<meta property=\"og:url\" content=\"https:\/\/www.terravision.eu\/pl\/bergamo_dolomites_map.html\" \/>\n<meta property=\"og:site_name\" content=\"Terravision Polska\" \/>\n<meta property=\"article:modified_time\" content=\"2014-09-15T15:47:48+00:00\" \/>\n<meta property=\"og:image\" content=\"https:\/\/www.terravision.eu\/files\/2013\/05\/bergamo.gif\" \/>\n<script type=\"application\/ld+json\" class=\"yoast-schema-graph\">{\"@context\":\"https:\/\/schema.org\",\"@graph\":[{\"@type\":\"WebPage\",\"@id\":\"https:\/\/www.terravision.eu\/pl\/bergamo_dolomites_map.html\",\"url\":\"https:\/\/www.terravision.eu\/pl\/bergamo_dolomites_map.html\",\"name\":\"Dolomity Gdzie nas znale?? | Terravision\",\"isPartOf\":{\"@id\":\"https:\/\/www.terravision.eu\/pl\/#website\"},\"primaryImageOfPage\":{\"@id\":\"https:\/\/www.terravision.eu\/pl\/bergamo_dolomites_map.html#primaryimage\"},\"image\":{\"@id\":\"https:\/\/www.terravision.eu\/pl\/bergamo_dolomites_map.html#primaryimage\"},\"thumbnailUrl\":\"https:\/\/www.terravision.eu\/files\/2013\/05\/bergamo.gif\",\"datePublished\":\"2012-06-13T09:12:04+00:00\",\"dateModified\":\"2014-09-15T15:47:48+00:00\",\"description\":\"Podr\u00f3\u017cuj autobusem w Dolomity z lotniska w Bergamo. Znajd\u017a nasze regularne po\u0142\u0105czenia autobusowe w Bergamo. Zobacz nasze przystanki autobusowe na mapie\",\"breadcrumb\":{\"@id\":\"https:\/\/www.terravision.eu\/pl\/bergamo_dolomites_map.html#breadcrumb\"},\"inLanguage\":\"pl-PL\",\"potentialAction\":[{\"@type\":\"ReadAction\",\"target\":[\"https:\/\/www.terravision.eu\/pl\/bergamo_dolomites_map.html\"]}]},{\"@type\":\"ImageObject\",\"inLanguage\":\"pl-PL\",\"@id\":\"https:\/\/www.terravision.eu\/pl\/bergamo_dolomites_map.html#primaryimage\",\"url\":\"https:\/\/www.terravision.eu\/files\/2013\/05\/bergamo.gif\",\"contentUrl\":\"https:\/\/www.terravision.eu\/files\/2013\/05\/bergamo.gif\"},{\"@type\":\"BreadcrumbList\",\"@id\":\"https:\/\/www.terravision.eu\/pl\/bergamo_dolomites_map.html#breadcrumb\",\"itemListElement\":[{\"@type\":\"ListItem\",\"position\":1,\"name\":\"Home\",\"item\":\"https:\/\/www.terravision.eu\/pl\/\"},{\"@type\":\"ListItem\",\"position\":2,\"name\":\"Dolomity Gdzie nas znale\u017a\u0107\"}]},{\"@type\":\"WebSite\",\"@id\":\"https:\/\/www.terravision.eu\/pl\/#website\",\"url\":\"https:\/\/www.terravision.eu\/pl\/\",\"name\":\"Terravision Polska\",\"description\":\"Tanie po\u0142\u0105czenia z\/do g\u0142\u00f3wnych lotnisk w Europie\",\"potentialAction\":[{\"@type\":\"SearchAction\",\"target\":{\"@type\":\"EntryPoint\",\"urlTemplate\":\"https:\/\/www.terravision.eu\/pl\/?s={search_term_string}\"},\"query-input\":{\"@type\":\"PropertyValueSpecification\",\"valueRequired\":true,\"valueName\":\"search_term_string\"}}],\"inLanguage\":\"pl-PL\"}]}<\/script>\n<!-- \/ Yoast SEO Premium plugin. -->","yoast_head_json":{"title":"Dolomity Gdzie nas znale?? | Terravision","description":"Podr\u00f3\u017cuj autobusem w Dolomity z lotniska w Bergamo. Znajd\u017a nasze regularne po\u0142\u0105czenia autobusowe w Bergamo. Zobacz nasze przystanki autobusowe na mapie","robots":{"index":"index","follow":"follow","max-snippet":"max-snippet:-1","max-image-preview":"max-image-preview:large","max-video-preview":"max-video-preview:-1"},"canonical":"https:\/\/www.terravision.eu\/pl\/bergamo_dolomites_map.html","og_locale":"pl_PL","og_type":"article","og_title":"Dolomity Gdzie nas znale\u017a\u0107","og_description":"Podr\u00f3\u017cuj autobusem w Dolomity z lotniska w Bergamo. Znajd\u017a nasze regularne po\u0142\u0105czenia autobusowe w Bergamo. Zobacz nasze przystanki autobusowe na mapie","og_url":"https:\/\/www.terravision.eu\/pl\/bergamo_dolomites_map.html","og_site_name":"Terravision Polska","article_modified_time":"2014-09-15T15:47:48+00:00","og_image":[{"url":"https:\/\/www.terravision.eu\/files\/2013\/05\/bergamo.gif","type":"","width":"","height":""}],"schema":{"@context":"https:\/\/schema.org","@graph":[{"@type":"WebPage","@id":"https:\/\/www.terravision.eu\/pl\/bergamo_dolomites_map.html","url":"https:\/\/www.terravision.eu\/pl\/bergamo_dolomites_map.html","name":"Dolomity Gdzie nas znale?? | Terravision","isPartOf":{"@id":"https:\/\/www.terravision.eu\/pl\/#website"},"primaryImageOfPage":{"@id":"https:\/\/www.terravision.eu\/pl\/bergamo_dolomites_map.html#primaryimage"},"image":{"@id":"https:\/\/www.terravision.eu\/pl\/bergamo_dolomites_map.html#primaryimage"},"thumbnailUrl":"https:\/\/www.terravision.eu\/files\/2013\/05\/bergamo.gif","datePublished":"2012-06-13T09:12:04+00:00","dateModified":"2014-09-15T15:47:48+00:00","description":"Podr\u00f3\u017cuj autobusem w Dolomity z lotniska w Bergamo. Znajd\u017a nasze regularne po\u0142\u0105czenia autobusowe w Bergamo. Zobacz nasze przystanki autobusowe na mapie","breadcrumb":{"@id":"https:\/\/www.terravision.eu\/pl\/bergamo_dolomites_map.html#breadcrumb"},"inLanguage":"pl-PL","potentialAction":[{"@type":"ReadAction","target":["https:\/\/www.terravision.eu\/pl\/bergamo_dolomites_map.html"]}]},{"@type":"ImageObject","inLanguage":"pl-PL","@id":"https:\/\/www.terravision.eu\/pl\/bergamo_dolomites_map.html#primaryimage","url":"https:\/\/www.terravision.eu\/files\/2013\/05\/bergamo.gif","contentUrl":"https:\/\/www.terravision.eu\/files\/2013\/05\/bergamo.gif"},{"@type":"BreadcrumbList","@id":"https:\/\/www.terravision.eu\/pl\/bergamo_dolomites_map.html#breadcrumb","itemListElement":[{"@type":"ListItem","position":1,"name":"Home","item":"https:\/\/www.terravision.eu\/pl\/"},{"@type":"ListItem","position":2,"name":"Dolomity Gdzie nas znale\u017a\u0107"}]},{"@type":"WebSite","@id":"https:\/\/www.terravision.eu\/pl\/#website","url":"https:\/\/www.terravision.eu\/pl\/","name":"Terravision Polska","description":"Tanie po\u0142\u0105czenia z\/do g\u0142\u00f3wnych lotnisk w Europie","potentialAction":[{"@type":"SearchAction","target":{"@type":"EntryPoint","urlTemplate":"https:\/\/www.terravision.eu\/pl\/?s={search_term_string}"},"query-input":{"@type":"PropertyValueSpecification","valueRequired":true,"valueName":"search_term_string"}}],"inLanguage":"pl-PL"}]}},"_links":{"self":[{"href":"https:\/\/www.terravision.eu\/pl\/wp-json\/wp\/v2\/pages\/54","targetHints":{"allow":["GET"]}}],"collection":[{"href":"https:\/\/www.terravision.eu\/pl\/wp-json\/wp\/v2\/pages"}],"about":[{"href":"https:\/\/www.terravision.eu\/pl\/wp-json\/wp\/v2\/types\/page"}],"author":[{"embeddable":true,"href":"https:\/\/www.terravision.eu\/pl\/wp-json\/wp\/v2\/users\/1"}],"replies":[{"embeddable":true,"href":"https:\/\/www.terravision.eu\/pl\/wp-json\/wp\/v2\/comments?post=54"}],"version-history":[{"count":1,"href":"https:\/\/www.terravision.eu\/pl\/wp-json\/wp\/v2\/pages\/54\/revisions"}],"predecessor-version":[{"id":14191,"href":"https:\/\/www.terravision.eu\/pl\/wp-json\/wp\/v2\/pages\/54\/revisions\/14191"}],"wp:attachment":[{"href":"https:\/\/www.terravision.eu\/pl\/wp-json\/wp\/v2\/media?parent=54"}],"curies":[{"name":"wp","href":"https:\/\/api.w.org\/{rel}","templated":true}]}}