{"id":58,"date":"2012-06-13T12:29:54","date_gmt":"2012-06-13T12:29:54","guid":{"rendered":"https:\/\/www.terravision.eu\/?page_id=970"},"modified":"2014-09-15T15:53:06","modified_gmt":"2014-09-15T15:53:06","slug":"verona_dolomites_price_timetable","status":"publish","type":"page","link":"https:\/\/www.terravision.eu\/pl\/verona_dolomites_price_timetable.html","title":{"rendered":"Dolomity Cennik i rozk\u0142ad jazdy"},"content":{"rendered":"<div id=\"article-single-price\">\n<div class=\"title\">Lotnisko w Weronie i Dolomity<\/div>\n<div class=\"content\">\u00a0<\/p>\n<table width=\"100%\" cellspacing=\"0\">\n<th><\/th>\n<th>Bilet w jedn\u0105 stron\u0119<\/th>\n<th>Bilet w obie strony<\/th>\n<tbody>\n<tr>\n<td class=\"category\">Osoby doros\u0142e:<\/td>\n<td class=\"oneway bold\">25,00 \u20ac<\/td>\n<td class=\"return bold\">39,00 \u20ac<\/td>\n<\/tr>\n<tr>\n<td class=\"category\">Dzieci<br \/>\n(5 &#8211; 12 lat)<\/td>\n<td class=\"oneway bold\">25,00 \u20ac<\/td>\n<td class=\"return bold\">39,00 \u20ac<\/td>\n<\/tr>\n<td class=\"category\">Ma\u0142e dzieci<br \/>\n(0 &#8211; 4 lata)<\/td>\n<td class=\"oneway bold\">GRATIS<\/td>\n<td class=\"return bold\">GRATIS<\/td>\n<\/tr>\n<\/tbody>\n<\/table>\n<div class=\"shareleft\">udost\u0119pnij<\/div>\n<div class=\"submitprice\"><\/div>\n<\/div>\n<\/div>\n<div id=\"article-single-price\" class=\"timetable\">\n<div class=\"title\">Rozk\u0142ad jazdy<\/div>\n<div class=\"content\">\n<div class=\"single-timetable\"><span class=\"timetablemagenta\">Lotnisko w Bergamo i Dolomity<\/span><span class=\"timetableblack\"><\/span><span class=\"timetablegray\"> <strong>&gt;\u00a0<\/strong><span class=\"timetablemagenta link\"><strong> <a href=\"https:\/\/www.terravision.eu\/files\/2012\/06\/cadenzato_verona_bergamo1.pdf\" target=\"_blank\">Rozk\u0142ad jazdy<\/a><\/strong><br \/>\n<\/span><\/span><\/p>\n<\/div>\n<div class=\"information\">INFORMACJE DODATKOWE Prosz\u0119 wybra\u0107 opcj\u0119 \u201einfant\u201d w przypadku rezerwacji miejsca dla dziecka poni\u017cej 4 roku \u017cycia.<\/div>\n<\/div>\n<\/div>\n","protected":false},"excerpt":{"rendered":"<p>Lotnisko w Weronie i Dolomity \u00a0 Bilet w jedn\u0105 stron\u0119 Bilet w obie strony Osoby doros\u0142e: 25,00 \u20ac 39,00 \u20ac Dzieci (5 &#8211; 12 lat) 25,00 \u20ac 39,00 \u20ac Ma\u0142e dzieci (0 &#8211; 4 lata) GRATIS GRATIS udost\u0119pnij Rozk\u0142ad jazdy Lotnisko w Bergamo i Dolomity &gt;\u00a0 Rozk\u0142ad jazdy INFORMACJE DODATKOWE Prosz\u0119 wybra\u0107 opcj\u0119 \u201einfant\u201d w [&hellip;]<\/p>\n","protected":false},"author":1,"featured_media":0,"parent":0,"menu_order":0,"comment_status":"open","ping_status":"open","template":"","meta":{"footnotes":""},"class_list":["post-58","page","type-page","status-publish","hentry","cities-dolomity"],"yoast_head":"<!-- This site is optimized with the Yoast SEO Premium plugin v24.4 (Yoast SEO v24.4) - https:\/\/yoast.com\/wordpress\/plugins\/seo\/ -->\n<title>Dolomity Cennik i rozk?ad jazdy | Terravision<\/title>\n<meta name=\"description\" content=\"Lotnisko Werona, Dolomity - Rozk\u0142ad jazdy autobus\u00f3w i cennik Autobus z lotniska w Weronie w Dolomity: rozk\u0142ad jazdy, cz\u0119stotliwo\u015b\u0107 transfer\u00f3w, trasy.\" \/>\n<meta name=\"robots\" content=\"index, follow, max-snippet:-1, max-image-preview:large, max-video-preview:-1\" \/>\n<link rel=\"canonical\" href=\"https:\/\/www.terravision.eu\/pl\/verona_dolomites_price_timetable.html\" \/>\n<meta property=\"og:locale\" content=\"pl_PL\" \/>\n<meta property=\"og:type\" content=\"article\" \/>\n<meta property=\"og:title\" content=\"Dolomity Cennik i rozk\u0142ad jazdy\" \/>\n<meta property=\"og:description\" content=\"Lotnisko Werona, Dolomity - Rozk\u0142ad jazdy autobus\u00f3w i cennik Autobus z lotniska w Weronie w Dolomity: rozk\u0142ad jazdy, cz\u0119stotliwo\u015b\u0107 transfer\u00f3w, trasy.\" \/>\n<meta property=\"og:url\" content=\"https:\/\/www.terravision.eu\/pl\/verona_dolomites_price_timetable.html\" \/>\n<meta property=\"og:site_name\" content=\"Terravision Polska\" \/>\n<meta property=\"article:modified_time\" content=\"2014-09-15T15:53:06+00:00\" \/>\n<script type=\"application\/ld+json\" class=\"yoast-schema-graph\">{\"@context\":\"https:\/\/schema.org\",\"@graph\":[{\"@type\":\"WebPage\",\"@id\":\"https:\/\/www.terravision.eu\/pl\/verona_dolomites_price_timetable.html\",\"url\":\"https:\/\/www.terravision.eu\/pl\/verona_dolomites_price_timetable.html\",\"name\":\"Dolomity Cennik i rozk?ad jazdy | Terravision\",\"isPartOf\":{\"@id\":\"https:\/\/www.terravision.eu\/pl\/#website\"},\"datePublished\":\"2012-06-13T12:29:54+00:00\",\"dateModified\":\"2014-09-15T15:53:06+00:00\",\"description\":\"Lotnisko Werona, Dolomity - Rozk\u0142ad jazdy autobus\u00f3w i cennik Autobus z lotniska w Weronie w Dolomity: rozk\u0142ad jazdy, cz\u0119stotliwo\u015b\u0107 transfer\u00f3w, trasy.\",\"breadcrumb\":{\"@id\":\"https:\/\/www.terravision.eu\/pl\/verona_dolomites_price_timetable.html#breadcrumb\"},\"inLanguage\":\"pl-PL\",\"potentialAction\":[{\"@type\":\"ReadAction\",\"target\":[\"https:\/\/www.terravision.eu\/pl\/verona_dolomites_price_timetable.html\"]}]},{\"@type\":\"BreadcrumbList\",\"@id\":\"https:\/\/www.terravision.eu\/pl\/verona_dolomites_price_timetable.html#breadcrumb\",\"itemListElement\":[{\"@type\":\"ListItem\",\"position\":1,\"name\":\"Home\",\"item\":\"https:\/\/www.terravision.eu\/pl\/\"},{\"@type\":\"ListItem\",\"position\":2,\"name\":\"Dolomity Cennik i rozk\u0142ad jazdy\"}]},{\"@type\":\"WebSite\",\"@id\":\"https:\/\/www.terravision.eu\/pl\/#website\",\"url\":\"https:\/\/www.terravision.eu\/pl\/\",\"name\":\"Terravision Polska\",\"description\":\"Tanie po\u0142\u0105czenia z\/do g\u0142\u00f3wnych lotnisk w Europie\",\"potentialAction\":[{\"@type\":\"SearchAction\",\"target\":{\"@type\":\"EntryPoint\",\"urlTemplate\":\"https:\/\/www.terravision.eu\/pl\/?s={search_term_string}\"},\"query-input\":{\"@type\":\"PropertyValueSpecification\",\"valueRequired\":true,\"valueName\":\"search_term_string\"}}],\"inLanguage\":\"pl-PL\"}]}<\/script>\n<!-- \/ Yoast SEO Premium plugin. -->","yoast_head_json":{"title":"Dolomity Cennik i rozk?ad jazdy | Terravision","description":"Lotnisko Werona, Dolomity - Rozk\u0142ad jazdy autobus\u00f3w i cennik Autobus z lotniska w Weronie w Dolomity: rozk\u0142ad jazdy, cz\u0119stotliwo\u015b\u0107 transfer\u00f3w, trasy.","robots":{"index":"index","follow":"follow","max-snippet":"max-snippet:-1","max-image-preview":"max-image-preview:large","max-video-preview":"max-video-preview:-1"},"canonical":"https:\/\/www.terravision.eu\/pl\/verona_dolomites_price_timetable.html","og_locale":"pl_PL","og_type":"article","og_title":"Dolomity Cennik i rozk\u0142ad jazdy","og_description":"Lotnisko Werona, Dolomity - Rozk\u0142ad jazdy autobus\u00f3w i cennik Autobus z lotniska w Weronie w Dolomity: rozk\u0142ad jazdy, cz\u0119stotliwo\u015b\u0107 transfer\u00f3w, trasy.","og_url":"https:\/\/www.terravision.eu\/pl\/verona_dolomites_price_timetable.html","og_site_name":"Terravision Polska","article_modified_time":"2014-09-15T15:53:06+00:00","schema":{"@context":"https:\/\/schema.org","@graph":[{"@type":"WebPage","@id":"https:\/\/www.terravision.eu\/pl\/verona_dolomites_price_timetable.html","url":"https:\/\/www.terravision.eu\/pl\/verona_dolomites_price_timetable.html","name":"Dolomity Cennik i rozk?ad jazdy | Terravision","isPartOf":{"@id":"https:\/\/www.terravision.eu\/pl\/#website"},"datePublished":"2012-06-13T12:29:54+00:00","dateModified":"2014-09-15T15:53:06+00:00","description":"Lotnisko Werona, Dolomity - Rozk\u0142ad jazdy autobus\u00f3w i cennik Autobus z lotniska w Weronie w Dolomity: rozk\u0142ad jazdy, cz\u0119stotliwo\u015b\u0107 transfer\u00f3w, trasy.","breadcrumb":{"@id":"https:\/\/www.terravision.eu\/pl\/verona_dolomites_price_timetable.html#breadcrumb"},"inLanguage":"pl-PL","potentialAction":[{"@type":"ReadAction","target":["https:\/\/www.terravision.eu\/pl\/verona_dolomites_price_timetable.html"]}]},{"@type":"BreadcrumbList","@id":"https:\/\/www.terravision.eu\/pl\/verona_dolomites_price_timetable.html#breadcrumb","itemListElement":[{"@type":"ListItem","position":1,"name":"Home","item":"https:\/\/www.terravision.eu\/pl\/"},{"@type":"ListItem","position":2,"name":"Dolomity Cennik i rozk\u0142ad jazdy"}]},{"@type":"WebSite","@id":"https:\/\/www.terravision.eu\/pl\/#website","url":"https:\/\/www.terravision.eu\/pl\/","name":"Terravision Polska","description":"Tanie po\u0142\u0105czenia z\/do g\u0142\u00f3wnych lotnisk w Europie","potentialAction":[{"@type":"SearchAction","target":{"@type":"EntryPoint","urlTemplate":"https:\/\/www.terravision.eu\/pl\/?s={search_term_string}"},"query-input":{"@type":"PropertyValueSpecification","valueRequired":true,"valueName":"search_term_string"}}],"inLanguage":"pl-PL"}]}},"_links":{"self":[{"href":"https:\/\/www.terravision.eu\/pl\/wp-json\/wp\/v2\/pages\/58","targetHints":{"allow":["GET"]}}],"collection":[{"href":"https:\/\/www.terravision.eu\/pl\/wp-json\/wp\/v2\/pages"}],"about":[{"href":"https:\/\/www.terravision.eu\/pl\/wp-json\/wp\/v2\/types\/page"}],"author":[{"embeddable":true,"href":"https:\/\/www.terravision.eu\/pl\/wp-json\/wp\/v2\/users\/1"}],"replies":[{"embeddable":true,"href":"https:\/\/www.terravision.eu\/pl\/wp-json\/wp\/v2\/comments?post=58"}],"version-history":[{"count":1,"href":"https:\/\/www.terravision.eu\/pl\/wp-json\/wp\/v2\/pages\/58\/revisions"}],"predecessor-version":[{"id":14196,"href":"https:\/\/www.terravision.eu\/pl\/wp-json\/wp\/v2\/pages\/58\/revisions\/14196"}],"wp:attachment":[{"href":"https:\/\/www.terravision.eu\/pl\/wp-json\/wp\/v2\/media?parent=58"}],"curies":[{"name":"wp","href":"https:\/\/api.w.org\/{rel}","templated":true}]}}