{"id":60,"date":"2012-06-13T13:03:01","date_gmt":"2012-06-13T13:03:01","guid":{"rendered":"https:\/\/www.terravision.eu\/?page_id=998"},"modified":"2014-09-15T15:58:15","modified_gmt":"2014-09-15T15:58:15","slug":"dolomites_innsbruck","status":"publish","type":"page","link":"https:\/\/www.terravision.eu\/pl\/dolomites_innsbruck.html","title":{"rendered":"Autobus: Lotnisko Innsbruck &#8211; Dolomity"},"content":{"rendered":"<div id=\"article-single-airport\">\n<div class=\"title\">\n<h2 style=\"font-size:18px;font-weight:normal\">Autobus z lotniska Innsbruck Kranebitten w <span class=\"strong\">Dolomity<\/span><\/h2>\n<\/div>\n<div class=\"content\">\nWe wsp\u00f3\u0142pracy z SudTirol.<\/p>\n<p>Czas na narty w Alpach? Terravision zabierze Ci\u0119 z lotniska w Innsbrucku do wybranego przez Ciebie miejsca w Dolomitach!<\/p>\n<p>Dost\u0119pne trasy:<span class=\"routes\">Autobus z lotniska Innsbruck Kranebitten w Dolomity<\/span><\/p>\n<p><span class=\"light\">Czas podr\u00f3\u017cy: 1 godz. 40 min.<\/span><\/p>\n<table>\n<tbody>\n<tr>\n<div class=\"line\">\n<div class=\"direction-1-7\">Lotnisko Innsbruck<\/div>\n<div class=\"direction-2-7\">Vipiteno<\/div>\n<div class=\"direction-3-7\">Varna<\/div>\n<div class=\"direction-4-7\">Chiusa<\/div>\n<\/div>\n<div class=\"line\">\n<div class=\"direction-5-7\">Ortisei<\/div>\n<div class=\"direction-6-7\">St Cristina<\/div>\n<div class=\"direction-7-7\">Selva <\/br>val gardena<\/div>\n<\/div>\n<\/tr>\n<\/tbody>\n<\/table>\n<p><span class=\"routes\">Autobus z Varna do Dobbiaco przez Brunico<\/span><\/p>\n<p><span class=\"light\">Czas podr\u00f3\u017cy: 50 min<\/span><\/p>\n<table>\n<tbody>\n<tr>\n<td class=\"direction-1-3\">Varna<\/td>\n<td class=\"direction-2-3\">Brunico\n<\/td>\n<td class=\"direction-3-3\">Dobbiaco\n<\/td>\n<\/tr>\n<\/tbody>\n<\/table>\n<\/div>\n<\/div>\n<div style=\"overflow: hidden;float: right;height: 150px\">\n<div class=\"content-right 1\">\n<span class=\"price\">25<\/span><span class=\"valuta\"> \u20ac<\/span><\/div>\n<\/div>\n<div class=\"information\"><strong>Us\u0142uga czasowo zawieszona.<\/strong><\/div>\n","protected":false},"excerpt":{"rendered":"<p>Autobus z lotniska Innsbruck Kranebitten w Dolomity We wsp\u00f3\u0142pracy z SudTirol. Czas na narty w Alpach? Terravision zabierze Ci\u0119 z lotniska w Innsbrucku do wybranego przez Ciebie miejsca w Dolomitach! Dost\u0119pne trasy:Autobus z lotniska Innsbruck Kranebitten w Dolomity Czas podr\u00f3\u017cy: 1 godz. 40 min. Lotnisko Innsbruck Vipiteno Varna Chiusa Ortisei St Cristina Selva val gardena [&hellip;]<\/p>\n","protected":false},"author":1,"featured_media":0,"parent":0,"menu_order":0,"comment_status":"open","ping_status":"open","template":"","meta":{"footnotes":""},"class_list":["post-60","page","type-page","status-publish","hentry","cities-dolomity"],"yoast_head":"<!-- This site is optimized with the Yoast SEO Premium plugin v24.4 (Yoast SEO v24.4) - https:\/\/yoast.com\/wordpress\/plugins\/seo\/ -->\n<title>Autobus: Lotnisko Innsbruck - Dolomity | Terravision<\/title>\n<meta name=\"description\" content=\"Autobus z lotniska w Innsbrucku w Dolomity ju\u017c od 25 \u20ac. Tani autobus z lotniska w Innsbrucku do miejscowo\u015bci: Ortisei, Selva Val Gardena, St Cristina\" \/>\n<meta name=\"robots\" content=\"index, follow, max-snippet:-1, max-image-preview:large, max-video-preview:-1\" \/>\n<link rel=\"canonical\" href=\"https:\/\/www.terravision.eu\/pl\/dolomites_innsbruck.html\" \/>\n<meta property=\"og:locale\" content=\"pl_PL\" \/>\n<meta property=\"og:type\" content=\"article\" \/>\n<meta property=\"og:title\" content=\"Autobus: Lotnisko Innsbruck - Dolomity\" \/>\n<meta property=\"og:description\" content=\"Autobus z lotniska w Innsbrucku w Dolomity ju\u017c od 25 \u20ac. Tani autobus z lotniska w Innsbrucku do miejscowo\u015bci: Ortisei, Selva Val Gardena, St Cristina\" \/>\n<meta property=\"og:url\" content=\"https:\/\/www.terravision.eu\/pl\/dolomites_innsbruck.html\" \/>\n<meta property=\"og:site_name\" content=\"Terravision Polska\" \/>\n<meta property=\"article:modified_time\" content=\"2014-09-15T15:58:15+00:00\" \/>\n<script type=\"application\/ld+json\" class=\"yoast-schema-graph\">{\"@context\":\"https:\/\/schema.org\",\"@graph\":[{\"@type\":\"WebPage\",\"@id\":\"https:\/\/www.terravision.eu\/pl\/dolomites_innsbruck.html\",\"url\":\"https:\/\/www.terravision.eu\/pl\/dolomites_innsbruck.html\",\"name\":\"Autobus: Lotnisko Innsbruck - Dolomity | Terravision\",\"isPartOf\":{\"@id\":\"https:\/\/www.terravision.eu\/pl\/#website\"},\"datePublished\":\"2012-06-13T13:03:01+00:00\",\"dateModified\":\"2014-09-15T15:58:15+00:00\",\"description\":\"Autobus z lotniska w Innsbrucku w Dolomity ju\u017c od 25 \u20ac. Tani autobus z lotniska w Innsbrucku do miejscowo\u015bci: Ortisei, Selva Val Gardena, St Cristina\",\"breadcrumb\":{\"@id\":\"https:\/\/www.terravision.eu\/pl\/dolomites_innsbruck.html#breadcrumb\"},\"inLanguage\":\"pl-PL\",\"potentialAction\":[{\"@type\":\"ReadAction\",\"target\":[\"https:\/\/www.terravision.eu\/pl\/dolomites_innsbruck.html\"]}]},{\"@type\":\"BreadcrumbList\",\"@id\":\"https:\/\/www.terravision.eu\/pl\/dolomites_innsbruck.html#breadcrumb\",\"itemListElement\":[{\"@type\":\"ListItem\",\"position\":1,\"name\":\"Home\",\"item\":\"https:\/\/www.terravision.eu\/pl\/\"},{\"@type\":\"ListItem\",\"position\":2,\"name\":\"Autobus: Lotnisko Innsbruck &#8211; Dolomity\"}]},{\"@type\":\"WebSite\",\"@id\":\"https:\/\/www.terravision.eu\/pl\/#website\",\"url\":\"https:\/\/www.terravision.eu\/pl\/\",\"name\":\"Terravision Polska\",\"description\":\"Tanie po\u0142\u0105czenia z\/do g\u0142\u00f3wnych lotnisk w Europie\",\"potentialAction\":[{\"@type\":\"SearchAction\",\"target\":{\"@type\":\"EntryPoint\",\"urlTemplate\":\"https:\/\/www.terravision.eu\/pl\/?s={search_term_string}\"},\"query-input\":{\"@type\":\"PropertyValueSpecification\",\"valueRequired\":true,\"valueName\":\"search_term_string\"}}],\"inLanguage\":\"pl-PL\"}]}<\/script>\n<!-- \/ Yoast SEO Premium plugin. -->","yoast_head_json":{"title":"Autobus: Lotnisko Innsbruck - Dolomity | Terravision","description":"Autobus z lotniska w Innsbrucku w Dolomity ju\u017c od 25 \u20ac. Tani autobus z lotniska w Innsbrucku do miejscowo\u015bci: Ortisei, Selva Val Gardena, St Cristina","robots":{"index":"index","follow":"follow","max-snippet":"max-snippet:-1","max-image-preview":"max-image-preview:large","max-video-preview":"max-video-preview:-1"},"canonical":"https:\/\/www.terravision.eu\/pl\/dolomites_innsbruck.html","og_locale":"pl_PL","og_type":"article","og_title":"Autobus: Lotnisko Innsbruck - Dolomity","og_description":"Autobus z lotniska w Innsbrucku w Dolomity ju\u017c od 25 \u20ac. Tani autobus z lotniska w Innsbrucku do miejscowo\u015bci: Ortisei, Selva Val Gardena, St Cristina","og_url":"https:\/\/www.terravision.eu\/pl\/dolomites_innsbruck.html","og_site_name":"Terravision Polska","article_modified_time":"2014-09-15T15:58:15+00:00","schema":{"@context":"https:\/\/schema.org","@graph":[{"@type":"WebPage","@id":"https:\/\/www.terravision.eu\/pl\/dolomites_innsbruck.html","url":"https:\/\/www.terravision.eu\/pl\/dolomites_innsbruck.html","name":"Autobus: Lotnisko Innsbruck - Dolomity | Terravision","isPartOf":{"@id":"https:\/\/www.terravision.eu\/pl\/#website"},"datePublished":"2012-06-13T13:03:01+00:00","dateModified":"2014-09-15T15:58:15+00:00","description":"Autobus z lotniska w Innsbrucku w Dolomity ju\u017c od 25 \u20ac. Tani autobus z lotniska w Innsbrucku do miejscowo\u015bci: Ortisei, Selva Val Gardena, St Cristina","breadcrumb":{"@id":"https:\/\/www.terravision.eu\/pl\/dolomites_innsbruck.html#breadcrumb"},"inLanguage":"pl-PL","potentialAction":[{"@type":"ReadAction","target":["https:\/\/www.terravision.eu\/pl\/dolomites_innsbruck.html"]}]},{"@type":"BreadcrumbList","@id":"https:\/\/www.terravision.eu\/pl\/dolomites_innsbruck.html#breadcrumb","itemListElement":[{"@type":"ListItem","position":1,"name":"Home","item":"https:\/\/www.terravision.eu\/pl\/"},{"@type":"ListItem","position":2,"name":"Autobus: Lotnisko Innsbruck &#8211; Dolomity"}]},{"@type":"WebSite","@id":"https:\/\/www.terravision.eu\/pl\/#website","url":"https:\/\/www.terravision.eu\/pl\/","name":"Terravision Polska","description":"Tanie po\u0142\u0105czenia z\/do g\u0142\u00f3wnych lotnisk w Europie","potentialAction":[{"@type":"SearchAction","target":{"@type":"EntryPoint","urlTemplate":"https:\/\/www.terravision.eu\/pl\/?s={search_term_string}"},"query-input":{"@type":"PropertyValueSpecification","valueRequired":true,"valueName":"search_term_string"}}],"inLanguage":"pl-PL"}]}},"_links":{"self":[{"href":"https:\/\/www.terravision.eu\/pl\/wp-json\/wp\/v2\/pages\/60","targetHints":{"allow":["GET"]}}],"collection":[{"href":"https:\/\/www.terravision.eu\/pl\/wp-json\/wp\/v2\/pages"}],"about":[{"href":"https:\/\/www.terravision.eu\/pl\/wp-json\/wp\/v2\/types\/page"}],"author":[{"embeddable":true,"href":"https:\/\/www.terravision.eu\/pl\/wp-json\/wp\/v2\/users\/1"}],"replies":[{"embeddable":true,"href":"https:\/\/www.terravision.eu\/pl\/wp-json\/wp\/v2\/comments?post=60"}],"version-history":[{"count":1,"href":"https:\/\/www.terravision.eu\/pl\/wp-json\/wp\/v2\/pages\/60\/revisions"}],"predecessor-version":[{"id":14202,"href":"https:\/\/www.terravision.eu\/pl\/wp-json\/wp\/v2\/pages\/60\/revisions\/14202"}],"wp:attachment":[{"href":"https:\/\/www.terravision.eu\/pl\/wp-json\/wp\/v2\/media?parent=60"}],"curies":[{"name":"wp","href":"https:\/\/api.w.org\/{rel}","templated":true}]}}