{"id":6051,"date":"2012-10-08T15:13:33","date_gmt":"2012-10-08T15:13:33","guid":{"rendered":"https:\/\/www.terravision.eu\/inglese\/?page_id=6051"},"modified":"2012-10-08T15:13:33","modified_gmt":"2012-10-08T15:13:33","slug":"copy-bergamo-boarding-info","status":"publish","type":"page","link":"https:\/\/www.terravision.eu\/pl\/copy-bergamo-boarding-info.html","title":{"rendered":"Kopia Bergamo Informacje o transferach"},"content":{"rendered":"<div id=\"article-single\"><strong><span class=\"sep-1\">1<\/span> <span class=\"magenta-title\">Zarezerwuj bilety<\/span><\/strong><br \/>\nINFORMACJE DODATKOWE W przypadku zakupu bilet\u00f3w z miasta na lotnisko linie lotnicze zalecaj\u0105, aby pojawi\u0107 si\u0119 na lotnisku co najmniej na 2 godziny przed planowanym odlotem.<br \/>\n<strong><br \/>\n<span class=\"sep-1\">2<\/span> <span class=\"magenta-title\">Zarz\u0105dzaj swoj\u0105 rezerwacj\u0105<\/span><\/strong><br \/>\nPrzy u\u017cyciu swojej nazwy u\u017cytkownika i has\u0142a mo\u017cna zalogowa\u0107 si\u0119 w dowolnej chwili w celu sprawdzenia lub zmiany rezerwacji. W razie jakichkolwiek pyta\u0144 prosimy o kontakt za pomoc\u0105 formularza \u201eNowe zapytanie\u201d znajduj\u0105cego si\u0119 na Twoim koncie.<\/p>\n<p><strong><span class=\"sep-1\">3<\/span> <span class=\"magenta-title\">Wydrukuj sw\u00f3j bilet<\/span><\/strong><\/p>\n<p><strong><span class=\"sep-1\">4<\/span> <span class=\"magenta-title\">Poka\u017c sw\u00f3j bilet pracownikom naszej firmy na przystanku autobusowym<\/span><\/strong><\/p>\n<p><strong><span class=\"sep-1\">5<\/span> <span class=\"magenta-title\">Wejd\u017a na pok\u0142ad autobusu. \u017byczymy szcz\u0119\u015bliwej podr\u00f3\u017cy!<\/span><\/strong><\/p>\n<div class=\"information\">Na przystanku nale\u017cy pojawi\u0107 si\u0119 na 15 minut przed planowanym odjazdem. Podczas oczekiwania na autobus nie nale\u017cy pozostawia\u0107 baga\u017cu bez opieki.<br \/>\nMapy i informacje o naszych przystankach autobusowych znajduj\u0105 si\u0119 pod odno\u015bnikiem &#8220;<a href=\"https:\/\/www.terravision.eu\/inglese\/milan_bergamo_map-html\/\">Gdzie nas znale\u017a\u0107<\/a>&#8220;.<\/div>\n<\/div>\n","protected":false},"excerpt":{"rendered":"<p>1 Zarezerwuj bilety INFORMACJE DODATKOWE W przypadku zakupu bilet\u00f3w z miasta na lotnisko linie lotnicze zalecaj\u0105, aby pojawi\u0107 si\u0119 na lotnisku co najmniej na 2 godziny przed planowanym odlotem. 2 Zarz\u0105dzaj swoj\u0105 rezerwacj\u0105 Przy u\u017cyciu swojej nazwy u\u017cytkownika i has\u0142a mo\u017cna zalogowa\u0107 si\u0119 w dowolnej chwili w celu sprawdzenia lub zmiany rezerwacji. W razie jakichkolwiek [&hellip;]<\/p>\n","protected":false},"author":1,"featured_media":0,"parent":0,"menu_order":0,"comment_status":"open","ping_status":"open","template":"","meta":{"footnotes":""},"class_list":["post-6051","page","type-page","status-publish","hentry"],"yoast_head":"<!-- This site is optimized with the Yoast SEO Premium plugin v24.4 (Yoast SEO v24.4) - https:\/\/yoast.com\/wordpress\/plugins\/seo\/ -->\n<title>Kopia Bergamo Informacje o transferach | Terravision<\/title>\n<meta name=\"description\" content=\"Przyloty na lotnisko w Bergamo - Informacje o transferach Na lotnisku w Bergamo nale\u017cy pojawi\u0107 si\u0119 na 15 minut przed planowanym odjazdem.\" \/>\n<meta name=\"robots\" content=\"index, follow, max-snippet:-1, max-image-preview:large, max-video-preview:-1\" \/>\n<link rel=\"canonical\" href=\"https:\/\/www.terravision.eu\/pl\/copy-bergamo-boarding-info.html\" \/>\n<meta property=\"og:locale\" content=\"pl_PL\" \/>\n<meta property=\"og:type\" content=\"article\" \/>\n<meta property=\"og:title\" content=\"Kopia Bergamo Informacje o transferach\" \/>\n<meta property=\"og:description\" content=\"Przyloty na lotnisko w Bergamo - Informacje o transferach Na lotnisku w Bergamo nale\u017cy pojawi\u0107 si\u0119 na 15 minut przed planowanym odjazdem.\" \/>\n<meta property=\"og:url\" content=\"https:\/\/www.terravision.eu\/pl\/copy-bergamo-boarding-info.html\" \/>\n<meta property=\"og:site_name\" content=\"Terravision Polska\" \/>\n<meta name=\"twitter:label1\" content=\"Szacowany czas czytania\" \/>\n\t<meta name=\"twitter:data1\" content=\"1 minute\" \/>\n<script type=\"application\/ld+json\" class=\"yoast-schema-graph\">{\"@context\":\"https:\/\/schema.org\",\"@graph\":[{\"@type\":\"WebPage\",\"@id\":\"https:\/\/www.terravision.eu\/pl\/copy-bergamo-boarding-info.html\",\"url\":\"https:\/\/www.terravision.eu\/pl\/copy-bergamo-boarding-info.html\",\"name\":\"Kopia Bergamo Informacje o transferach | Terravision\",\"isPartOf\":{\"@id\":\"https:\/\/www.terravision.eu\/pl\/#website\"},\"datePublished\":\"2012-10-08T15:13:33+00:00\",\"description\":\"Przyloty na lotnisko w Bergamo - Informacje o transferach Na lotnisku w Bergamo nale\u017cy pojawi\u0107 si\u0119 na 15 minut przed planowanym odjazdem.\",\"breadcrumb\":{\"@id\":\"https:\/\/www.terravision.eu\/pl\/copy-bergamo-boarding-info.html#breadcrumb\"},\"inLanguage\":\"pl-PL\",\"potentialAction\":[{\"@type\":\"ReadAction\",\"target\":[\"https:\/\/www.terravision.eu\/pl\/copy-bergamo-boarding-info.html\"]}]},{\"@type\":\"BreadcrumbList\",\"@id\":\"https:\/\/www.terravision.eu\/pl\/copy-bergamo-boarding-info.html#breadcrumb\",\"itemListElement\":[{\"@type\":\"ListItem\",\"position\":1,\"name\":\"Home\",\"item\":\"https:\/\/www.terravision.eu\/pl\/\"},{\"@type\":\"ListItem\",\"position\":2,\"name\":\"Kopia Bergamo Informacje o transferach\"}]},{\"@type\":\"WebSite\",\"@id\":\"https:\/\/www.terravision.eu\/pl\/#website\",\"url\":\"https:\/\/www.terravision.eu\/pl\/\",\"name\":\"Terravision Polska\",\"description\":\"Tanie po\u0142\u0105czenia z\/do g\u0142\u00f3wnych lotnisk w Europie\",\"potentialAction\":[{\"@type\":\"SearchAction\",\"target\":{\"@type\":\"EntryPoint\",\"urlTemplate\":\"https:\/\/www.terravision.eu\/pl\/?s={search_term_string}\"},\"query-input\":{\"@type\":\"PropertyValueSpecification\",\"valueRequired\":true,\"valueName\":\"search_term_string\"}}],\"inLanguage\":\"pl-PL\"}]}<\/script>\n<!-- \/ Yoast SEO Premium plugin. -->","yoast_head_json":{"title":"Kopia Bergamo Informacje o transferach | Terravision","description":"Przyloty na lotnisko w Bergamo - Informacje o transferach Na lotnisku w Bergamo nale\u017cy pojawi\u0107 si\u0119 na 15 minut przed planowanym odjazdem.","robots":{"index":"index","follow":"follow","max-snippet":"max-snippet:-1","max-image-preview":"max-image-preview:large","max-video-preview":"max-video-preview:-1"},"canonical":"https:\/\/www.terravision.eu\/pl\/copy-bergamo-boarding-info.html","og_locale":"pl_PL","og_type":"article","og_title":"Kopia Bergamo Informacje o transferach","og_description":"Przyloty na lotnisko w Bergamo - Informacje o transferach Na lotnisku w Bergamo nale\u017cy pojawi\u0107 si\u0119 na 15 minut przed planowanym odjazdem.","og_url":"https:\/\/www.terravision.eu\/pl\/copy-bergamo-boarding-info.html","og_site_name":"Terravision Polska","twitter_misc":{"Szacowany czas czytania":"1 minute"},"schema":{"@context":"https:\/\/schema.org","@graph":[{"@type":"WebPage","@id":"https:\/\/www.terravision.eu\/pl\/copy-bergamo-boarding-info.html","url":"https:\/\/www.terravision.eu\/pl\/copy-bergamo-boarding-info.html","name":"Kopia Bergamo Informacje o transferach | Terravision","isPartOf":{"@id":"https:\/\/www.terravision.eu\/pl\/#website"},"datePublished":"2012-10-08T15:13:33+00:00","description":"Przyloty na lotnisko w Bergamo - Informacje o transferach Na lotnisku w Bergamo nale\u017cy pojawi\u0107 si\u0119 na 15 minut przed planowanym odjazdem.","breadcrumb":{"@id":"https:\/\/www.terravision.eu\/pl\/copy-bergamo-boarding-info.html#breadcrumb"},"inLanguage":"pl-PL","potentialAction":[{"@type":"ReadAction","target":["https:\/\/www.terravision.eu\/pl\/copy-bergamo-boarding-info.html"]}]},{"@type":"BreadcrumbList","@id":"https:\/\/www.terravision.eu\/pl\/copy-bergamo-boarding-info.html#breadcrumb","itemListElement":[{"@type":"ListItem","position":1,"name":"Home","item":"https:\/\/www.terravision.eu\/pl\/"},{"@type":"ListItem","position":2,"name":"Kopia Bergamo Informacje o transferach"}]},{"@type":"WebSite","@id":"https:\/\/www.terravision.eu\/pl\/#website","url":"https:\/\/www.terravision.eu\/pl\/","name":"Terravision Polska","description":"Tanie po\u0142\u0105czenia z\/do g\u0142\u00f3wnych lotnisk w Europie","potentialAction":[{"@type":"SearchAction","target":{"@type":"EntryPoint","urlTemplate":"https:\/\/www.terravision.eu\/pl\/?s={search_term_string}"},"query-input":{"@type":"PropertyValueSpecification","valueRequired":true,"valueName":"search_term_string"}}],"inLanguage":"pl-PL"}]}},"_links":{"self":[{"href":"https:\/\/www.terravision.eu\/pl\/wp-json\/wp\/v2\/pages\/6051","targetHints":{"allow":["GET"]}}],"collection":[{"href":"https:\/\/www.terravision.eu\/pl\/wp-json\/wp\/v2\/pages"}],"about":[{"href":"https:\/\/www.terravision.eu\/pl\/wp-json\/wp\/v2\/types\/page"}],"author":[{"embeddable":true,"href":"https:\/\/www.terravision.eu\/pl\/wp-json\/wp\/v2\/users\/1"}],"replies":[{"embeddable":true,"href":"https:\/\/www.terravision.eu\/pl\/wp-json\/wp\/v2\/comments?post=6051"}],"version-history":[{"count":0,"href":"https:\/\/www.terravision.eu\/pl\/wp-json\/wp\/v2\/pages\/6051\/revisions"}],"wp:attachment":[{"href":"https:\/\/www.terravision.eu\/pl\/wp-json\/wp\/v2\/media?parent=6051"}],"curies":[{"name":"wp","href":"https:\/\/api.w.org\/{rel}","templated":true}]}}