{"id":6053,"date":"2012-10-08T15:15:44","date_gmt":"2012-10-08T15:15:44","guid":{"rendered":"https:\/\/www.terravision.eu\/inglese\/?page_id=6053"},"modified":"2012-10-08T15:15:44","modified_gmt":"2012-10-08T15:15:44","slug":"copy-bergamo-how-book","status":"publish","type":"page","link":"https:\/\/www.terravision.eu\/pl\/copy-bergamo-how-book.html","title":{"rendered":"Kopia Bergamo Jak rezerwowa\u0107"},"content":{"rendered":"<div id=\"article-single\">\n<p><strong><span class=\"sep-1\">1<\/span> <span class=\"magenta-title\">Wprowad\u017a wszystkie informacje do systemu rezerwacji<\/span><\/strong><br \/>\nWybierz odpowiednie dane dotycz\u0105ce daty i godziny odjazdu lub przyjazdu, liczby pasa\u017cer\u00f3w, a nast\u0119pnie kliknij \u201eZarezerwuj teraz\u201d.<\/p>\n<p><strong><span class=\"sep-1\">2<\/span> <span class=\"magenta-title\">Wybierz transfer<\/span><\/strong><br \/>\nWybierz dok\u0142adn\u0105 godzin\u0119 odjazdu autobusu.<\/p>\n<p><strong><span class=\"sep-1\">3<\/span> <span class=\"magenta-title\">Dodaj produkty powi\u0105zane, aby w pe\u0142ni cieszy\u0107 si\u0119 TerraExperience<\/span><\/strong><br \/>\nZwiedzanie miasta, oferta Terracaf\u00e8 (w tym gotowe posi\u0142ki na wynos i wiele wi\u0119cej!) oraz tanie miejsca parkingowe dzi\u0119ki us\u0142udze Parking Low Cost (lotniska w Rzymie: Ciampino i Fiumicino).<\/p>\n<p><strong><span class=\"sep-1\">4<\/span> <span class=\"magenta-title\">Przejd\u017a do rezerwacji<\/span><\/strong><br \/>\nPodaj swoje dane osobowe lub zaloguj si\u0119 za pomoc\u0105 konta na Facebooku. Twoje konto zostanie utworzone automatycznie. Je\u015bli jeste\u015b ju\u017c zarejestrowanym u\u017cytkownikiem, wpisz sw\u00f3j login i has\u0142o.<\/p>\n<p><strong><span class=\"sep-1\">5<\/span> <span class=\"magenta-title\">Przejd\u017a do p\u0142atno\u015bci<\/span><\/strong><br \/>\nMo\u017cesz dokona\u0107 p\u0142atno\u015bci za pomoc\u0105 karty kredytowej (Visa, MasterCard) lub przez system PayPal.<\/p>\n<p><strong><span class=\"sep-1\">6<\/span> <span class=\"magenta-title\">Zarz\u0105dzaj swoj\u0105 rezerwacj\u0105<\/span><\/strong><br \/>\nW ka\u017cdej chwili mo\u017cesz wej\u015b\u0107 na swoje konto, aby zarz\u0105dza\u0107 rezerwacjami: sprawdza\u0107 ich szczeg\u00f3\u0142y, w razie potrzeby zmodyfikowa\u0107 bilety lub skontaktowa\u0107 si\u0119 z nami. W przypadku jakichkolwiek pyta\u0144 zwi\u0105zanych z rezerwacjami prosimy o kontakt za pomoc\u0105 formularza \u201eNowe zapytanie\u201d znajduj\u0105cego si\u0119 na Twoim koncie.<\/p>\n<p><strong><span class=\"sep-1\">7<\/span> <span class=\"magenta-title\">Wydrukuj swoje bilety. \u017byczymy szcz\u0119\u015bliwej podr\u00f3\u017cy!<\/span><\/strong><\/p>\n<div class=\"information\"><strong>UWAGA! Bilety mo\u017cna rezerwowa\u0107 najp\u00f3\u017aniej na 12 godzin przed wyjazdem.<\/strong><br \/>\nAby skorzysta\u0107 z transferu autobusowego w ci\u0105gu kolejnych 12 godzin, mo\u017cna zakupi\u0107 bilety w nast\u0119puj\u0105cych miejscach: punkt sprzeda\u017cy Terravision, przystanki autobusowe Terravision.<\/div>\n<\/div>\n","protected":false},"excerpt":{"rendered":"<p>1 Wprowad\u017a wszystkie informacje do systemu rezerwacji Wybierz odpowiednie dane dotycz\u0105ce daty i godziny odjazdu lub przyjazdu, liczby pasa\u017cer\u00f3w, a nast\u0119pnie kliknij \u201eZarezerwuj teraz\u201d. 2 Wybierz transfer Wybierz dok\u0142adn\u0105 godzin\u0119 odjazdu autobusu. 3 Dodaj produkty powi\u0105zane, aby w pe\u0142ni cieszy\u0107 si\u0119 TerraExperience Zwiedzanie miasta, oferta Terracaf\u00e8 (w tym gotowe posi\u0142ki na wynos i wiele wi\u0119cej!) [&hellip;]<\/p>\n","protected":false},"author":1,"featured_media":0,"parent":0,"menu_order":0,"comment_status":"open","ping_status":"open","template":"","meta":{"footnotes":""},"class_list":["post-6053","page","type-page","status-publish","hentry"],"yoast_head":"<!-- This site is optimized with the Yoast SEO Premium plugin v24.4 (Yoast SEO v24.4) - https:\/\/yoast.com\/wordpress\/plugins\/seo\/ -->\n<title>Kopia Bergamo Jak rezerwowa? | Terravision<\/title>\n<meta name=\"description\" content=\"Lotnisko w Bergamo - bilety na transfery - transfery z i na lotnisko w Bergamo. Wybierz sw\u00f3j transfer i kup bilet online w 4 prostych krokach.\" \/>\n<meta name=\"robots\" content=\"index, follow, max-snippet:-1, max-image-preview:large, max-video-preview:-1\" \/>\n<link rel=\"canonical\" href=\"https:\/\/www.terravision.eu\/pl\/copy-bergamo-how-book.html\" \/>\n<meta property=\"og:locale\" content=\"pl_PL\" \/>\n<meta property=\"og:type\" content=\"article\" \/>\n<meta property=\"og:title\" content=\"Kopia Bergamo Jak rezerwowa\u0107\" \/>\n<meta property=\"og:description\" content=\"Lotnisko w Bergamo - bilety na transfery - transfery z i na lotnisko w Bergamo. Wybierz sw\u00f3j transfer i kup bilet online w 4 prostych krokach.\" \/>\n<meta property=\"og:url\" content=\"https:\/\/www.terravision.eu\/pl\/copy-bergamo-how-book.html\" \/>\n<meta property=\"og:site_name\" content=\"Terravision Polska\" \/>\n<meta name=\"twitter:label1\" content=\"Est. reading time\" \/>\n\t<meta name=\"twitter:data1\" content=\"1 minute\" \/>\n<script type=\"application\/ld+json\" class=\"yoast-schema-graph\">{\"@context\":\"https:\/\/schema.org\",\"@graph\":[{\"@type\":\"WebPage\",\"@id\":\"https:\/\/www.terravision.eu\/pl\/copy-bergamo-how-book.html\",\"url\":\"https:\/\/www.terravision.eu\/pl\/copy-bergamo-how-book.html\",\"name\":\"Kopia Bergamo Jak rezerwowa? | Terravision\",\"isPartOf\":{\"@id\":\"https:\/\/www.terravision.eu\/pl\/#website\"},\"datePublished\":\"2012-10-08T15:15:44+00:00\",\"description\":\"Lotnisko w Bergamo - bilety na transfery - transfery z i na lotnisko w Bergamo. Wybierz sw\u00f3j transfer i kup bilet online w 4 prostych krokach.\",\"breadcrumb\":{\"@id\":\"https:\/\/www.terravision.eu\/pl\/copy-bergamo-how-book.html#breadcrumb\"},\"inLanguage\":\"pl-PL\",\"potentialAction\":[{\"@type\":\"ReadAction\",\"target\":[\"https:\/\/www.terravision.eu\/pl\/copy-bergamo-how-book.html\"]}]},{\"@type\":\"BreadcrumbList\",\"@id\":\"https:\/\/www.terravision.eu\/pl\/copy-bergamo-how-book.html#breadcrumb\",\"itemListElement\":[{\"@type\":\"ListItem\",\"position\":1,\"name\":\"Home\",\"item\":\"https:\/\/www.terravision.eu\/pl\/\"},{\"@type\":\"ListItem\",\"position\":2,\"name\":\"Kopia Bergamo Jak rezerwowa\u0107\"}]},{\"@type\":\"WebSite\",\"@id\":\"https:\/\/www.terravision.eu\/pl\/#website\",\"url\":\"https:\/\/www.terravision.eu\/pl\/\",\"name\":\"Terravision Polska\",\"description\":\"Tanie po\u0142\u0105czenia z\/do g\u0142\u00f3wnych lotnisk w Europie\",\"potentialAction\":[{\"@type\":\"SearchAction\",\"target\":{\"@type\":\"EntryPoint\",\"urlTemplate\":\"https:\/\/www.terravision.eu\/pl\/?s={search_term_string}\"},\"query-input\":{\"@type\":\"PropertyValueSpecification\",\"valueRequired\":true,\"valueName\":\"search_term_string\"}}],\"inLanguage\":\"pl-PL\"}]}<\/script>\n<!-- \/ Yoast SEO Premium plugin. -->","yoast_head_json":{"title":"Kopia Bergamo Jak rezerwowa? | Terravision","description":"Lotnisko w Bergamo - bilety na transfery - transfery z i na lotnisko w Bergamo. Wybierz sw\u00f3j transfer i kup bilet online w 4 prostych krokach.","robots":{"index":"index","follow":"follow","max-snippet":"max-snippet:-1","max-image-preview":"max-image-preview:large","max-video-preview":"max-video-preview:-1"},"canonical":"https:\/\/www.terravision.eu\/pl\/copy-bergamo-how-book.html","og_locale":"pl_PL","og_type":"article","og_title":"Kopia Bergamo Jak rezerwowa\u0107","og_description":"Lotnisko w Bergamo - bilety na transfery - transfery z i na lotnisko w Bergamo. Wybierz sw\u00f3j transfer i kup bilet online w 4 prostych krokach.","og_url":"https:\/\/www.terravision.eu\/pl\/copy-bergamo-how-book.html","og_site_name":"Terravision Polska","twitter_misc":{"Est. reading time":"1 minute"},"schema":{"@context":"https:\/\/schema.org","@graph":[{"@type":"WebPage","@id":"https:\/\/www.terravision.eu\/pl\/copy-bergamo-how-book.html","url":"https:\/\/www.terravision.eu\/pl\/copy-bergamo-how-book.html","name":"Kopia Bergamo Jak rezerwowa? | Terravision","isPartOf":{"@id":"https:\/\/www.terravision.eu\/pl\/#website"},"datePublished":"2012-10-08T15:15:44+00:00","description":"Lotnisko w Bergamo - bilety na transfery - transfery z i na lotnisko w Bergamo. Wybierz sw\u00f3j transfer i kup bilet online w 4 prostych krokach.","breadcrumb":{"@id":"https:\/\/www.terravision.eu\/pl\/copy-bergamo-how-book.html#breadcrumb"},"inLanguage":"pl-PL","potentialAction":[{"@type":"ReadAction","target":["https:\/\/www.terravision.eu\/pl\/copy-bergamo-how-book.html"]}]},{"@type":"BreadcrumbList","@id":"https:\/\/www.terravision.eu\/pl\/copy-bergamo-how-book.html#breadcrumb","itemListElement":[{"@type":"ListItem","position":1,"name":"Home","item":"https:\/\/www.terravision.eu\/pl\/"},{"@type":"ListItem","position":2,"name":"Kopia Bergamo Jak rezerwowa\u0107"}]},{"@type":"WebSite","@id":"https:\/\/www.terravision.eu\/pl\/#website","url":"https:\/\/www.terravision.eu\/pl\/","name":"Terravision Polska","description":"Tanie po\u0142\u0105czenia z\/do g\u0142\u00f3wnych lotnisk w Europie","potentialAction":[{"@type":"SearchAction","target":{"@type":"EntryPoint","urlTemplate":"https:\/\/www.terravision.eu\/pl\/?s={search_term_string}"},"query-input":{"@type":"PropertyValueSpecification","valueRequired":true,"valueName":"search_term_string"}}],"inLanguage":"pl-PL"}]}},"_links":{"self":[{"href":"https:\/\/www.terravision.eu\/pl\/wp-json\/wp\/v2\/pages\/6053","targetHints":{"allow":["GET"]}}],"collection":[{"href":"https:\/\/www.terravision.eu\/pl\/wp-json\/wp\/v2\/pages"}],"about":[{"href":"https:\/\/www.terravision.eu\/pl\/wp-json\/wp\/v2\/types\/page"}],"author":[{"embeddable":true,"href":"https:\/\/www.terravision.eu\/pl\/wp-json\/wp\/v2\/users\/1"}],"replies":[{"embeddable":true,"href":"https:\/\/www.terravision.eu\/pl\/wp-json\/wp\/v2\/comments?post=6053"}],"version-history":[{"count":0,"href":"https:\/\/www.terravision.eu\/pl\/wp-json\/wp\/v2\/pages\/6053\/revisions"}],"wp:attachment":[{"href":"https:\/\/www.terravision.eu\/pl\/wp-json\/wp\/v2\/media?parent=6053"}],"curies":[{"name":"wp","href":"https:\/\/api.w.org\/{rel}","templated":true}]}}