{"id":61,"date":"2012-06-13T13:08:51","date_gmt":"2012-06-13T13:08:51","guid":{"rendered":"https:\/\/www.terravision.eu\/?page_id=999"},"modified":"2014-09-15T15:59:09","modified_gmt":"2014-09-15T15:59:09","slug":"innsbruck_dolomites_bus_info","status":"publish","type":"page","link":"https:\/\/www.terravision.eu\/pl\/innsbruck_dolomites_bus_info.html","title":{"rendered":"Dolomity Informacje o transferach"},"content":{"rendered":"<div id=\"article-single\"><strong><span class=\"sep-1\">1<\/span> <span class=\"magenta-title\">Zarezerwuj bilety<\/span><\/strong><br \/>\n<strong>Bilety na lotnisko:<\/strong> Nale\u017cy wybra\u0107 odpowiedni\u0105 godzin\u0119 i czas transferu tak, aby dotrze\u0107 na lotnisko na co najmniej 2 godziny przed planowanym odlotem i mie\u0107 wystarczaj\u0105c\u0105 ilo\u015b\u0107 czasu na odpraw\u0119 oraz wszystkie inne formalno\u015bci zwi\u0105zane z lotem. Firma Terravision nie ponosi odpowiedzialno\u015bci za okoliczno\u015bci pozostaj\u0105ce poza jej kontrol\u0105, takie jak du\u017ce nat\u0119\u017cenie ruchu i wypadki drogowe. W przypadku nieprzestrzegania wskazanych termin\u00f3w i wybrania transferu, kt\u00f3ry nie pozostawia wystarczaj\u0105co du\u017co czasu na przeprowadzenie procedury wej\u015bcia na pok\u0142ad, Klient nie b\u0119dzie uprawniony do jakiegokolwiek odszkodowania. <\/p>\n<p><strong><span class=\"sep-1\">2<\/span> <span class=\"magenta-title\">Zarz\u0105dzaj swoj\u0105 rezerwacj\u0105<\/span><\/strong><br \/>\nPrzy u\u017cyciu swojej nazwy u\u017cytkownika i has\u0142a mo\u017cna zalogowa\u0107 si\u0119 w dowolnej chwili w celu sprawdzenia lub zmiany rezerwacji. W razie jakichkolwiek pyta\u0144 prosimy o kontakt za pomoc\u0105 formularza \u201eNowe zapytanie\u201d znajduj\u0105cego si\u0119 na Twoim koncie.<\/p>\n<p><strong><span class=\"sep-1\">3<\/span> <span class=\"magenta-title\">Wydrukuj sw\u00f3j bilet<\/span><\/strong><\/p>\n<p>WA\u017bNE: Przed wej\u015bciem na pok\u0142ad nale\u017cy wydrukowa\u0107 sw\u00f3j bilet, a nast\u0119pnie przekaza\u0107 go pracownikom naszej firmy. Nie przyjmujemy bilet\u00f3w wy\u015bwietlanych na urz\u0105dzeniach mobilnych, telefonach i tabletach. <\/p>\n<p><strong><span class=\"sep-1\">4<\/span> <span class=\"magenta-title\">Poka\u017c sw\u00f3j bilet pracownikom naszej firmy na przystanku autobusowym<\/span><\/strong><\/p>\n<p><strong><span class=\"sep-1\">5<\/span> <span class=\"magenta-title\">Wejd\u017a na pok\u0142ad autobusu. \u017byczymy szcz\u0119\u015bliwej podr\u00f3\u017cy!<\/span><\/strong><\/p>\n<div class=\"information\">Aby wsi\u0105\u015b\u0107 do autobusu Terravision, po przybyciu na lotnisko nale\u017cy uda\u0107 si\u0119 na stanowiska Terravision znajduj\u0105ce si\u0119 w hali przylot\u00f3w. Pracownicy naszej firmy pokieruj\u0105 Pa\u0144stwa do autobusu.<br \/>\nAby skontaktowa\u0107 si\u0119 z lokalnym asystentem, nale\u017cy zadzwoni\u0107 pod numer: +39 06 97610632<\/div>\n<\/div>\n","protected":false},"excerpt":{"rendered":"<p>1 Zarezerwuj bilety Bilety na lotnisko: Nale\u017cy wybra\u0107 odpowiedni\u0105 godzin\u0119 i czas transferu tak, aby dotrze\u0107 na lotnisko na co najmniej 2 godziny przed planowanym odlotem i mie\u0107 wystarczaj\u0105c\u0105 ilo\u015b\u0107 czasu na odpraw\u0119 oraz wszystkie inne formalno\u015bci zwi\u0105zane z lotem. Firma Terravision nie ponosi odpowiedzialno\u015bci za okoliczno\u015bci pozostaj\u0105ce poza jej kontrol\u0105, takie jak du\u017ce nat\u0119\u017cenie [&hellip;]<\/p>\n","protected":false},"author":1,"featured_media":0,"parent":0,"menu_order":0,"comment_status":"open","ping_status":"open","template":"","meta":{"footnotes":""},"class_list":["post-61","page","type-page","status-publish","hentry","cities-dolomity"],"yoast_head":"<!-- This site is optimized with the Yoast SEO Premium plugin v24.4 (Yoast SEO v24.4) - https:\/\/yoast.com\/wordpress\/plugins\/seo\/ -->\n<title>Dolomity Informacje o transferach | Terravision<\/title>\n<meta name=\"description\" content=\"Przyloty na lotnisko Innsbruck - Informacje o transferach Na lotnisku w Innsbrucku nale\u017cy pojawi\u0107 si\u0119 na 15 minut przed planowanym odjazdem.\" \/>\n<meta name=\"robots\" content=\"index, follow, max-snippet:-1, max-image-preview:large, max-video-preview:-1\" \/>\n<link rel=\"canonical\" href=\"https:\/\/www.terravision.eu\/pl\/innsbruck_dolomites_bus_info.html\" \/>\n<meta property=\"og:locale\" content=\"pl_PL\" \/>\n<meta property=\"og:type\" content=\"article\" \/>\n<meta property=\"og:title\" content=\"Dolomity Informacje o transferach\" \/>\n<meta property=\"og:description\" content=\"Przyloty na lotnisko Innsbruck - Informacje o transferach Na lotnisku w Innsbrucku nale\u017cy pojawi\u0107 si\u0119 na 15 minut przed planowanym odjazdem.\" \/>\n<meta property=\"og:url\" content=\"https:\/\/www.terravision.eu\/pl\/innsbruck_dolomites_bus_info.html\" \/>\n<meta property=\"og:site_name\" content=\"Terravision Polska\" \/>\n<meta property=\"article:modified_time\" content=\"2014-09-15T15:59:09+00:00\" \/>\n<meta name=\"twitter:label1\" content=\"Szacowany czas czytania\" \/>\n\t<meta name=\"twitter:data1\" content=\"1 minute\" \/>\n<script type=\"application\/ld+json\" class=\"yoast-schema-graph\">{\"@context\":\"https:\/\/schema.org\",\"@graph\":[{\"@type\":\"WebPage\",\"@id\":\"https:\/\/www.terravision.eu\/pl\/innsbruck_dolomites_bus_info.html\",\"url\":\"https:\/\/www.terravision.eu\/pl\/innsbruck_dolomites_bus_info.html\",\"name\":\"Dolomity Informacje o transferach | Terravision\",\"isPartOf\":{\"@id\":\"https:\/\/www.terravision.eu\/pl\/#website\"},\"datePublished\":\"2012-06-13T13:08:51+00:00\",\"dateModified\":\"2014-09-15T15:59:09+00:00\",\"description\":\"Przyloty na lotnisko Innsbruck - Informacje o transferach Na lotnisku w Innsbrucku nale\u017cy pojawi\u0107 si\u0119 na 15 minut przed planowanym odjazdem.\",\"breadcrumb\":{\"@id\":\"https:\/\/www.terravision.eu\/pl\/innsbruck_dolomites_bus_info.html#breadcrumb\"},\"inLanguage\":\"pl-PL\",\"potentialAction\":[{\"@type\":\"ReadAction\",\"target\":[\"https:\/\/www.terravision.eu\/pl\/innsbruck_dolomites_bus_info.html\"]}]},{\"@type\":\"BreadcrumbList\",\"@id\":\"https:\/\/www.terravision.eu\/pl\/innsbruck_dolomites_bus_info.html#breadcrumb\",\"itemListElement\":[{\"@type\":\"ListItem\",\"position\":1,\"name\":\"Home\",\"item\":\"https:\/\/www.terravision.eu\/pl\/\"},{\"@type\":\"ListItem\",\"position\":2,\"name\":\"Dolomity Informacje o transferach\"}]},{\"@type\":\"WebSite\",\"@id\":\"https:\/\/www.terravision.eu\/pl\/#website\",\"url\":\"https:\/\/www.terravision.eu\/pl\/\",\"name\":\"Terravision Polska\",\"description\":\"Tanie po\u0142\u0105czenia z\/do g\u0142\u00f3wnych lotnisk w Europie\",\"potentialAction\":[{\"@type\":\"SearchAction\",\"target\":{\"@type\":\"EntryPoint\",\"urlTemplate\":\"https:\/\/www.terravision.eu\/pl\/?s={search_term_string}\"},\"query-input\":{\"@type\":\"PropertyValueSpecification\",\"valueRequired\":true,\"valueName\":\"search_term_string\"}}],\"inLanguage\":\"pl-PL\"}]}<\/script>\n<!-- \/ Yoast SEO Premium plugin. -->","yoast_head_json":{"title":"Dolomity Informacje o transferach | Terravision","description":"Przyloty na lotnisko Innsbruck - Informacje o transferach Na lotnisku w Innsbrucku nale\u017cy pojawi\u0107 si\u0119 na 15 minut przed planowanym odjazdem.","robots":{"index":"index","follow":"follow","max-snippet":"max-snippet:-1","max-image-preview":"max-image-preview:large","max-video-preview":"max-video-preview:-1"},"canonical":"https:\/\/www.terravision.eu\/pl\/innsbruck_dolomites_bus_info.html","og_locale":"pl_PL","og_type":"article","og_title":"Dolomity Informacje o transferach","og_description":"Przyloty na lotnisko Innsbruck - Informacje o transferach Na lotnisku w Innsbrucku nale\u017cy pojawi\u0107 si\u0119 na 15 minut przed planowanym odjazdem.","og_url":"https:\/\/www.terravision.eu\/pl\/innsbruck_dolomites_bus_info.html","og_site_name":"Terravision Polska","article_modified_time":"2014-09-15T15:59:09+00:00","twitter_misc":{"Szacowany czas czytania":"1 minute"},"schema":{"@context":"https:\/\/schema.org","@graph":[{"@type":"WebPage","@id":"https:\/\/www.terravision.eu\/pl\/innsbruck_dolomites_bus_info.html","url":"https:\/\/www.terravision.eu\/pl\/innsbruck_dolomites_bus_info.html","name":"Dolomity Informacje o transferach | Terravision","isPartOf":{"@id":"https:\/\/www.terravision.eu\/pl\/#website"},"datePublished":"2012-06-13T13:08:51+00:00","dateModified":"2014-09-15T15:59:09+00:00","description":"Przyloty na lotnisko Innsbruck - Informacje o transferach Na lotnisku w Innsbrucku nale\u017cy pojawi\u0107 si\u0119 na 15 minut przed planowanym odjazdem.","breadcrumb":{"@id":"https:\/\/www.terravision.eu\/pl\/innsbruck_dolomites_bus_info.html#breadcrumb"},"inLanguage":"pl-PL","potentialAction":[{"@type":"ReadAction","target":["https:\/\/www.terravision.eu\/pl\/innsbruck_dolomites_bus_info.html"]}]},{"@type":"BreadcrumbList","@id":"https:\/\/www.terravision.eu\/pl\/innsbruck_dolomites_bus_info.html#breadcrumb","itemListElement":[{"@type":"ListItem","position":1,"name":"Home","item":"https:\/\/www.terravision.eu\/pl\/"},{"@type":"ListItem","position":2,"name":"Dolomity Informacje o transferach"}]},{"@type":"WebSite","@id":"https:\/\/www.terravision.eu\/pl\/#website","url":"https:\/\/www.terravision.eu\/pl\/","name":"Terravision Polska","description":"Tanie po\u0142\u0105czenia z\/do g\u0142\u00f3wnych lotnisk w Europie","potentialAction":[{"@type":"SearchAction","target":{"@type":"EntryPoint","urlTemplate":"https:\/\/www.terravision.eu\/pl\/?s={search_term_string}"},"query-input":{"@type":"PropertyValueSpecification","valueRequired":true,"valueName":"search_term_string"}}],"inLanguage":"pl-PL"}]}},"_links":{"self":[{"href":"https:\/\/www.terravision.eu\/pl\/wp-json\/wp\/v2\/pages\/61","targetHints":{"allow":["GET"]}}],"collection":[{"href":"https:\/\/www.terravision.eu\/pl\/wp-json\/wp\/v2\/pages"}],"about":[{"href":"https:\/\/www.terravision.eu\/pl\/wp-json\/wp\/v2\/types\/page"}],"author":[{"embeddable":true,"href":"https:\/\/www.terravision.eu\/pl\/wp-json\/wp\/v2\/users\/1"}],"replies":[{"embeddable":true,"href":"https:\/\/www.terravision.eu\/pl\/wp-json\/wp\/v2\/comments?post=61"}],"version-history":[{"count":1,"href":"https:\/\/www.terravision.eu\/pl\/wp-json\/wp\/v2\/pages\/61\/revisions"}],"predecessor-version":[{"id":14205,"href":"https:\/\/www.terravision.eu\/pl\/wp-json\/wp\/v2\/pages\/61\/revisions\/14205"}],"wp:attachment":[{"href":"https:\/\/www.terravision.eu\/pl\/wp-json\/wp\/v2\/media?parent=61"}],"curies":[{"name":"wp","href":"https:\/\/api.w.org\/{rel}","templated":true}]}}