{"id":7667,"date":"2012-10-23T09:40:07","date_gmt":"2012-10-23T09:40:07","guid":{"rendered":"https:\/\/www.terravision.eu\/?page_id=7667"},"modified":"2012-10-23T09:40:07","modified_gmt":"2012-10-23T09:40:07","slug":"imprint","status":"publish","type":"page","link":"https:\/\/www.terravision.eu\/pl\/imprint.html","title":{"rendered":"Stopka redakcyjna | Grupa Terravision"},"content":{"rendered":"<p><strong>Adres kontaktowy<\/strong><\/p>\n<p><strong>Oddzia\u0142 w Londynie<br \/>\nTerravision London Finance Ltd.<\/strong><br \/>\n123 Buckingham Palace Road<br \/>\nLondon SW1W9SH<br \/>\ntel. TBD<\/p>\n<p><strong>Oddzia\u0142 w Rzymie<br \/>\nTerravision London Finance Ltd.<\/strong><br \/>\nVia Archimede, 164<br \/>\n00197 Rzym (W\u0142ochy)<br \/>\ntel. + 39 06 3244152<br \/>\nfaks: +39 06 32504725<br \/>\nE-mail: terravision@terravision.eu<br \/>\nInternet: www.terravision.eu<\/p>\n<p>Nr rej.<br \/>\nfirmy 06894239<\/p>\n<p>Nr VAT<br \/>\n979691145<\/p>\n<p><strong>Zarz\u0105d<\/strong><br \/>\nEnzo Magliocchetti (Dyrektor)<br \/>\nMichele Baldi (Dyrektor)<\/p>\n<p><strong>Siedziba firmy<\/strong><br \/>\nTerravision London Finance Ltd.<br \/>\n123 Buckingham Palace Road<br \/>\nLondon SW1W9SH<\/p>\n<p><strong>Informacja prawna<\/strong><br \/>\nTerravision London Finance regularnie sprawdza i aktualizuje informacje na swojej stronie internetowej. Pomimo naszych najwi\u0119kszych stara\u0144 niekt\u00f3re informacje znajduj\u0105ce si\u0119 na niej mog\u0105 ulec zmianie. Terravision London Finance nie ponosi \u017cadnej odpowiedzialno\u015bci, nie zapewnia r\u00f3wnie\u017c \u017cadnej gwarancji odno\u015bnie aktualno\u015bci, poprawno\u015bci i \/ lub kompletno\u015bci danych zawartych na stronie internetowej.<br \/>\nTo samo odnosi si\u0119 r\u00f3wnie\u017c do wszystkich innych stron internetowych, do kt\u00f3rych mo\u017cna uzyska\u0107 dost\u0119p za po\u015brednictwem hiper\u0142\u0105czy. Terravision London Finance nie ponosi odpowiedzialno\u015bci za zawarto\u015b\u0107 tych stron internetowych, do kt\u00f3rych odno\u015bniki umieszczone s\u0105 na witrynie internetowej firmy Terravision London Finance. Niekt\u00f3re oferty i us\u0142ugi \u015bwiadczone s\u0105 niezale\u017cnie przez naszych partner\u00f3w. Nale\u017cy pami\u0119ta\u0107, \u017ce og\u00f3lne warunki i regulaminy naszych partner\u00f3w maj\u0105 zastosowanie do tych w\u0142a\u015bnie us\u0142ug i ofert, oraz \u017ce umieszczenie odno\u015bnik\u00f3w do ich witryn internetowych nie jest r\u00f3wnoznaczne z rekomendacj\u0105 lub gwarancj\u0105 ich tre\u015bci wydan\u0105 przez firm\u0119 Terravision London Finance. Terravision London Finance nie ponosi odpowiedzialno\u015bci za te tre\u015bci. Podmioty \u015bwiadcz\u0105ce te us\u0142ugi nie s\u0105 zast\u0119pczymi przedstawicielami firmy Terravision London Finance.<br \/>\nPonadto firma Terravision London Finance zastrzega sobie prawo do wprowadzania zmian lub poprawek do przedstawionych informacji.<br \/>\nTre\u015b\u0107 i struktura witryny internetowej firmy Terravision London Finance obj\u0119te s\u0105 prawami autorskimi. Powielanie informacji lub danych, w szczeg\u00f3lno\u015bci wykorzystanie tekst\u00f3w, cz\u0119\u015bci tekst\u00f3w lub obraz\u00f3w wymaga uprzedniej, pisemnej zgody firmy Terravision London Finance. <\/p>\n","protected":false},"excerpt":{"rendered":"<p>Adres kontaktowy Oddzia\u0142 w Londynie Terravision London Finance Ltd. 123 Buckingham Palace Road London SW1W9SH tel. TBD Oddzia\u0142 w Rzymie Terravision London Finance Ltd. Via Archimede, 164 00197 Rzym (W\u0142ochy) tel. + 39 06 3244152 faks: +39 06 32504725 E-mail: terravision@terravision.eu Internet: www.terravision.eu Nr rej. firmy 06894239 Nr VAT 979691145 Zarz\u0105d Enzo Magliocchetti (Dyrektor) Michele [&hellip;]<\/p>\n","protected":false},"author":1,"featured_media":0,"parent":0,"menu_order":0,"comment_status":"open","ping_status":"open","template":"page-full.php","meta":{"footnotes":""},"class_list":["post-7667","page","type-page","status-publish","hentry"],"yoast_head":"<!-- This site is optimized with the Yoast SEO Premium plugin v24.4 (Yoast SEO v24.4) - https:\/\/yoast.com\/wordpress\/plugins\/seo\/ -->\n<title>Stopka redakcyjna | Grupa Terravision<\/title>\n<meta name=\"robots\" content=\"index, follow, max-snippet:-1, max-image-preview:large, max-video-preview:-1\" \/>\n<link rel=\"canonical\" href=\"https:\/\/www.terravision.eu\/pl\/imprint.html\" \/>\n<meta property=\"og:locale\" content=\"pl_PL\" \/>\n<meta property=\"og:type\" content=\"article\" \/>\n<meta property=\"og:title\" content=\"Stopka redakcyjna | Grupa Terravision\" \/>\n<meta property=\"og:description\" content=\"Adres kontaktowy Oddzia\u0142 w Londynie Terravision London Finance Ltd. 123 Buckingham Palace Road London SW1W9SH tel. TBD Oddzia\u0142 w Rzymie Terravision London Finance Ltd. Via Archimede, 164 00197 Rzym (W\u0142ochy) tel. + 39 06 3244152 faks: +39 06 32504725 E-mail: terravision@terravision.eu Internet: www.terravision.eu Nr rej. firmy 06894239 Nr VAT 979691145 Zarz\u0105d Enzo Magliocchetti (Dyrektor) Michele [&hellip;]\" \/>\n<meta property=\"og:url\" content=\"https:\/\/www.terravision.eu\/pl\/imprint.html\" \/>\n<meta property=\"og:site_name\" content=\"Terravision Polska\" \/>\n<meta name=\"twitter:label1\" content=\"Szacowany czas czytania\" \/>\n\t<meta name=\"twitter:data1\" content=\"2 minutes\" \/>\n<script type=\"application\/ld+json\" class=\"yoast-schema-graph\">{\"@context\":\"https:\/\/schema.org\",\"@graph\":[{\"@type\":\"WebPage\",\"@id\":\"https:\/\/www.terravision.eu\/pl\/imprint.html\",\"url\":\"https:\/\/www.terravision.eu\/pl\/imprint.html\",\"name\":\"Stopka redakcyjna | Grupa Terravision\",\"isPartOf\":{\"@id\":\"https:\/\/www.terravision.eu\/pl\/#website\"},\"datePublished\":\"2012-10-23T09:40:07+00:00\",\"breadcrumb\":{\"@id\":\"https:\/\/www.terravision.eu\/pl\/imprint.html#breadcrumb\"},\"inLanguage\":\"pl-PL\",\"potentialAction\":[{\"@type\":\"ReadAction\",\"target\":[\"https:\/\/www.terravision.eu\/pl\/imprint.html\"]}]},{\"@type\":\"BreadcrumbList\",\"@id\":\"https:\/\/www.terravision.eu\/pl\/imprint.html#breadcrumb\",\"itemListElement\":[{\"@type\":\"ListItem\",\"position\":1,\"name\":\"Home\",\"item\":\"https:\/\/www.terravision.eu\/pl\/\"},{\"@type\":\"ListItem\",\"position\":2,\"name\":\"Stopka redakcyjna | Grupa Terravision\"}]},{\"@type\":\"WebSite\",\"@id\":\"https:\/\/www.terravision.eu\/pl\/#website\",\"url\":\"https:\/\/www.terravision.eu\/pl\/\",\"name\":\"Terravision Polska\",\"description\":\"Tanie po\u0142\u0105czenia z\/do g\u0142\u00f3wnych lotnisk w Europie\",\"potentialAction\":[{\"@type\":\"SearchAction\",\"target\":{\"@type\":\"EntryPoint\",\"urlTemplate\":\"https:\/\/www.terravision.eu\/pl\/?s={search_term_string}\"},\"query-input\":{\"@type\":\"PropertyValueSpecification\",\"valueRequired\":true,\"valueName\":\"search_term_string\"}}],\"inLanguage\":\"pl-PL\"}]}<\/script>\n<!-- \/ Yoast SEO Premium plugin. -->","yoast_head_json":{"title":"Stopka redakcyjna | Grupa Terravision","robots":{"index":"index","follow":"follow","max-snippet":"max-snippet:-1","max-image-preview":"max-image-preview:large","max-video-preview":"max-video-preview:-1"},"canonical":"https:\/\/www.terravision.eu\/pl\/imprint.html","og_locale":"pl_PL","og_type":"article","og_title":"Stopka redakcyjna | Grupa Terravision","og_description":"Adres kontaktowy Oddzia\u0142 w Londynie Terravision London Finance Ltd. 123 Buckingham Palace Road London SW1W9SH tel. TBD Oddzia\u0142 w Rzymie Terravision London Finance Ltd. Via Archimede, 164 00197 Rzym (W\u0142ochy) tel. + 39 06 3244152 faks: +39 06 32504725 E-mail: terravision@terravision.eu Internet: www.terravision.eu Nr rej. firmy 06894239 Nr VAT 979691145 Zarz\u0105d Enzo Magliocchetti (Dyrektor) Michele [&hellip;]","og_url":"https:\/\/www.terravision.eu\/pl\/imprint.html","og_site_name":"Terravision Polska","twitter_misc":{"Szacowany czas czytania":"2 minutes"},"schema":{"@context":"https:\/\/schema.org","@graph":[{"@type":"WebPage","@id":"https:\/\/www.terravision.eu\/pl\/imprint.html","url":"https:\/\/www.terravision.eu\/pl\/imprint.html","name":"Stopka redakcyjna | Grupa Terravision","isPartOf":{"@id":"https:\/\/www.terravision.eu\/pl\/#website"},"datePublished":"2012-10-23T09:40:07+00:00","breadcrumb":{"@id":"https:\/\/www.terravision.eu\/pl\/imprint.html#breadcrumb"},"inLanguage":"pl-PL","potentialAction":[{"@type":"ReadAction","target":["https:\/\/www.terravision.eu\/pl\/imprint.html"]}]},{"@type":"BreadcrumbList","@id":"https:\/\/www.terravision.eu\/pl\/imprint.html#breadcrumb","itemListElement":[{"@type":"ListItem","position":1,"name":"Home","item":"https:\/\/www.terravision.eu\/pl\/"},{"@type":"ListItem","position":2,"name":"Stopka redakcyjna | Grupa Terravision"}]},{"@type":"WebSite","@id":"https:\/\/www.terravision.eu\/pl\/#website","url":"https:\/\/www.terravision.eu\/pl\/","name":"Terravision Polska","description":"Tanie po\u0142\u0105czenia z\/do g\u0142\u00f3wnych lotnisk w Europie","potentialAction":[{"@type":"SearchAction","target":{"@type":"EntryPoint","urlTemplate":"https:\/\/www.terravision.eu\/pl\/?s={search_term_string}"},"query-input":{"@type":"PropertyValueSpecification","valueRequired":true,"valueName":"search_term_string"}}],"inLanguage":"pl-PL"}]}},"_links":{"self":[{"href":"https:\/\/www.terravision.eu\/pl\/wp-json\/wp\/v2\/pages\/7667","targetHints":{"allow":["GET"]}}],"collection":[{"href":"https:\/\/www.terravision.eu\/pl\/wp-json\/wp\/v2\/pages"}],"about":[{"href":"https:\/\/www.terravision.eu\/pl\/wp-json\/wp\/v2\/types\/page"}],"author":[{"embeddable":true,"href":"https:\/\/www.terravision.eu\/pl\/wp-json\/wp\/v2\/users\/1"}],"replies":[{"embeddable":true,"href":"https:\/\/www.terravision.eu\/pl\/wp-json\/wp\/v2\/comments?post=7667"}],"version-history":[{"count":0,"href":"https:\/\/www.terravision.eu\/pl\/wp-json\/wp\/v2\/pages\/7667\/revisions"}],"wp:attachment":[{"href":"https:\/\/www.terravision.eu\/pl\/wp-json\/wp\/v2\/media?parent=7667"}],"curies":[{"name":"wp","href":"https:\/\/api.w.org\/{rel}","templated":true}]}}