{"id":79,"date":"2012-06-15T09:32:41","date_gmt":"2012-06-15T09:32:41","guid":{"rendered":"https:\/\/www.terravision.eu\/?page_id=1104"},"modified":"2014-09-15T15:39:00","modified_gmt":"2014-09-15T15:39:00","slug":"turin_map","status":"publish","type":"page","link":"https:\/\/www.terravision.eu\/pl\/turin_caselle\/turin_map.html","title":{"rendered":"Transfery Turyn: Gdzie nas znale\u017a\u0107"},"content":{"rendered":"<p class=\"magenta-title\">Autobus Terravision &#8211; Turyn &#8211; przystanek autobusowy Via Botticelli\/ang. P.zza Rebaudengo<\/p>\n<p><small>Podgl\u0105d <a href=\"https:\/\/maps.google.it\/maps\/ms?msid=211366733211262669781.0004d38da434a9c9837d1&amp;msa=0&amp;hl=en&amp;ie=UTF8&amp;t=m&amp;ll=45.103221,7.695998&amp;spn=0,0&amp;source=embed\" target=\"_blank\">Zobacz map\u0119 na pe\u0142nym ekranie.<\/a><\/small><\/p>\n<p class=\"magenta-title\">Autobus Terravision &#8211; Turyn &#8211; przystanek autobusowy Via Botticelli 217<\/p>\n<p><small>Podgl\u0105d <a href=\"https:\/\/maps.google.it\/maps\/ms?msid=211366733211262669781.0004d3cedb33d34885ac7&amp;msa=0&amp;hl=en&amp;ie=UTF8&amp;t=m&amp;ll=45.095671,7.715192&amp;spn=0,0&amp;source=embed\" target=\"_blank\">Zobacz map\u0119 na pe\u0142nym ekranie.<\/a><\/small><\/p>\n<p class=\"magenta-title\">Autobus Terravision &#8211; Turyn &#8211; przystanek autobusowy C.so Casale 42<\/p>\n<p><small>Podgl\u0105d <a href=\"https:\/\/maps.google.it\/maps\/ms?msid=211366733211262669781.0004d3cf12b20fb77855c&amp;msa=0&amp;hl=en&amp;ie=UTF8&amp;t=m&amp;ll=45.064883,7.703111&amp;spn=0,0&amp;source=embed\" target=\"_blank\">Zobacz map\u0119 na pe\u0142nym ekranie.<\/a><\/small><\/p>\n<p class=\"magenta-title\">Autobus Terravision &#8211; Turyn &#8211; przystanek autobusowy Torino Esibizioni<\/p>\n<p>Punkt sprzeda\u017cy bilet\u00f3w: Hotel Eden via Dionizzetti, 22<br \/>\n<br \/><small>Podgl\u0105d <a href=\"https:\/\/maps.google.it\/maps\/ms?msid=211366733211262669781.0004d3cf1f6cb74378079&amp;msa=0&amp;hl=en&amp;ie=UTF8&amp;t=m&amp;ll=45.049604,7.681589&amp;spn=0,0&amp;source=embed\" target=\"_blank\">Zobacz map\u0119 na pe\u0142nym ekranie.<\/a><\/small><\/p>\n<p class=\"magenta-title\">Autobus Terravision &#8211; Turyn &#8211; przystanek autobusowy Via Giordano Bruno, 29<\/p>\n<p><small>Visualizza <a href=\"https:\/\/maps.google.com\/maps\/ms?msa=0&amp;msid=211366733211262669781.0004ddf00cff187ba5c0a&amp;hl=it&amp;ie=UTF8&amp;ll=45.042539,7.662878&amp;spn=0,0&amp;t=m&amp;source=embed\" style=\"color:#0000FF;text-align:left\">Przystanek autobusowy Terravision Via G. Bruno 29 &#8211; Transfery na lotnisko w Turynie Senza titolo<\/a> in una mappa di dimensioni maggiori<\/small><\/p>\n<p class=\"magenta-title\">Autobus Terravision &#8211; Turyn &#8211; przystanek autobusowy przy dworcu kolejowym FS Lingotto <\/p>\n<p>&#8211; przystanek na rogu ulic Pannunzio i Casorati<br \/>\n<br \/><small>Podgl\u0105d <a href=\"https:\/\/maps.google.it\/maps\/ms?msid=211366733211262669781.0004d3cf66c1ce5add41e&amp;msa=0&amp;hl=en&amp;ie=UTF8&amp;t=m&amp;ll=45.026404,7.657127&amp;spn=0,0&amp;source=embed\" target=\"_blank\">Zobacz map\u0119 na pe\u0142nym ekranie.<\/a><\/small><\/p>\n<p class=\"magenta-title\">Autobus Terravision &#8211; Turyn &#8211; przystanek autobusowy na lotnisku Caselle w Turynie<\/p>\n<p>Przed wyj\u015bciem z hali przylot\u00f3w.<br \/>\n<img loading=\"lazy\" decoding=\"async\" alt=\"\" src=\"https:\/\/www.terravision.eu\/files\/2012\/06\/torino-aeroporto.jpg\" title=\"Airport map\" class=\"alignnone\" width=\"443\" height=\"322\" \/><\/p>\n","protected":false},"excerpt":{"rendered":"<p>Autobus Terravision &#8211; Turyn &#8211; przystanek autobusowy Via Botticelli\/ang. P.zza Rebaudengo Podgl\u0105d Zobacz map\u0119 na pe\u0142nym ekranie. Autobus Terravision &#8211; Turyn &#8211; przystanek autobusowy Via Botticelli 217 Podgl\u0105d Zobacz map\u0119 na pe\u0142nym ekranie. Autobus Terravision &#8211; Turyn &#8211; przystanek autobusowy C.so Casale 42 Podgl\u0105d Zobacz map\u0119 na pe\u0142nym ekranie. Autobus Terravision &#8211; Turyn &#8211; przystanek [&hellip;]<\/p>\n","protected":false},"author":1,"featured_media":0,"parent":8491,"menu_order":0,"comment_status":"open","ping_status":"open","template":"","meta":{"footnotes":""},"class_list":["post-79","page","type-page","status-publish","hentry","cities-turyn"],"yoast_head":"<!-- This site is optimized with the Yoast SEO Premium plugin v24.4 (Yoast SEO v24.4) - https:\/\/yoast.com\/wordpress\/plugins\/seo\/ -->\n<title>Transfery Turyn: Gdzie nas znale\u017a\u0107 | Terravision<\/title>\n<meta name=\"description\" content=\"Podr\u00f3\u017cuj autobusem na\/z lotniska w Turynie. Znajd\u017a nasze regularne po\u0142\u0105czenia autobusowe z lotniska w Turynie. Zobacz nasze przystanki autobusowe na mapie.\" \/>\n<meta name=\"robots\" content=\"index, follow, max-snippet:-1, max-image-preview:large, max-video-preview:-1\" \/>\n<link rel=\"canonical\" href=\"https:\/\/www.terravision.eu\/pl\/turin_caselle\/turin_map.html\" \/>\n<meta property=\"og:locale\" content=\"pl_PL\" \/>\n<meta property=\"og:type\" content=\"article\" \/>\n<meta property=\"og:title\" content=\"Transfery Turyn: Gdzie nas znale\u017a\u0107\" \/>\n<meta property=\"og:description\" content=\"Podr\u00f3\u017cuj autobusem na\/z lotniska w Turynie. Znajd\u017a nasze regularne po\u0142\u0105czenia autobusowe z lotniska w Turynie. Zobacz nasze przystanki autobusowe na mapie.\" \/>\n<meta property=\"og:url\" content=\"https:\/\/www.terravision.eu\/pl\/turin_caselle\/turin_map.html\" \/>\n<meta property=\"og:site_name\" content=\"Terravision Polska\" \/>\n<meta property=\"article:modified_time\" content=\"2014-09-15T15:39:00+00:00\" \/>\n<meta property=\"og:image\" content=\"https:\/\/www.terravision.eu\/files\/2012\/06\/torino-aeroporto.jpg\" \/>\n<meta name=\"twitter:label1\" content=\"Szacowany czas czytania\" \/>\n\t<meta name=\"twitter:data1\" content=\"1 minute\" \/>\n<script type=\"application\/ld+json\" class=\"yoast-schema-graph\">{\"@context\":\"https:\/\/schema.org\",\"@graph\":[{\"@type\":\"WebPage\",\"@id\":\"https:\/\/www.terravision.eu\/pl\/turin_caselle\/turin_map.html\",\"url\":\"https:\/\/www.terravision.eu\/pl\/turin_caselle\/turin_map.html\",\"name\":\"Transfery Turyn: Gdzie nas znale\u017a\u0107 | Terravision\",\"isPartOf\":{\"@id\":\"https:\/\/www.terravision.eu\/pl\/#website\"},\"primaryImageOfPage\":{\"@id\":\"https:\/\/www.terravision.eu\/pl\/turin_caselle\/turin_map.html#primaryimage\"},\"image\":{\"@id\":\"https:\/\/www.terravision.eu\/pl\/turin_caselle\/turin_map.html#primaryimage\"},\"thumbnailUrl\":\"https:\/\/www.terravision.eu\/files\/2012\/06\/torino-aeroporto.jpg\",\"datePublished\":\"2012-06-15T09:32:41+00:00\",\"dateModified\":\"2014-09-15T15:39:00+00:00\",\"description\":\"Podr\u00f3\u017cuj autobusem na\/z lotniska w Turynie. Znajd\u017a nasze regularne po\u0142\u0105czenia autobusowe z lotniska w Turynie. Zobacz nasze przystanki autobusowe na mapie.\",\"breadcrumb\":{\"@id\":\"https:\/\/www.terravision.eu\/pl\/turin_caselle\/turin_map.html#breadcrumb\"},\"inLanguage\":\"pl-PL\",\"potentialAction\":[{\"@type\":\"ReadAction\",\"target\":[\"https:\/\/www.terravision.eu\/pl\/turin_caselle\/turin_map.html\"]}]},{\"@type\":\"ImageObject\",\"inLanguage\":\"pl-PL\",\"@id\":\"https:\/\/www.terravision.eu\/pl\/turin_caselle\/turin_map.html#primaryimage\",\"url\":\"https:\/\/www.terravision.eu\/files\/2012\/06\/torino-aeroporto.jpg\",\"contentUrl\":\"https:\/\/www.terravision.eu\/files\/2012\/06\/torino-aeroporto.jpg\"},{\"@type\":\"BreadcrumbList\",\"@id\":\"https:\/\/www.terravision.eu\/pl\/turin_caselle\/turin_map.html#breadcrumb\",\"itemListElement\":[{\"@type\":\"ListItem\",\"position\":1,\"name\":\"Home\",\"item\":\"https:\/\/www.terravision.eu\/pl\/\"},{\"@type\":\"ListItem\",\"position\":2,\"name\":\"Bus Lotnisko Turyn (Caselle) &#8211; centrum\",\"item\":\"https:\/\/www.terravision.eu\/pl\/turin_caselle.html\"},{\"@type\":\"ListItem\",\"position\":3,\"name\":\"Transfery Turyn: Gdzie nas znale\u017a\u0107\"}]},{\"@type\":\"WebSite\",\"@id\":\"https:\/\/www.terravision.eu\/pl\/#website\",\"url\":\"https:\/\/www.terravision.eu\/pl\/\",\"name\":\"Terravision Polska\",\"description\":\"Tanie po\u0142\u0105czenia z\/do g\u0142\u00f3wnych lotnisk w Europie\",\"potentialAction\":[{\"@type\":\"SearchAction\",\"target\":{\"@type\":\"EntryPoint\",\"urlTemplate\":\"https:\/\/www.terravision.eu\/pl\/?s={search_term_string}\"},\"query-input\":{\"@type\":\"PropertyValueSpecification\",\"valueRequired\":true,\"valueName\":\"search_term_string\"}}],\"inLanguage\":\"pl-PL\"}]}<\/script>\n<!-- \/ Yoast SEO Premium plugin. -->","yoast_head_json":{"title":"Transfery Turyn: Gdzie nas znale\u017a\u0107 | Terravision","description":"Podr\u00f3\u017cuj autobusem na\/z lotniska w Turynie. Znajd\u017a nasze regularne po\u0142\u0105czenia autobusowe z lotniska w Turynie. Zobacz nasze przystanki autobusowe na mapie.","robots":{"index":"index","follow":"follow","max-snippet":"max-snippet:-1","max-image-preview":"max-image-preview:large","max-video-preview":"max-video-preview:-1"},"canonical":"https:\/\/www.terravision.eu\/pl\/turin_caselle\/turin_map.html","og_locale":"pl_PL","og_type":"article","og_title":"Transfery Turyn: Gdzie nas znale\u017a\u0107","og_description":"Podr\u00f3\u017cuj autobusem na\/z lotniska w Turynie. Znajd\u017a nasze regularne po\u0142\u0105czenia autobusowe z lotniska w Turynie. Zobacz nasze przystanki autobusowe na mapie.","og_url":"https:\/\/www.terravision.eu\/pl\/turin_caselle\/turin_map.html","og_site_name":"Terravision Polska","article_modified_time":"2014-09-15T15:39:00+00:00","og_image":[{"url":"https:\/\/www.terravision.eu\/files\/2012\/06\/torino-aeroporto.jpg","type":"","width":"","height":""}],"twitter_misc":{"Szacowany czas czytania":"1 minute"},"schema":{"@context":"https:\/\/schema.org","@graph":[{"@type":"WebPage","@id":"https:\/\/www.terravision.eu\/pl\/turin_caselle\/turin_map.html","url":"https:\/\/www.terravision.eu\/pl\/turin_caselle\/turin_map.html","name":"Transfery Turyn: Gdzie nas znale\u017a\u0107 | Terravision","isPartOf":{"@id":"https:\/\/www.terravision.eu\/pl\/#website"},"primaryImageOfPage":{"@id":"https:\/\/www.terravision.eu\/pl\/turin_caselle\/turin_map.html#primaryimage"},"image":{"@id":"https:\/\/www.terravision.eu\/pl\/turin_caselle\/turin_map.html#primaryimage"},"thumbnailUrl":"https:\/\/www.terravision.eu\/files\/2012\/06\/torino-aeroporto.jpg","datePublished":"2012-06-15T09:32:41+00:00","dateModified":"2014-09-15T15:39:00+00:00","description":"Podr\u00f3\u017cuj autobusem na\/z lotniska w Turynie. Znajd\u017a nasze regularne po\u0142\u0105czenia autobusowe z lotniska w Turynie. Zobacz nasze przystanki autobusowe na mapie.","breadcrumb":{"@id":"https:\/\/www.terravision.eu\/pl\/turin_caselle\/turin_map.html#breadcrumb"},"inLanguage":"pl-PL","potentialAction":[{"@type":"ReadAction","target":["https:\/\/www.terravision.eu\/pl\/turin_caselle\/turin_map.html"]}]},{"@type":"ImageObject","inLanguage":"pl-PL","@id":"https:\/\/www.terravision.eu\/pl\/turin_caselle\/turin_map.html#primaryimage","url":"https:\/\/www.terravision.eu\/files\/2012\/06\/torino-aeroporto.jpg","contentUrl":"https:\/\/www.terravision.eu\/files\/2012\/06\/torino-aeroporto.jpg"},{"@type":"BreadcrumbList","@id":"https:\/\/www.terravision.eu\/pl\/turin_caselle\/turin_map.html#breadcrumb","itemListElement":[{"@type":"ListItem","position":1,"name":"Home","item":"https:\/\/www.terravision.eu\/pl\/"},{"@type":"ListItem","position":2,"name":"Bus Lotnisko Turyn (Caselle) &#8211; centrum","item":"https:\/\/www.terravision.eu\/pl\/turin_caselle.html"},{"@type":"ListItem","position":3,"name":"Transfery Turyn: Gdzie nas znale\u017a\u0107"}]},{"@type":"WebSite","@id":"https:\/\/www.terravision.eu\/pl\/#website","url":"https:\/\/www.terravision.eu\/pl\/","name":"Terravision Polska","description":"Tanie po\u0142\u0105czenia z\/do g\u0142\u00f3wnych lotnisk w Europie","potentialAction":[{"@type":"SearchAction","target":{"@type":"EntryPoint","urlTemplate":"https:\/\/www.terravision.eu\/pl\/?s={search_term_string}"},"query-input":{"@type":"PropertyValueSpecification","valueRequired":true,"valueName":"search_term_string"}}],"inLanguage":"pl-PL"}]}},"_links":{"self":[{"href":"https:\/\/www.terravision.eu\/pl\/wp-json\/wp\/v2\/pages\/79","targetHints":{"allow":["GET"]}}],"collection":[{"href":"https:\/\/www.terravision.eu\/pl\/wp-json\/wp\/v2\/pages"}],"about":[{"href":"https:\/\/www.terravision.eu\/pl\/wp-json\/wp\/v2\/types\/page"}],"author":[{"embeddable":true,"href":"https:\/\/www.terravision.eu\/pl\/wp-json\/wp\/v2\/users\/1"}],"replies":[{"embeddable":true,"href":"https:\/\/www.terravision.eu\/pl\/wp-json\/wp\/v2\/comments?post=79"}],"version-history":[{"count":1,"href":"https:\/\/www.terravision.eu\/pl\/wp-json\/wp\/v2\/pages\/79\/revisions"}],"predecessor-version":[{"id":14188,"href":"https:\/\/www.terravision.eu\/pl\/wp-json\/wp\/v2\/pages\/79\/revisions\/14188"}],"up":[{"embeddable":true,"href":"https:\/\/www.terravision.eu\/pl\/wp-json\/wp\/v2\/pages\/8491"}],"wp:attachment":[{"href":"https:\/\/www.terravision.eu\/pl\/wp-json\/wp\/v2\/media?parent=79"}],"curies":[{"name":"wp","href":"https:\/\/api.w.org\/{rel}","templated":true}]}}