{"id":8491,"date":"2013-01-16T13:45:55","date_gmt":"2013-01-16T13:45:55","guid":{"rendered":"https:\/\/www.terravision.eu\/?page_id=8491"},"modified":"2014-09-15T15:35:35","modified_gmt":"2014-09-15T15:35:35","slug":"turin_caselle","status":"publish","type":"page","link":"https:\/\/www.terravision.eu\/pl\/turin_caselle.html","title":{"rendered":"Bus Lotnisko Turyn (Caselle) &#8211; centrum"},"content":{"rendered":"<div id=\"article-single-airport\">\n<div class=\"title\">\n<h2 style=\"font-size:18px;font-weight:normal\">Autobus z lotniska Caselle w Turynie do <span class=\"strong\">centrum Turynu<\/span><\/h2>\n<\/div>\n<div class=\"content\">\nPocz\u0105wszy od 7 sierpnia 2013.<\/p>\n<p>Terravision \u015bwiadczy us\u0142ugi transfer\u00f3w autobusowych mi\u0119dzy lotniskiem w Turynie i centrum Turynu, a przystanki rozmieszczone s\u0105 strategicznie w samym sercu miasta.<\/p>\n<p>Dost\u0119pne trasy:<span class=\"routes\">Autobus z lotniska Caselle w Turynie do <strong>Turynu<\/strong><\/span><\/p>\n<p><span class=\"light\">Czas podr\u00f3\u017cy: 1 godz. 5 min.<\/span><\/p>\n<div id=\"direction67\">\n<div class=\"line\">\n<div class=\"direction-1-7\">Lotnisko <br \/> Caselle <\/div>\n<div class=\"direction-2-7\">Via Botticelli<br \/> \/ang. Piazza Rebaudengo<\/div>\n<div class=\"direction-3-7\">via Botticelli<br \/>217<\/div>\n<div class=\"direction-4-7\">C.so Casale <br \/>42 <\/div>\n<\/p><\/div>\n<div class=\"line\">\n<div class=\"direction-5-7\">Turin Exhibition<br \/> Hall<\/div>\n<div class=\"direction-6-7\">Via <br \/> G.Bruno <br \/>29<\/div>\n<div class=\"direction-7-7\">Lingotto F.S.<br \/> Stacja<\/div>\n<\/p><\/div>\n<\/div>\n<\/div>\n<\/div>\n<div style=\"overflow: hidden;float: right;height: 150px\">\n<div class=\"content-right 1\"><span class=\"from\"><\/span><br \/>\n<span class=\"price\">5<\/span><span class=\"valuta\">,50 \u20ac<\/span><\/div>\n<\/div>\n<div class=\"information\">We wsp\u00f3\u0142pracy z Formento. Autoryzowany przez miejski wydzia\u0142 komunikacji i Agencj\u0119 Regionaln\u0105. Protok\u00f3\u0142 nr 0003331\/2013 dnia 06.12.2013 r.<br \/>\nNa przystanku nale\u017cy pojawi\u0107 si\u0119 na 15 minut przed planowanym odlotem. Aby uzyska\u0107 wi\u0119cej informacji, nale\u017cy zapozna\u0107 si\u0119 z tematem <a href=\"https:\/\/www.terravision.eu\/turin_map.html\">Lokalizacje przystank\u00f3w autobusowych<\/a>.<\/div>\n","protected":false},"excerpt":{"rendered":"<p>Autobus z lotniska Caselle w Turynie do centrum Turynu Pocz\u0105wszy od 7 sierpnia 2013. Terravision \u015bwiadczy us\u0142ugi transfer\u00f3w autobusowych mi\u0119dzy lotniskiem w Turynie i centrum Turynu, a przystanki rozmieszczone s\u0105 strategicznie w samym sercu miasta. Dost\u0119pne trasy:Autobus z lotniska Caselle w Turynie do Turynu Czas podr\u00f3\u017cy: 1 godz. 5 min. Lotnisko Caselle Via Botticelli \/ang. [&hellip;]<\/p>\n","protected":false},"author":1,"featured_media":0,"parent":0,"menu_order":0,"comment_status":"open","ping_status":"open","template":"","meta":{"footnotes":""},"class_list":["post-8491","page","type-page","status-publish","hentry","cities-turyn"],"yoast_head":"<!-- This site is optimized with the Yoast SEO Premium plugin v24.4 (Yoast SEO v24.4) - https:\/\/yoast.com\/wordpress\/plugins\/seo\/ -->\n<title>Bus Lotnisko Turyn (Caselle) - centrum | Terravision<\/title>\n<meta name=\"description\" content=\"Bus Lotnisko Turyn (Caselle) tylko 5,50\u20ac. Najta\u0144sze po\u0142\u0105czenie autobusowe mi\u0119dzy lotniskiem w Turynie i centrum Turynu: cz\u0119ste, wygodne, niezawodne!\" \/>\n<meta name=\"robots\" content=\"index, follow, max-snippet:-1, max-image-preview:large, max-video-preview:-1\" \/>\n<link rel=\"canonical\" href=\"https:\/\/www.terravision.eu\/pl\/turin_caselle.html\" \/>\n<meta property=\"og:locale\" content=\"pl_PL\" \/>\n<meta property=\"og:type\" content=\"article\" \/>\n<meta property=\"og:title\" content=\"Bus Lotnisko Turyn (Caselle) - centrum\" \/>\n<meta property=\"og:description\" content=\"Bus Lotnisko Turyn (Caselle) tylko 5,50\u20ac. Najta\u0144sze po\u0142\u0105czenie autobusowe mi\u0119dzy lotniskiem w Turynie i centrum Turynu: cz\u0119ste, wygodne, niezawodne!\" \/>\n<meta property=\"og:url\" content=\"https:\/\/www.terravision.eu\/pl\/turin_caselle.html\" \/>\n<meta property=\"og:site_name\" content=\"Terravision Polska\" \/>\n<meta property=\"article:modified_time\" content=\"2014-09-15T15:35:35+00:00\" \/>\n<meta name=\"twitter:label1\" content=\"Szacowany czas czytania\" \/>\n\t<meta name=\"twitter:data1\" content=\"1 minute\" \/>\n<script type=\"application\/ld+json\" class=\"yoast-schema-graph\">{\"@context\":\"https:\/\/schema.org\",\"@graph\":[{\"@type\":\"WebPage\",\"@id\":\"https:\/\/www.terravision.eu\/pl\/turin_caselle.html\",\"url\":\"https:\/\/www.terravision.eu\/pl\/turin_caselle.html\",\"name\":\"Bus Lotnisko Turyn (Caselle) - centrum | Terravision\",\"isPartOf\":{\"@id\":\"https:\/\/www.terravision.eu\/pl\/#website\"},\"datePublished\":\"2013-01-16T13:45:55+00:00\",\"dateModified\":\"2014-09-15T15:35:35+00:00\",\"description\":\"Bus Lotnisko Turyn (Caselle) tylko 5,50\u20ac. Najta\u0144sze po\u0142\u0105czenie autobusowe mi\u0119dzy lotniskiem w Turynie i centrum Turynu: cz\u0119ste, wygodne, niezawodne!\",\"breadcrumb\":{\"@id\":\"https:\/\/www.terravision.eu\/pl\/turin_caselle.html#breadcrumb\"},\"inLanguage\":\"pl-PL\",\"potentialAction\":[{\"@type\":\"ReadAction\",\"target\":[\"https:\/\/www.terravision.eu\/pl\/turin_caselle.html\"]}]},{\"@type\":\"BreadcrumbList\",\"@id\":\"https:\/\/www.terravision.eu\/pl\/turin_caselle.html#breadcrumb\",\"itemListElement\":[{\"@type\":\"ListItem\",\"position\":1,\"name\":\"Home\",\"item\":\"https:\/\/www.terravision.eu\/pl\/\"},{\"@type\":\"ListItem\",\"position\":2,\"name\":\"Bus Lotnisko Turyn (Caselle) &#8211; centrum\"}]},{\"@type\":\"WebSite\",\"@id\":\"https:\/\/www.terravision.eu\/pl\/#website\",\"url\":\"https:\/\/www.terravision.eu\/pl\/\",\"name\":\"Terravision Polska\",\"description\":\"Tanie po\u0142\u0105czenia z\/do g\u0142\u00f3wnych lotnisk w Europie\",\"potentialAction\":[{\"@type\":\"SearchAction\",\"target\":{\"@type\":\"EntryPoint\",\"urlTemplate\":\"https:\/\/www.terravision.eu\/pl\/?s={search_term_string}\"},\"query-input\":{\"@type\":\"PropertyValueSpecification\",\"valueRequired\":true,\"valueName\":\"search_term_string\"}}],\"inLanguage\":\"pl-PL\"}]}<\/script>\n<!-- \/ Yoast SEO Premium plugin. -->","yoast_head_json":{"title":"Bus Lotnisko Turyn (Caselle) - centrum | Terravision","description":"Bus Lotnisko Turyn (Caselle) tylko 5,50\u20ac. Najta\u0144sze po\u0142\u0105czenie autobusowe mi\u0119dzy lotniskiem w Turynie i centrum Turynu: cz\u0119ste, wygodne, niezawodne!","robots":{"index":"index","follow":"follow","max-snippet":"max-snippet:-1","max-image-preview":"max-image-preview:large","max-video-preview":"max-video-preview:-1"},"canonical":"https:\/\/www.terravision.eu\/pl\/turin_caselle.html","og_locale":"pl_PL","og_type":"article","og_title":"Bus Lotnisko Turyn (Caselle) - centrum","og_description":"Bus Lotnisko Turyn (Caselle) tylko 5,50\u20ac. Najta\u0144sze po\u0142\u0105czenie autobusowe mi\u0119dzy lotniskiem w Turynie i centrum Turynu: cz\u0119ste, wygodne, niezawodne!","og_url":"https:\/\/www.terravision.eu\/pl\/turin_caselle.html","og_site_name":"Terravision Polska","article_modified_time":"2014-09-15T15:35:35+00:00","twitter_misc":{"Szacowany czas czytania":"1 minute"},"schema":{"@context":"https:\/\/schema.org","@graph":[{"@type":"WebPage","@id":"https:\/\/www.terravision.eu\/pl\/turin_caselle.html","url":"https:\/\/www.terravision.eu\/pl\/turin_caselle.html","name":"Bus Lotnisko Turyn (Caselle) - centrum | Terravision","isPartOf":{"@id":"https:\/\/www.terravision.eu\/pl\/#website"},"datePublished":"2013-01-16T13:45:55+00:00","dateModified":"2014-09-15T15:35:35+00:00","description":"Bus Lotnisko Turyn (Caselle) tylko 5,50\u20ac. Najta\u0144sze po\u0142\u0105czenie autobusowe mi\u0119dzy lotniskiem w Turynie i centrum Turynu: cz\u0119ste, wygodne, niezawodne!","breadcrumb":{"@id":"https:\/\/www.terravision.eu\/pl\/turin_caselle.html#breadcrumb"},"inLanguage":"pl-PL","potentialAction":[{"@type":"ReadAction","target":["https:\/\/www.terravision.eu\/pl\/turin_caselle.html"]}]},{"@type":"BreadcrumbList","@id":"https:\/\/www.terravision.eu\/pl\/turin_caselle.html#breadcrumb","itemListElement":[{"@type":"ListItem","position":1,"name":"Home","item":"https:\/\/www.terravision.eu\/pl\/"},{"@type":"ListItem","position":2,"name":"Bus Lotnisko Turyn (Caselle) &#8211; centrum"}]},{"@type":"WebSite","@id":"https:\/\/www.terravision.eu\/pl\/#website","url":"https:\/\/www.terravision.eu\/pl\/","name":"Terravision Polska","description":"Tanie po\u0142\u0105czenia z\/do g\u0142\u00f3wnych lotnisk w Europie","potentialAction":[{"@type":"SearchAction","target":{"@type":"EntryPoint","urlTemplate":"https:\/\/www.terravision.eu\/pl\/?s={search_term_string}"},"query-input":{"@type":"PropertyValueSpecification","valueRequired":true,"valueName":"search_term_string"}}],"inLanguage":"pl-PL"}]}},"_links":{"self":[{"href":"https:\/\/www.terravision.eu\/pl\/wp-json\/wp\/v2\/pages\/8491","targetHints":{"allow":["GET"]}}],"collection":[{"href":"https:\/\/www.terravision.eu\/pl\/wp-json\/wp\/v2\/pages"}],"about":[{"href":"https:\/\/www.terravision.eu\/pl\/wp-json\/wp\/v2\/types\/page"}],"author":[{"embeddable":true,"href":"https:\/\/www.terravision.eu\/pl\/wp-json\/wp\/v2\/users\/1"}],"replies":[{"embeddable":true,"href":"https:\/\/www.terravision.eu\/pl\/wp-json\/wp\/v2\/comments?post=8491"}],"version-history":[{"count":1,"href":"https:\/\/www.terravision.eu\/pl\/wp-json\/wp\/v2\/pages\/8491\/revisions"}],"predecessor-version":[{"id":14183,"href":"https:\/\/www.terravision.eu\/pl\/wp-json\/wp\/v2\/pages\/8491\/revisions\/14183"}],"wp:attachment":[{"href":"https:\/\/www.terravision.eu\/pl\/wp-json\/wp\/v2\/media?parent=8491"}],"curies":[{"name":"wp","href":"https:\/\/api.w.org\/{rel}","templated":true}]}}