{"id":8543,"date":"2013-01-17T12:31:56","date_gmt":"2013-01-17T12:31:56","guid":{"rendered":"https:\/\/www.terravision.eu\/?page_id=8543"},"modified":"2014-09-15T15:35:44","modified_gmt":"2014-09-15T15:35:44","slug":"lotnisko_turyn_caselle","status":"publish","type":"page","link":"https:\/\/www.terravision.eu\/pl\/turin_caselle\/lotnisko_turyn_caselle.html","title":{"rendered":"Lotnisko Turyn (Caselle)"},"content":{"rendered":"<p><strong>Lotnisko Turyn Caselle<\/strong>, znane r\u00f3wnie\u017c jako Lotnisko Sandro Pertini, jest jednym z najlepszych lotnisk europejskich pod wzgl\u0119dem jako\u015bci infrastruktury. Otrzyma\u0142o ono wiele presti\u017cowych nagr\u00f3d mi\u0119dzynarodowych, takich jak Nagroda ACI Europe Best Airport w 2007 i 2008 r. Lotnisko jest obs\u0142ugiwane przez ponad 90 linii lotniczych, \u0142\u0105cz\u0105cych Turyn z 60 destynacjami na ca\u0142ym \u015bwiecie.<\/p>\n<p>Wi\u0119cej informacji znajduje si\u0119 na stronie internetowej <a title=\"Turin Caselle Airport\" href=\"http:\/\/www.aeroportoditorino.it\/en\/hp_en.html\" target=\"_blank\">www.aeroportoditorino.com<\/a><\/p>\n<p><strong>Lotnisko Turyn-Caselle<\/strong> w liczbach:<\/p>\n<ul>\n<li>Odleg\u0142o\u015b\u0107 z lotniska w Turynie do centrum miasta: 16 km.<\/li>\n<li>Liczba linii lotniczych obs\u0142uguj\u0105cych lotnisko: ok. 90.<\/li>\n<li>Ruch pasa\u017cerski w 2011 r.: ok. 3,7 mln. <\/li>\n<\/ul>\n<p>Oto lista niekt\u00f3rych linii lotniczych obs\u0142uguj\u0105cych loty na \/ z lotniska Turyn Caselle:<\/p>\n<p>Air France | Alitalia | Iberia | Lufthansa | TAP Portugal | Vueling | Ryanair | Easyjet <\/p>\n<p><strong>Transfer z lotniska Turyn-Caselle <\/strong> &#8211; Terravision obs\u0142uguje transfery autobusowe mi\u0119dzy lotniskiem w Turynie (Caselle) i centrum miasta <strong>Turyn<\/strong>. <\/p>\n<p>Transfery: Lotnisko Turyn-Caselle &#8211; <a title=\"Book Now - Turin Caselle Airport\" href=\"https:\/\/www.terravision.eu\/turin_caselle.html\" target=\"_blank\">Zarezerwuj teraz!<\/a><\/p>\n","protected":false},"excerpt":{"rendered":"<p>Lotnisko Turyn Caselle, znane r\u00f3wnie\u017c jako Lotnisko Sandro Pertini, jest jednym z najlepszych lotnisk europejskich pod wzgl\u0119dem jako\u015bci infrastruktury. Otrzyma\u0142o ono wiele presti\u017cowych nagr\u00f3d mi\u0119dzynarodowych, takich jak Nagroda ACI Europe Best Airport w 2007 i 2008 r. Lotnisko jest obs\u0142ugiwane przez ponad 90 linii lotniczych, \u0142\u0105cz\u0105cych Turyn z 60 destynacjami na ca\u0142ym \u015bwiecie. Wi\u0119cej informacji [&hellip;]<\/p>\n","protected":false},"author":1,"featured_media":0,"parent":8491,"menu_order":0,"comment_status":"open","ping_status":"open","template":"","meta":{"footnotes":""},"class_list":["post-8543","page","type-page","status-publish","hentry","cities-turyn"],"yoast_head":"<!-- This site is optimized with the Yoast SEO Premium plugin v24.4 (Yoast SEO v24.4) - https:\/\/yoast.com\/wordpress\/plugins\/seo\/ -->\n<title>Lotnisko Turyn (Caselle) | Terravision<\/title>\n<meta name=\"description\" content=\"Lotnisko Turyn (Caselle). Informacje na temat lotniska Caselle, linie oferuj\u0105ce loty z \/ na lotnisko, transfery mi\u0119dzy lotniskiem Caselle i centrum Turynu.\" \/>\n<meta name=\"robots\" content=\"index, follow, max-snippet:-1, max-image-preview:large, max-video-preview:-1\" \/>\n<link rel=\"canonical\" href=\"https:\/\/www.terravision.eu\/pl\/turin_caselle\/lotnisko_turyn_caselle.html\" \/>\n<meta property=\"og:locale\" content=\"pl_PL\" \/>\n<meta property=\"og:type\" content=\"article\" \/>\n<meta property=\"og:title\" content=\"Lotnisko Turyn (Caselle)\" \/>\n<meta property=\"og:description\" content=\"Lotnisko Turyn (Caselle). Informacje na temat lotniska Caselle, linie oferuj\u0105ce loty z \/ na lotnisko, transfery mi\u0119dzy lotniskiem Caselle i centrum Turynu.\" \/>\n<meta property=\"og:url\" content=\"https:\/\/www.terravision.eu\/pl\/turin_caselle\/lotnisko_turyn_caselle.html\" \/>\n<meta property=\"og:site_name\" content=\"Terravision Polska\" \/>\n<meta property=\"article:modified_time\" content=\"2014-09-15T15:35:44+00:00\" \/>\n<meta name=\"twitter:label1\" content=\"Szacowany czas czytania\" \/>\n\t<meta name=\"twitter:data1\" content=\"1 minute\" \/>\n<script type=\"application\/ld+json\" class=\"yoast-schema-graph\">{\"@context\":\"https:\/\/schema.org\",\"@graph\":[{\"@type\":\"WebPage\",\"@id\":\"https:\/\/www.terravision.eu\/pl\/turin_caselle\/lotnisko_turyn_caselle.html\",\"url\":\"https:\/\/www.terravision.eu\/pl\/turin_caselle\/lotnisko_turyn_caselle.html\",\"name\":\"Lotnisko Turyn (Caselle) | Terravision\",\"isPartOf\":{\"@id\":\"https:\/\/www.terravision.eu\/pl\/#website\"},\"datePublished\":\"2013-01-17T12:31:56+00:00\",\"dateModified\":\"2014-09-15T15:35:44+00:00\",\"description\":\"Lotnisko Turyn (Caselle). Informacje na temat lotniska Caselle, linie oferuj\u0105ce loty z \/ na lotnisko, transfery mi\u0119dzy lotniskiem Caselle i centrum Turynu.\",\"breadcrumb\":{\"@id\":\"https:\/\/www.terravision.eu\/pl\/turin_caselle\/lotnisko_turyn_caselle.html#breadcrumb\"},\"inLanguage\":\"pl-PL\",\"potentialAction\":[{\"@type\":\"ReadAction\",\"target\":[\"https:\/\/www.terravision.eu\/pl\/turin_caselle\/lotnisko_turyn_caselle.html\"]}]},{\"@type\":\"BreadcrumbList\",\"@id\":\"https:\/\/www.terravision.eu\/pl\/turin_caselle\/lotnisko_turyn_caselle.html#breadcrumb\",\"itemListElement\":[{\"@type\":\"ListItem\",\"position\":1,\"name\":\"Home\",\"item\":\"https:\/\/www.terravision.eu\/pl\/\"},{\"@type\":\"ListItem\",\"position\":2,\"name\":\"Bus Lotnisko Turyn (Caselle) &#8211; centrum\",\"item\":\"https:\/\/www.terravision.eu\/pl\/turin_caselle.html\"},{\"@type\":\"ListItem\",\"position\":3,\"name\":\"Lotnisko Turyn (Caselle)\"}]},{\"@type\":\"WebSite\",\"@id\":\"https:\/\/www.terravision.eu\/pl\/#website\",\"url\":\"https:\/\/www.terravision.eu\/pl\/\",\"name\":\"Terravision Polska\",\"description\":\"Tanie po\u0142\u0105czenia z\/do g\u0142\u00f3wnych lotnisk w Europie\",\"potentialAction\":[{\"@type\":\"SearchAction\",\"target\":{\"@type\":\"EntryPoint\",\"urlTemplate\":\"https:\/\/www.terravision.eu\/pl\/?s={search_term_string}\"},\"query-input\":{\"@type\":\"PropertyValueSpecification\",\"valueRequired\":true,\"valueName\":\"search_term_string\"}}],\"inLanguage\":\"pl-PL\"}]}<\/script>\n<!-- \/ Yoast SEO Premium plugin. -->","yoast_head_json":{"title":"Lotnisko Turyn (Caselle) | Terravision","description":"Lotnisko Turyn (Caselle). Informacje na temat lotniska Caselle, linie oferuj\u0105ce loty z \/ na lotnisko, transfery mi\u0119dzy lotniskiem Caselle i centrum Turynu.","robots":{"index":"index","follow":"follow","max-snippet":"max-snippet:-1","max-image-preview":"max-image-preview:large","max-video-preview":"max-video-preview:-1"},"canonical":"https:\/\/www.terravision.eu\/pl\/turin_caselle\/lotnisko_turyn_caselle.html","og_locale":"pl_PL","og_type":"article","og_title":"Lotnisko Turyn (Caselle)","og_description":"Lotnisko Turyn (Caselle). Informacje na temat lotniska Caselle, linie oferuj\u0105ce loty z \/ na lotnisko, transfery mi\u0119dzy lotniskiem Caselle i centrum Turynu.","og_url":"https:\/\/www.terravision.eu\/pl\/turin_caselle\/lotnisko_turyn_caselle.html","og_site_name":"Terravision Polska","article_modified_time":"2014-09-15T15:35:44+00:00","twitter_misc":{"Szacowany czas czytania":"1 minute"},"schema":{"@context":"https:\/\/schema.org","@graph":[{"@type":"WebPage","@id":"https:\/\/www.terravision.eu\/pl\/turin_caselle\/lotnisko_turyn_caselle.html","url":"https:\/\/www.terravision.eu\/pl\/turin_caselle\/lotnisko_turyn_caselle.html","name":"Lotnisko Turyn (Caselle) | Terravision","isPartOf":{"@id":"https:\/\/www.terravision.eu\/pl\/#website"},"datePublished":"2013-01-17T12:31:56+00:00","dateModified":"2014-09-15T15:35:44+00:00","description":"Lotnisko Turyn (Caselle). Informacje na temat lotniska Caselle, linie oferuj\u0105ce loty z \/ na lotnisko, transfery mi\u0119dzy lotniskiem Caselle i centrum Turynu.","breadcrumb":{"@id":"https:\/\/www.terravision.eu\/pl\/turin_caselle\/lotnisko_turyn_caselle.html#breadcrumb"},"inLanguage":"pl-PL","potentialAction":[{"@type":"ReadAction","target":["https:\/\/www.terravision.eu\/pl\/turin_caselle\/lotnisko_turyn_caselle.html"]}]},{"@type":"BreadcrumbList","@id":"https:\/\/www.terravision.eu\/pl\/turin_caselle\/lotnisko_turyn_caselle.html#breadcrumb","itemListElement":[{"@type":"ListItem","position":1,"name":"Home","item":"https:\/\/www.terravision.eu\/pl\/"},{"@type":"ListItem","position":2,"name":"Bus Lotnisko Turyn (Caselle) &#8211; centrum","item":"https:\/\/www.terravision.eu\/pl\/turin_caselle.html"},{"@type":"ListItem","position":3,"name":"Lotnisko Turyn (Caselle)"}]},{"@type":"WebSite","@id":"https:\/\/www.terravision.eu\/pl\/#website","url":"https:\/\/www.terravision.eu\/pl\/","name":"Terravision Polska","description":"Tanie po\u0142\u0105czenia z\/do g\u0142\u00f3wnych lotnisk w Europie","potentialAction":[{"@type":"SearchAction","target":{"@type":"EntryPoint","urlTemplate":"https:\/\/www.terravision.eu\/pl\/?s={search_term_string}"},"query-input":{"@type":"PropertyValueSpecification","valueRequired":true,"valueName":"search_term_string"}}],"inLanguage":"pl-PL"}]}},"_links":{"self":[{"href":"https:\/\/www.terravision.eu\/pl\/wp-json\/wp\/v2\/pages\/8543","targetHints":{"allow":["GET"]}}],"collection":[{"href":"https:\/\/www.terravision.eu\/pl\/wp-json\/wp\/v2\/pages"}],"about":[{"href":"https:\/\/www.terravision.eu\/pl\/wp-json\/wp\/v2\/types\/page"}],"author":[{"embeddable":true,"href":"https:\/\/www.terravision.eu\/pl\/wp-json\/wp\/v2\/users\/1"}],"replies":[{"embeddable":true,"href":"https:\/\/www.terravision.eu\/pl\/wp-json\/wp\/v2\/comments?post=8543"}],"version-history":[{"count":1,"href":"https:\/\/www.terravision.eu\/pl\/wp-json\/wp\/v2\/pages\/8543\/revisions"}],"predecessor-version":[{"id":14184,"href":"https:\/\/www.terravision.eu\/pl\/wp-json\/wp\/v2\/pages\/8543\/revisions\/14184"}],"up":[{"embeddable":true,"href":"https:\/\/www.terravision.eu\/pl\/wp-json\/wp\/v2\/pages\/8491"}],"wp:attachment":[{"href":"https:\/\/www.terravision.eu\/pl\/wp-json\/wp\/v2\/media?parent=8543"}],"curies":[{"name":"wp","href":"https:\/\/api.w.org\/{rel}","templated":true}]}}