{"id":9492,"date":"2013-05-16T15:41:25","date_gmt":"2013-05-16T15:41:25","guid":{"rendered":"https:\/\/www.terravision.eu\/?page_id=9492"},"modified":"2013-05-16T15:41:25","modified_gmt":"2013-05-16T15:41:25","slug":"our-partners-hotels","status":"publish","type":"page","link":"https:\/\/www.terravision.eu\/pl\/our-partners-hotels.html","title":{"rendered":"Nasi partnerzy &#8211; hotele"},"content":{"rendered":"<p><strong>Booking.com<\/strong><br \/>\nZaoszcz\u0119d\u017a do 75% rezerwuj\u0105c hotele w 15 000 destynacji na ca\u0142ym \u015bwiecie. Du\u017cy wyb\u00f3r hoteli na ka\u017cd\u0105 kiesze\u0144.<br \/>\n<a href=\"http:\/\/www.booking.com\" target=\"_blank\">www.booking.com <\/a><\/p>\n<p><strong>Hostelworld.com <\/strong><br \/>\nZarezerwuj miejsca w hostelach online. Potwierdzone rezerwacje w ponad 20 000 schroniskach m\u0142odzie\u017cowych na ca\u0142ym \u015bwiecie.<br \/>\n<a href=\"http:\/\/www.hostelworld.com\" target=\"_blank\">www.hostelworld.com <\/a><\/p>\n<p><strong>Tenuta Uccellina<\/strong><br \/>\nPosiad\u0142o\u015b\u0107 wiejska po\u0142o\u017cona w samym sercu Parku Regionalnego Maremma w Toskanii. Rezerwuj on-line za po\u015brednictwem strony internetowej.<br \/>\n<a href=\"http:\/\/www.tenutauccellina.it\" target=\"_blank\">www.tenutauccellina.it<\/a><\/p>\n<p><strong>Hotel Corallo &#8211; Rzym<\/strong><br \/>\nHotel po\u0142o\u017cony w samym sercu Rzymu, kilka minut od dworca Termini.<br \/>\n<a href=\"http:\/\/www.hotelcorallo-roma.com\" target=\"_blank\">www.hotelcorallo-roma.com<\/a><\/p>\n<p><strong>Hotel Luciani &#8211; Rzym <\/strong><br \/>\nDrugi hotel w pobli\u017cu dworca Termini. Mo\u017cesz sprawdzi\u0107 dost\u0119pno\u015b\u0107 miejsc i zarezerwowa\u0107 pokoje online.<br \/>\n<a href=\"http:\/\/www.hotelluciani.it\" target=\"_blank\">www.hotelluciani.it<\/a><\/p>\n<p><strong>Yes Hotel &#8211; Rzym<\/strong><br \/>\nTrzeci hotel po\u0142o\u017cony w samym sercu Rzymu, 100 m od dworca Termini.<br \/>\n<a href=\"http:\/\/www.yeshotelrome.com\" target=\"_blank\">www.yeshotelrome.com<\/a><\/p>\n<p><strong>Hostele Alessandro &#8211; Rzym<\/strong><br \/>\nHostel Alessandro znajduje si\u0119 w centrum Rzymu.<br \/>\n<a href=\"http:\/\/www.hostelsalessandro.com\" target=\"_blank\">www.hostelsalessandro.com<\/a><\/p>\n<p><strong>BHRC<\/strong><br \/>\nBHRC &#8211; najwi\u0119kszy agent rezerwacji hotelowych w Londynie. Du\u017ce zni\u017cki na zakwaterowanie, wycieczki i bilety do teatru.<br \/>\n<a href=\"http:\/\/www.bhrconline.com\" target=\"_blank\">www.bhrconline.com<\/a><\/p>\n<p><strong>Hoteles en Roma<\/strong><br \/>\nHiszpa\u0144ska strona o Rzymie. Informacje turystyczne i oferty wynajmu pokoi hotelowych.<br \/>\n<a href=\"http:\/\/www.hotelesderoma.es\" target=\"_blank\">www.hotelesderoma.es<\/a><\/p>\n<p><strong>Hotel Westend &#8211; Po\u0142udniowy Tyrol \/ W\u0142ochy <\/strong><br \/>\nHotel w Merano, w samym sercu Alp, w pobli\u017cu Dolomit\u00f3w.<br \/>\n<a href=\"http:\/\/www.westend.it\" target=\"_blank\">www.westend.it<\/a><\/p>\n","protected":false},"excerpt":{"rendered":"<p>Booking.com Zaoszcz\u0119d\u017a do 75% rezerwuj\u0105c hotele w 15 000 destynacji na ca\u0142ym \u015bwiecie. Du\u017cy wyb\u00f3r hoteli na ka\u017cd\u0105 kiesze\u0144. www.booking.com Hostelworld.com Zarezerwuj miejsca w hostelach online. Potwierdzone rezerwacje w ponad 20 000 schroniskach m\u0142odzie\u017cowych na ca\u0142ym \u015bwiecie. www.hostelworld.com Tenuta Uccellina Posiad\u0142o\u015b\u0107 wiejska po\u0142o\u017cona w samym sercu Parku Regionalnego Maremma w Toskanii. Rezerwuj on-line za po\u015brednictwem [&hellip;]<\/p>\n","protected":false},"author":1,"featured_media":0,"parent":0,"menu_order":0,"comment_status":"open","ping_status":"open","template":"","meta":{"footnotes":""},"class_list":["post-9492","page","type-page","status-publish","hentry"],"yoast_head":"<!-- This site is optimized with the Yoast SEO Premium plugin v24.4 (Yoast SEO v24.4) - https:\/\/yoast.com\/wordpress\/plugins\/seo\/ -->\n<title>Nasi partnerzy - hotele | Terravision<\/title>\n<meta name=\"robots\" content=\"index, follow, max-snippet:-1, max-image-preview:large, max-video-preview:-1\" \/>\n<link rel=\"canonical\" href=\"https:\/\/www.terravision.eu\/pl\/our-partners-hotels.html\" \/>\n<meta property=\"og:locale\" content=\"pl_PL\" \/>\n<meta property=\"og:type\" content=\"article\" \/>\n<meta property=\"og:title\" content=\"Nasi partnerzy - hotele\" \/>\n<meta property=\"og:description\" content=\"Booking.com Zaoszcz\u0119d\u017a do 75% rezerwuj\u0105c hotele w 15 000 destynacji na ca\u0142ym \u015bwiecie. Du\u017cy wyb\u00f3r hoteli na ka\u017cd\u0105 kiesze\u0144. www.booking.com Hostelworld.com Zarezerwuj miejsca w hostelach online. Potwierdzone rezerwacje w ponad 20 000 schroniskach m\u0142odzie\u017cowych na ca\u0142ym \u015bwiecie. www.hostelworld.com Tenuta Uccellina Posiad\u0142o\u015b\u0107 wiejska po\u0142o\u017cona w samym sercu Parku Regionalnego Maremma w Toskanii. Rezerwuj on-line za po\u015brednictwem [&hellip;]\" \/>\n<meta property=\"og:url\" content=\"https:\/\/www.terravision.eu\/pl\/our-partners-hotels.html\" \/>\n<meta property=\"og:site_name\" content=\"Terravision Polska\" \/>\n<meta name=\"twitter:label1\" content=\"Szacowany czas czytania\" \/>\n\t<meta name=\"twitter:data1\" content=\"1 minute\" \/>\n<script type=\"application\/ld+json\" class=\"yoast-schema-graph\">{\"@context\":\"https:\/\/schema.org\",\"@graph\":[{\"@type\":\"WebPage\",\"@id\":\"https:\/\/www.terravision.eu\/pl\/our-partners-hotels.html\",\"url\":\"https:\/\/www.terravision.eu\/pl\/our-partners-hotels.html\",\"name\":\"Nasi partnerzy - hotele | Terravision\",\"isPartOf\":{\"@id\":\"https:\/\/www.terravision.eu\/pl\/#website\"},\"datePublished\":\"2013-05-16T15:41:25+00:00\",\"breadcrumb\":{\"@id\":\"https:\/\/www.terravision.eu\/pl\/our-partners-hotels.html#breadcrumb\"},\"inLanguage\":\"pl-PL\",\"potentialAction\":[{\"@type\":\"ReadAction\",\"target\":[\"https:\/\/www.terravision.eu\/pl\/our-partners-hotels.html\"]}]},{\"@type\":\"BreadcrumbList\",\"@id\":\"https:\/\/www.terravision.eu\/pl\/our-partners-hotels.html#breadcrumb\",\"itemListElement\":[{\"@type\":\"ListItem\",\"position\":1,\"name\":\"Home\",\"item\":\"https:\/\/www.terravision.eu\/pl\/\"},{\"@type\":\"ListItem\",\"position\":2,\"name\":\"Nasi partnerzy &#8211; hotele\"}]},{\"@type\":\"WebSite\",\"@id\":\"https:\/\/www.terravision.eu\/pl\/#website\",\"url\":\"https:\/\/www.terravision.eu\/pl\/\",\"name\":\"Terravision Polska\",\"description\":\"Tanie po\u0142\u0105czenia z\/do g\u0142\u00f3wnych lotnisk w Europie\",\"potentialAction\":[{\"@type\":\"SearchAction\",\"target\":{\"@type\":\"EntryPoint\",\"urlTemplate\":\"https:\/\/www.terravision.eu\/pl\/?s={search_term_string}\"},\"query-input\":{\"@type\":\"PropertyValueSpecification\",\"valueRequired\":true,\"valueName\":\"search_term_string\"}}],\"inLanguage\":\"pl-PL\"}]}<\/script>\n<!-- \/ Yoast SEO Premium plugin. -->","yoast_head_json":{"title":"Nasi partnerzy - hotele | Terravision","robots":{"index":"index","follow":"follow","max-snippet":"max-snippet:-1","max-image-preview":"max-image-preview:large","max-video-preview":"max-video-preview:-1"},"canonical":"https:\/\/www.terravision.eu\/pl\/our-partners-hotels.html","og_locale":"pl_PL","og_type":"article","og_title":"Nasi partnerzy - hotele","og_description":"Booking.com Zaoszcz\u0119d\u017a do 75% rezerwuj\u0105c hotele w 15 000 destynacji na ca\u0142ym \u015bwiecie. Du\u017cy wyb\u00f3r hoteli na ka\u017cd\u0105 kiesze\u0144. www.booking.com Hostelworld.com Zarezerwuj miejsca w hostelach online. Potwierdzone rezerwacje w ponad 20 000 schroniskach m\u0142odzie\u017cowych na ca\u0142ym \u015bwiecie. www.hostelworld.com Tenuta Uccellina Posiad\u0142o\u015b\u0107 wiejska po\u0142o\u017cona w samym sercu Parku Regionalnego Maremma w Toskanii. Rezerwuj on-line za po\u015brednictwem [&hellip;]","og_url":"https:\/\/www.terravision.eu\/pl\/our-partners-hotels.html","og_site_name":"Terravision Polska","twitter_misc":{"Szacowany czas czytania":"1 minute"},"schema":{"@context":"https:\/\/schema.org","@graph":[{"@type":"WebPage","@id":"https:\/\/www.terravision.eu\/pl\/our-partners-hotels.html","url":"https:\/\/www.terravision.eu\/pl\/our-partners-hotels.html","name":"Nasi partnerzy - hotele | Terravision","isPartOf":{"@id":"https:\/\/www.terravision.eu\/pl\/#website"},"datePublished":"2013-05-16T15:41:25+00:00","breadcrumb":{"@id":"https:\/\/www.terravision.eu\/pl\/our-partners-hotels.html#breadcrumb"},"inLanguage":"pl-PL","potentialAction":[{"@type":"ReadAction","target":["https:\/\/www.terravision.eu\/pl\/our-partners-hotels.html"]}]},{"@type":"BreadcrumbList","@id":"https:\/\/www.terravision.eu\/pl\/our-partners-hotels.html#breadcrumb","itemListElement":[{"@type":"ListItem","position":1,"name":"Home","item":"https:\/\/www.terravision.eu\/pl\/"},{"@type":"ListItem","position":2,"name":"Nasi partnerzy &#8211; hotele"}]},{"@type":"WebSite","@id":"https:\/\/www.terravision.eu\/pl\/#website","url":"https:\/\/www.terravision.eu\/pl\/","name":"Terravision Polska","description":"Tanie po\u0142\u0105czenia z\/do g\u0142\u00f3wnych lotnisk w Europie","potentialAction":[{"@type":"SearchAction","target":{"@type":"EntryPoint","urlTemplate":"https:\/\/www.terravision.eu\/pl\/?s={search_term_string}"},"query-input":{"@type":"PropertyValueSpecification","valueRequired":true,"valueName":"search_term_string"}}],"inLanguage":"pl-PL"}]}},"_links":{"self":[{"href":"https:\/\/www.terravision.eu\/pl\/wp-json\/wp\/v2\/pages\/9492","targetHints":{"allow":["GET"]}}],"collection":[{"href":"https:\/\/www.terravision.eu\/pl\/wp-json\/wp\/v2\/pages"}],"about":[{"href":"https:\/\/www.terravision.eu\/pl\/wp-json\/wp\/v2\/types\/page"}],"author":[{"embeddable":true,"href":"https:\/\/www.terravision.eu\/pl\/wp-json\/wp\/v2\/users\/1"}],"replies":[{"embeddable":true,"href":"https:\/\/www.terravision.eu\/pl\/wp-json\/wp\/v2\/comments?post=9492"}],"version-history":[{"count":0,"href":"https:\/\/www.terravision.eu\/pl\/wp-json\/wp\/v2\/pages\/9492\/revisions"}],"wp:attachment":[{"href":"https:\/\/www.terravision.eu\/pl\/wp-json\/wp\/v2\/media?parent=9492"}],"curies":[{"name":"wp","href":"https:\/\/api.w.org\/{rel}","templated":true}]}}